{"id":110,"date":"2023-07-11T16:31:41","date_gmt":"2023-07-11T16:31:41","guid":{"rendered":"https:\/\/venturacounty.gov\/board-of-supervisors\/?page_id=110"},"modified":"2025-04-25T21:35:26","modified_gmt":"2025-04-25T21:35:26","slug":"about-supervisor-lavere","status":"publish","type":"page","link":"https:\/\/venturacounty.gov\/board-of-supervisors\/es\/district-1\/about-supervisor-lavere\/","title":{"rendered":"Acerca del supervisor Lavere"},"content":{"rendered":"<div data-elementor-type=\"wp-page\" data-elementor-id=\"110\" class=\"elementor elementor-110\" data-elementor-post-type=\"page\">\n\t\t\t\t<div class=\"elementor-element elementor-element-211bf85 e-flex e-con-boxed e-con e-parent\" data-id=\"211bf85\" data-element_type=\"container\">\n\t\t\t\t\t<div class=\"e-con-inner\">\n\t\t<div class=\"elementor-element elementor-element-0b43de9 e-flex e-con-boxed e-con e-child\" data-id=\"0b43de9\" data-element_type=\"container\" data-settings=\"{&quot;background_background&quot;:&quot;classic&quot;}\">\n\t\t\t\t\t<div class=\"e-con-inner\">\n\t\t<div class=\"elementor-element elementor-element-0724f57 e-flex e-con-boxed e-con e-child\" data-id=\"0724f57\" data-element_type=\"container\">\n\t\t\t\t\t<div class=\"e-con-inner\">\n\t\t\t\t<div class=\"elementor-element elementor-element-417be89 elementor-widget__width-initial elementor-widget elementor-widget-text-editor\" data-id=\"417be89\" data-element_type=\"widget\" data-widget_type=\"text-editor.default\">\n\t\t\t\t<div class=\"elementor-widget-container\">\n\t\t\t\t\t\t\t\t\t<p><strong><img decoding=\"async\" class=\"wp-image-107 alignleft\" src=\"https:\/\/venturacounty.gov\/board-of-supervisors\/wp-content\/uploads\/sites\/17\/2023\/07\/bos1-matt-levere-251x300.jpeg\" alt=\"Matt Levere\" width=\"100\" height=\"119\" srcset=\"https:\/\/venturacounty.gov\/board-of-supervisors\/wp-content\/uploads\/sites\/17\/2023\/07\/bos1-matt-levere-251x300.jpeg 251w, https:\/\/venturacounty.gov\/board-of-supervisors\/wp-content\/uploads\/sites\/17\/2023\/07\/bos1-matt-levere.jpeg 300w\" sizes=\"(max-width: 100px) 100vw, 100px\" \/>Distrito 1 - Supervisor Matt LaVere<br role=\"presentation\" data-uw-rm-sr=\"\" \/><\/strong><\/p><p>800 S. Victoria Ave., L#1900, Ventura, CA 93009<br role=\"presentation\" data-uw-rm-sr=\"\" \/>Tel\u00e9fono: (805) 654-2703 | Fax: (805) 654-2270<br role=\"presentation\" data-uw-rm-sr=\"\" \/>Correo electr\u00f3nico:\u00a0<strong><a href=\"mailto:Matt.LaVere@ventura.org\" aria-label=\"env\u00ede un correo electr\u00f3nico a Matt.LaVere@ventura.org\" data-uw-rm-vglnk=\"\">Matt.LaVere@ventura.org<\/a><\/strong><\/p>\t\t\t\t\t\t\t\t<\/div>\n\t\t\t\t<\/div>\n\t\t\t\t<div class=\"elementor-element elementor-element-7c24507 elementor-widget__width-initial elementor-widget elementor-widget-text-editor\" data-id=\"7c24507\" data-element_type=\"widget\" data-widget_type=\"text-editor.default\">\n\t\t\t\t<div class=\"elementor-widget-container\">\n\t\t\t\t\t\t\t\t\t<p><strong>Comunidades representadas:<\/strong><\/p><p>Ciudad de Ventura, Montalvo, Saticoy, Ojai Valley, Ciudad de Ojai, Upper Ojai Valley, Victoria Estates, Riverpark, Collection, Rio West, Northwest Oxnard, Windsor North\/ River Ridge, North Coast, West Lockwood Valley, Oak View, Mira Monte, Meiners Oaks, Casitas Springs, Cabrillo, Rincon y Solimar.<\/p>\t\t\t\t\t\t\t\t<\/div>\n\t\t\t\t<\/div>\n\t\t\t\t\t<\/div>\n\t\t\t\t<\/div>\n\t\t<div class=\"elementor-element elementor-element-20aa903 e-flex e-con-boxed e-con e-child\" data-id=\"20aa903\" data-element_type=\"container\">\n\t\t\t\t\t<div class=\"e-con-inner\">\n\t\t\t\t<div class=\"elementor-element elementor-element-331b64d elementor-nav-menu--dropdown-tablet elementor-nav-menu__text-align-aside elementor-nav-menu--toggle elementor-nav-menu--burger elementor-widget elementor-widget-nav-menu\" data-id=\"331b64d\" data-element_type=\"widget\" data-settings=\"{&quot;layout&quot;:&quot;horizontal&quot;,&quot;submenu_icon&quot;:{&quot;value&quot;:&quot;&lt;i class=\\&quot;fas fa-caret-down\\&quot;&gt;&lt;\\\/i&gt;&quot;,&quot;library&quot;:&quot;fa-solid&quot;},&quot;toggle&quot;:&quot;burger&quot;}\" data-widget_type=\"nav-menu.default\">\n\t\t\t\t<div class=\"elementor-widget-container\">\n\t\t\t\t\t\t\t\t<nav aria-label=\"Men\u00fa\" class=\"elementor-nav-menu--main elementor-nav-menu__container elementor-nav-menu--layout-horizontal e--pointer-background e--animation-fade\">\n\t\t\t\t<ul id=\"menu-1-331b64d\" class=\"elementor-nav-menu\"><li class=\"menu-item menu-item-type-post_type menu-item-object-page menu-item-108\"><a href=\"https:\/\/venturacounty.gov\/board-of-supervisors\/es\/district-1\/\" class=\"elementor-item\">Inicio<\/a><\/li>\n<li class=\"menu-item menu-item-type-post_type menu-item-object-page menu-item-112\"><a href=\"https:\/\/venturacounty.gov\/board-of-supervisors\/es\/district-1\/about-supervisor-lavere\/\" class=\"elementor-item\">Acerca del supervisor Lavere<\/a><\/li>\n<li class=\"menu-item menu-item-type-custom menu-item-object-custom menu-item-has-children menu-item-388\"><a href=\"#\" class=\"elementor-item elementor-item-anchor\">Macs y Comisiones<\/a>\n<ul class=\"sub-menu elementor-nav-menu--dropdown\">\n\t<li class=\"menu-item menu-item-type-post_type menu-item-object-page menu-item-139\"><a href=\"https:\/\/venturacounty.gov\/board-of-supervisors\/es\/district-1\/ovmac\/\" class=\"elementor-sub-item\">Valle de Ojai MAC<\/a><\/li>\n\t<li class=\"menu-item menu-item-type-post_type menu-item-object-page menu-item-142\"><a href=\"https:\/\/venturacounty.gov\/board-of-supervisors\/es\/district-1\/saticoy-mac\/\" class=\"elementor-sub-item\">Saticoy MAC<\/a><\/li>\n\t<li class=\"menu-item menu-item-type-post_type menu-item-object-page menu-item-417\"><a href=\"https:\/\/venturacounty.gov\/board-of-supervisors\/es\/district-1\/ovac\/\" class=\"elementor-sub-item\">Comisi\u00f3n Asesora de Oak View (OVAC)<\/a><\/li>\n<\/ul>\n<\/li>\n<li class=\"menu-item menu-item-type-custom menu-item-object-custom menu-item-has-children menu-item-938\"><a href=\"#\" class=\"elementor-item elementor-item-anchor\">Eventos\/boletines<\/a>\n<ul class=\"sub-menu elementor-nav-menu--dropdown\">\n\t<li class=\"menu-item menu-item-type-post_type menu-item-object-page menu-item-389\"><a href=\"https:\/\/venturacounty.gov\/board-of-supervisors\/es\/district-1\/events\/\" class=\"elementor-sub-item\">Eventos<\/a><\/li>\n\t<li class=\"menu-item menu-item-type-post_type menu-item-object-page menu-item-937\"><a href=\"https:\/\/venturacounty.gov\/board-of-supervisors\/es\/district-1\/newsletters\/\" class=\"elementor-sub-item\">Boletines<\/a><\/li>\n<\/ul>\n<\/li>\n<li class=\"menu-item menu-item-type-custom menu-item-object-custom menu-item-has-children menu-item-390\"><a href=\"#\" class=\"elementor-item elementor-item-anchor\">Enlaces<\/a>\n<ul class=\"sub-menu elementor-nav-menu--dropdown\">\n\t<li class=\"menu-item menu-item-type-custom menu-item-object-custom menu-item-391\"><a href=\"\/board-of-supervisors\/es\/parks-department\/adopt-a-trail\/\" class=\"elementor-sub-item\">Adopte un sendero<\/a><\/li>\n\t<li class=\"menu-item menu-item-type-custom menu-item-object-custom menu-item-392\"><a href=\"https:\/\/cyclecalcoast.com\/\" class=\"elementor-sub-item\">Ciclo Cal Coast<\/a><\/li>\n\t<li class=\"menu-item menu-item-type-custom menu-item-object-custom menu-item-393\"><a href=\"https:\/\/vcfd.org\/wp-content\/uploads\/2020\/02\/VCFD-RSG-Wildfire-Action-Plan-Booklet-2016.pdf\" class=\"elementor-sub-item\">Preparados, listos, \u00a1ya!<\/a><\/li>\n\t<li class=\"menu-item menu-item-type-custom menu-item-object-custom menu-item-has-children menu-item-400\"><a href=\"#\" class=\"elementor-sub-item elementor-item-anchor\">V\u00eddeos CERT<\/a>\n\t<ul class=\"sub-menu elementor-nav-menu--dropdown\">\n\t\t<li class=\"menu-item menu-item-type-custom menu-item-object-custom menu-item-394\"><a href=\"https:\/\/www.youtube.com\/watch?v=NCUoGwIYIJk&#038;feature=youtu.be\" class=\"elementor-sub-item\">Introducci\u00f3n al CERT<\/a><\/li>\n\t\t<li class=\"menu-item menu-item-type-custom menu-item-object-custom menu-item-395\"><a href=\"https:\/\/youtu.be\/0BcbGHlRRvQ\" class=\"elementor-sub-item\">Kits de suministros de emergencia<\/a><\/li>\n\t\t<li class=\"menu-item menu-item-type-custom menu-item-object-custom menu-item-396\"><a href=\"https:\/\/youtu.be\/7kzBibsw5Jo\" class=\"elementor-sub-item\">Refugio en el lugar<\/a><\/li>\n\t\t<li class=\"menu-item menu-item-type-custom menu-item-object-custom menu-item-397\"><a href=\"https:\/\/youtu.be\/dAt5z2xK_hs\" class=\"elementor-sub-item\">Comunicaciones<\/a><\/li>\n\t\t<li class=\"menu-item menu-item-type-custom menu-item-object-custom menu-item-398\"><a href=\"https:\/\/youtu.be\/3qKPNvFz84g\" class=\"elementor-sub-item\">Triaje y primeros auxilios<\/a><\/li>\n\t\t<li class=\"menu-item menu-item-type-custom menu-item-object-custom menu-item-399\"><a href=\"https:\/\/youtu.be\/QIh1UZwFbUo\" class=\"elementor-sub-item\">Servicios<\/a><\/li>\n\t\t<li class=\"menu-item menu-item-type-custom menu-item-object-custom menu-item-401\"><a href=\"https:\/\/youtu.be\/I85UtMfON1g\" class=\"elementor-sub-item\">Fuego<\/a><\/li>\n\t\t<li class=\"menu-item menu-item-type-custom menu-item-object-custom menu-item-402\"><a href=\"https:\/\/youtu.be\/qP8pYfLsWnE\" class=\"elementor-sub-item\">Terremotos<\/a><\/li>\n\t\t<li class=\"menu-item menu-item-type-custom menu-item-object-custom menu-item-403\"><a href=\"https:\/\/youtu.be\/E4iD2vtL9MU\" class=\"elementor-sub-item\">Materiales peligrosos<\/a><\/li>\n\t\t<li class=\"menu-item menu-item-type-custom menu-item-object-custom menu-item-404\"><a href=\"https:\/\/youtu.be\/mYOrSQ_4VH8\" class=\"elementor-sub-item\">Pandemia, viajes y terrorismo<\/a><\/li>\n\t\t<li class=\"menu-item menu-item-type-custom menu-item-object-custom menu-item-405\"><a href=\"https:\/\/youtu.be\/jOpquL6jGhU\" class=\"elementor-sub-item\">Huracanes y tornados<\/a><\/li>\n\t<\/ul>\n<\/li>\n<\/ul>\n<\/li>\n<li class=\"menu-item menu-item-type-post_type menu-item-object-page menu-item-179\"><a href=\"https:\/\/venturacounty.gov\/board-of-supervisors\/es\/district-1\/services\/\" class=\"elementor-item\">Servicios<\/a><\/li>\n<li class=\"menu-item menu-item-type-post_type menu-item-object-page menu-item-has-children menu-item-181\"><a href=\"https:\/\/venturacounty.gov\/board-of-supervisors\/es\/district-1\/resources\/\" class=\"elementor-item\">Recursos<\/a>\n<ul class=\"sub-menu elementor-nav-menu--dropdown\">\n\t<li class=\"menu-item menu-item-type-post_type menu-item-object-page menu-item-187\"><a href=\"https:\/\/venturacounty.gov\/board-of-supervisors\/es\/district-1\/resources\/district-1-map\/\" class=\"elementor-sub-item\">Mapa del Distrito 1<\/a><\/li>\n\t<li class=\"menu-item menu-item-type-custom menu-item-object-custom menu-item-420\"><a href=\"https:\/\/venturacounty.gov\/board-of-supervisors\/es\/oversizedvehicles\/\" class=\"elementor-sub-item\">Permisos para veh\u00edculos de gran tama\u00f1o<\/a><\/li>\n\t<li class=\"menu-item menu-item-type-post_type menu-item-object-page menu-item-114\"><a href=\"https:\/\/venturacounty.gov\/board-of-supervisors\/es\/district-1\/street-status\/\" class=\"elementor-sub-item\">Estado de la calle<\/a><\/li>\n<\/ul>\n<\/li>\n<li class=\"menu-item menu-item-type-post_type menu-item-object-page menu-item-185\"><a href=\"https:\/\/venturacounty.gov\/board-of-supervisors\/es\/district-1\/contact-us\/\" class=\"elementor-item\">P\u00f3ngase en contacto con nosotros<\/a><\/li>\n<\/ul>\t\t\t<\/nav>\n\t\t\t\t\t<div class=\"elementor-menu-toggle\" role=\"button\" tabindex=\"0\" aria-label=\"Men\u00fa Toggle\" aria-expanded=\"false\">\n\t\t\t<i aria-hidden=\"true\" role=\"presentation\" class=\"elementor-menu-toggle__icon--open eicon-menu-bar\"><\/i><i aria-hidden=\"true\" role=\"presentation\" class=\"elementor-menu-toggle__icon--close eicon-close\"><\/i>\t\t<\/div>\n\t\t\t\t\t<nav class=\"elementor-nav-menu--dropdown elementor-nav-menu__container\" aria-hidden=\"true\">\n\t\t\t\t<ul id=\"menu-2-331b64d\" class=\"elementor-nav-menu\"><li class=\"menu-item menu-item-type-post_type menu-item-object-page menu-item-108\"><a href=\"https:\/\/venturacounty.gov\/board-of-supervisors\/es\/district-1\/\" class=\"elementor-item\" tabindex=\"-1\">Inicio<\/a><\/li>\n<li class=\"menu-item menu-item-type-post_type menu-item-object-page menu-item-112\"><a href=\"https:\/\/venturacounty.gov\/board-of-supervisors\/es\/district-1\/about-supervisor-lavere\/\" class=\"elementor-item\" tabindex=\"-1\">Acerca del supervisor Lavere<\/a><\/li>\n<li class=\"menu-item menu-item-type-custom menu-item-object-custom menu-item-has-children menu-item-388\"><a href=\"#\" class=\"elementor-item elementor-item-anchor\" tabindex=\"-1\">Macs y Comisiones<\/a>\n<ul class=\"sub-menu elementor-nav-menu--dropdown\">\n\t<li class=\"menu-item menu-item-type-post_type menu-item-object-page menu-item-139\"><a href=\"https:\/\/venturacounty.gov\/board-of-supervisors\/es\/district-1\/ovmac\/\" class=\"elementor-sub-item\" tabindex=\"-1\">Valle de Ojai MAC<\/a><\/li>\n\t<li class=\"menu-item menu-item-type-post_type menu-item-object-page menu-item-142\"><a href=\"https:\/\/venturacounty.gov\/board-of-supervisors\/es\/district-1\/saticoy-mac\/\" class=\"elementor-sub-item\" tabindex=\"-1\">Saticoy MAC<\/a><\/li>\n\t<li class=\"menu-item menu-item-type-post_type menu-item-object-page menu-item-417\"><a href=\"https:\/\/venturacounty.gov\/board-of-supervisors\/es\/district-1\/ovac\/\" class=\"elementor-sub-item\" tabindex=\"-1\">Comisi\u00f3n Asesora de Oak View (OVAC)<\/a><\/li>\n<\/ul>\n<\/li>\n<li class=\"menu-item menu-item-type-custom menu-item-object-custom menu-item-has-children menu-item-938\"><a href=\"#\" class=\"elementor-item elementor-item-anchor\" tabindex=\"-1\">Eventos\/boletines<\/a>\n<ul class=\"sub-menu elementor-nav-menu--dropdown\">\n\t<li class=\"menu-item menu-item-type-post_type menu-item-object-page menu-item-389\"><a href=\"https:\/\/venturacounty.gov\/board-of-supervisors\/es\/district-1\/events\/\" class=\"elementor-sub-item\" tabindex=\"-1\">Eventos<\/a><\/li>\n\t<li class=\"menu-item menu-item-type-post_type menu-item-object-page menu-item-937\"><a href=\"https:\/\/venturacounty.gov\/board-of-supervisors\/es\/district-1\/newsletters\/\" class=\"elementor-sub-item\" tabindex=\"-1\">Boletines<\/a><\/li>\n<\/ul>\n<\/li>\n<li class=\"menu-item menu-item-type-custom menu-item-object-custom menu-item-has-children menu-item-390\"><a href=\"#\" class=\"elementor-item elementor-item-anchor\" tabindex=\"-1\">Enlaces<\/a>\n<ul class=\"sub-menu elementor-nav-menu--dropdown\">\n\t<li class=\"menu-item menu-item-type-custom menu-item-object-custom menu-item-391\"><a href=\"\/board-of-supervisors\/es\/parks-department\/adopt-a-trail\/\" class=\"elementor-sub-item\" tabindex=\"-1\">Adopte un sendero<\/a><\/li>\n\t<li class=\"menu-item menu-item-type-custom menu-item-object-custom menu-item-392\"><a href=\"https:\/\/cyclecalcoast.com\/\" class=\"elementor-sub-item\" tabindex=\"-1\">Ciclo Cal Coast<\/a><\/li>\n\t<li class=\"menu-item menu-item-type-custom menu-item-object-custom menu-item-393\"><a href=\"https:\/\/vcfd.org\/wp-content\/uploads\/2020\/02\/VCFD-RSG-Wildfire-Action-Plan-Booklet-2016.pdf\" class=\"elementor-sub-item\" tabindex=\"-1\">Preparados, listos, \u00a1ya!<\/a><\/li>\n\t<li class=\"menu-item menu-item-type-custom menu-item-object-custom menu-item-has-children menu-item-400\"><a href=\"#\" class=\"elementor-sub-item elementor-item-anchor\" tabindex=\"-1\">V\u00eddeos CERT<\/a>\n\t<ul class=\"sub-menu elementor-nav-menu--dropdown\">\n\t\t<li class=\"menu-item menu-item-type-custom menu-item-object-custom menu-item-394\"><a href=\"https:\/\/www.youtube.com\/watch?v=NCUoGwIYIJk&#038;feature=youtu.be\" class=\"elementor-sub-item\" tabindex=\"-1\">Introducci\u00f3n al CERT<\/a><\/li>\n\t\t<li class=\"menu-item menu-item-type-custom menu-item-object-custom menu-item-395\"><a href=\"https:\/\/youtu.be\/0BcbGHlRRvQ\" class=\"elementor-sub-item\" tabindex=\"-1\">Kits de suministros de emergencia<\/a><\/li>\n\t\t<li class=\"menu-item menu-item-type-custom menu-item-object-custom menu-item-396\"><a href=\"https:\/\/youtu.be\/7kzBibsw5Jo\" class=\"elementor-sub-item\" tabindex=\"-1\">Refugio en el lugar<\/a><\/li>\n\t\t<li class=\"menu-item menu-item-type-custom menu-item-object-custom menu-item-397\"><a href=\"https:\/\/youtu.be\/dAt5z2xK_hs\" class=\"elementor-sub-item\" tabindex=\"-1\">Comunicaciones<\/a><\/li>\n\t\t<li class=\"menu-item menu-item-type-custom menu-item-object-custom menu-item-398\"><a href=\"https:\/\/youtu.be\/3qKPNvFz84g\" class=\"elementor-sub-item\" tabindex=\"-1\">Triaje y primeros auxilios<\/a><\/li>\n\t\t<li class=\"menu-item menu-item-type-custom menu-item-object-custom menu-item-399\"><a href=\"https:\/\/youtu.be\/QIh1UZwFbUo\" class=\"elementor-sub-item\" tabindex=\"-1\">Servicios<\/a><\/li>\n\t\t<li class=\"menu-item menu-item-type-custom menu-item-object-custom menu-item-401\"><a href=\"https:\/\/youtu.be\/I85UtMfON1g\" class=\"elementor-sub-item\" tabindex=\"-1\">Fuego<\/a><\/li>\n\t\t<li class=\"menu-item menu-item-type-custom menu-item-object-custom menu-item-402\"><a href=\"https:\/\/youtu.be\/qP8pYfLsWnE\" class=\"elementor-sub-item\" tabindex=\"-1\">Terremotos<\/a><\/li>\n\t\t<li class=\"menu-item menu-item-type-custom menu-item-object-custom menu-item-403\"><a href=\"https:\/\/youtu.be\/E4iD2vtL9MU\" class=\"elementor-sub-item\" tabindex=\"-1\">Materiales peligrosos<\/a><\/li>\n\t\t<li class=\"menu-item menu-item-type-custom menu-item-object-custom menu-item-404\"><a href=\"https:\/\/youtu.be\/mYOrSQ_4VH8\" class=\"elementor-sub-item\" tabindex=\"-1\">Pandemia, viajes y terrorismo<\/a><\/li>\n\t\t<li class=\"menu-item menu-item-type-custom menu-item-object-custom menu-item-405\"><a href=\"https:\/\/youtu.be\/jOpquL6jGhU\" class=\"elementor-sub-item\" tabindex=\"-1\">Huracanes y tornados<\/a><\/li>\n\t<\/ul>\n<\/li>\n<\/ul>\n<\/li>\n<li class=\"menu-item menu-item-type-post_type menu-item-object-page menu-item-179\"><a href=\"https:\/\/venturacounty.gov\/board-of-supervisors\/es\/district-1\/services\/\" class=\"elementor-item\" tabindex=\"-1\">Servicios<\/a><\/li>\n<li class=\"menu-item menu-item-type-post_type menu-item-object-page menu-item-has-children menu-item-181\"><a href=\"https:\/\/venturacounty.gov\/board-of-supervisors\/es\/district-1\/resources\/\" class=\"elementor-item\" tabindex=\"-1\">Recursos<\/a>\n<ul class=\"sub-menu elementor-nav-menu--dropdown\">\n\t<li class=\"menu-item menu-item-type-post_type menu-item-object-page menu-item-187\"><a href=\"https:\/\/venturacounty.gov\/board-of-supervisors\/es\/district-1\/resources\/district-1-map\/\" class=\"elementor-sub-item\" tabindex=\"-1\">Mapa del Distrito 1<\/a><\/li>\n\t<li class=\"menu-item menu-item-type-custom menu-item-object-custom menu-item-420\"><a href=\"https:\/\/venturacounty.gov\/board-of-supervisors\/es\/oversizedvehicles\/\" class=\"elementor-sub-item\" tabindex=\"-1\">Permisos para veh\u00edculos de gran tama\u00f1o<\/a><\/li>\n\t<li class=\"menu-item menu-item-type-post_type menu-item-object-page menu-item-114\"><a href=\"https:\/\/venturacounty.gov\/board-of-supervisors\/es\/district-1\/street-status\/\" class=\"elementor-sub-item\" tabindex=\"-1\">Estado de la calle<\/a><\/li>\n<\/ul>\n<\/li>\n<li class=\"menu-item menu-item-type-post_type menu-item-object-page menu-item-185\"><a href=\"https:\/\/venturacounty.gov\/board-of-supervisors\/es\/district-1\/contact-us\/\" class=\"elementor-item\" tabindex=\"-1\">P\u00f3ngase en contacto con nosotros<\/a><\/li>\n<\/ul>\t\t\t<\/nav>\n\t\t\t\t\t\t<\/div>\n\t\t\t\t<\/div>\n\t\t\t\t\t<\/div>\n\t\t\t\t<\/div>\n\t\t\t\t\t<\/div>\n\t\t\t\t<\/div>\n\t\t\t\t\t<\/div>\n\t\t\t\t<\/div>\n\t\t<div class=\"elementor-element elementor-element-bf6ebee e-flex e-con-boxed e-con e-parent\" data-id=\"bf6ebee\" data-element_type=\"container\">\n\t\t\t\t\t<div class=\"e-con-inner\">\n\t\t<div class=\"elementor-element elementor-element-a9a3913 e-flex e-con-boxed e-con e-child\" data-id=\"a9a3913\" data-element_type=\"container\">\n\t\t\t\t\t<div class=\"e-con-inner\">\n\t\t\t\t<div class=\"elementor-element elementor-element-aa379b0 elementor-widget elementor-widget-heading\" data-id=\"aa379b0\" data-element_type=\"widget\" data-widget_type=\"heading.default\">\n\t\t\t\t<div class=\"elementor-widget-container\">\n\t\t\t\t\t<h2 class=\"elementor-heading-title elementor-size-default\">Sobre el supervisor Matt LaVere<\/h2>\t\t\t\t<\/div>\n\t\t\t\t<\/div>\n\t\t\t\t<div class=\"elementor-element elementor-element-84daaea elementor-widget-divider--view-line elementor-widget elementor-widget-divider\" data-id=\"84daaea\" data-element_type=\"widget\" data-widget_type=\"divider.default\">\n\t\t\t\t<div class=\"elementor-widget-container\">\n\t\t\t\t\t\t\t<div class=\"elementor-divider\">\n\t\t\t<span class=\"elementor-divider-separator\">\n\t\t\t\t\t\t<\/span>\n\t\t<\/div>\n\t\t\t\t\t\t<\/div>\n\t\t\t\t<\/div>\n\t\t\t\t<div class=\"elementor-element elementor-element-4e749ca elementor-widget elementor-widget-text-editor\" data-id=\"4e749ca\" data-element_type=\"widget\" data-widget_type=\"text-editor.default\">\n\t\t\t\t<div class=\"elementor-widget-container\">\n\t\t\t\t\t\t\t\t\t<p>Matt LaVere fue elegido miembro de la Junta de Supervisores del Condado de Ventura en marzo de 2020 y asumi\u00f3 formalmente el cargo de Supervisor del Distrito 1 en diciembre de 2020.<\/p><p>Antes de asumir el cargo de Supervisor del Condado, Matt fue miembro del Consejo de la Ciudad de Ventura de 2016 a 2020, y fue alcalde de Ventura de 2018 a 2020. Durante su tiempo en el Ayuntamiento de Ventura, las prioridades clave de Matt fueron el desarrollo econ\u00f3mico, la vivienda asequible, las iniciativas medioambientales, los servicios para personas sin hogar y el apoyo a nuestros primeros intervinientes.<\/p><p>Matt es nativo del condado de Ventura de segunda generaci\u00f3n. Creci\u00f3 en Ventura y Ojai, asistiendo a la Escuela Primaria Loma Vista, a la Escuela Primaria Mira Monte, a la Escuela Secundaria Matilija y a la Escuela Preparatoria Villanova. Despu\u00e9s de graduarse en Villanova, Matt asisti\u00f3 a la Universidad de Pepperdine, donde obtuvo una licenciatura con honores y distinci\u00f3n en 2000. Matt obtuvo su licenciatura en Derecho en la Facultad de Derecho de la Universidad de Pepperdine.<\/p><p>Profesionalmente, Matt ha trabajado como abogado en la pr\u00e1ctica privada desde 2006. Tambi\u00e9n ha ocupado puestos en la Casa Blanca, como asistente legislativo en el Capitolio, y trabaj\u00f3 durante seis meses en la Fuerza de Lucha contra el Crimen Organizado de la Fiscal\u00eda de los Estados Unidos en Las Vegas, Nevada.<\/p><p>Matt tambi\u00e9n ha formado parte de la Junta Directiva del Proyecto Comprensi\u00f3n, del Club Rotario del centro de Ventura, y sigue siendo miembro de la Junta Ejecutiva de la Fundaci\u00f3n Ventura College, que apoya a los miles de estudiantes que asisten a Ventura College mediante becas, libros de texto gratuitos y otras ayudas.<\/p><p>Matt vive en Ventura con su esposa Alicia y sus dos hijas Luc\u00eda y Lorenza.<\/p>\t\t\t\t\t\t\t\t<\/div>\n\t\t\t\t<\/div>\n\t\t\t\t\t<\/div>\n\t\t\t\t<\/div>\n\t\t\t\t\t<\/div>\n\t\t\t\t<\/div>\n\t\t\t\t<\/div>","protected":false},"excerpt":{"rendered":"<p>District 1 &#8211; Supervisor Matt LaVere 800 S. Victoria Ave., L#1900,\u00a0Ventura, CA 93009Phone: (805) 654-2703 \u00a0| Fax: (805) 654-2270Email:\u00a0Matt.LaVere@ventura.org Communities\u00a0Represented: City of Ventura, Montalvo, Saticoy, Ojai Valley, City of Ojai, Upper Ojai Valley, Victoria Estates, Riverpark, Collection, Rio West, Northwest Oxnard, Windsor North\/ River Ridge, North Coast, West Lockwood Valley, Oak View, Mira Monte, Meiners [&hellip;]<\/p>\n","protected":false},"author":5,"featured_media":0,"parent":106,"menu_order":0,"comment_status":"closed","ping_status":"closed","template":"","meta":{"_relevanssi_hide_post":"","_relevanssi_hide_content":"","_relevanssi_pin_for_all":"","_relevanssi_pin_keywords":"","_relevanssi_unpin_keywords":"","_relevanssi_related_keywords":"","_relevanssi_related_include_ids":"","_relevanssi_related_exclude_ids":"","_relevanssi_related_no_append":"","_relevanssi_related_not_related":"","_relevanssi_related_posts":"","_relevanssi_noindex_reason":"","footnotes":""},"categories":[11],"tags":[],"class_list":["post-110","page","type-page","status-publish","hentry","category-district-1"],"_links":{"self":[{"href":"https:\/\/venturacounty.gov\/board-of-supervisors\/es\/wp-json\/wp\/v2\/pages\/110","targetHints":{"allow":["GET"]}}],"collection":[{"href":"https:\/\/venturacounty.gov\/board-of-supervisors\/es\/wp-json\/wp\/v2\/pages"}],"about":[{"href":"https:\/\/venturacounty.gov\/board-of-supervisors\/es\/wp-json\/wp\/v2\/types\/page"}],"author":[{"embeddable":true,"href":"https:\/\/venturacounty.gov\/board-of-supervisors\/es\/wp-json\/wp\/v2\/users\/5"}],"replies":[{"embeddable":true,"href":"https:\/\/venturacounty.gov\/board-of-supervisors\/es\/wp-json\/wp\/v2\/comments?post=110"}],"version-history":[{"count":0,"href":"https:\/\/venturacounty.gov\/board-of-supervisors\/es\/wp-json\/wp\/v2\/pages\/110\/revisions"}],"up":[{"embeddable":true,"href":"https:\/\/venturacounty.gov\/board-of-supervisors\/es\/wp-json\/wp\/v2\/pages\/106"}],"wp:attachment":[{"href":"https:\/\/venturacounty.gov\/board-of-supervisors\/es\/wp-json\/wp\/v2\/media?parent=110"}],"wp:term":[{"taxonomy":"category","embeddable":true,"href":"https:\/\/venturacounty.gov\/board-of-supervisors\/es\/wp-json\/wp\/v2\/categories?post=110"},{"taxonomy":"post_tag","embeddable":true,"href":"https:\/\/venturacounty.gov\/board-of-supervisors\/es\/wp-json\/wp\/v2\/tags?post=110"}],"curies":[{"name":"wp","href":"https:\/\/api.w.org\/{rel}","templated":true}]}}