{"id":122,"date":"2023-07-11T17:24:45","date_gmt":"2023-07-11T17:24:45","guid":{"rendered":"https:\/\/venturacounty.gov\/board-of-supervisors\/?page_id=122"},"modified":"2025-04-10T00:22:39","modified_gmt":"2025-04-10T00:22:39","slug":"district-3-kelly-long","status":"publish","type":"page","link":"https:\/\/venturacounty.gov\/board-of-supervisors\/es\/district-3-kelly-long\/","title":{"rendered":"Distrito 3"},"content":{"rendered":"<div data-elementor-type=\"wp-page\" data-elementor-id=\"122\" class=\"elementor elementor-122\" data-elementor-post-type=\"page\">\n\t\t\t\t<div class=\"elementor-element elementor-element-211bf85 e-flex e-con-boxed e-con e-parent\" data-id=\"211bf85\" data-element_type=\"container\">\n\t\t\t\t\t<div class=\"e-con-inner\">\n\t\t<div class=\"elementor-element elementor-element-1239e6f e-flex e-con-boxed e-con e-child\" data-id=\"1239e6f\" data-element_type=\"container\" data-settings=\"{&quot;background_background&quot;:&quot;classic&quot;}\">\n\t\t\t\t\t<div class=\"e-con-inner\">\n\t\t<div class=\"elementor-element elementor-element-20c459a e-flex e-con-boxed e-con e-child\" data-id=\"20c459a\" data-element_type=\"container\">\n\t\t\t\t\t<div class=\"e-con-inner\">\n\t\t\t\t<div class=\"elementor-element elementor-element-75e398c elementor-widget elementor-widget-shortcode\" data-id=\"75e398c\" data-element_type=\"widget\" data-widget_type=\"shortcode.default\">\n\t\t\t\t<div class=\"elementor-widget-container\">\n\t\t\t\t\t\t\t<div class=\"elementor-shortcode\">\t\t<div data-elementor-type=\"container\" data-elementor-id=\"945\" class=\"elementor elementor-945\" data-elementor-post-type=\"elementor_library\">\n\t\t\t\t<div class=\"elementor-element elementor-element-da06284 e-flex e-con-boxed e-con e-parent\" data-id=\"da06284\" data-element_type=\"container\">\n\t\t\t\t\t<div class=\"e-con-inner\">\n\t\t<div class=\"elementor-element elementor-element-5b72c4e e-flex e-con-boxed e-con e-parent\" data-id=\"5b72c4e\" data-element_type=\"container\">\n\t\t\t\t\t<div class=\"e-con-inner\">\n\t\t<div class=\"elementor-element elementor-element-ecde851 e-con-full e-flex e-con e-parent\" data-id=\"ecde851\" data-element_type=\"container\">\n\t\t\t\t<div class=\"elementor-element elementor-element-7c719a3 elementor-widget__width-initial elementor-widget elementor-widget-text-editor\" data-id=\"7c719a3\" data-element_type=\"widget\" data-widget_type=\"text-editor.default\">\n\t\t\t\t<div class=\"elementor-widget-container\">\n\t\t\t\t\t\t\t\t\t<p><strong><img decoding=\"async\" class=\"wp-image-124 alignleft\" style=\"margin-bottom: 10px\" src=\"https:\/\/venturacounty.gov\/board-of-supervisors\/wp-content\/uploads\/sites\/17\/2023\/07\/BOS3_LongKelly.gif\" alt=\"Kelly Long\" width=\"105\" height=\"124\" \/>Distrito 3 - Supervisor Kelly Long<br \/><\/strong>1203 Flynn Road, Suite 220, Camarillo, CA 93012<br role=\"presentation\" data-uw-rm-sr=\"\" \/>Tel\u00e9fono: (805) 654-2276 | Fax: (805) 654-2226<br role=\"presentation\" data-uw-rm-sr=\"\" \/>Correo electr\u00f3nico: <a href=\"mailto:supervisorlong@ventura.org\" aria-label=\"env\u00ede un correo electr\u00f3nico a kelly.long@ventura.org\" data-uw-rm-vglnk=\"\">supervisorlong@ventura.org<\/a><br role=\"presentation\" data-uw-rm-sr=\"\" \/>S\u00edguenos en: <a href=\"https:\/\/www.facebook.com\/SupervisorKellyLong\" target=\"_blank\" rel=\"noopener\" aria-label=\"Ir a Facebook\" data-uw-rm-ext-link=\"\">\u00a0<img decoding=\"async\" class=\"\" style=\"vertical-align: middle\" title=\"S\u00edguenos en Facebook\" src=\"https:\/\/vcportal.venturacounty.gov\/BOS\/District3\/images\/icon-Facebook_100wx100h.png\" alt=\"Go to Facebook\" width=\"20\" height=\"20\" data-uw-rm-ima-original=\"go to facebook\" \/><\/a>\u00a0\u00a0<a href=\"https:\/\/twitter.com\/long_km\" target=\"_blank\" rel=\"noopener\" aria-label=\"Ir a Twitter\" data-uw-rm-ext-link=\"\"><img decoding=\"async\" style=\"vertical-align: middle\" title=\"S\u00edguenos en X\" src=\"https:\/\/vcportal.venturacounty.gov\/BOS\/District3\/images\/icon-Twitter_100wx100h.png\" alt=\"Go to Twitter\" width=\"20\" height=\"20\" data-uw-rm-ima-original=\"go to twitter\" \/><\/a><\/p>\t\t\t\t\t\t\t\t<\/div>\n\t\t\t\t<\/div>\n\t\t\t\t<\/div>\n\t\t<div class=\"elementor-element elementor-element-3531fbc e-flex e-con-boxed e-con e-parent\" data-id=\"3531fbc\" data-element_type=\"container\">\n\t\t\t\t\t<div class=\"e-con-inner\">\n\t\t\t\t<div class=\"elementor-element elementor-element-dc9a0cc elementor-widget__width-initial elementor-widget elementor-widget-text-editor\" data-id=\"dc9a0cc\" data-element_type=\"widget\" data-widget_type=\"text-editor.default\">\n\t\t\t\t<div class=\"elementor-widget-container\">\n\t\t\t\t\t\t\t\t\t<p><strong>Comunidades representadas:<br \/><\/strong>Partes central y sur de la ciudad de Camarillo, noreste de Oxnard, El Rio, Nyeland Acres, ciudad de Santa Paula, ciudad de Fillmore, Piru y este de Lockwood Valley.<\/p>\t\t\t\t\t\t\t\t<\/div>\n\t\t\t\t<\/div>\n\t\t\t\t\t<\/div>\n\t\t\t\t<\/div>\n\t\t\t\t\t<\/div>\n\t\t\t\t<\/div>\n\t\t<div class=\"elementor-element elementor-element-834d6aa e-flex e-con-boxed e-con e-parent\" data-id=\"834d6aa\" data-element_type=\"container\">\n\t\t\t\t\t<div class=\"e-con-inner\">\n\t\t\t\t<div class=\"elementor-element elementor-element-a6dfe16 elementor-nav-menu--dropdown-tablet elementor-nav-menu__text-align-aside elementor-nav-menu--toggle elementor-nav-menu--burger elementor-widget elementor-widget-nav-menu\" data-id=\"a6dfe16\" data-element_type=\"widget\" data-settings=\"{&quot;layout&quot;:&quot;horizontal&quot;,&quot;submenu_icon&quot;:{&quot;value&quot;:&quot;&lt;i class=\\&quot;fas fa-caret-down\\&quot;&gt;&lt;\\\/i&gt;&quot;,&quot;library&quot;:&quot;fa-solid&quot;},&quot;toggle&quot;:&quot;burger&quot;}\" data-widget_type=\"nav-menu.default\">\n\t\t\t\t<div class=\"elementor-widget-container\">\n\t\t\t\t\t\t\t\t<nav aria-label=\"Men\u00fa\" class=\"elementor-nav-menu--main elementor-nav-menu__container elementor-nav-menu--layout-horizontal e--pointer-background e--animation-fade\">\n\t\t\t\t<ul id=\"menu-1-a6dfe16\" class=\"elementor-nav-menu\"><li class=\"menu-item menu-item-type-post_type menu-item-object-page menu-item-125\"><a href=\"https:\/\/venturacounty.gov\/board-of-supervisors\/es\/district-3-kelly-long\/\" class=\"elementor-item\">Inicio<\/a><\/li>\n<li class=\"menu-item menu-item-type-post_type menu-item-object-page menu-item-321\"><a href=\"https:\/\/venturacounty.gov\/board-of-supervisors\/es\/district-3-kelly-long\/about-kelly-long\/\" class=\"elementor-item\">Sobre Kelly Long<\/a><\/li>\n<li class=\"menu-item menu-item-type-post_type menu-item-object-page menu-item-320\"><a href=\"https:\/\/venturacounty.gov\/board-of-supervisors\/es\/district-3-kelly-long\/district-3-map\/\" class=\"elementor-item\">Mapa del Distrito 3<\/a><\/li>\n<li class=\"menu-item menu-item-type-post_type menu-item-object-page menu-item-319\"><a href=\"https:\/\/venturacounty.gov\/board-of-supervisors\/es\/district-3-kelly-long\/el-rio-del-norte-mac\/\" class=\"elementor-item\">El Rio\/Del Norte MAC<\/a><\/li>\n<li class=\"menu-item menu-item-type-post_type menu-item-object-page menu-item-318\"><a href=\"https:\/\/venturacounty.gov\/board-of-supervisors\/es\/district-3-kelly-long\/services\/\" class=\"elementor-item\">Servicios<\/a><\/li>\n<li class=\"menu-item menu-item-type-post_type menu-item-object-page menu-item-317\"><a href=\"https:\/\/venturacounty.gov\/board-of-supervisors\/es\/district-3-kelly-long\/contact-us\/\" class=\"elementor-item\">P\u00f3ngase en contacto con nosotros<\/a><\/li>\n<li class=\"menu-item menu-item-type-custom menu-item-object-custom menu-item-561\"><a target=\"_blank\" href=\"https:\/\/www.vcpublicworks.org\/report-a-concern\/\" class=\"elementor-item\">Informar de un problema<\/a><\/li>\n<li class=\"menu-item menu-item-type-post_type menu-item-object-page menu-item-315\"><a href=\"https:\/\/venturacounty.gov\/board-of-supervisors\/es\/district-3-kelly-long\/tattoo-removal\/\" class=\"elementor-item\">Eliminaci\u00f3n de tatuajes<\/a><\/li>\n<\/ul>\t\t\t<\/nav>\n\t\t\t\t\t<div class=\"elementor-menu-toggle\" role=\"button\" tabindex=\"0\" aria-label=\"Men\u00fa Toggle\" aria-expanded=\"false\">\n\t\t\t<i aria-hidden=\"true\" role=\"presentation\" class=\"elementor-menu-toggle__icon--open eicon-menu-bar\"><\/i><i aria-hidden=\"true\" role=\"presentation\" class=\"elementor-menu-toggle__icon--close eicon-close\"><\/i>\t\t<\/div>\n\t\t\t\t\t<nav class=\"elementor-nav-menu--dropdown elementor-nav-menu__container\" aria-hidden=\"true\">\n\t\t\t\t<ul id=\"menu-2-a6dfe16\" class=\"elementor-nav-menu\"><li class=\"menu-item menu-item-type-post_type menu-item-object-page menu-item-125\"><a href=\"https:\/\/venturacounty.gov\/board-of-supervisors\/es\/district-3-kelly-long\/\" class=\"elementor-item\" tabindex=\"-1\">Inicio<\/a><\/li>\n<li class=\"menu-item menu-item-type-post_type menu-item-object-page menu-item-321\"><a href=\"https:\/\/venturacounty.gov\/board-of-supervisors\/es\/district-3-kelly-long\/about-kelly-long\/\" class=\"elementor-item\" tabindex=\"-1\">Sobre Kelly Long<\/a><\/li>\n<li class=\"menu-item menu-item-type-post_type menu-item-object-page menu-item-320\"><a href=\"https:\/\/venturacounty.gov\/board-of-supervisors\/es\/district-3-kelly-long\/district-3-map\/\" class=\"elementor-item\" tabindex=\"-1\">Mapa del Distrito 3<\/a><\/li>\n<li class=\"menu-item menu-item-type-post_type menu-item-object-page menu-item-319\"><a href=\"https:\/\/venturacounty.gov\/board-of-supervisors\/es\/district-3-kelly-long\/el-rio-del-norte-mac\/\" class=\"elementor-item\" tabindex=\"-1\">El Rio\/Del Norte MAC<\/a><\/li>\n<li class=\"menu-item menu-item-type-post_type menu-item-object-page menu-item-318\"><a href=\"https:\/\/venturacounty.gov\/board-of-supervisors\/es\/district-3-kelly-long\/services\/\" class=\"elementor-item\" tabindex=\"-1\">Servicios<\/a><\/li>\n<li class=\"menu-item menu-item-type-post_type menu-item-object-page menu-item-317\"><a href=\"https:\/\/venturacounty.gov\/board-of-supervisors\/es\/district-3-kelly-long\/contact-us\/\" class=\"elementor-item\" tabindex=\"-1\">P\u00f3ngase en contacto con nosotros<\/a><\/li>\n<li class=\"menu-item menu-item-type-custom menu-item-object-custom menu-item-561\"><a target=\"_blank\" href=\"https:\/\/www.vcpublicworks.org\/report-a-concern\/\" class=\"elementor-item\" tabindex=\"-1\">Informar de un problema<\/a><\/li>\n<li class=\"menu-item menu-item-type-post_type menu-item-object-page menu-item-315\"><a href=\"https:\/\/venturacounty.gov\/board-of-supervisors\/es\/district-3-kelly-long\/tattoo-removal\/\" class=\"elementor-item\" tabindex=\"-1\">Eliminaci\u00f3n de tatuajes<\/a><\/li>\n<\/ul>\t\t\t<\/nav>\n\t\t\t\t\t\t<\/div>\n\t\t\t\t<\/div>\n\t\t\t\t\t<\/div>\n\t\t\t\t<\/div>\n\t\t\t\t\t<\/div>\n\t\t\t\t<\/div>\n\t\t\t\t<\/div>\n\t\t<\/div>\n\t\t\t\t\t\t<\/div>\n\t\t\t\t<\/div>\n\t\t\t\t\t<\/div>\n\t\t\t\t<\/div>\n\t\t\t\t\t<\/div>\n\t\t\t\t<\/div>\n\t\t\t\t\t<\/div>\n\t\t\t\t<\/div>\n\t\t<div class=\"elementor-element elementor-element-bf6ebee e-flex e-con-boxed e-con e-parent\" data-id=\"bf6ebee\" data-element_type=\"container\">\n\t\t\t\t\t<div class=\"e-con-inner\">\n\t\t<div class=\"elementor-element elementor-element-a9a3913 e-con-full e-flex e-con e-child\" data-id=\"a9a3913\" data-element_type=\"container\">\n\t\t\t\t<div class=\"elementor-element elementor-element-aa379b0 elementor-widget elementor-widget-heading\" data-id=\"aa379b0\" data-element_type=\"widget\" data-widget_type=\"heading.default\">\n\t\t\t\t<div class=\"elementor-widget-container\">\n\t\t\t\t\t<h2 class=\"elementor-heading-title elementor-size-default\">Distrito 3 - Supervisor Kelly Long<\/h2>\t\t\t\t<\/div>\n\t\t\t\t<\/div>\n\t\t\t\t<\/div>\n\t\t<div class=\"elementor-element elementor-element-b41b6ac e-flex e-con-boxed e-con e-child\" data-id=\"b41b6ac\" data-element_type=\"container\">\n\t\t\t\t\t<div class=\"e-con-inner\">\n\t\t<div class=\"elementor-element elementor-element-2002594 e-con-full e-flex e-con e-child\" data-id=\"2002594\" data-element_type=\"container\">\n\t\t\t\t<div class=\"elementor-element elementor-element-d357cb8 elementor-widget elementor-widget-image\" data-id=\"d357cb8\" data-element_type=\"widget\" data-widget_type=\"image.default\">\n\t\t\t\t<div class=\"elementor-widget-container\">\n\t\t\t\t\t\t\t\t\t\t\t\t\t\t\t<img loading=\"lazy\" decoding=\"async\" width=\"600\" height=\"150\" src=\"https:\/\/venturacounty.gov\/board-of-supervisors\/wp-content\/uploads\/sites\/17\/2023\/07\/District3-Banner.jpeg\" class=\"attachment-large size-large wp-image-552\" alt=\"District3 Banner\" srcset=\"https:\/\/venturacounty.gov\/board-of-supervisors\/wp-content\/uploads\/sites\/17\/2023\/07\/District3-Banner.jpeg 600w, https:\/\/venturacounty.gov\/board-of-supervisors\/wp-content\/uploads\/sites\/17\/2023\/07\/District3-Banner-300x75.jpeg 300w\" sizes=\"(max-width: 600px) 100vw, 600px\" \/>\t\t\t\t\t\t\t\t\t\t\t\t\t\t\t<\/div>\n\t\t\t\t<\/div>\n\t\t\t\t<div class=\"elementor-element elementor-element-0568d11 elementor-widget elementor-widget-text-editor\" data-id=\"0568d11\" data-element_type=\"widget\" data-widget_type=\"text-editor.default\">\n\t\t\t\t<div class=\"elementor-widget-container\">\n\t\t\t\t\t\t\t\t\t<p><strong>Bienvenido al Distrito 3 del Condado de Ventura<\/strong><\/p><p>El Tercer Distrito es maravillosamente diverso. Las comunidades representadas son: Porciones central y sur de la ciudad de Camarillo, el noreste de Oxnard, El R\u00edo, Nyeland Acres, Del Norte Area, Strickland, Ciudad de Santa Paula, Ciudad de Fillmore, Piru, y East Lockwood Valley. Cada comunidad ofrece su propio sentido de orgullo en nuestros barrios y un sentido de pertenencia.<\/p><p>Como su Supervisor, me comprometo a garantizar que nuestro gobierno del condado sea fiscalmente responsable, se centre en la construcci\u00f3n de nuestra econom\u00eda y mejore la seguridad p\u00fablica. Mi personal y yo esperamos con inter\u00e9s escuchar de usted para encontrar soluciones a los problemas relacionados con el agua, el transporte, la seguridad p\u00fablica, la atenci\u00f3n de la salud y las operaciones del condado.<\/p><p>Ser su Supervisor del Tercer Distrito significa que me han confiado una gran responsabilidad. No es algo que tome a la ligera ni me echar\u00e9 atr\u00e1s cuando se trate de servir a sus intereses. Valoro su apoyo y agradezco sus aportaciones para continuar con el \u00e9xito de nuestro distrito y del Condado de Ventura.<\/p><p>Atentamente,<\/p><p><strong>Kelly Long<\/strong><br role=\"presentation\" data-uw-rm-sr=\"\" \/>Supervisores del Condado de Ventura Distrito 3<br role=\"presentation\" data-uw-rm-sr=\"\" \/>1203 Flynn Rd., Suite 220<br role=\"presentation\" data-uw-rm-sr=\"\" \/>Camarillo, CA 93012<br role=\"presentation\" data-uw-rm-sr=\"\" \/>Oficina: 805-654-2276<br role=\"presentation\" data-uw-rm-sr=\"\" \/>Fax: 805-654-2226<\/p><p><strong>Correspondencia por correo electr\u00f3nico<\/strong><br role=\"presentation\" data-uw-rm-sr=\"\" \/><a href=\"mailto:supervisorlong@ventura.org\" aria-label=\"env\u00ede un correo electr\u00f3nico a supervisorlong@ventura.org\" data-uw-rm-vglnk=\"\">Directo al supervisor Kelly Long<\/a><br role=\"presentation\" data-uw-rm-sr=\"\" \/><a href=\"mailto:Nancy.Phillips@ventura.org\" aria-label=\"env\u00ede un correo electr\u00f3nico a Nancy.Phillips@ventura.org\" data-uw-rm-vglnk=\"\">Concertar una cita<\/a><\/p>\t\t\t\t\t\t\t\t<\/div>\n\t\t\t\t<\/div>\n\t\t\t\t<\/div>\n\t\t<div class=\"elementor-element elementor-element-7147c3c e-flex e-con-boxed e-con e-child\" data-id=\"7147c3c\" data-element_type=\"container\">\n\t\t\t\t\t<div class=\"e-con-inner\">\n\t\t\t\t<div class=\"elementor-element elementor-element-bc99ec6 elementor-widget elementor-widget-image\" data-id=\"bc99ec6\" data-element_type=\"widget\" data-widget_type=\"image.default\">\n\t\t\t\t<div class=\"elementor-widget-container\">\n\t\t\t\t\t\t\t\t\t\t\t\t\t\t\t<img loading=\"lazy\" decoding=\"async\" width=\"300\" height=\"210\" src=\"https:\/\/venturacounty.gov\/board-of-supervisors\/wp-content\/uploads\/sites\/17\/2023\/07\/google-map-1-300x210-1.jpeg\" class=\"attachment-full size-full wp-image-553\" alt=\"Google Map\" \/>\t\t\t\t\t\t\t\t\t\t\t\t\t\t\t<\/div>\n\t\t\t\t<\/div>\n\t\t\t\t<div class=\"elementor-element elementor-element-12c27a7 elementor-widget elementor-widget-text-editor\" data-id=\"12c27a7\" data-element_type=\"widget\" data-widget_type=\"text-editor.default\">\n\t\t\t\t<div class=\"elementor-widget-container\">\n\t\t\t\t\t\t\t\t\t<p><strong>Para obtener informaci\u00f3n actualizada sobre la pandemia COVID - 19, visite\u00a0<a href=\"https:\/\/www.vcemergency.com\/vc-reopens\" target=\"_blank\" rel=\"noopener noreferrer\" aria-label=\"vcreopens.com - se abre en una nueva pesta\u00f1a\" data-uw-rm-ext-link=\"\">vcreopens.com<\/a>\u00a0y<\/strong>\u00a0<strong><a href=\"https:\/\/www.vcemergency.com\/\" target=\"_blank\" rel=\"noopener noreferrer\" aria-label=\"vcemergency.com - se abre en una nueva pesta\u00f1a\" data-uw-rm-ext-link=\"\">vcemergency.com<\/a><\/strong><\/p>\t\t\t\t\t\t\t\t<\/div>\n\t\t\t\t<\/div>\n\t\t<div class=\"elementor-element elementor-element-c4c6b4b e-flex e-con-boxed e-con e-child\" data-id=\"c4c6b4b\" data-element_type=\"container\">\n\t\t\t\t\t<div class=\"e-con-inner\">\n\t\t\t\t<div class=\"elementor-element elementor-element-08fef16 elementor-widget elementor-widget-image\" data-id=\"08fef16\" data-element_type=\"widget\" data-widget_type=\"image.default\">\n\t\t\t\t<div class=\"elementor-widget-container\">\n\t\t\t\t\t\t\t\t\t\t\t\t<figure class=\"wp-caption\">\n\t\t\t\t\t\t\t\t\t\t\t<a href=\"https:\/\/venturacounty.gov\/board-of-supervisors\/es\/district-3-kelly-long\/wildfire-forum-information\/\">\n\t\t\t\t\t\t\t<img loading=\"lazy\" decoding=\"async\" width=\"791\" height=\"1024\" src=\"https:\/\/venturacounty.gov\/board-of-supervisors\/wp-content\/uploads\/sites\/17\/2025\/04\/Supervisor-Long-Wildfire-Preparedness-and-Fire-Insurance-Forum-Eng-791x1024.jpg\" class=\"attachment-large size-large wp-image-1334\" alt=\"\" srcset=\"https:\/\/venturacounty.gov\/board-of-supervisors\/wp-content\/uploads\/sites\/17\/2025\/04\/Supervisor-Long-Wildfire-Preparedness-and-Fire-Insurance-Forum-Eng-791x1024.jpg 791w, https:\/\/venturacounty.gov\/board-of-supervisors\/wp-content\/uploads\/sites\/17\/2025\/04\/Supervisor-Long-Wildfire-Preparedness-and-Fire-Insurance-Forum-Eng-232x300.jpg 232w, https:\/\/venturacounty.gov\/board-of-supervisors\/wp-content\/uploads\/sites\/17\/2025\/04\/Supervisor-Long-Wildfire-Preparedness-and-Fire-Insurance-Forum-Eng-768x994.jpg 768w, https:\/\/venturacounty.gov\/board-of-supervisors\/wp-content\/uploads\/sites\/17\/2025\/04\/Supervisor-Long-Wildfire-Preparedness-and-Fire-Insurance-Forum-Eng-1187x1536.jpg 1187w, https:\/\/venturacounty.gov\/board-of-supervisors\/wp-content\/uploads\/sites\/17\/2025\/04\/Supervisor-Long-Wildfire-Preparedness-and-Fire-Insurance-Forum-Eng-1582x2048.jpg 1582w, https:\/\/venturacounty.gov\/board-of-supervisors\/wp-content\/uploads\/sites\/17\/2025\/04\/Supervisor-Long-Wildfire-Preparedness-and-Fire-Insurance-Forum-Eng-scaled.jpg 1978w\" sizes=\"(max-width: 791px) 100vw, 791px\" \/>\t\t\t\t\t\t\t\t<\/a>\n\t\t\t\t\t\t\t\t\t\t\t<figcaption class=\"widget-image-caption wp-caption-text\">Haga clic en la imagen para m\u00e1s informaci\u00f3n<\/figcaption>\n\t\t\t\t\t\t\t\t\t\t<\/figure>\n\t\t\t\t\t\t\t\t\t<\/div>\n\t\t\t\t<\/div>\n\t\t\t\t\t<\/div>\n\t\t\t\t<\/div>\n\t\t<div class=\"elementor-element elementor-element-42f497e e-flex e-con-boxed e-con e-child\" data-id=\"42f497e\" data-element_type=\"container\">\n\t\t\t\t\t<div class=\"e-con-inner\">\n\t\t<div class=\"elementor-element elementor-element-d3490e0 e-flex e-con-boxed e-con e-child\" data-id=\"d3490e0\" data-element_type=\"container\">\n\t\t\t\t\t<div class=\"e-con-inner\">\n\t\t\t\t<div class=\"elementor-element elementor-element-a83666b elementor-widget elementor-widget-heading\" data-id=\"a83666b\" data-element_type=\"widget\" data-widget_type=\"heading.default\">\n\t\t\t\t<div class=\"elementor-widget-container\">\n\t\t\t\t\t<h2 class=\"elementor-heading-title elementor-size-default\">Seguir en las redes sociales<\/h2>\t\t\t\t<\/div>\n\t\t\t\t<\/div>\n\t\t\t\t<div class=\"elementor-element elementor-element-4ba0e66 elementor-shape-rounded elementor-grid-0 e-grid-align-center elementor-widget elementor-widget-social-icons\" data-id=\"4ba0e66\" data-element_type=\"widget\" data-widget_type=\"social-icons.default\">\n\t\t\t\t<div class=\"elementor-widget-container\">\n\t\t\t\t\t\t\t<div class=\"elementor-social-icons-wrapper elementor-grid\" role=\"list\">\n\t\t\t\t\t\t\t<span class=\"elementor-grid-item\" role=\"listitem\">\n\t\t\t\t\t<a class=\"elementor-icon elementor-social-icon elementor-social-icon-facebook elementor-repeater-item-8641794\" href=\"https:\/\/www.facebook.com\/SupervisorKellyLong\" target=\"_blank\" rel=\"nofollow\">\n\t\t\t\t\t\t<span class=\"elementor-screen-only\">Facebook<\/span>\n\t\t\t\t\t\t<i class=\"fab fa-facebook\"><\/i>\t\t\t\t\t<\/a>\n\t\t\t\t<\/span>\n\t\t\t\t\t\t\t<span class=\"elementor-grid-item\" role=\"listitem\">\n\t\t\t\t\t<a class=\"elementor-icon elementor-social-icon elementor-social-icon-twitter elementor-repeater-item-27cdf36\" href=\"https:\/\/x.com\/long_km\" target=\"_blank\" rel=\"nofollow\">\n\t\t\t\t\t\t<span class=\"elementor-screen-only\">Twitter<\/span>\n\t\t\t\t\t\t<i class=\"fab fa-twitter\"><\/i>\t\t\t\t\t<\/a>\n\t\t\t\t<\/span>\n\t\t\t\t\t<\/div>\n\t\t\t\t\t\t<\/div>\n\t\t\t\t<\/div>\n\t\t\t\t\t<\/div>\n\t\t\t\t<\/div>\n\t\t\t\t\t<\/div>\n\t\t\t\t<\/div>\n\t\t\t\t<div class=\"elementor-element elementor-element-5a2f021 elementor-hidden-desktop elementor-hidden-tablet elementor-hidden-mobile e-n-tabs-mobile elementor-widget elementor-widget-n-tabs\" data-id=\"5a2f021\" data-element_type=\"widget\" data-settings=\"{&quot;tabs_justify_horizontal&quot;:&quot;stretch&quot;,&quot;horizontal_scroll&quot;:&quot;disable&quot;}\" data-widget_type=\"nested-tabs.default\">\n\t\t\t\t<div class=\"elementor-widget-container\">\n\t\t\t\t\t\t\t<div class=\"e-n-tabs\" data-widget-number=\"94564385\" aria-label=\"Pesta\u00f1as. Abre elementos con Intro o Espacio, ci\u00e9rralos con Escape y navega con las Flechas.\">\n\t\t\t<div class=\"e-n-tabs-heading\" role=\"tablist\">\n\t\t\t\t\t<button id=\"e-n-tab-title-945643851\" class=\"e-n-tab-title\" aria-selected=\"true\" data-tab-index=\"1\" role=\"tab\" tabindex=\"0\" aria-controls=\"e-n-tab-content-945643851\" style=\"--n-tabs-title-order: 1;\">\n\t\t\t\t\t\t<span class=\"e-n-tab-title-text\">\n\t\t\t\tTweeter Feed\t\t\t<\/span>\n\t\t<\/button>\n\t\t\t\t<button id=\"e-n-tab-title-945643852\" class=\"e-n-tab-title\" aria-selected=\"false\" data-tab-index=\"2\" role=\"tab\" tabindex=\"-1\" aria-controls=\"e-n-tab-content-945643852\" style=\"--n-tabs-title-order: 2;\">\n\t\t\t\t\t\t<span class=\"e-n-tab-title-text\">\n\t\t\t\tFacebook Feed\t\t\t<\/span>\n\t\t<\/button>\n\t\t\t\t\t<\/div>\n\t\t\t<div class=\"e-n-tabs-content\">\n\t\t\t\t<div id=\"e-n-tab-content-945643851\" role=\"tabpanel\" aria-labelledby=\"e-n-tab-title-945643851\" data-tab-index=\"1\" style=\"--n-tabs-title-order: 1;\" class=\"e-active elementor-element elementor-element-c0ec062 e-con-full e-flex e-con e-parent\" data-id=\"c0ec062\" data-element_type=\"container\" data-settings=\"{&quot;background_background&quot;:&quot;classic&quot;}\">\n\t\t\t\t<div class=\"elementor-element elementor-element-506a9eb elementor-widget elementor-widget-html\" data-id=\"506a9eb\" data-element_type=\"widget\" data-widget_type=\"html.default\">\n\t\t\t\t<div class=\"elementor-widget-container\">\n\t\t\t\t\t<a class=\"twitter-timeline\" data-height=\"480\" href=\"https:\/\/twitter.com\/long_km?ref_src=twsrc%5Etfw\">Tweets por long_km<\/a> \t\t\t\t<\/div>\n\t\t\t\t<\/div>\n\t\t\t\t<\/div>\n\t\t<div id=\"e-n-tab-content-945643852\" role=\"tabpanel\" aria-labelledby=\"e-n-tab-title-945643852\" data-tab-index=\"2\" style=\"--n-tabs-title-order: 2;\" class=\"elementor-element elementor-element-50a7679 e-con-full e-flex e-con e-parent\" data-id=\"50a7679\" data-element_type=\"container\" data-settings=\"{&quot;background_background&quot;:&quot;classic&quot;}\">\n\t\t<div class=\"elementor-element elementor-element-4aad2d6 e-con-full e-flex e-con e-child\" data-id=\"4aad2d6\" data-element_type=\"container\">\n\t\t\t\t<div class=\"elementor-element elementor-element-7205731 elementor-widget elementor-widget-html\" data-id=\"7205731\" data-element_type=\"widget\" data-widget_type=\"html.default\">\n\t\t\t\t<div class=\"elementor-widget-container\">\n\t\t\t\t\t<div id=\"fb-root\"><\/div>\r\n\r\n\r\n<div class=\"fb-page\" data-href=\"https:\/\/www.facebook.com\/SupervisorKellyLong\/\" data-tabs=\"timeline\" data-width=\"\" data-height=\"480\" data-small-header=\"false\" data-adapt-container-width=\"true\" data-hide-cover=\"false\" data-show-facepile=\"true\"><blockquote cite=\"https:\/\/www.facebook.com\/SupervisorKellyLong\/\" class=\"fb-xfbml-parse-ignore\"><a href=\"https:\/\/www.facebook.com\/SupervisorKellyLong\/\">Supervisor Kelly Long<\/a><\/blockquote><\/div>\t\t\t\t<\/div>\n\t\t\t\t<\/div>\n\t\t\t\t<\/div>\n\t\t\t\t<\/div>\n\t\t\t\t\t<\/div>\n\t\t<\/div>\n\t\t\t\t\t\t<\/div>\n\t\t\t\t<\/div>\n\t\t\t\t\t<\/div>\n\t\t\t\t<\/div>\n\t\t\t\t\t<\/div>\n\t\t\t\t<\/div>\n\t\t\t\t\t<\/div>\n\t\t\t\t<\/div>\n\t\t\t\t<\/div>","protected":false},"excerpt":{"rendered":"<p>District 3 &#8211; Supervisor Kelly Long Welcome to Ventura County District 3 The Third District is wonderfully diverse. The communities represented are: Central and Southern portions of the City of Camarillo, Northeast Oxnard, El Rio, Nyeland Acres, Del Norte Area, Strickland, City of Santa Paula, City of Fillmore, Piru, and East Lockwood Valley. Each community [&hellip;]<\/p>\n","protected":false},"author":5,"featured_media":0,"parent":0,"menu_order":0,"comment_status":"closed","ping_status":"closed","template":"","meta":{"_relevanssi_hide_post":"","_relevanssi_hide_content":"","_relevanssi_pin_for_all":"","_relevanssi_pin_keywords":"","_relevanssi_unpin_keywords":"","_relevanssi_related_keywords":"","_relevanssi_related_include_ids":"","_relevanssi_related_exclude_ids":"","_relevanssi_related_no_append":"","_relevanssi_related_not_related":"","_relevanssi_related_posts":"","_relevanssi_noindex_reason":"","footnotes":""},"categories":[13],"tags":[],"class_list":["post-122","page","type-page","status-publish","hentry","category-district-3"],"_links":{"self":[{"href":"https:\/\/venturacounty.gov\/board-of-supervisors\/es\/wp-json\/wp\/v2\/pages\/122","targetHints":{"allow":["GET"]}}],"collection":[{"href":"https:\/\/venturacounty.gov\/board-of-supervisors\/es\/wp-json\/wp\/v2\/pages"}],"about":[{"href":"https:\/\/venturacounty.gov\/board-of-supervisors\/es\/wp-json\/wp\/v2\/types\/page"}],"author":[{"embeddable":true,"href":"https:\/\/venturacounty.gov\/board-of-supervisors\/es\/wp-json\/wp\/v2\/users\/5"}],"replies":[{"embeddable":true,"href":"https:\/\/venturacounty.gov\/board-of-supervisors\/es\/wp-json\/wp\/v2\/comments?post=122"}],"version-history":[{"count":0,"href":"https:\/\/venturacounty.gov\/board-of-supervisors\/es\/wp-json\/wp\/v2\/pages\/122\/revisions"}],"wp:attachment":[{"href":"https:\/\/venturacounty.gov\/board-of-supervisors\/es\/wp-json\/wp\/v2\/media?parent=122"}],"wp:term":[{"taxonomy":"category","embeddable":true,"href":"https:\/\/venturacounty.gov\/board-of-supervisors\/es\/wp-json\/wp\/v2\/categories?post=122"},{"taxonomy":"post_tag","embeddable":true,"href":"https:\/\/venturacounty.gov\/board-of-supervisors\/es\/wp-json\/wp\/v2\/tags?post=122"}],"curies":[{"name":"wp","href":"https:\/\/api.w.org\/{rel}","templated":true}]}}