{"id":283,"date":"2023-07-12T21:56:30","date_gmt":"2023-07-12T21:56:30","guid":{"rendered":"https:\/\/venturacounty.gov\/board-of-supervisors\/?page_id=283"},"modified":"2023-07-20T22:31:29","modified_gmt":"2023-07-20T22:31:29","slug":"casa-conejo-3","status":"publish","type":"page","link":"https:\/\/venturacounty.gov\/board-of-supervisors\/es\/district-2-jeff-gorell\/casa-conejo-3\/","title":{"rendered":"Casa Conejo"},"content":{"rendered":"<div data-elementor-type=\"wp-page\" data-elementor-id=\"283\" class=\"elementor elementor-283\" data-elementor-post-type=\"page\">\n\t\t\t\t<div class=\"elementor-element elementor-element-211bf85 e-flex e-con-boxed e-con e-parent\" data-id=\"211bf85\" data-element_type=\"container\">\n\t\t\t\t\t<div class=\"e-con-inner\">\n\t\t<div class=\"elementor-element elementor-element-1239e6f e-flex e-con-boxed e-con e-child\" data-id=\"1239e6f\" data-element_type=\"container\" data-settings=\"{&quot;background_background&quot;:&quot;classic&quot;}\">\n\t\t\t\t\t<div class=\"e-con-inner\">\n\t\t\t\t<div class=\"elementor-element elementor-element-06e8be0 elementor-widget__width-initial elementor-widget elementor-widget-text-editor\" data-id=\"06e8be0\" data-element_type=\"widget\" data-widget_type=\"text-editor.default\">\n\t\t\t\t<div class=\"elementor-widget-container\">\n\t\t\t\t\t\t\t\t\t<p><strong><img decoding=\"async\" class=\"wp-image-120 alignleft\" src=\"https:\/\/venturacounty.gov\/board-of-supervisors\/wp-content\/uploads\/sites\/17\/2023\/07\/jeff-gorell.jpeg\" alt=\"Jeff Gorell\" width=\"120\" height=\"144\" \/>Distrito 2 - Supervisor Jeff Gorell<br role=\"presentation\" data-uw-rm-sr=\"\" \/><\/strong><\/p><p>2100 E Thousand Oaks Blvd, Suite E<br role=\"presentation\" data-uw-rm-sr=\"\" \/>Thousand Oaks, CA 91362<br role=\"presentation\" data-uw-rm-sr=\"\" \/>Tel\u00e9fono: (805) 214-2510 | Fax: (805) 480-0585<br role=\"presentation\" data-uw-rm-sr=\"\" \/>N\u00famero gratuito: (800) 660-5474<br role=\"presentation\" data-uw-rm-sr=\"\" \/>Correo electr\u00f3nico:\u00a0<a href=\"mailto:supervisorgorell@ventura.org\" aria-label=\"env\u00ede un correo electr\u00f3nico a supervisorgorell@ventura.org\" data-uw-rm-vglnk=\"\">supervisorgorell@ventura.org<\/a><\/p>\t\t\t\t\t\t\t\t<\/div>\n\t\t\t\t<\/div>\n\t\t\t\t<div class=\"elementor-element elementor-element-9383a69 elementor-widget__width-initial elementor-widget elementor-widget-text-editor\" data-id=\"9383a69\" data-element_type=\"widget\" data-widget_type=\"text-editor.default\">\n\t\t\t\t<div class=\"elementor-widget-container\">\n\t\t\t\t\t\t\t\t\t<p><strong>Comunidades representadas:<\/strong><\/p><p>Ciudad de Thousand Oaks,\u00a0<a href=\"https:\/\/venturacounty.gov\/board-of-supervisors\/es\/district-2-jeff-gorell\/camarillodistrict2\/\">Partes norte y este de la ciudad de Camarillo<\/a>Newbury Park, Westlake Village,\u00a0<a href=\"https:\/\/venturacounty.gov\/board-of-supervisors\/es\/district-2-jeff-gorell\/oak-park\/\">Parque del Roble<\/a>...Hidden Valley,\u00a0<a href=\"https:\/\/venturacounty.gov\/board-of-supervisors\/es\/district-2-jeff-gorell\/lake-sherwood\/\">Lago Sherwood<\/a>,\u00a0<a href=\"https:\/\/venturacounty.gov\/board-of-supervisors\/es\/district-2-jeff-gorell\/somis\/\">Somis<\/a>Valle de Las Posas, Camarillo Springs, Camarillo Heights,\u00a0<a href=\"https:\/\/venturacounty.gov\/board-of-supervisors\/es\/district-2-jeff-gorell\/casa-conejo\/\">Casa Conejo<\/a>,\u00a0<a href=\"https:\/\/venturacounty.gov\/board-of-supervisors\/es\/district-2-jeff-gorell\/santa-rosa-valley\/\">Valle de Santa Rosa<\/a>,\u00a0<a href=\"https:\/\/venturacounty.gov\/board-of-supervisors\/es\/district-2-jeff-gorell\/ventu-park\/\">Parque Ventu<\/a>y\u00a0<a href=\"https:\/\/venturacounty.gov\/board-of-supervisors\/es\/district-2-jeff-gorell\/malibu-yerba-buena\/\">Costa Sur<\/a>.<\/p>\t\t\t\t\t\t\t\t<\/div>\n\t\t\t\t<\/div>\n\t\t\t\t\t<\/div>\n\t\t\t\t<\/div>\n\t\t\t\t\t<\/div>\n\t\t\t\t<\/div>\n\t\t<div class=\"elementor-element elementor-element-3645d9c e-flex e-con-boxed e-con e-parent\" data-id=\"3645d9c\" data-element_type=\"container\" data-settings=\"{&quot;background_background&quot;:&quot;classic&quot;}\">\n\t\t\t\t\t<div class=\"e-con-inner\">\n\t\t\t\t<div class=\"elementor-element elementor-element-0996bc0 elementor-nav-menu--dropdown-tablet elementor-nav-menu__text-align-aside elementor-nav-menu--toggle elementor-nav-menu--burger elementor-widget elementor-widget-nav-menu\" data-id=\"0996bc0\" data-element_type=\"widget\" data-settings=\"{&quot;layout&quot;:&quot;horizontal&quot;,&quot;submenu_icon&quot;:{&quot;value&quot;:&quot;&lt;i class=\\&quot;fas fa-caret-down\\&quot;&gt;&lt;\\\/i&gt;&quot;,&quot;library&quot;:&quot;fa-solid&quot;},&quot;toggle&quot;:&quot;burger&quot;}\" data-widget_type=\"nav-menu.default\">\n\t\t\t\t<div class=\"elementor-widget-container\">\n\t\t\t\t\t\t\t\t<nav aria-label=\"Men\u00fa\" class=\"elementor-nav-menu--main elementor-nav-menu__container elementor-nav-menu--layout-horizontal e--pointer-background e--animation-fade\">\n\t\t\t\t<ul id=\"menu-1-0996bc0\" class=\"elementor-nav-menu\"><li class=\"menu-item menu-item-type-post_type menu-item-object-page menu-item-121\"><a href=\"https:\/\/venturacounty.gov\/board-of-supervisors\/es\/district-2-jeff-gorell\/\" class=\"elementor-item\">Inicio<\/a><\/li>\n<li class=\"menu-item menu-item-type-custom menu-item-object-custom menu-item-has-children menu-item-763\"><a href=\"\/board-of-supervisors\/es\/district-2-jeff-gorell\/bio\/\" class=\"elementor-item\">Acerca de<\/a>\n<ul class=\"sub-menu elementor-nav-menu--dropdown\">\n\t<li class=\"menu-item menu-item-type-post_type menu-item-object-page menu-item-436\"><a href=\"https:\/\/venturacounty.gov\/board-of-supervisors\/es\/?page_id=434\" class=\"elementor-sub-item\">Supervisor Jeff Gorell<\/a><\/li>\n\t<li class=\"menu-item menu-item-type-post_type menu-item-object-page menu-item-273\"><a href=\"https:\/\/venturacounty.gov\/board-of-supervisors\/es\/?page_id=270\" class=\"elementor-sub-item\">Distrito 2<\/a><\/li>\n\t<li class=\"menu-item menu-item-type-post_type menu-item-object-page menu-item-272\"><a href=\"https:\/\/venturacounty.gov\/board-of-supervisors\/es\/?page_id=271\" class=\"elementor-sub-item\">Conozca al personal<\/a><\/li>\n<\/ul>\n<\/li>\n<li class=\"menu-item menu-item-type-custom menu-item-object-custom menu-item-has-children menu-item-438\"><a href=\"#\" class=\"elementor-item elementor-item-anchor\">Solicitudes de servicio<\/a>\n<ul class=\"sub-menu elementor-nav-menu--dropdown\">\n\t<li class=\"menu-item menu-item-type-custom menu-item-object-custom menu-item-439\"><a href=\"https:\/\/www.vcpublicworks.org\/report-a-concern\/\" class=\"elementor-sub-item\">Residentes del condado<\/a><\/li>\n\t<li class=\"menu-item menu-item-type-custom menu-item-object-custom menu-item-440\"><a href=\"https:\/\/www.toaks.org\/departments\/city-manager-s-office\/request-city-services\" class=\"elementor-sub-item\">Residentes de la ciudad de Thousand Oaks<\/a><\/li>\n\t<li class=\"menu-item menu-item-type-custom menu-item-object-custom menu-item-441\"><a href=\"https:\/\/csr.dot.ca.gov\/\" class=\"elementor-sub-item\">Solicitudes de servicio de Caltrans<\/a><\/li>\n<\/ul>\n<\/li>\n<li class=\"menu-item menu-item-type-custom menu-item-object-custom menu-item-has-children menu-item-442\"><a href=\"#\" class=\"elementor-item elementor-item-anchor\">CONSEJOS CONSULTIVOS MUNICIPALES<\/a>\n<ul class=\"sub-menu elementor-nav-menu--dropdown\">\n\t<li class=\"menu-item menu-item-type-post_type menu-item-object-page menu-item-472\"><a href=\"https:\/\/venturacounty.gov\/board-of-supervisors\/es\/?page_id=213\" class=\"elementor-sub-item\">Casa Conejo<\/a><\/li>\n\t<li class=\"menu-item menu-item-type-post_type menu-item-object-page menu-item-285\"><a href=\"https:\/\/venturacounty.gov\/board-of-supervisors\/es\/?page_id=282\" class=\"elementor-sub-item\">Parque del Roble<\/a><\/li>\n\t<li class=\"menu-item menu-item-type-post_type menu-item-object-page menu-item-286\"><a href=\"https:\/\/venturacounty.gov\/board-of-supervisors\/es\/?page_id=281\" class=\"elementor-sub-item\">Valle de Santa Rosa<\/a><\/li>\n\t<li class=\"menu-item menu-item-type-post_type menu-item-object-page menu-item-549\"><a href=\"https:\/\/venturacounty.gov\/board-of-supervisors\/es\/?page_id=538\" class=\"elementor-sub-item\">Somis<\/a><\/li>\n<\/ul>\n<\/li>\n<li class=\"menu-item menu-item-type-post_type menu-item-object-page menu-item-has-children menu-item-265\"><a href=\"https:\/\/venturacounty.gov\/board-of-supervisors\/es\/?page_id=260\" class=\"elementor-item\">Comunidades<\/a>\n<ul class=\"sub-menu elementor-nav-menu--dropdown\">\n\t<li class=\"menu-item menu-item-type-post_type menu-item-object-page menu-item-298\"><a href=\"https:\/\/venturacounty.gov\/board-of-supervisors\/es\/?page_id=295\" class=\"elementor-sub-item\">Camarillo (Distrito 2)<\/a><\/li>\n\t<li class=\"menu-item menu-item-type-post_type menu-item-object-page menu-item-566\"><a href=\"https:\/\/venturacounty.gov\/board-of-supervisors\/es\/?page_id=213\" class=\"elementor-sub-item\">Casa Conejo<\/a><\/li>\n\t<li class=\"menu-item menu-item-type-post_type menu-item-object-page menu-item-300\"><a href=\"https:\/\/venturacounty.gov\/board-of-supervisors\/es\/?page_id=293\" class=\"elementor-sub-item\">Lago Sherwood<\/a><\/li>\n\t<li class=\"menu-item menu-item-type-post_type menu-item-object-page menu-item-301\"><a href=\"https:\/\/venturacounty.gov\/board-of-supervisors\/es\/?page_id=292\" class=\"elementor-sub-item\">Malib\u00fa\/Yerba Buena<\/a><\/li>\n\t<li class=\"menu-item menu-item-type-post_type menu-item-object-page menu-item-567\"><a href=\"https:\/\/venturacounty.gov\/board-of-supervisors\/es\/?page_id=282\" class=\"elementor-sub-item\">Parque del Roble<\/a><\/li>\n\t<li class=\"menu-item menu-item-type-post_type menu-item-object-page menu-item-568\"><a href=\"https:\/\/venturacounty.gov\/board-of-supervisors\/es\/?page_id=281\" class=\"elementor-sub-item\">Valle de Santa Rosa<\/a><\/li>\n\t<li class=\"menu-item menu-item-type-post_type menu-item-object-page menu-item-840\"><a href=\"https:\/\/venturacounty.gov\/board-of-supervisors\/es\/?page_id=538\" class=\"elementor-sub-item\">Somis<\/a><\/li>\n\t<li class=\"menu-item menu-item-type-custom menu-item-object-custom menu-item-557\"><a href=\"https:\/\/www.toaks.org\/\" class=\"elementor-sub-item\">Mil Robles<\/a><\/li>\n\t<li class=\"menu-item menu-item-type-post_type menu-item-object-page menu-item-305\"><a href=\"https:\/\/venturacounty.gov\/board-of-supervisors\/es\/?page_id=288\" class=\"elementor-sub-item\">Parque Ventu<\/a><\/li>\n<\/ul>\n<\/li>\n<li class=\"menu-item menu-item-type-post_type menu-item-object-page menu-item-264\"><a href=\"https:\/\/venturacounty.gov\/board-of-supervisors\/es\/?page_id=261\" class=\"elementor-item\">Solicitudes de menci\u00f3n<\/a><\/li>\n<li class=\"menu-item menu-item-type-post_type menu-item-object-page menu-item-571\"><a href=\"https:\/\/venturacounty.gov\/board-of-supervisors\/es\/?page_id=271\" class=\"elementor-item\">P\u00f3ngase en contacto con nosotros<\/a><\/li>\n<\/ul>\t\t\t<\/nav>\n\t\t\t\t\t<div class=\"elementor-menu-toggle\" role=\"button\" tabindex=\"0\" aria-label=\"Men\u00fa Toggle\" aria-expanded=\"false\">\n\t\t\t<i aria-hidden=\"true\" role=\"presentation\" class=\"elementor-menu-toggle__icon--open eicon-menu-bar\"><\/i><i aria-hidden=\"true\" role=\"presentation\" class=\"elementor-menu-toggle__icon--close eicon-close\"><\/i>\t\t<\/div>\n\t\t\t\t\t<nav class=\"elementor-nav-menu--dropdown elementor-nav-menu__container\" aria-hidden=\"true\">\n\t\t\t\t<ul id=\"menu-2-0996bc0\" class=\"elementor-nav-menu\"><li class=\"menu-item menu-item-type-post_type menu-item-object-page menu-item-121\"><a href=\"https:\/\/venturacounty.gov\/board-of-supervisors\/es\/district-2-jeff-gorell\/\" class=\"elementor-item\" tabindex=\"-1\">Inicio<\/a><\/li>\n<li class=\"menu-item menu-item-type-custom menu-item-object-custom menu-item-has-children menu-item-763\"><a href=\"\/board-of-supervisors\/es\/district-2-jeff-gorell\/bio\/\" class=\"elementor-item\" tabindex=\"-1\">Acerca de<\/a>\n<ul class=\"sub-menu elementor-nav-menu--dropdown\">\n\t<li class=\"menu-item menu-item-type-post_type menu-item-object-page menu-item-436\"><a href=\"https:\/\/venturacounty.gov\/board-of-supervisors\/es\/?page_id=434\" class=\"elementor-sub-item\" tabindex=\"-1\">Supervisor Jeff Gorell<\/a><\/li>\n\t<li class=\"menu-item menu-item-type-post_type menu-item-object-page menu-item-273\"><a href=\"https:\/\/venturacounty.gov\/board-of-supervisors\/es\/?page_id=270\" class=\"elementor-sub-item\" tabindex=\"-1\">Distrito 2<\/a><\/li>\n\t<li class=\"menu-item menu-item-type-post_type menu-item-object-page menu-item-272\"><a href=\"https:\/\/venturacounty.gov\/board-of-supervisors\/es\/?page_id=271\" class=\"elementor-sub-item\" tabindex=\"-1\">Conozca al personal<\/a><\/li>\n<\/ul>\n<\/li>\n<li class=\"menu-item menu-item-type-custom menu-item-object-custom menu-item-has-children menu-item-438\"><a href=\"#\" class=\"elementor-item elementor-item-anchor\" tabindex=\"-1\">Solicitudes de servicio<\/a>\n<ul class=\"sub-menu elementor-nav-menu--dropdown\">\n\t<li class=\"menu-item menu-item-type-custom menu-item-object-custom menu-item-439\"><a href=\"https:\/\/www.vcpublicworks.org\/report-a-concern\/\" class=\"elementor-sub-item\" tabindex=\"-1\">Residentes del condado<\/a><\/li>\n\t<li class=\"menu-item menu-item-type-custom menu-item-object-custom menu-item-440\"><a href=\"https:\/\/www.toaks.org\/departments\/city-manager-s-office\/request-city-services\" class=\"elementor-sub-item\" tabindex=\"-1\">Residentes de la ciudad de Thousand Oaks<\/a><\/li>\n\t<li class=\"menu-item menu-item-type-custom menu-item-object-custom menu-item-441\"><a href=\"https:\/\/csr.dot.ca.gov\/\" class=\"elementor-sub-item\" tabindex=\"-1\">Solicitudes de servicio de Caltrans<\/a><\/li>\n<\/ul>\n<\/li>\n<li class=\"menu-item menu-item-type-custom menu-item-object-custom menu-item-has-children menu-item-442\"><a href=\"#\" class=\"elementor-item elementor-item-anchor\" tabindex=\"-1\">CONSEJOS CONSULTIVOS MUNICIPALES<\/a>\n<ul class=\"sub-menu elementor-nav-menu--dropdown\">\n\t<li class=\"menu-item menu-item-type-post_type menu-item-object-page menu-item-472\"><a href=\"https:\/\/venturacounty.gov\/board-of-supervisors\/es\/?page_id=213\" class=\"elementor-sub-item\" tabindex=\"-1\">Casa Conejo<\/a><\/li>\n\t<li class=\"menu-item menu-item-type-post_type menu-item-object-page menu-item-285\"><a href=\"https:\/\/venturacounty.gov\/board-of-supervisors\/es\/?page_id=282\" class=\"elementor-sub-item\" tabindex=\"-1\">Parque del Roble<\/a><\/li>\n\t<li class=\"menu-item menu-item-type-post_type menu-item-object-page menu-item-286\"><a href=\"https:\/\/venturacounty.gov\/board-of-supervisors\/es\/?page_id=281\" class=\"elementor-sub-item\" tabindex=\"-1\">Valle de Santa Rosa<\/a><\/li>\n\t<li class=\"menu-item menu-item-type-post_type menu-item-object-page menu-item-549\"><a href=\"https:\/\/venturacounty.gov\/board-of-supervisors\/es\/?page_id=538\" class=\"elementor-sub-item\" tabindex=\"-1\">Somis<\/a><\/li>\n<\/ul>\n<\/li>\n<li class=\"menu-item menu-item-type-post_type menu-item-object-page menu-item-has-children menu-item-265\"><a href=\"https:\/\/venturacounty.gov\/board-of-supervisors\/es\/?page_id=260\" class=\"elementor-item\" tabindex=\"-1\">Comunidades<\/a>\n<ul class=\"sub-menu elementor-nav-menu--dropdown\">\n\t<li class=\"menu-item menu-item-type-post_type menu-item-object-page menu-item-298\"><a href=\"https:\/\/venturacounty.gov\/board-of-supervisors\/es\/?page_id=295\" class=\"elementor-sub-item\" tabindex=\"-1\">Camarillo (Distrito 2)<\/a><\/li>\n\t<li class=\"menu-item menu-item-type-post_type menu-item-object-page menu-item-566\"><a href=\"https:\/\/venturacounty.gov\/board-of-supervisors\/es\/?page_id=213\" class=\"elementor-sub-item\" tabindex=\"-1\">Casa Conejo<\/a><\/li>\n\t<li class=\"menu-item menu-item-type-post_type menu-item-object-page menu-item-300\"><a href=\"https:\/\/venturacounty.gov\/board-of-supervisors\/es\/?page_id=293\" class=\"elementor-sub-item\" tabindex=\"-1\">Lago Sherwood<\/a><\/li>\n\t<li class=\"menu-item menu-item-type-post_type menu-item-object-page menu-item-301\"><a href=\"https:\/\/venturacounty.gov\/board-of-supervisors\/es\/?page_id=292\" class=\"elementor-sub-item\" tabindex=\"-1\">Malib\u00fa\/Yerba Buena<\/a><\/li>\n\t<li class=\"menu-item menu-item-type-post_type menu-item-object-page menu-item-567\"><a href=\"https:\/\/venturacounty.gov\/board-of-supervisors\/es\/?page_id=282\" class=\"elementor-sub-item\" tabindex=\"-1\">Parque del Roble<\/a><\/li>\n\t<li class=\"menu-item menu-item-type-post_type menu-item-object-page menu-item-568\"><a href=\"https:\/\/venturacounty.gov\/board-of-supervisors\/es\/?page_id=281\" class=\"elementor-sub-item\" tabindex=\"-1\">Valle de Santa Rosa<\/a><\/li>\n\t<li class=\"menu-item menu-item-type-post_type menu-item-object-page menu-item-840\"><a href=\"https:\/\/venturacounty.gov\/board-of-supervisors\/es\/?page_id=538\" class=\"elementor-sub-item\" tabindex=\"-1\">Somis<\/a><\/li>\n\t<li class=\"menu-item menu-item-type-custom menu-item-object-custom menu-item-557\"><a href=\"https:\/\/www.toaks.org\/\" class=\"elementor-sub-item\" tabindex=\"-1\">Mil Robles<\/a><\/li>\n\t<li class=\"menu-item menu-item-type-post_type menu-item-object-page menu-item-305\"><a href=\"https:\/\/venturacounty.gov\/board-of-supervisors\/es\/?page_id=288\" class=\"elementor-sub-item\" tabindex=\"-1\">Parque Ventu<\/a><\/li>\n<\/ul>\n<\/li>\n<li class=\"menu-item menu-item-type-post_type menu-item-object-page menu-item-264\"><a href=\"https:\/\/venturacounty.gov\/board-of-supervisors\/es\/?page_id=261\" class=\"elementor-item\" tabindex=\"-1\">Solicitudes de menci\u00f3n<\/a><\/li>\n<li class=\"menu-item menu-item-type-post_type menu-item-object-page menu-item-571\"><a href=\"https:\/\/venturacounty.gov\/board-of-supervisors\/es\/?page_id=271\" class=\"elementor-item\" tabindex=\"-1\">P\u00f3ngase en contacto con nosotros<\/a><\/li>\n<\/ul>\t\t\t<\/nav>\n\t\t\t\t\t\t<\/div>\n\t\t\t\t<\/div>\n\t\t\t\t\t<\/div>\n\t\t\t\t<\/div>\n\t\t<div class=\"elementor-element elementor-element-bf6ebee e-flex e-con-boxed e-con e-parent\" data-id=\"bf6ebee\" data-element_type=\"container\">\n\t\t\t\t\t<div class=\"e-con-inner\">\n\t\t<div class=\"elementor-element elementor-element-a9a3913 e-flex e-con-boxed e-con e-child\" data-id=\"a9a3913\" data-element_type=\"container\">\n\t\t\t\t\t<div class=\"e-con-inner\">\n\t\t\t\t<div class=\"elementor-element elementor-element-aa379b0 elementor-widget elementor-widget-heading\" data-id=\"aa379b0\" data-element_type=\"widget\" data-widget_type=\"heading.default\">\n\t\t\t\t<div class=\"elementor-widget-container\">\n\t\t\t\t\t<h2 class=\"elementor-heading-title elementor-size-default\">Casa Conejo<\/h2>\t\t\t\t<\/div>\n\t\t\t\t<\/div>\n\t\t\t\t<div class=\"elementor-element elementor-element-b1e7cec elementor-widget-divider--view-line elementor-widget elementor-widget-divider\" data-id=\"b1e7cec\" data-element_type=\"widget\" data-widget_type=\"divider.default\">\n\t\t\t\t<div class=\"elementor-widget-container\">\n\t\t\t\t\t\t\t<div class=\"elementor-divider\">\n\t\t\t<span class=\"elementor-divider-separator\">\n\t\t\t\t\t\t<\/span>\n\t\t<\/div>\n\t\t\t\t\t\t<\/div>\n\t\t\t\t<\/div>\n\t\t\t\t<div class=\"elementor-element elementor-element-f41c062 elementor-widget elementor-widget-text-editor\" data-id=\"f41c062\" data-element_type=\"widget\" data-widget_type=\"text-editor.default\">\n\t\t\t\t<div class=\"elementor-widget-container\">\n\t\t\t\t\t\t\t\t\t<h4 class=\"vc_custom_heading\" role=\"heading\" data-uw-rm-heading=\"level\" aria-level=\"3\">Informaci\u00f3n comunitaria<\/h4><div class=\"wpb_text_column wpb_content_element\"><div class=\"wpb_wrapper\"><ul class=\"arrow-list\"><li><a href=\"https:\/\/vcportal.venturacounty.gov\/BOS\/District2\/CasaConejo\/docs\/Casa%20Conejo%20SCE%20Circuit%20Zones.pdf\" target=\"_blank\" rel=\"noopener\" aria-label=\"Southern California Edison Circuit Zones for Casa Conejo - opens in new tab\" data-uw-rm-ext-link=\"\" data-uw-pdf-br=\"1\" data-uw-pdf-doc=\"\">Zonas de circuito Southern California Edison para Casa Conejo<\/a><\/li><li><a href=\"https:\/\/vcportal.venturacounty.gov\/BOS\/District2\/CasaConejo\/CasaConejoStreetSweepingCalendar2023.pdf\" target=\"_blank\" rel=\"noopener noreferrer\" aria-label=\"Calendario de barrido de calles 2023 - opens in new tab\" data-uw-rm-ext-link=\"\" data-uw-pdf-br=\"1\" data-uw-pdf-doc=\"\">Calendario de barrido de calles 2023<\/a><\/li><\/ul><\/div><\/div><div class=\"vc_btn3-container vc_btn3-center\"><a class=\"vc_general vc_btn3 vc_btn3-size-md vc_btn3-shape-rounded vc_btn3-style-modern vc_btn3-color-primary\" title=\"\" href=\"https:\/\/venturacounty.gov\/board-of-supervisors\/es\/oversizedvehicles\/\">Solicitar una exenci\u00f3n de la ordenanza sobre veh\u00edculos de gran tama\u00f1o<\/a><\/div>\t\t\t\t\t\t\t\t<\/div>\n\t\t\t\t<\/div>\n\t\t\t\t<div class=\"elementor-element elementor-element-ca53738 elementor-widget-divider--view-line elementor-widget elementor-widget-divider\" data-id=\"ca53738\" data-element_type=\"widget\" data-widget_type=\"divider.default\">\n\t\t\t\t<div class=\"elementor-widget-container\">\n\t\t\t\t\t\t\t<div class=\"elementor-divider\">\n\t\t\t<span class=\"elementor-divider-separator\">\n\t\t\t\t\t\t<\/span>\n\t\t<\/div>\n\t\t\t\t\t\t<\/div>\n\t\t\t\t<\/div>\n\t\t\t\t\t<\/div>\n\t\t\t\t<\/div>\n\t\t\t\t\t<\/div>\n\t\t\t\t<\/div>\n\t\t<div class=\"elementor-element elementor-element-6c64297 e-flex e-con-boxed e-con e-parent\" data-id=\"6c64297\" data-element_type=\"container\">\n\t\t\t\t\t<div class=\"e-con-inner\">\n\t\t\t\t\t<\/div>\n\t\t\t\t<\/div>\n\t\t\t\t<\/div>","protected":false},"excerpt":{"rendered":"<p>District 2 &#8211; Supervisor Jeff Gorell 2100 E Thousand Oaks Blvd, Suite EThousand Oaks, CA 91362Phone: (805) 214-2510 | Fax: (805) 480-0585Toll Free Number: (800) 660-5474Email:\u00a0supervisorgorell@ventura.org Communities\u00a0Represented: City of Thousand Oaks,\u00a0Northern and Eastern portions of the City of Camarillo, Newbury Park, Westlake Village,\u00a0Oak Park, Hidden Valley,\u00a0Lake Sherwood,\u00a0Somis, Las Posas Valley, Camarillo Springs, Camarillo Heights,\u00a0Casa Conejo,\u00a0Santa [&hellip;]<\/p>\n","protected":false},"author":6,"featured_media":0,"parent":117,"menu_order":0,"comment_status":"closed","ping_status":"closed","template":"","meta":{"_relevanssi_hide_post":"","_relevanssi_hide_content":"","_relevanssi_pin_for_all":"","_relevanssi_pin_keywords":"","_relevanssi_unpin_keywords":"","_relevanssi_related_keywords":"","_relevanssi_related_include_ids":"","_relevanssi_related_exclude_ids":"","_relevanssi_related_no_append":"","_relevanssi_related_not_related":"","_relevanssi_related_posts":"","_relevanssi_noindex_reason":"","footnotes":""},"categories":[12],"tags":[],"class_list":["post-283","page","type-page","status-publish","hentry","category-district-2"],"_links":{"self":[{"href":"https:\/\/venturacounty.gov\/board-of-supervisors\/es\/wp-json\/wp\/v2\/pages\/283","targetHints":{"allow":["GET"]}}],"collection":[{"href":"https:\/\/venturacounty.gov\/board-of-supervisors\/es\/wp-json\/wp\/v2\/pages"}],"about":[{"href":"https:\/\/venturacounty.gov\/board-of-supervisors\/es\/wp-json\/wp\/v2\/types\/page"}],"author":[{"embeddable":true,"href":"https:\/\/venturacounty.gov\/board-of-supervisors\/es\/wp-json\/wp\/v2\/users\/6"}],"replies":[{"embeddable":true,"href":"https:\/\/venturacounty.gov\/board-of-supervisors\/es\/wp-json\/wp\/v2\/comments?post=283"}],"version-history":[{"count":0,"href":"https:\/\/venturacounty.gov\/board-of-supervisors\/es\/wp-json\/wp\/v2\/pages\/283\/revisions"}],"up":[{"embeddable":true,"href":"https:\/\/venturacounty.gov\/board-of-supervisors\/es\/wp-json\/wp\/v2\/pages\/117"}],"wp:attachment":[{"href":"https:\/\/venturacounty.gov\/board-of-supervisors\/es\/wp-json\/wp\/v2\/media?parent=283"}],"wp:term":[{"taxonomy":"category","embeddable":true,"href":"https:\/\/venturacounty.gov\/board-of-supervisors\/es\/wp-json\/wp\/v2\/categories?post=283"},{"taxonomy":"post_tag","embeddable":true,"href":"https:\/\/venturacounty.gov\/board-of-supervisors\/es\/wp-json\/wp\/v2\/tags?post=283"}],"curies":[{"name":"wp","href":"https:\/\/api.w.org\/{rel}","templated":true}]}}