{"id":312,"date":"2023-07-12T22:05:54","date_gmt":"2023-07-12T22:05:54","guid":{"rendered":"https:\/\/venturacounty.gov\/board-of-supervisors\/?page_id=312"},"modified":"2025-01-15T01:20:48","modified_gmt":"2025-01-15T01:20:48","slug":"tattoo-removal","status":"publish","type":"page","link":"https:\/\/venturacounty.gov\/board-of-supervisors\/es\/district-3-kelly-long\/tattoo-removal\/","title":{"rendered":"Eliminaci\u00f3n de tatuajes"},"content":{"rendered":"<div data-elementor-type=\"wp-page\" data-elementor-id=\"312\" class=\"elementor elementor-312\" data-elementor-post-type=\"page\">\n\t\t\t\t<div class=\"elementor-element elementor-element-211bf85 e-flex e-con-boxed e-con e-parent\" data-id=\"211bf85\" data-element_type=\"container\">\n\t\t\t\t\t<div class=\"e-con-inner\">\n\t\t<div class=\"elementor-element elementor-element-1239e6f e-flex e-con-boxed e-con e-child\" data-id=\"1239e6f\" data-element_type=\"container\" data-settings=\"{&quot;background_background&quot;:&quot;classic&quot;}\">\n\t\t\t\t\t<div class=\"e-con-inner\">\n\t\t\t\t<div class=\"elementor-element elementor-element-2d7aae8 elementor-widget elementor-widget-shortcode\" data-id=\"2d7aae8\" data-element_type=\"widget\" data-widget_type=\"shortcode.default\">\n\t\t\t\t<div class=\"elementor-widget-container\">\n\t\t\t\t\t\t\t<div class=\"elementor-shortcode\">\t\t<div data-elementor-type=\"container\" data-elementor-id=\"945\" class=\"elementor elementor-945\" data-elementor-post-type=\"elementor_library\">\n\t\t\t\t<div class=\"elementor-element elementor-element-da06284 e-flex e-con-boxed e-con e-parent\" data-id=\"da06284\" data-element_type=\"container\">\n\t\t\t\t\t<div class=\"e-con-inner\">\n\t\t<div class=\"elementor-element elementor-element-5b72c4e e-flex e-con-boxed e-con e-parent\" data-id=\"5b72c4e\" data-element_type=\"container\">\n\t\t\t\t\t<div class=\"e-con-inner\">\n\t\t<div class=\"elementor-element elementor-element-ecde851 e-con-full e-flex e-con e-parent\" data-id=\"ecde851\" data-element_type=\"container\">\n\t\t\t\t<div class=\"elementor-element elementor-element-7c719a3 elementor-widget__width-initial elementor-widget elementor-widget-text-editor\" data-id=\"7c719a3\" data-element_type=\"widget\" data-widget_type=\"text-editor.default\">\n\t\t\t\t<div class=\"elementor-widget-container\">\n\t\t\t\t\t\t\t\t\t<p><strong><img decoding=\"async\" class=\"wp-image-124 alignleft\" style=\"margin-bottom: 10px\" src=\"https:\/\/venturacounty.gov\/board-of-supervisors\/wp-content\/uploads\/sites\/17\/2023\/07\/BOS3_LongKelly.gif\" alt=\"Kelly Long\" width=\"105\" height=\"124\" \/>Distrito 3 - Supervisor Kelly Long<br \/><\/strong>1203 Flynn Road, Suite 220, Camarillo, CA 93012<br role=\"presentation\" data-uw-rm-sr=\"\" \/>Tel\u00e9fono: (805) 654-2276 | Fax: (805) 654-2226<br role=\"presentation\" data-uw-rm-sr=\"\" \/>Correo electr\u00f3nico: <a href=\"mailto:supervisorlong@ventura.org\" aria-label=\"env\u00ede un correo electr\u00f3nico a kelly.long@ventura.org\" data-uw-rm-vglnk=\"\">supervisorlong@ventura.org<\/a><br role=\"presentation\" data-uw-rm-sr=\"\" \/>S\u00edguenos en: <a href=\"https:\/\/www.facebook.com\/SupervisorKellyLong\" target=\"_blank\" rel=\"noopener\" aria-label=\"Ir a Facebook\" data-uw-rm-ext-link=\"\">\u00a0<img decoding=\"async\" class=\"\" style=\"vertical-align: middle\" title=\"S\u00edguenos en Facebook\" src=\"https:\/\/vcportal.venturacounty.gov\/BOS\/District3\/images\/icon-Facebook_100wx100h.png\" alt=\"Go to Facebook\" width=\"20\" height=\"20\" data-uw-rm-ima-original=\"go to facebook\" \/><\/a>\u00a0\u00a0<a href=\"https:\/\/twitter.com\/long_km\" target=\"_blank\" rel=\"noopener\" aria-label=\"Ir a Twitter\" data-uw-rm-ext-link=\"\"><img decoding=\"async\" style=\"vertical-align: middle\" title=\"S\u00edguenos en X\" src=\"https:\/\/vcportal.venturacounty.gov\/BOS\/District3\/images\/icon-Twitter_100wx100h.png\" alt=\"Go to Twitter\" width=\"20\" height=\"20\" data-uw-rm-ima-original=\"go to twitter\" \/><\/a><\/p>\t\t\t\t\t\t\t\t<\/div>\n\t\t\t\t<\/div>\n\t\t\t\t<\/div>\n\t\t<div class=\"elementor-element elementor-element-3531fbc e-flex e-con-boxed e-con e-parent\" data-id=\"3531fbc\" data-element_type=\"container\">\n\t\t\t\t\t<div class=\"e-con-inner\">\n\t\t\t\t<div class=\"elementor-element elementor-element-dc9a0cc elementor-widget__width-initial elementor-widget elementor-widget-text-editor\" data-id=\"dc9a0cc\" data-element_type=\"widget\" data-widget_type=\"text-editor.default\">\n\t\t\t\t<div class=\"elementor-widget-container\">\n\t\t\t\t\t\t\t\t\t<p><strong>Comunidades representadas:<br \/><\/strong>Partes central y sur de la ciudad de Camarillo, noreste de Oxnard, El Rio, Nyeland Acres, ciudad de Santa Paula, ciudad de Fillmore, Piru y este de Lockwood Valley.<\/p>\t\t\t\t\t\t\t\t<\/div>\n\t\t\t\t<\/div>\n\t\t\t\t\t<\/div>\n\t\t\t\t<\/div>\n\t\t\t\t\t<\/div>\n\t\t\t\t<\/div>\n\t\t<div class=\"elementor-element elementor-element-834d6aa e-flex e-con-boxed e-con e-parent\" data-id=\"834d6aa\" data-element_type=\"container\">\n\t\t\t\t\t<div class=\"e-con-inner\">\n\t\t\t\t<div class=\"elementor-element elementor-element-a6dfe16 elementor-nav-menu--dropdown-tablet elementor-nav-menu__text-align-aside elementor-nav-menu--toggle elementor-nav-menu--burger elementor-widget elementor-widget-nav-menu\" data-id=\"a6dfe16\" data-element_type=\"widget\" data-settings=\"{&quot;layout&quot;:&quot;horizontal&quot;,&quot;submenu_icon&quot;:{&quot;value&quot;:&quot;&lt;i class=\\&quot;fas fa-caret-down\\&quot;&gt;&lt;\\\/i&gt;&quot;,&quot;library&quot;:&quot;fa-solid&quot;},&quot;toggle&quot;:&quot;burger&quot;}\" data-widget_type=\"nav-menu.default\">\n\t\t\t\t<div class=\"elementor-widget-container\">\n\t\t\t\t\t\t\t\t<nav aria-label=\"Men\u00fa\" class=\"elementor-nav-menu--main elementor-nav-menu__container elementor-nav-menu--layout-horizontal e--pointer-background e--animation-fade\">\n\t\t\t\t<ul id=\"menu-1-a6dfe16\" class=\"elementor-nav-menu\"><li class=\"menu-item menu-item-type-post_type menu-item-object-page menu-item-125\"><a href=\"https:\/\/venturacounty.gov\/board-of-supervisors\/es\/district-3-kelly-long\/\" class=\"elementor-item\">Inicio<\/a><\/li>\n<li class=\"menu-item menu-item-type-post_type menu-item-object-page menu-item-321\"><a href=\"https:\/\/venturacounty.gov\/board-of-supervisors\/es\/district-3-kelly-long\/about-kelly-long\/\" class=\"elementor-item\">Sobre Kelly Long<\/a><\/li>\n<li class=\"menu-item menu-item-type-post_type menu-item-object-page menu-item-320\"><a href=\"https:\/\/venturacounty.gov\/board-of-supervisors\/es\/district-3-kelly-long\/district-3-map\/\" class=\"elementor-item\">Mapa del Distrito 3<\/a><\/li>\n<li class=\"menu-item menu-item-type-post_type menu-item-object-page menu-item-319\"><a href=\"https:\/\/venturacounty.gov\/board-of-supervisors\/es\/district-3-kelly-long\/el-rio-del-norte-mac\/\" class=\"elementor-item\">El Rio\/Del Norte MAC<\/a><\/li>\n<li class=\"menu-item menu-item-type-post_type menu-item-object-page menu-item-318\"><a href=\"https:\/\/venturacounty.gov\/board-of-supervisors\/es\/district-3-kelly-long\/services\/\" class=\"elementor-item\">Servicios<\/a><\/li>\n<li class=\"menu-item menu-item-type-post_type menu-item-object-page menu-item-317\"><a href=\"https:\/\/venturacounty.gov\/board-of-supervisors\/es\/district-3-kelly-long\/contact-us\/\" class=\"elementor-item\">P\u00f3ngase en contacto con nosotros<\/a><\/li>\n<li class=\"menu-item menu-item-type-custom menu-item-object-custom menu-item-561\"><a target=\"_blank\" href=\"https:\/\/www.vcpublicworks.org\/report-a-concern\/\" class=\"elementor-item\">Informar de un problema<\/a><\/li>\n<li class=\"menu-item menu-item-type-post_type menu-item-object-page menu-item-315\"><a href=\"https:\/\/venturacounty.gov\/board-of-supervisors\/es\/district-3-kelly-long\/tattoo-removal\/\" class=\"elementor-item\">Eliminaci\u00f3n de tatuajes<\/a><\/li>\n<\/ul>\t\t\t<\/nav>\n\t\t\t\t\t<div class=\"elementor-menu-toggle\" role=\"button\" tabindex=\"0\" aria-label=\"Men\u00fa Toggle\" aria-expanded=\"false\">\n\t\t\t<i aria-hidden=\"true\" role=\"presentation\" class=\"elementor-menu-toggle__icon--open eicon-menu-bar\"><\/i><i aria-hidden=\"true\" role=\"presentation\" class=\"elementor-menu-toggle__icon--close eicon-close\"><\/i>\t\t<\/div>\n\t\t\t\t\t<nav class=\"elementor-nav-menu--dropdown elementor-nav-menu__container\" aria-hidden=\"true\">\n\t\t\t\t<ul id=\"menu-2-a6dfe16\" class=\"elementor-nav-menu\"><li class=\"menu-item menu-item-type-post_type menu-item-object-page menu-item-125\"><a href=\"https:\/\/venturacounty.gov\/board-of-supervisors\/es\/district-3-kelly-long\/\" class=\"elementor-item\" tabindex=\"-1\">Inicio<\/a><\/li>\n<li class=\"menu-item menu-item-type-post_type menu-item-object-page menu-item-321\"><a href=\"https:\/\/venturacounty.gov\/board-of-supervisors\/es\/district-3-kelly-long\/about-kelly-long\/\" class=\"elementor-item\" tabindex=\"-1\">Sobre Kelly Long<\/a><\/li>\n<li class=\"menu-item menu-item-type-post_type menu-item-object-page menu-item-320\"><a href=\"https:\/\/venturacounty.gov\/board-of-supervisors\/es\/district-3-kelly-long\/district-3-map\/\" class=\"elementor-item\" tabindex=\"-1\">Mapa del Distrito 3<\/a><\/li>\n<li class=\"menu-item menu-item-type-post_type menu-item-object-page menu-item-319\"><a href=\"https:\/\/venturacounty.gov\/board-of-supervisors\/es\/district-3-kelly-long\/el-rio-del-norte-mac\/\" class=\"elementor-item\" tabindex=\"-1\">El Rio\/Del Norte MAC<\/a><\/li>\n<li class=\"menu-item menu-item-type-post_type menu-item-object-page menu-item-318\"><a href=\"https:\/\/venturacounty.gov\/board-of-supervisors\/es\/district-3-kelly-long\/services\/\" class=\"elementor-item\" tabindex=\"-1\">Servicios<\/a><\/li>\n<li class=\"menu-item menu-item-type-post_type menu-item-object-page menu-item-317\"><a href=\"https:\/\/venturacounty.gov\/board-of-supervisors\/es\/district-3-kelly-long\/contact-us\/\" class=\"elementor-item\" tabindex=\"-1\">P\u00f3ngase en contacto con nosotros<\/a><\/li>\n<li class=\"menu-item menu-item-type-custom menu-item-object-custom menu-item-561\"><a target=\"_blank\" href=\"https:\/\/www.vcpublicworks.org\/report-a-concern\/\" class=\"elementor-item\" tabindex=\"-1\">Informar de un problema<\/a><\/li>\n<li class=\"menu-item menu-item-type-post_type menu-item-object-page menu-item-315\"><a href=\"https:\/\/venturacounty.gov\/board-of-supervisors\/es\/district-3-kelly-long\/tattoo-removal\/\" class=\"elementor-item\" tabindex=\"-1\">Eliminaci\u00f3n de tatuajes<\/a><\/li>\n<\/ul>\t\t\t<\/nav>\n\t\t\t\t\t\t<\/div>\n\t\t\t\t<\/div>\n\t\t\t\t\t<\/div>\n\t\t\t\t<\/div>\n\t\t\t\t\t<\/div>\n\t\t\t\t<\/div>\n\t\t\t\t<\/div>\n\t\t<\/div>\n\t\t\t\t\t\t<\/div>\n\t\t\t\t<\/div>\n\t\t\t\t\t<\/div>\n\t\t\t\t<\/div>\n\t\t\t\t\t<\/div>\n\t\t\t\t<\/div>\n\t\t<div class=\"elementor-element elementor-element-bf6ebee e-flex e-con-boxed e-con e-parent\" data-id=\"bf6ebee\" data-element_type=\"container\">\n\t\t\t\t\t<div class=\"e-con-inner\">\n\t\t<div class=\"elementor-element elementor-element-a9a3913 e-flex e-con-boxed e-con e-child\" data-id=\"a9a3913\" data-element_type=\"container\">\n\t\t\t\t\t<div class=\"e-con-inner\">\n\t\t\t\t<div class=\"elementor-element elementor-element-aa379b0 elementor-widget elementor-widget-heading\" data-id=\"aa379b0\" data-element_type=\"widget\" data-widget_type=\"heading.default\">\n\t\t\t\t<div class=\"elementor-widget-container\">\n\t\t\t\t\t<h2 class=\"elementor-heading-title elementor-size-default\">Programa cl\u00ednico de eliminaci\u00f3n de tatuajes<\/h2>\t\t\t\t<\/div>\n\t\t\t\t<\/div>\n\t\t\t\t<div class=\"elementor-element elementor-element-a7d82fd elementor-widget elementor-widget-text-editor\" data-id=\"a7d82fd\" data-element_type=\"widget\" data-widget_type=\"text-editor.default\">\n\t\t\t\t<div class=\"elementor-widget-container\">\n\t\t\t\t\t\t\t\t\t<p>Supervisor Long ha estado defendiendo la expansi\u00f3n del Programa de Eliminaci\u00f3n de Tatuajes desde que las cl\u00ednicas fueron cerradas en 2020 debido a COVID. Ambas m\u00e1quinas en los viejos programas en Santa Paula y Oxnard ya no funcionaban o utilizables.<\/p><p>En la reuni\u00f3n del 26 de julio de 2022, la Junta de Supervisores (BOS) aprob\u00f3 por unanimidad \"Aprobar la Resurrecci\u00f3n y Expansi\u00f3n de un Programa de Eliminaci\u00f3n de Tatuajes\".  Desde entonces, se han comprado nuevas m\u00e1quinas para las instalaciones de detenci\u00f3n en la C\u00e1rcel de Todd Road y las Instalaciones Juveniles.<\/p><p>Este programa se centra en ofrecer servicios gratuitos de eliminaci\u00f3n de tatuajes a los residentes del condado de Ventura. Est\u00e1 dise\u00f1ado espec\u00edficamente para las personas con tatuajes en la cara, las manos o los brazos que est\u00e1n asociados con la actividad de pandillas, la trata de personas, o que dificultan el empleo y afectan negativamente el bienestar personal. Los servicios se prestan s\u00f3lo con cita previa, dando prioridad a las referencias de nuestras agencias asociadas, incluyendo Libertad Condicional, el Fiscal de Distrito, Defensor P\u00fablico, HSA, y Ventura Training Center. Actualmente hay dos lugares.<\/p><p><strong>Ubicaci\u00f3n:<\/strong> Cl\u00ednica gratuita de Simi Valley<br \/><strong>Direcci\u00f3n: <\/strong><br \/>2003 Royal Ave<br \/>Simi Valley CA 93065<br \/><strong>Tel\u00e9fono: <\/strong>(805) 522-3733<br \/><strong>Correo electr\u00f3nico: <\/strong><a href=\"mailto:tattoo@freeclinicsv.com\">tattoo@freeclinicsv.com<\/a><\/p><p>El centro de Simi Valley tiene consultas dos veces al mes, los jueves, normalmente entre las 10.00 y las 15.00 horas. Puede ponerse en contacto con ellos directamente para obtener m\u00e1s informaci\u00f3n y concertar una cita.<\/p><p><strong>Ubicaci\u00f3n: <\/strong>Goodwill Industries de los condados de Ventura y Santa B\u00e1rbara<br \/><strong>Direcci\u00f3n:<\/strong><br \/>1401 Rice Ave<br \/>Oxnard CA 93030<br \/><strong>Tel\u00e9fono:<\/strong> (805) 981-0130 x 142 - Ati<br \/><strong>Correo electr\u00f3nico: <\/strong><a href=\"mailto:tattooremoval@goodwillvsb.org\">tattooremoval@goodwillvsb.org <\/a><br \/><strong>P\u00e1gina web:<\/strong> <a href=\"https:\/\/gwvsb.org\/tattooremoval\/\">gwvsb.org\/tattooremoval\/<\/a><\/p><p>Las consultas se programan al menos una vez al mes los viernes por la tarde, de 13.00 a 15.00 horas, y los s\u00e1bados por la ma\u00f1ana, de 9.00 a 11.00 horas. Deber\u00e1 llegar 1 hora antes de la cita. Consulte las fechas actuales en el sitio web. <a href=\"https:\/\/gwvsb.org\/tattooremoval\/\">gwvsb.org\/tattooremoval\/<\/a><\/p><p>Si est\u00e1 interesado en el centro de Oxnard, env\u00ede un correo electr\u00f3nico a <a href=\"mailto:TattooRemoval@goodwillvsb.org\">TattooRemoval@goodwillvsb.org<\/a> o llame al (805) 981-0130 x 142 para concertar la primera cita. Necesitar\u00e1n nombre, DOB, direcci\u00f3n de correo electr\u00f3nico, n\u00famero de tel\u00e9fono y fecha y hora preferida.<\/p>\t\t\t\t\t\t\t\t<\/div>\n\t\t\t\t<\/div>\n\t\t\t\t\t<\/div>\n\t\t\t\t<\/div>\n\t\t\t\t\t<\/div>\n\t\t\t\t<\/div>\n\t\t\t\t<\/div>","protected":false},"excerpt":{"rendered":"<p>\/*! elementor &#8211; v3.15.0 &#8211; 20-08-2023 *\/ .elementor-heading-title{padding:0;margin:0;line-height:1}.elementor-widget-heading .elementor-heading-title[class*=elementor-size-]&gt;a{color:inherit;font-size:inherit;line-height:inherit}.elementor-widget-heading .elementor-heading-title.elementor-size-small{font-size:15px}.elementor-widget-heading .elementor-heading-title.elementor-size-medium{font-size:19px}.elementor-widget-heading .elementor-heading-title.elementor-size-large{font-size:29px}.elementor-widget-heading .elementor-heading-title.elementor-size-xl{font-size:39px}.elementor-widget-heading .elementor-heading-title.elementor-size-xxl{font-size:59px} Tattoo Removal Clinic Program Supervisor Long has been championing the expansion of the Tattoo Removal Program since the clinics were closed in 2020 due to COVID. Both machines at the old programs in Santa Paula and Oxnard were no longer functioning [&hellip;]<\/p>\n","protected":false},"author":6,"featured_media":0,"parent":122,"menu_order":0,"comment_status":"closed","ping_status":"closed","template":"","meta":{"_relevanssi_hide_post":"","_relevanssi_hide_content":"","_relevanssi_pin_for_all":"","_relevanssi_pin_keywords":"","_relevanssi_unpin_keywords":"","_relevanssi_related_keywords":"","_relevanssi_related_include_ids":"","_relevanssi_related_exclude_ids":"","_relevanssi_related_no_append":"","_relevanssi_related_not_related":"","_relevanssi_related_posts":"","_relevanssi_noindex_reason":"","footnotes":""},"categories":[13],"tags":[],"class_list":["post-312","page","type-page","status-publish","hentry","category-district-3"],"_links":{"self":[{"href":"https:\/\/venturacounty.gov\/board-of-supervisors\/es\/wp-json\/wp\/v2\/pages\/312","targetHints":{"allow":["GET"]}}],"collection":[{"href":"https:\/\/venturacounty.gov\/board-of-supervisors\/es\/wp-json\/wp\/v2\/pages"}],"about":[{"href":"https:\/\/venturacounty.gov\/board-of-supervisors\/es\/wp-json\/wp\/v2\/types\/page"}],"author":[{"embeddable":true,"href":"https:\/\/venturacounty.gov\/board-of-supervisors\/es\/wp-json\/wp\/v2\/users\/6"}],"replies":[{"embeddable":true,"href":"https:\/\/venturacounty.gov\/board-of-supervisors\/es\/wp-json\/wp\/v2\/comments?post=312"}],"version-history":[{"count":0,"href":"https:\/\/venturacounty.gov\/board-of-supervisors\/es\/wp-json\/wp\/v2\/pages\/312\/revisions"}],"up":[{"embeddable":true,"href":"https:\/\/venturacounty.gov\/board-of-supervisors\/es\/wp-json\/wp\/v2\/pages\/122"}],"wp:attachment":[{"href":"https:\/\/venturacounty.gov\/board-of-supervisors\/es\/wp-json\/wp\/v2\/media?parent=312"}],"wp:term":[{"taxonomy":"category","embeddable":true,"href":"https:\/\/venturacounty.gov\/board-of-supervisors\/es\/wp-json\/wp\/v2\/categories?post=312"},{"taxonomy":"post_tag","embeddable":true,"href":"https:\/\/venturacounty.gov\/board-of-supervisors\/es\/wp-json\/wp\/v2\/tags?post=312"}],"curies":[{"name":"wp","href":"https:\/\/api.w.org\/{rel}","templated":true}]}}