{"id":337,"date":"2023-07-12T22:15:11","date_gmt":"2023-07-12T22:15:11","guid":{"rendered":"https:\/\/venturacounty.gov\/board-of-supervisors\/?page_id=337"},"modified":"2024-05-21T20:27:01","modified_gmt":"2024-05-21T20:27:01","slug":"tierra-rejada-valley","status":"publish","type":"page","link":"https:\/\/venturacounty.gov\/board-of-supervisors\/es\/district-4-janice-parvin\/tierra-rejada-valley\/","title":{"rendered":"Valle de Tierra Rejada"},"content":{"rendered":"<div data-elementor-type=\"wp-page\" data-elementor-id=\"337\" class=\"elementor elementor-337\" data-elementor-post-type=\"page\">\n\t\t\t\t<div class=\"elementor-element elementor-element-211bf85 e-flex e-con-boxed e-con e-parent\" data-id=\"211bf85\" data-element_type=\"container\">\n\t\t\t\t\t<div class=\"e-con-inner\">\n\t\t<div class=\"elementor-element elementor-element-1239e6f e-flex e-con-boxed e-con e-child\" data-id=\"1239e6f\" data-element_type=\"container\" data-settings=\"{&quot;background_background&quot;:&quot;classic&quot;}\">\n\t\t\t\t\t<div class=\"e-con-inner\">\n\t\t\t\t<div class=\"elementor-element elementor-element-06e8be0 elementor-widget__width-initial elementor-widget elementor-widget-text-editor\" data-id=\"06e8be0\" data-element_type=\"widget\" data-widget_type=\"text-editor.default\">\n\t\t\t\t<div class=\"elementor-widget-container\">\n\t\t\t\t\t\t\t\t\t<p><strong><img decoding=\"async\" class=\"wp-image-127 alignleft\" src=\"https:\/\/venturacounty.gov\/board-of-supervisors\/wp-content\/uploads\/sites\/17\/2023\/07\/janice-parvin.jpeg\" alt=\"Janice Parvin\" width=\"121\" height=\"145\" \/>Distrito 4 - Supervisora Janice S. Parvin<\/strong><\/p><p>980 Enchanted Way #203, Simi Valley, California 93065<br role=\"presentation\" data-uw-rm-sr=\"\" \/>Tel\u00e9fono: (805) 955-2300 | Fax: (805) 578-1822<br role=\"presentation\" data-uw-rm-sr=\"\" \/>Correo electr\u00f3nico:\u00a0<a href=\"mailto:Supervisor.Parvin@ventura.org\" aria-label=\"env\u00ede un correo electr\u00f3nico a Supervisor.Parvin@ventura.org\" data-uw-rm-vglnk=\"\">Supervisor.Parvin@ventura.org<\/a><br role=\"presentation\" data-uw-rm-sr=\"\" \/><a href=\"https:\/\/www.facebook.com\/profile.php?id=100089316607186\" target=\"_blank\" rel=\"noopener\" aria-label=\"Ir a Facebook - se abre en una nueva pesta\u00f1a\" data-uw-rm-ext-link=\"\">\u00a0<img decoding=\"async\" class=\"\" title=\"Ir a Facebook\" src=\"https:\/\/vcportal.venturacounty.gov\/BOS\/District4\/images\/icon-Facebook.png\" alt=\"Go to Facebook\" width=\"35\" height=\"35\" data-uw-rm-ima-original=\"go to facebook\" \/><\/a>\u00a0<a href=\"https:\/\/www.instagram.com\/supervisor_janice_parvin\/\" target=\"_blank\" rel=\"noopener\" aria-label=\"Ir a Instagram - se abre en una nueva pesta\u00f1a\" data-uw-rm-ext-link=\"\"><img decoding=\"async\" class=\"\" title=\"Ir a Instagram\" src=\"https:\/\/vcportal.venturacounty.gov\/BOS\/District4\/images\/icon-Instagram.png\" alt=\"Go to Instagram\" width=\"36\" height=\"36\" data-uw-rm-ima-original=\"go to instagram\" \/><\/a>\u00a0<a href=\"https:\/\/twitter.com\/vcjaniceparvin\" target=\"_blank\" rel=\"noopener\" aria-label=\"Ir a Twitter - se abre en una nueva pesta\u00f1a\" data-uw-rm-ext-link=\"\"><img loading=\"lazy\" decoding=\"async\" class=\"\" title=\"Ir a Twitter\" src=\"https:\/\/vcportal.venturacounty.gov\/BOS\/District4\/images\/icon-Twitter.png\" alt=\"Go to Twitter\" width=\"36\" height=\"36\" data-uw-rm-ima-original=\"go to twitter\" \/><\/a><\/p>\t\t\t\t\t\t\t\t<\/div>\n\t\t\t\t<\/div>\n\t\t\t\t<div class=\"elementor-element elementor-element-9383a69 elementor-widget__width-initial elementor-widget elementor-widget-text-editor\" data-id=\"9383a69\" data-element_type=\"widget\" data-widget_type=\"text-editor.default\">\n\t\t\t\t<div class=\"elementor-widget-container\">\n\t\t\t\t\t\t\t\t\t<p><strong>Comunidades representadas:<\/strong><\/p><p>Bell Canyon, Box Canyon, Chatsworth Peak, City of Moorpark, City of Simi Valley, Home Acres, Moorpark College, Santa Susana Knolls, Sinaloa Lake, The Ronald Reagan Presidential Library y Tierra Rejada Valley.<\/p>\t\t\t\t\t\t\t\t<\/div>\n\t\t\t\t<\/div>\n\t\t\t\t\t<\/div>\n\t\t\t\t<\/div>\n\t\t<div class=\"elementor-element elementor-element-0ccc284 e-flex e-con-boxed e-con e-child\" data-id=\"0ccc284\" data-element_type=\"container\" data-settings=\"{&quot;background_background&quot;:&quot;classic&quot;}\">\n\t\t\t\t\t<div class=\"e-con-inner\">\n\t\t\t\t<div class=\"elementor-element elementor-element-5739842 elementor-widget elementor-widget-shortcode\" data-id=\"5739842\" data-element_type=\"widget\" data-widget_type=\"shortcode.default\">\n\t\t\t\t<div class=\"elementor-widget-container\">\n\t\t\t\t\t\t\t<div class=\"elementor-shortcode\">\t\t<div data-elementor-type=\"container\" data-elementor-id=\"988\" class=\"elementor elementor-988\" data-elementor-post-type=\"elementor_library\">\n\t\t\t\t<div class=\"elementor-element elementor-element-7255b3e e-flex e-con-boxed e-con e-parent\" data-id=\"7255b3e\" data-element_type=\"container\" data-settings=\"{&quot;background_background&quot;:&quot;classic&quot;}\">\n\t\t\t\t\t<div class=\"e-con-inner\">\n\t\t<div class=\"elementor-element elementor-element-172e08c e-flex e-con-boxed e-con e-parent\" data-id=\"172e08c\" data-element_type=\"container\">\n\t\t\t\t\t<div class=\"e-con-inner\">\n\t\t<div class=\"elementor-element elementor-element-502416e e-con-full e-flex e-con e-parent\" data-id=\"502416e\" data-element_type=\"container\">\n\t\t\t\t<div class=\"elementor-element elementor-element-7475081 elementor-widget__width-initial elementor-widget elementor-widget-text-editor\" data-id=\"7475081\" data-element_type=\"widget\" data-widget_type=\"text-editor.default\">\n\t\t\t\t<div class=\"elementor-widget-container\">\n\t\t\t\t\t\t\t\t\t<p><strong><img loading=\"lazy\" decoding=\"async\" class=\"wp-image-127 alignleft\" src=\"https:\/\/www.venturacounty.gov\/board-of-supervisors\/wp-content\/uploads\/sites\/17\/2024\/05\/Janice-Parvin-v3.jpg\" alt=\"Janice Parvin\" width=\"121\" height=\"145\" \/>Distrito 4 - Supervisora Janice S. Parvin<\/strong><\/p><p>980 Enchanted Way #203, Simi Valley, California 93065<br role=\"presentation\" data-uw-rm-sr=\"\" \/>Tel\u00e9fono: (805) 955-2300 | Fax: (805) 578-1822<br role=\"presentation\" data-uw-rm-sr=\"\" \/>Correo electr\u00f3nico:\u00a0<a href=\"mailto:Supervisor.Parvin@ventura.org\" aria-label=\"env\u00ede un correo electr\u00f3nico a Supervisor.Parvin@ventura.org\" data-uw-rm-vglnk=\"\">Supervisor.Parvin@ventura.org<\/a><br role=\"presentation\" data-uw-rm-sr=\"\" \/><a href=\"https:\/\/www.facebook.com\/profile.php?id=100089316607186\" target=\"_blank\" rel=\"noopener\" aria-label=\"Ir a Facebook - se abre en una nueva pesta\u00f1a\" data-uw-rm-ext-link=\"\">\u00a0<img decoding=\"async\" class=\"\" title=\"Ir a Facebook\" src=\"https:\/\/vcportal.venturacounty.gov\/BOS\/District4\/images\/icon-Facebook.png\" alt=\"Go to Facebook\" width=\"35\" height=\"35\" data-uw-rm-ima-original=\"go to facebook\" \/><\/a>\u00a0<a href=\"https:\/\/www.instagram.com\/supervisor_janice_parvin\/\" target=\"_blank\" rel=\"noopener\" aria-label=\"Ir a Instagram - se abre en una nueva pesta\u00f1a\" data-uw-rm-ext-link=\"\"><img decoding=\"async\" class=\"\" title=\"Ir a Instagram\" src=\"https:\/\/vcportal.venturacounty.gov\/BOS\/District4\/images\/icon-Instagram.png\" alt=\"Go to Instagram\" width=\"36\" height=\"36\" data-uw-rm-ima-original=\"go to instagram\" \/><\/a>\u00a0<a href=\"https:\/\/twitter.com\/vcjaniceparvin\" target=\"_blank\" rel=\"noopener\" aria-label=\"Ir a Twitter - se abre en una nueva pesta\u00f1a\" data-uw-rm-ext-link=\"\"><img loading=\"lazy\" decoding=\"async\" class=\"\" title=\"Ir a Twitter\" src=\"https:\/\/vcportal.venturacounty.gov\/BOS\/District4\/images\/icon-Twitter.png\" alt=\"Go to Twitter\" width=\"36\" height=\"36\" data-uw-rm-ima-original=\"go to twitter\" \/><\/a><\/p>\t\t\t\t\t\t\t\t<\/div>\n\t\t\t\t<\/div>\n\t\t\t\t<\/div>\n\t\t<div class=\"elementor-element elementor-element-d3e51ce e-flex e-con-boxed e-con e-parent\" data-id=\"d3e51ce\" data-element_type=\"container\">\n\t\t\t\t\t<div class=\"e-con-inner\">\n\t\t\t\t<div class=\"elementor-element elementor-element-a0a2eb2 elementor-widget__width-initial elementor-widget elementor-widget-text-editor\" data-id=\"a0a2eb2\" data-element_type=\"widget\" data-widget_type=\"text-editor.default\">\n\t\t\t\t<div class=\"elementor-widget-container\">\n\t\t\t\t\t\t\t\t\t<p><strong>Comunidades representadas:<\/strong><\/p><p>Bell Canyon, Box Canyon, Chatsworth Peak, City of Moorpark, City of Simi Valley, Home Acres, Moorpark College, Santa Susana Knolls, Sinaloa Lake, The Ronald Reagan Presidential Library y Tierra Rejada Valley.<\/p>\t\t\t\t\t\t\t\t<\/div>\n\t\t\t\t<\/div>\n\t\t\t\t\t<\/div>\n\t\t\t\t<\/div>\n\t\t\t\t\t<\/div>\n\t\t\t\t<\/div>\n\t\t<div class=\"elementor-element elementor-element-906a167 e-flex e-con-boxed e-con e-parent\" data-id=\"906a167\" data-element_type=\"container\">\n\t\t\t\t\t<div class=\"e-con-inner\">\n\t\t\t\t<div class=\"elementor-element elementor-element-c72843f elementor-widget__width-initial elementor-nav-menu--dropdown-tablet elementor-nav-menu__text-align-aside elementor-nav-menu--toggle elementor-nav-menu--burger elementor-widget elementor-widget-nav-menu\" data-id=\"c72843f\" data-element_type=\"widget\" data-settings=\"{&quot;layout&quot;:&quot;horizontal&quot;,&quot;submenu_icon&quot;:{&quot;value&quot;:&quot;&lt;i class=\\&quot;fas fa-caret-down\\&quot;&gt;&lt;\\\/i&gt;&quot;,&quot;library&quot;:&quot;fa-solid&quot;},&quot;toggle&quot;:&quot;burger&quot;}\" data-widget_type=\"nav-menu.default\">\n\t\t\t\t<div class=\"elementor-widget-container\">\n\t\t\t\t\t\t\t\t<nav aria-label=\"Men\u00fa\" class=\"elementor-nav-menu--main elementor-nav-menu__container elementor-nav-menu--layout-horizontal e--pointer-background e--animation-fade\">\n\t\t\t\t<ul id=\"menu-1-c72843f\" class=\"elementor-nav-menu\"><li class=\"menu-item menu-item-type-post_type menu-item-object-page menu-item-128\"><a href=\"https:\/\/venturacounty.gov\/board-of-supervisors\/es\/district-4-janice-parvin\/\" class=\"elementor-item\">Distrito 4<\/a><\/li>\n<li class=\"menu-item menu-item-type-post_type menu-item-object-page menu-item-332\"><a href=\"https:\/\/venturacounty.gov\/board-of-supervisors\/es\/district-4-janice-parvin\/bio\/\" class=\"elementor-item\">Acerca de Janice S. Parvin<\/a><\/li>\n<li class=\"menu-item menu-item-type-post_type menu-item-object-page menu-item-331\"><a href=\"https:\/\/venturacounty.gov\/board-of-supervisors\/es\/district-4-janice-parvin\/district-information\/\" class=\"elementor-item\">Eventos comunitarios<\/a><\/li>\n<li class=\"menu-item menu-item-type-custom menu-item-object-custom menu-item-has-children menu-item-548\"><a href=\"#\" class=\"elementor-item elementor-item-anchor\">Comunidades<\/a>\n<ul class=\"sub-menu elementor-nav-menu--dropdown\">\n\t<li class=\"menu-item menu-item-type-post_type menu-item-object-page menu-item-361\"><a href=\"https:\/\/venturacounty.gov\/board-of-supervisors\/es\/district-4-janice-parvin\/district-4-map\/\" class=\"elementor-sub-item\">Mapa del Distrito 4<\/a><\/li>\n\t<li class=\"menu-item menu-item-type-post_type menu-item-object-page menu-item-349\"><a href=\"https:\/\/venturacounty.gov\/board-of-supervisors\/es\/district-4-janice-parvin\/bell-canyon\/\" class=\"elementor-sub-item\">Ca\u00f1\u00f3n Bell<\/a><\/li>\n\t<li class=\"menu-item menu-item-type-post_type menu-item-object-page menu-item-350\"><a href=\"https:\/\/venturacounty.gov\/board-of-supervisors\/es\/district-4-janice-parvin\/box-canyon\/\" class=\"elementor-sub-item\">Ca\u00f1\u00f3n del Box<\/a><\/li>\n\t<li class=\"menu-item menu-item-type-post_type menu-item-object-page menu-item-351\"><a href=\"https:\/\/venturacounty.gov\/board-of-supervisors\/es\/district-4-janice-parvin\/chatsworth-peak\/\" class=\"elementor-sub-item\">Pico Chatsworth<\/a><\/li>\n\t<li class=\"menu-item menu-item-type-post_type menu-item-object-page menu-item-352\"><a href=\"https:\/\/venturacounty.gov\/board-of-supervisors\/es\/district-4-janice-parvin\/moorpark\/\" class=\"elementor-sub-item\">Ciudad de Moorpark<\/a><\/li>\n\t<li class=\"menu-item menu-item-type-post_type menu-item-object-page menu-item-353\"><a href=\"https:\/\/venturacounty.gov\/board-of-supervisors\/es\/district-4-janice-parvin\/simi-valley\/\" class=\"elementor-sub-item\">Ciudad de Simi Valley<\/a><\/li>\n\t<li class=\"menu-item menu-item-type-post_type menu-item-object-page menu-item-354\"><a href=\"https:\/\/venturacounty.gov\/board-of-supervisors\/es\/district-4-janice-parvin\/home-acres\/\" class=\"elementor-sub-item\">Home Acres<\/a><\/li>\n\t<li class=\"menu-item menu-item-type-post_type menu-item-object-page menu-item-355\"><a href=\"https:\/\/venturacounty.gov\/board-of-supervisors\/es\/district-4-janice-parvin\/moorpark-college\/\" class=\"elementor-sub-item\">Universidad de Moorpark<\/a><\/li>\n\t<li class=\"menu-item menu-item-type-post_type menu-item-object-page menu-item-356\"><a href=\"https:\/\/venturacounty.gov\/board-of-supervisors\/es\/district-4-janice-parvin\/santa-susana-knolls\/\" class=\"elementor-sub-item\">Santa Susana Knolls<\/a><\/li>\n\t<li class=\"menu-item menu-item-type-post_type menu-item-object-page menu-item-357\"><a href=\"https:\/\/venturacounty.gov\/board-of-supervisors\/es\/district-4-janice-parvin\/sinaloa-lake\/\" class=\"elementor-sub-item\">Lago de Sinaloa<\/a><\/li>\n\t<li class=\"menu-item menu-item-type-post_type menu-item-object-page menu-item-358\"><a href=\"https:\/\/venturacounty.gov\/board-of-supervisors\/es\/district-4-janice-parvin\/reagan-library\/\" class=\"elementor-sub-item\">Biblioteca Presidencial Ronald Reagan<\/a><\/li>\n\t<li class=\"menu-item menu-item-type-post_type menu-item-object-page menu-item-360\"><a href=\"https:\/\/venturacounty.gov\/board-of-supervisors\/es\/district-4-janice-parvin\/tierra-rejada-valley\/\" class=\"elementor-sub-item\">Valle de Tierra Rejada<\/a><\/li>\n<\/ul>\n<\/li>\n<li class=\"menu-item menu-item-type-custom menu-item-object-custom menu-item-has-children menu-item-551\"><a href=\"#\" class=\"elementor-item elementor-item-anchor\">Servicios<\/a>\n<ul class=\"sub-menu elementor-nav-menu--dropdown\">\n\t<li class=\"menu-item menu-item-type-post_type menu-item-object-page menu-item-362\"><a href=\"https:\/\/venturacounty.gov\/board-of-supervisors\/es\/district-4-janice-parvin\/district-4-services\/\" class=\"elementor-sub-item\">Servicios del Distrito 4<\/a><\/li>\n\t<li class=\"menu-item menu-item-type-post_type menu-item-object-page menu-item-363\"><a href=\"https:\/\/venturacounty.gov\/board-of-supervisors\/es\/district-4-janice-parvin\/resources\/\" class=\"elementor-sub-item\">Recursos<\/a><\/li>\n<\/ul>\n<\/li>\n<li class=\"menu-item menu-item-type-post_type menu-item-object-page menu-item-1209\"><a href=\"https:\/\/venturacounty.gov\/board-of-supervisors\/es\/district-4-janice-parvin\/newsletters\/\" class=\"elementor-item\">Boletines<\/a><\/li>\n<li class=\"menu-item menu-item-type-post_type menu-item-object-page menu-item-has-children menu-item-328\"><a href=\"https:\/\/venturacounty.gov\/board-of-supervisors\/es\/district-4-janice-parvin\/contact-us\/\" class=\"elementor-item\">P\u00f3ngase en contacto con nosotros<\/a>\n<ul class=\"sub-menu elementor-nav-menu--dropdown\">\n\t<li class=\"menu-item menu-item-type-custom menu-item-object-custom menu-item-1265\"><a target=\"_blank\" href=\"https:\/\/lp.constantcontactpages.com\/sl\/zfKbJta\" class=\"elementor-sub-item\">Formulario de inscripci\u00f3n por correo electr\u00f3nico<\/a><\/li>\n<\/ul>\n<\/li>\n<\/ul>\t\t\t<\/nav>\n\t\t\t\t\t<div class=\"elementor-menu-toggle\" role=\"button\" tabindex=\"0\" aria-label=\"Men\u00fa Toggle\" aria-expanded=\"false\">\n\t\t\t<i aria-hidden=\"true\" role=\"presentation\" class=\"elementor-menu-toggle__icon--open eicon-menu-bar\"><\/i><i aria-hidden=\"true\" role=\"presentation\" class=\"elementor-menu-toggle__icon--close eicon-close\"><\/i>\t\t<\/div>\n\t\t\t\t\t<nav class=\"elementor-nav-menu--dropdown elementor-nav-menu__container\" aria-hidden=\"true\">\n\t\t\t\t<ul id=\"menu-2-c72843f\" class=\"elementor-nav-menu\"><li class=\"menu-item menu-item-type-post_type menu-item-object-page menu-item-128\"><a href=\"https:\/\/venturacounty.gov\/board-of-supervisors\/es\/district-4-janice-parvin\/\" class=\"elementor-item\" tabindex=\"-1\">Distrito 4<\/a><\/li>\n<li class=\"menu-item menu-item-type-post_type menu-item-object-page menu-item-332\"><a href=\"https:\/\/venturacounty.gov\/board-of-supervisors\/es\/district-4-janice-parvin\/bio\/\" class=\"elementor-item\" tabindex=\"-1\">Acerca de Janice S. Parvin<\/a><\/li>\n<li class=\"menu-item menu-item-type-post_type menu-item-object-page menu-item-331\"><a href=\"https:\/\/venturacounty.gov\/board-of-supervisors\/es\/district-4-janice-parvin\/district-information\/\" class=\"elementor-item\" tabindex=\"-1\">Eventos comunitarios<\/a><\/li>\n<li class=\"menu-item menu-item-type-custom menu-item-object-custom menu-item-has-children menu-item-548\"><a href=\"#\" class=\"elementor-item elementor-item-anchor\" tabindex=\"-1\">Comunidades<\/a>\n<ul class=\"sub-menu elementor-nav-menu--dropdown\">\n\t<li class=\"menu-item menu-item-type-post_type menu-item-object-page menu-item-361\"><a href=\"https:\/\/venturacounty.gov\/board-of-supervisors\/es\/district-4-janice-parvin\/district-4-map\/\" class=\"elementor-sub-item\" tabindex=\"-1\">Mapa del Distrito 4<\/a><\/li>\n\t<li class=\"menu-item menu-item-type-post_type menu-item-object-page menu-item-349\"><a href=\"https:\/\/venturacounty.gov\/board-of-supervisors\/es\/district-4-janice-parvin\/bell-canyon\/\" class=\"elementor-sub-item\" tabindex=\"-1\">Ca\u00f1\u00f3n Bell<\/a><\/li>\n\t<li class=\"menu-item menu-item-type-post_type menu-item-object-page menu-item-350\"><a href=\"https:\/\/venturacounty.gov\/board-of-supervisors\/es\/district-4-janice-parvin\/box-canyon\/\" class=\"elementor-sub-item\" tabindex=\"-1\">Ca\u00f1\u00f3n del Box<\/a><\/li>\n\t<li class=\"menu-item menu-item-type-post_type menu-item-object-page menu-item-351\"><a href=\"https:\/\/venturacounty.gov\/board-of-supervisors\/es\/district-4-janice-parvin\/chatsworth-peak\/\" class=\"elementor-sub-item\" tabindex=\"-1\">Pico Chatsworth<\/a><\/li>\n\t<li class=\"menu-item menu-item-type-post_type menu-item-object-page menu-item-352\"><a href=\"https:\/\/venturacounty.gov\/board-of-supervisors\/es\/district-4-janice-parvin\/moorpark\/\" class=\"elementor-sub-item\" tabindex=\"-1\">Ciudad de Moorpark<\/a><\/li>\n\t<li class=\"menu-item menu-item-type-post_type menu-item-object-page menu-item-353\"><a href=\"https:\/\/venturacounty.gov\/board-of-supervisors\/es\/district-4-janice-parvin\/simi-valley\/\" class=\"elementor-sub-item\" tabindex=\"-1\">Ciudad de Simi Valley<\/a><\/li>\n\t<li class=\"menu-item menu-item-type-post_type menu-item-object-page menu-item-354\"><a href=\"https:\/\/venturacounty.gov\/board-of-supervisors\/es\/district-4-janice-parvin\/home-acres\/\" class=\"elementor-sub-item\" tabindex=\"-1\">Home Acres<\/a><\/li>\n\t<li class=\"menu-item menu-item-type-post_type menu-item-object-page menu-item-355\"><a href=\"https:\/\/venturacounty.gov\/board-of-supervisors\/es\/district-4-janice-parvin\/moorpark-college\/\" class=\"elementor-sub-item\" tabindex=\"-1\">Universidad de Moorpark<\/a><\/li>\n\t<li class=\"menu-item menu-item-type-post_type menu-item-object-page menu-item-356\"><a href=\"https:\/\/venturacounty.gov\/board-of-supervisors\/es\/district-4-janice-parvin\/santa-susana-knolls\/\" class=\"elementor-sub-item\" tabindex=\"-1\">Santa Susana Knolls<\/a><\/li>\n\t<li class=\"menu-item menu-item-type-post_type menu-item-object-page menu-item-357\"><a href=\"https:\/\/venturacounty.gov\/board-of-supervisors\/es\/district-4-janice-parvin\/sinaloa-lake\/\" class=\"elementor-sub-item\" tabindex=\"-1\">Lago de Sinaloa<\/a><\/li>\n\t<li class=\"menu-item menu-item-type-post_type menu-item-object-page menu-item-358\"><a href=\"https:\/\/venturacounty.gov\/board-of-supervisors\/es\/district-4-janice-parvin\/reagan-library\/\" class=\"elementor-sub-item\" tabindex=\"-1\">Biblioteca Presidencial Ronald Reagan<\/a><\/li>\n\t<li class=\"menu-item menu-item-type-post_type menu-item-object-page menu-item-360\"><a href=\"https:\/\/venturacounty.gov\/board-of-supervisors\/es\/district-4-janice-parvin\/tierra-rejada-valley\/\" class=\"elementor-sub-item\" tabindex=\"-1\">Valle de Tierra Rejada<\/a><\/li>\n<\/ul>\n<\/li>\n<li class=\"menu-item menu-item-type-custom menu-item-object-custom menu-item-has-children menu-item-551\"><a href=\"#\" class=\"elementor-item elementor-item-anchor\" tabindex=\"-1\">Servicios<\/a>\n<ul class=\"sub-menu elementor-nav-menu--dropdown\">\n\t<li class=\"menu-item menu-item-type-post_type menu-item-object-page menu-item-362\"><a href=\"https:\/\/venturacounty.gov\/board-of-supervisors\/es\/district-4-janice-parvin\/district-4-services\/\" class=\"elementor-sub-item\" tabindex=\"-1\">Servicios del Distrito 4<\/a><\/li>\n\t<li class=\"menu-item menu-item-type-post_type menu-item-object-page menu-item-363\"><a href=\"https:\/\/venturacounty.gov\/board-of-supervisors\/es\/district-4-janice-parvin\/resources\/\" class=\"elementor-sub-item\" tabindex=\"-1\">Recursos<\/a><\/li>\n<\/ul>\n<\/li>\n<li class=\"menu-item menu-item-type-post_type menu-item-object-page menu-item-1209\"><a href=\"https:\/\/venturacounty.gov\/board-of-supervisors\/es\/district-4-janice-parvin\/newsletters\/\" class=\"elementor-item\" tabindex=\"-1\">Boletines<\/a><\/li>\n<li class=\"menu-item menu-item-type-post_type menu-item-object-page menu-item-has-children menu-item-328\"><a href=\"https:\/\/venturacounty.gov\/board-of-supervisors\/es\/district-4-janice-parvin\/contact-us\/\" class=\"elementor-item\" tabindex=\"-1\">P\u00f3ngase en contacto con nosotros<\/a>\n<ul class=\"sub-menu elementor-nav-menu--dropdown\">\n\t<li class=\"menu-item menu-item-type-custom menu-item-object-custom menu-item-1265\"><a target=\"_blank\" href=\"https:\/\/lp.constantcontactpages.com\/sl\/zfKbJta\" class=\"elementor-sub-item\" tabindex=\"-1\">Formulario de inscripci\u00f3n por correo electr\u00f3nico<\/a><\/li>\n<\/ul>\n<\/li>\n<\/ul>\t\t\t<\/nav>\n\t\t\t\t\t\t<\/div>\n\t\t\t\t<\/div>\n\t\t\t\t\t<\/div>\n\t\t\t\t<\/div>\n\t\t\t\t\t<\/div>\n\t\t\t\t<\/div>\n\t\t\t\t<\/div>\n\t\t<\/div>\n\t\t\t\t\t\t<\/div>\n\t\t\t\t<\/div>\n\t\t\t\t\t<\/div>\n\t\t\t\t<\/div>\n\t\t\t\t\t<\/div>\n\t\t\t\t<\/div>\n\t\t<div class=\"elementor-element elementor-element-bf6ebee e-flex e-con-boxed e-con e-parent\" data-id=\"bf6ebee\" data-element_type=\"container\">\n\t\t\t\t\t<div class=\"e-con-inner\">\n\t\t<div class=\"elementor-element elementor-element-a9a3913 e-flex e-con-boxed e-con e-child\" data-id=\"a9a3913\" data-element_type=\"container\">\n\t\t\t\t\t<div class=\"e-con-inner\">\n\t\t\t\t<div class=\"elementor-element elementor-element-aa379b0 elementor-widget elementor-widget-heading\" data-id=\"aa379b0\" data-element_type=\"widget\" data-widget_type=\"heading.default\">\n\t\t\t\t<div class=\"elementor-widget-container\">\n\t\t\t\t\t<h2 class=\"elementor-heading-title elementor-size-default\">Valle de Tierra Rejada<\/h2>\t\t\t\t<\/div>\n\t\t\t\t<\/div>\n\t\t\t\t<div class=\"elementor-element elementor-element-b1e7cec elementor-widget-divider--view-line elementor-widget elementor-widget-divider\" data-id=\"b1e7cec\" data-element_type=\"widget\" data-widget_type=\"divider.default\">\n\t\t\t\t<div class=\"elementor-widget-container\">\n\t\t\t\t\t\t\t<div class=\"elementor-divider\">\n\t\t\t<span class=\"elementor-divider-separator\">\n\t\t\t\t\t\t<\/span>\n\t\t<\/div>\n\t\t\t\t\t\t<\/div>\n\t\t\t\t<\/div>\n\t\t\t\t<div class=\"elementor-element elementor-element-c056f0a elementor-widget elementor-widget-text-editor\" data-id=\"c056f0a\" data-element_type=\"widget\" data-widget_type=\"text-editor.default\">\n\t\t\t\t<div class=\"elementor-widget-container\">\n\t\t\t\t\t\t\t\t\t<h2>Pr\u00f3ximamente<\/h2><p role=\"heading\" data-uw-rm-heading=\"level\" aria-level=\"3\">Si tiene alguna sugerencia para esta p\u00e1gina, p\u00f3ngase en contacto con nuestra oficina enviando un correo electr\u00f3nico a\u00a0<a href=\"mailto:Supervisor.Parvin@ventura.org\" aria-label=\"env\u00ede un correo electr\u00f3nico a Supervisor.Parvin@ventura.org\" data-uw-rm-vglnk=\"\">Supervisor.Parvin@ventura.org<\/a>\u00a0con sus sugerencias.<\/p>\t\t\t\t\t\t\t\t<\/div>\n\t\t\t\t<\/div>\n\t\t\t\t\t<\/div>\n\t\t\t\t<\/div>\n\t\t\t\t\t<\/div>\n\t\t\t\t<\/div>\n\t\t\t\t<\/div>","protected":false},"excerpt":{"rendered":"<p>District 4 &#8211; Supervisor Janice S. Parvin 980 Enchanted Way #203, Simi Valley, California 93065Phone: (805) 955-2300 | Fax: (805) 578-1822Email:\u00a0Supervisor.Parvin@ventura.org\u00a0\u00a0\u00a0 Communities\u00a0Represented: Bell Canyon, Box Canyon, Chatsworth Peak, City of Moorpark, City of Simi Valley, Home Acres, Moorpark College, Santa Susana Knolls, Sinaloa Lake, The Ronald Reagan Presidential Library and Tierra Rejada Valley. Coming soon [&hellip;]<\/p>\n","protected":false},"author":6,"featured_media":0,"parent":126,"menu_order":0,"comment_status":"closed","ping_status":"closed","template":"","meta":{"_relevanssi_hide_post":"","_relevanssi_hide_content":"","_relevanssi_pin_for_all":"","_relevanssi_pin_keywords":"","_relevanssi_unpin_keywords":"","_relevanssi_related_keywords":"","_relevanssi_related_include_ids":"","_relevanssi_related_exclude_ids":"","_relevanssi_related_no_append":"","_relevanssi_related_not_related":"","_relevanssi_related_posts":"","_relevanssi_noindex_reason":"","footnotes":""},"categories":[14],"tags":[],"class_list":["post-337","page","type-page","status-publish","hentry","category-district-4"],"_links":{"self":[{"href":"https:\/\/venturacounty.gov\/board-of-supervisors\/es\/wp-json\/wp\/v2\/pages\/337","targetHints":{"allow":["GET"]}}],"collection":[{"href":"https:\/\/venturacounty.gov\/board-of-supervisors\/es\/wp-json\/wp\/v2\/pages"}],"about":[{"href":"https:\/\/venturacounty.gov\/board-of-supervisors\/es\/wp-json\/wp\/v2\/types\/page"}],"author":[{"embeddable":true,"href":"https:\/\/venturacounty.gov\/board-of-supervisors\/es\/wp-json\/wp\/v2\/users\/6"}],"replies":[{"embeddable":true,"href":"https:\/\/venturacounty.gov\/board-of-supervisors\/es\/wp-json\/wp\/v2\/comments?post=337"}],"version-history":[{"count":0,"href":"https:\/\/venturacounty.gov\/board-of-supervisors\/es\/wp-json\/wp\/v2\/pages\/337\/revisions"}],"up":[{"embeddable":true,"href":"https:\/\/venturacounty.gov\/board-of-supervisors\/es\/wp-json\/wp\/v2\/pages\/126"}],"wp:attachment":[{"href":"https:\/\/venturacounty.gov\/board-of-supervisors\/es\/wp-json\/wp\/v2\/media?parent=337"}],"wp:term":[{"taxonomy":"category","embeddable":true,"href":"https:\/\/venturacounty.gov\/board-of-supervisors\/es\/wp-json\/wp\/v2\/categories?post=337"},{"taxonomy":"post_tag","embeddable":true,"href":"https:\/\/venturacounty.gov\/board-of-supervisors\/es\/wp-json\/wp\/v2\/tags?post=337"}],"curies":[{"name":"wp","href":"https:\/\/api.w.org\/{rel}","templated":true}]}}