{"id":364,"date":"2023-07-12T22:23:13","date_gmt":"2023-07-12T22:23:13","guid":{"rendered":"https:\/\/venturacounty.gov\/board-of-supervisors\/?page_id=364"},"modified":"2025-03-03T22:59:28","modified_gmt":"2025-03-03T22:59:28","slug":"about-supervisor-vianey-lopez","status":"publish","type":"page","link":"https:\/\/venturacounty.gov\/board-of-supervisors\/es\/district-5\/about-supervisor-vianey-lopez\/","title":{"rendered":"Sobre la supervisora Vianey L\u00f3pez"},"content":{"rendered":"<div data-elementor-type=\"wp-page\" data-elementor-id=\"364\" class=\"elementor elementor-364\" data-elementor-post-type=\"page\">\n\t\t\t\t<div class=\"elementor-element elementor-element-211bf85 e-flex e-con-boxed e-con e-parent\" data-id=\"211bf85\" data-element_type=\"container\">\n\t\t\t\t\t<div class=\"e-con-inner\">\n\t\t<div class=\"elementor-element elementor-element-1239e6f e-flex e-con-boxed e-con e-child\" data-id=\"1239e6f\" data-element_type=\"container\" data-settings=\"{&quot;background_background&quot;:&quot;classic&quot;}\">\n\t\t\t\t\t<div class=\"e-con-inner\">\n\t\t\t\t<div class=\"elementor-element elementor-element-27fc19d elementor-widget elementor-widget-shortcode\" data-id=\"27fc19d\" data-element_type=\"widget\" data-widget_type=\"shortcode.default\">\n\t\t\t\t<div class=\"elementor-widget-container\">\n\t\t\t\t\t\t\t<div class=\"elementor-shortcode\">\t\t<div data-elementor-type=\"container\" data-elementor-id=\"863\" class=\"elementor elementor-863\" data-elementor-post-type=\"elementor_library\">\n\t\t\t\t<div class=\"elementor-element elementor-element-f71b02e e-flex e-con-boxed e-con e-parent\" data-id=\"f71b02e\" data-element_type=\"container\">\n\t\t\t\t\t<div class=\"e-con-inner\">\n\t\t<div class=\"elementor-element elementor-element-210a076 e-flex e-con-boxed e-con e-parent\" data-id=\"210a076\" data-element_type=\"container\">\n\t\t\t\t\t<div class=\"e-con-inner\">\n\t\t<div class=\"elementor-element elementor-element-1c01268 e-flex e-con-boxed e-con e-parent\" data-id=\"1c01268\" data-element_type=\"container\">\n\t\t\t\t\t<div class=\"e-con-inner\">\n\t\t\t\t<div class=\"elementor-element elementor-element-de1f7c3 elementor-widget__width-initial elementor-widget elementor-widget-text-editor\" data-id=\"de1f7c3\" data-element_type=\"widget\" data-widget_type=\"text-editor.default\">\n\t\t\t\t<div class=\"elementor-widget-container\">\n\t\t\t\t\t\t\t\t\t<p><strong><img decoding=\"async\" class=\"wp-image-130 alignleft\" src=\"https:\/\/www.venturacounty.gov\/board-of-supervisors\/wp-content\/uploads\/sites\/17\/2023\/10\/vianey-lopez_03.jpg\" alt=\"Vianey Lopez\" width=\"119\" height=\"143\" \/>Distrito 5 - Supervisora Vianey Lopez<br role=\"presentation\" data-uw-rm-sr=\"\" \/><\/strong><\/p><p>800 S. Victoria Ave., L#1860, Ventura, CA 93009<br role=\"presentation\" data-uw-rm-sr=\"\" \/>Tel\u00e9fono: (805) 654-2613<br role=\"presentation\" data-uw-rm-sr=\"\" \/>Correo electr\u00f3nico:\u00a0<strong><a href=\"mailto:Vianey.Lopez@ventura.org\" aria-label=\"env\u00ede un correo electr\u00f3nico a Vianey.Lopez@ventura.org\" data-uw-rm-vglnk=\"\">Vianey.Lopez@ventura.org<\/a><\/strong><br role=\"presentation\" data-uw-rm-sr=\"\" \/>Horario de oficina: De lunes a viernes, de 8.00 a 17.00 horas.<\/p>\t\t\t\t\t\t\t\t<\/div>\n\t\t\t\t<\/div>\n\t\t\t\t\t<\/div>\n\t\t\t\t<\/div>\n\t\t<div class=\"elementor-element elementor-element-fa19950 e-con-full e-flex e-con e-parent\" data-id=\"fa19950\" data-element_type=\"container\">\n\t\t\t\t<div class=\"elementor-element elementor-element-0619111 elementor-widget__width-initial elementor-widget elementor-widget-text-editor\" data-id=\"0619111\" data-element_type=\"widget\" data-widget_type=\"text-editor.default\">\n\t\t\t\t<div class=\"elementor-widget-container\">\n\t\t\t\t\t\t\t\t\t<p><strong>Comunidades representadas:<br \/><\/strong>Partes central y sur de la ciudad de Oxnard, ciudad de Port Hueneme, Oxnard Plain, Oxnard Shores, Mandalay Bay, Silver Strand, Hollywood Beach, Hollywood by the Sea, Channel Islands Harbor, California State University Channel Islands, Naval Base Ventura County, California Air National Guard, Oxnard Airport, Ormond Beach Wetlands y Channel Islands National Park.<\/p>\t\t\t\t\t\t\t\t<\/div>\n\t\t\t\t<\/div>\n\t\t\t\t<\/div>\n\t\t\t\t\t<\/div>\n\t\t\t\t<\/div>\n\t\t<div class=\"elementor-element elementor-element-db56b50 e-flex e-con-boxed e-con e-parent\" data-id=\"db56b50\" data-element_type=\"container\">\n\t\t\t\t\t<div class=\"e-con-inner\">\n\t\t\t\t<div class=\"elementor-element elementor-element-dbda128 elementor-nav-menu--dropdown-tablet elementor-nav-menu__text-align-aside elementor-nav-menu--toggle elementor-nav-menu--burger elementor-widget elementor-widget-nav-menu\" data-id=\"dbda128\" data-element_type=\"widget\" data-settings=\"{&quot;layout&quot;:&quot;horizontal&quot;,&quot;submenu_icon&quot;:{&quot;value&quot;:&quot;&lt;i class=\\&quot;fas fa-caret-down\\&quot;&gt;&lt;\\\/i&gt;&quot;,&quot;library&quot;:&quot;fa-solid&quot;},&quot;toggle&quot;:&quot;burger&quot;}\" data-widget_type=\"nav-menu.default\">\n\t\t\t\t<div class=\"elementor-widget-container\">\n\t\t\t\t\t\t\t\t<nav aria-label=\"Men\u00fa\" class=\"elementor-nav-menu--main elementor-nav-menu__container elementor-nav-menu--layout-horizontal e--pointer-background e--animation-fade\">\n\t\t\t\t<ul id=\"menu-1-dbda128\" class=\"elementor-nav-menu\"><li class=\"menu-item menu-item-type-post_type menu-item-object-page menu-item-131\"><a href=\"https:\/\/venturacounty.gov\/board-of-supervisors\/es\/district-5\/\" class=\"elementor-item\">Inicio<\/a><\/li>\n<li class=\"menu-item menu-item-type-post_type menu-item-object-page menu-item-373\"><a href=\"https:\/\/venturacounty.gov\/board-of-supervisors\/es\/district-5\/about-supervisor-vianey-lopez\/\" class=\"elementor-item\">Sobre la supervisora Vianey L\u00f3pez<\/a><\/li>\n<li class=\"menu-item menu-item-type-post_type menu-item-object-page menu-item-372\"><a href=\"https:\/\/venturacounty.gov\/board-of-supervisors\/es\/district-5\/district-map\/\" class=\"elementor-item\">Mapa del distrito<\/a><\/li>\n<li class=\"menu-item menu-item-type-post_type menu-item-object-page menu-item-371\"><a href=\"https:\/\/venturacounty.gov\/board-of-supervisors\/es\/district-5\/services\/\" class=\"elementor-item\">Servicios<\/a><\/li>\n<li class=\"menu-item menu-item-type-post_type menu-item-object-page menu-item-370\"><a href=\"https:\/\/venturacounty.gov\/board-of-supervisors\/es\/district-5\/contact-us\/\" class=\"elementor-item\">P\u00f3ngase en contacto con nosotros<\/a><\/li>\n<li class=\"menu-item menu-item-type-post_type menu-item-object-page menu-item-has-children menu-item-893\"><a href=\"https:\/\/venturacounty.gov\/board-of-supervisors\/es\/district-5\/contact-us\/monthly-newsletters\/\" class=\"elementor-item\">Boletines mensuales<\/a>\n<ul class=\"sub-menu elementor-nav-menu--dropdown\">\n\t<li class=\"menu-item menu-item-type-post_type menu-item-object-page menu-item-369\"><a href=\"https:\/\/venturacounty.gov\/board-of-supervisors\/es\/district-5\/contact-us\/newsletters\/\" class=\"elementor-sub-item\">Suscr\u00edbase a los boletines del Distrito 5<\/a><\/li>\n<\/ul>\n<\/li>\n<li class=\"menu-item menu-item-type-post_type menu-item-object-page menu-item-has-children menu-item-1205\"><a href=\"https:\/\/venturacounty.gov\/board-of-supervisors\/es\/district-5\/yac\/\" class=\"elementor-item\">Consejo de la Juventud<\/a>\n<ul class=\"sub-menu elementor-nav-menu--dropdown\">\n\t<li class=\"menu-item menu-item-type-custom menu-item-object-custom menu-item-1203\"><a target=\"_blank\" href=\"https:\/\/vcportal.venturacounty.gov\/BOS\/District5\/yac\/docs\/Youth_Advisory_Council_Bylaws_v20241118.pdf\" class=\"elementor-sub-item\">Estatutos<\/a><\/li>\n<\/ul>\n<\/li>\n<\/ul>\t\t\t<\/nav>\n\t\t\t\t\t<div class=\"elementor-menu-toggle\" role=\"button\" tabindex=\"0\" aria-label=\"Men\u00fa Toggle\" aria-expanded=\"false\">\n\t\t\t<i aria-hidden=\"true\" role=\"presentation\" class=\"elementor-menu-toggle__icon--open eicon-menu-bar\"><\/i><i aria-hidden=\"true\" role=\"presentation\" class=\"elementor-menu-toggle__icon--close eicon-close\"><\/i>\t\t<\/div>\n\t\t\t\t\t<nav class=\"elementor-nav-menu--dropdown elementor-nav-menu__container\" aria-hidden=\"true\">\n\t\t\t\t<ul id=\"menu-2-dbda128\" class=\"elementor-nav-menu\"><li class=\"menu-item menu-item-type-post_type menu-item-object-page menu-item-131\"><a href=\"https:\/\/venturacounty.gov\/board-of-supervisors\/es\/district-5\/\" class=\"elementor-item\" tabindex=\"-1\">Inicio<\/a><\/li>\n<li class=\"menu-item menu-item-type-post_type menu-item-object-page menu-item-373\"><a href=\"https:\/\/venturacounty.gov\/board-of-supervisors\/es\/district-5\/about-supervisor-vianey-lopez\/\" class=\"elementor-item\" tabindex=\"-1\">Sobre la supervisora Vianey L\u00f3pez<\/a><\/li>\n<li class=\"menu-item menu-item-type-post_type menu-item-object-page menu-item-372\"><a href=\"https:\/\/venturacounty.gov\/board-of-supervisors\/es\/district-5\/district-map\/\" class=\"elementor-item\" tabindex=\"-1\">Mapa del distrito<\/a><\/li>\n<li class=\"menu-item menu-item-type-post_type menu-item-object-page menu-item-371\"><a href=\"https:\/\/venturacounty.gov\/board-of-supervisors\/es\/district-5\/services\/\" class=\"elementor-item\" tabindex=\"-1\">Servicios<\/a><\/li>\n<li class=\"menu-item menu-item-type-post_type menu-item-object-page menu-item-370\"><a href=\"https:\/\/venturacounty.gov\/board-of-supervisors\/es\/district-5\/contact-us\/\" class=\"elementor-item\" tabindex=\"-1\">P\u00f3ngase en contacto con nosotros<\/a><\/li>\n<li class=\"menu-item menu-item-type-post_type menu-item-object-page menu-item-has-children menu-item-893\"><a href=\"https:\/\/venturacounty.gov\/board-of-supervisors\/es\/district-5\/contact-us\/monthly-newsletters\/\" class=\"elementor-item\" tabindex=\"-1\">Boletines mensuales<\/a>\n<ul class=\"sub-menu elementor-nav-menu--dropdown\">\n\t<li class=\"menu-item menu-item-type-post_type menu-item-object-page menu-item-369\"><a href=\"https:\/\/venturacounty.gov\/board-of-supervisors\/es\/district-5\/contact-us\/newsletters\/\" class=\"elementor-sub-item\" tabindex=\"-1\">Suscr\u00edbase a los boletines del Distrito 5<\/a><\/li>\n<\/ul>\n<\/li>\n<li class=\"menu-item menu-item-type-post_type menu-item-object-page menu-item-has-children menu-item-1205\"><a href=\"https:\/\/venturacounty.gov\/board-of-supervisors\/es\/district-5\/yac\/\" class=\"elementor-item\" tabindex=\"-1\">Consejo de la Juventud<\/a>\n<ul class=\"sub-menu elementor-nav-menu--dropdown\">\n\t<li class=\"menu-item menu-item-type-custom menu-item-object-custom menu-item-1203\"><a target=\"_blank\" href=\"https:\/\/vcportal.venturacounty.gov\/BOS\/District5\/yac\/docs\/Youth_Advisory_Council_Bylaws_v20241118.pdf\" class=\"elementor-sub-item\" tabindex=\"-1\">Estatutos<\/a><\/li>\n<\/ul>\n<\/li>\n<\/ul>\t\t\t<\/nav>\n\t\t\t\t\t\t<\/div>\n\t\t\t\t<\/div>\n\t\t\t\t\t<\/div>\n\t\t\t\t<\/div>\n\t\t\t\t\t<\/div>\n\t\t\t\t<\/div>\n\t\t\t\t<\/div>\n\t\t<\/div>\n\t\t\t\t\t\t<\/div>\n\t\t\t\t<\/div>\n\t\t\t\t\t<\/div>\n\t\t\t\t<\/div>\n\t\t\t\t\t<\/div>\n\t\t\t\t<\/div>\n\t\t<div class=\"elementor-element elementor-element-bf6ebee e-flex e-con-boxed e-con e-parent\" data-id=\"bf6ebee\" data-element_type=\"container\">\n\t\t\t\t\t<div class=\"e-con-inner\">\n\t\t<div class=\"elementor-element elementor-element-a9a3913 e-flex e-con-boxed e-con e-child\" data-id=\"a9a3913\" data-element_type=\"container\">\n\t\t\t\t\t<div class=\"e-con-inner\">\n\t\t\t\t<div class=\"elementor-element elementor-element-aa379b0 elementor-widget elementor-widget-heading\" data-id=\"aa379b0\" data-element_type=\"widget\" data-widget_type=\"heading.default\">\n\t\t\t\t<div class=\"elementor-widget-container\">\n\t\t\t\t\t<h2 class=\"elementor-heading-title elementor-size-default\">Sobre la supervisora Vianey L\u00f3pez<\/h2>\t\t\t\t<\/div>\n\t\t\t\t<\/div>\n\t\t\t\t<div class=\"elementor-element elementor-element-b1e7cec elementor-widget-divider--view-line elementor-widget elementor-widget-divider\" data-id=\"b1e7cec\" data-element_type=\"widget\" data-widget_type=\"divider.default\">\n\t\t\t\t<div class=\"elementor-widget-container\">\n\t\t\t\t\t\t\t<div class=\"elementor-divider\">\n\t\t\t<span class=\"elementor-divider-separator\">\n\t\t\t\t\t\t<\/span>\n\t\t<\/div>\n\t\t\t\t\t\t<\/div>\n\t\t\t\t<\/div>\n\t\t<div class=\"elementor-element elementor-element-ba1d25d e-flex e-con-boxed e-con e-child\" data-id=\"ba1d25d\" data-element_type=\"container\">\n\t\t\t\t\t<div class=\"e-con-inner\">\n\t\t<div class=\"elementor-element elementor-element-373c32d e-flex e-con-boxed e-con e-child\" data-id=\"373c32d\" data-element_type=\"container\">\n\t\t\t\t\t<div class=\"e-con-inner\">\n\t\t\t\t<div class=\"elementor-element elementor-element-4035109 elementor-widget elementor-widget-text-editor\" data-id=\"4035109\" data-element_type=\"widget\" data-widget_type=\"text-editor.default\">\n\t\t\t\t<div class=\"elementor-widget-container\">\n\t\t\t\t\t\t\t\t\t<p>La supervisora Vianey L\u00f3pez fue nombrada para representar al Quinto Distrito en la Junta de Supervisores del Condado de Ventura por el gobernador Newsom en septiembre de 2022. Tras su elecci\u00f3n en 2024, Vianey prest\u00f3 juramento para un mandato de cuatro a\u00f1os que comenz\u00f3 en enero de 2025.<\/p><p>Vianey tiene m\u00e1s de una docena de a\u00f1os de experiencia en el servicio p\u00fablico. Fue elegida para la Junta del Distrito Escolar Elemental de Hueneme en 2012, donde sirvi\u00f3 durante seis a\u00f1os. En 2018 fue elegida para el Consejo Municipal de Oxnard en representaci\u00f3n del Distrito 6 y fue reelegida para un mandato de cuatro a\u00f1os en 2020, que desempe\u00f1\u00f3 hasta su nombramiento para la Junta de Supervisores.<\/p><p>Vianey fue Directora de Distrito de la Senadora del Estado de California Monique Lim\u00f3n y de la entonces Asamble\u00edsta Lim\u00f3n, de 2016 a 2022. Antes de unirse a la oficina estatal, trabaj\u00f3 como programadora de distrito y directora de distrito para la ex congresista Lois Capps en Santa B\u00e1rbara.<\/p><p>Vianey es licenciada en Administraci\u00f3n de Empresas por la Universidad Loyola Marymount y tiene un m\u00e1ster en Pol\u00edticas P\u00fablicas por la Universidad Pepperdine. La supervisora L\u00f3pez se ha comprometido a garantizar un futuro saludable y sostenible para las familias trabajadoras y los j\u00f3venes en el condado de Ventura - en particular las comunidades que representa en Oxnard y Port Hueneme.<\/p>\t\t\t\t\t\t\t\t<\/div>\n\t\t\t\t<\/div>\n\t\t\t\t<div class=\"elementor-element elementor-element-ca30c62 elementor-hidden-desktop elementor-hidden-tablet elementor-hidden-mobile elementor-widget elementor-widget-text-editor\" data-id=\"ca30c62\" data-element_type=\"widget\" data-widget_type=\"text-editor.default\">\n\t\t\t\t<div class=\"elementor-widget-container\">\n\t\t\t\t\t\t\t\t\t<p>El Gobernador Gavin Newsom nombr\u00f3 a Vianey L\u00f3pez como Supervisora del Condado del Distrito 5 para cubrir la vacante creada por el inesperado fallecimiento de la Supervisora Carmen Ram\u00edrez el 12 de agosto de 2022. L\u00f3pez servir\u00e1 como Supervisora designada para el Distrito 5 del Condado hasta las pr\u00f3ximas elecciones generales en noviembre de 2024.<\/p><p>Vianey ha sido Concejal de la Ciudad de Oxnard, Distrito Seis desde 2018 y Directora de Distrito para la Senadora del Estado de California Monique Lim\u00f3n desde 2020. Fue Directora de Distrito para la entonces Asamble\u00edsta Monique Lim\u00f3n de 2016 a 2020, Fideicomisaria de la Junta del Distrito Escolar Elemental de Hueneme de 2012 a 2018 y Programadora de Distrito para la Congresista de los Estados Unidos Lois Capps de 2013 a 2016. L\u00f3pez fue Coordinadora de Programas para el Distrito de Gesti\u00f3n del Centro de Oxnard de 2012 a 2013, Trabajadora Social para la Congresista Lois Capps de 2010 a 2011 y Asistente Administrativa y Conserje en la Oficina de Convenciones y Visitantes de Oxnard de 2009 a 2010. Es miembro de la Liga de Ciudadanos Latinoamericanos Unidos y de Future Leaders of America. L\u00f3pez obtuvo un M\u00e1ster en Pol\u00edtica P\u00fablica en Relaciones Internacionales y Pol\u00edtica Estatal y Local en la Universidad Pepperdine.<\/p>\t\t\t\t\t\t\t\t<\/div>\n\t\t\t\t<\/div>\n\t\t\t\t\t<\/div>\n\t\t\t\t<\/div>\n\t\t<div class=\"elementor-element elementor-element-af3ea59 e-flex e-con-boxed e-con e-child\" data-id=\"af3ea59\" data-element_type=\"container\">\n\t\t\t\t\t<div class=\"e-con-inner\">\n\t\t\t\t<div class=\"elementor-element elementor-element-a15438f elementor-widget elementor-widget-image\" data-id=\"a15438f\" data-element_type=\"widget\" data-widget_type=\"image.default\">\n\t\t\t\t<div class=\"elementor-widget-container\">\n\t\t\t\t\t\t\t\t\t\t\t\t\t\t\t<img fetchpriority=\"high\" decoding=\"async\" width=\"768\" height=\"960\" src=\"https:\/\/venturacounty.gov\/board-of-supervisors\/wp-content\/uploads\/sites\/17\/2025\/03\/V_LopezHeadshot_Outdoor_2023-768x960.jpg\" class=\"attachment-medium_large size-medium_large wp-image-1283\" alt=\"\" srcset=\"https:\/\/venturacounty.gov\/board-of-supervisors\/wp-content\/uploads\/sites\/17\/2025\/03\/V_LopezHeadshot_Outdoor_2023-768x960.jpg 768w, https:\/\/venturacounty.gov\/board-of-supervisors\/wp-content\/uploads\/sites\/17\/2025\/03\/V_LopezHeadshot_Outdoor_2023-240x300.jpg 240w, https:\/\/venturacounty.gov\/board-of-supervisors\/wp-content\/uploads\/sites\/17\/2025\/03\/V_LopezHeadshot_Outdoor_2023-819x1024.jpg 819w, https:\/\/venturacounty.gov\/board-of-supervisors\/wp-content\/uploads\/sites\/17\/2025\/03\/V_LopezHeadshot_Outdoor_2023-1229x1536.jpg 1229w, https:\/\/venturacounty.gov\/board-of-supervisors\/wp-content\/uploads\/sites\/17\/2025\/03\/V_LopezHeadshot_Outdoor_2023-1638x2048.jpg 1638w, https:\/\/venturacounty.gov\/board-of-supervisors\/wp-content\/uploads\/sites\/17\/2025\/03\/V_LopezHeadshot_Outdoor_2023-scaled.jpg 2048w\" sizes=\"(max-width: 768px) 100vw, 768px\" \/>\t\t\t\t\t\t\t\t\t\t\t\t\t\t\t<\/div>\n\t\t\t\t<\/div>\n\t\t\t\t\t<\/div>\n\t\t\t\t<\/div>\n\t\t\t\t\t<\/div>\n\t\t\t\t<\/div>\n\t\t\t\t\t<\/div>\n\t\t\t\t<\/div>\n\t\t\t\t\t<\/div>\n\t\t\t\t<\/div>\n\t\t\t\t<\/div>","protected":false},"excerpt":{"rendered":"<p>About Supervisor Vianey Lopez Supervisor Vianey Lopez was appointed to represent the Fifth District on the Ventura County Board of Supervisors by Governor Newsom in September of 2022. Following her election in 2024, Vianey was sworn in for a four-year term that began in January, 2025. Vianey has over a dozen years of experience in [&hellip;]<\/p>\n","protected":false},"author":6,"featured_media":0,"parent":129,"menu_order":0,"comment_status":"closed","ping_status":"closed","template":"","meta":{"_relevanssi_hide_post":"","_relevanssi_hide_content":"","_relevanssi_pin_for_all":"","_relevanssi_pin_keywords":"","_relevanssi_unpin_keywords":"","_relevanssi_related_keywords":"","_relevanssi_related_include_ids":"","_relevanssi_related_exclude_ids":"","_relevanssi_related_no_append":"","_relevanssi_related_not_related":"","_relevanssi_related_posts":"","_relevanssi_noindex_reason":"","footnotes":""},"categories":[15],"tags":[],"class_list":["post-364","page","type-page","status-publish","hentry","category-district-5"],"_links":{"self":[{"href":"https:\/\/venturacounty.gov\/board-of-supervisors\/es\/wp-json\/wp\/v2\/pages\/364","targetHints":{"allow":["GET"]}}],"collection":[{"href":"https:\/\/venturacounty.gov\/board-of-supervisors\/es\/wp-json\/wp\/v2\/pages"}],"about":[{"href":"https:\/\/venturacounty.gov\/board-of-supervisors\/es\/wp-json\/wp\/v2\/types\/page"}],"author":[{"embeddable":true,"href":"https:\/\/venturacounty.gov\/board-of-supervisors\/es\/wp-json\/wp\/v2\/users\/6"}],"replies":[{"embeddable":true,"href":"https:\/\/venturacounty.gov\/board-of-supervisors\/es\/wp-json\/wp\/v2\/comments?post=364"}],"version-history":[{"count":0,"href":"https:\/\/venturacounty.gov\/board-of-supervisors\/es\/wp-json\/wp\/v2\/pages\/364\/revisions"}],"up":[{"embeddable":true,"href":"https:\/\/venturacounty.gov\/board-of-supervisors\/es\/wp-json\/wp\/v2\/pages\/129"}],"wp:attachment":[{"href":"https:\/\/venturacounty.gov\/board-of-supervisors\/es\/wp-json\/wp\/v2\/media?parent=364"}],"wp:term":[{"taxonomy":"category","embeddable":true,"href":"https:\/\/venturacounty.gov\/board-of-supervisors\/es\/wp-json\/wp\/v2\/categories?post=364"},{"taxonomy":"post_tag","embeddable":true,"href":"https:\/\/venturacounty.gov\/board-of-supervisors\/es\/wp-json\/wp\/v2\/tags?post=364"}],"curies":[{"name":"wp","href":"https:\/\/api.w.org\/{rel}","templated":true}]}}