{"id":576,"date":"2023-07-21T20:36:30","date_gmt":"2023-07-21T20:36:30","guid":{"rendered":"https:\/\/venturacounty.gov\/board-of-supervisors\/?page_id=576"},"modified":"2023-07-24T08:05:07","modified_gmt":"2023-07-24T08:05:07","slug":"districtmaps","status":"publish","type":"page","link":"https:\/\/venturacounty.gov\/board-of-supervisors\/es\/districtmaps\/","title":{"rendered":"Mapas de distrito"},"content":{"rendered":"<div data-elementor-type=\"wp-page\" data-elementor-id=\"576\" class=\"elementor elementor-576\" data-elementor-post-type=\"page\">\n\t\t\t\t<div class=\"elementor-element elementor-element-211bf85 e-flex e-con-boxed e-con e-parent\" data-id=\"211bf85\" data-element_type=\"container\">\n\t\t\t\t\t<div class=\"e-con-inner\">\n\t\t<div class=\"elementor-element elementor-element-1239e6f e-flex e-con-boxed e-con e-child\" data-id=\"1239e6f\" data-element_type=\"container\" data-settings=\"{&quot;background_background&quot;:&quot;classic&quot;}\">\n\t\t\t\t\t<div class=\"e-con-inner\">\n\t\t\t\t<div class=\"elementor-element elementor-element-ee60f99 elementor-widget elementor-widget-image\" data-id=\"ee60f99\" data-element_type=\"widget\" data-widget_type=\"image.default\">\n\t\t\t\t<div class=\"elementor-widget-container\">\n\t\t\t\t\t\t\t\t\t\t\t\t\t\t\t<img decoding=\"async\" width=\"357\" height=\"75\" src=\"https:\/\/venturacounty.gov\/board-of-supervisors\/wp-content\/uploads\/sites\/17\/2023\/07\/bos-logo.png\" class=\"attachment-large size-large wp-image-98\" alt=\"Board of Supervisors Header\" srcset=\"https:\/\/venturacounty.gov\/board-of-supervisors\/wp-content\/uploads\/sites\/17\/2023\/07\/bos-logo.png 357w, https:\/\/venturacounty.gov\/board-of-supervisors\/wp-content\/uploads\/sites\/17\/2023\/07\/bos-logo-300x63.png 300w\" sizes=\"(max-width: 357px) 100vw, 357px\" \/>\t\t\t\t\t\t\t\t\t\t\t\t\t\t\t<\/div>\n\t\t\t\t<\/div>\n\t\t\t\t\t<\/div>\n\t\t\t\t<\/div>\n\t\t\t\t\t<\/div>\n\t\t\t\t<\/div>\n\t\t<div class=\"elementor-element elementor-element-3645d9c e-flex e-con-boxed e-con e-parent\" data-id=\"3645d9c\" data-element_type=\"container\" data-settings=\"{&quot;background_background&quot;:&quot;classic&quot;}\">\n\t\t\t\t\t<div class=\"e-con-inner\">\n\t\t\t\t<div class=\"elementor-element elementor-element-0996bc0 elementor-nav-menu--dropdown-tablet elementor-nav-menu__text-align-aside elementor-nav-menu--toggle elementor-nav-menu--burger elementor-widget elementor-widget-nav-menu\" data-id=\"0996bc0\" data-element_type=\"widget\" data-settings=\"{&quot;layout&quot;:&quot;horizontal&quot;,&quot;submenu_icon&quot;:{&quot;value&quot;:&quot;&lt;i class=\\&quot;fas fa-caret-down\\&quot;&gt;&lt;\\\/i&gt;&quot;,&quot;library&quot;:&quot;fa-solid&quot;},&quot;toggle&quot;:&quot;burger&quot;}\" data-widget_type=\"nav-menu.default\">\n\t\t\t\t<div class=\"elementor-widget-container\">\n\t\t\t\t\t\t\t\t<nav aria-label=\"Men\u00fa\" class=\"elementor-nav-menu--main elementor-nav-menu__container elementor-nav-menu--layout-horizontal e--pointer-background e--animation-fade\">\n\t\t\t\t<ul id=\"menu-1-0996bc0\" class=\"elementor-nav-menu\"><li class=\"menu-item menu-item-type-post_type menu-item-object-page menu-item-109\"><a href=\"https:\/\/venturacounty.gov\/board-of-supervisors\/es\/district-1\/\" class=\"elementor-item\">Distrito 1 - Sup. Lavere<\/a><\/li>\n<li class=\"menu-item menu-item-type-post_type menu-item-object-page menu-item-132\"><a href=\"https:\/\/venturacounty.gov\/board-of-supervisors\/es\/district-2-jeff-gorell\/\" class=\"elementor-item\">Distrito 2 - Sup. Gorell<\/a><\/li>\n<li class=\"menu-item menu-item-type-post_type menu-item-object-page menu-item-133\"><a href=\"https:\/\/venturacounty.gov\/board-of-supervisors\/es\/district-3-kelly-long\/\" class=\"elementor-item\">Distrito 3 - Sup. Long<\/a><\/li>\n<li class=\"menu-item menu-item-type-post_type menu-item-object-page menu-item-134\"><a href=\"https:\/\/venturacounty.gov\/board-of-supervisors\/es\/district-4-janice-parvin\/\" class=\"elementor-item\">Distrito 4 - Sup. Parvin<\/a><\/li>\n<li class=\"menu-item menu-item-type-post_type menu-item-object-page menu-item-135\"><a href=\"https:\/\/venturacounty.gov\/board-of-supervisors\/es\/district-5\/\" class=\"elementor-item\">Distrito 5 - Sup. L\u00f3pez<\/a><\/li>\n<li class=\"menu-item menu-item-type-custom menu-item-object-custom menu-item-77\"><a href=\"\/board-of-supervisors\/es\/districtmaps\/\" class=\"elementor-item\">Mapas de distrito<\/a><\/li>\n<\/ul>\t\t\t<\/nav>\n\t\t\t\t\t<div class=\"elementor-menu-toggle\" role=\"button\" tabindex=\"0\" aria-label=\"Men\u00fa Toggle\" aria-expanded=\"false\">\n\t\t\t<i aria-hidden=\"true\" role=\"presentation\" class=\"elementor-menu-toggle__icon--open eicon-menu-bar\"><\/i><i aria-hidden=\"true\" role=\"presentation\" class=\"elementor-menu-toggle__icon--close eicon-close\"><\/i>\t\t<\/div>\n\t\t\t\t\t<nav class=\"elementor-nav-menu--dropdown elementor-nav-menu__container\" aria-hidden=\"true\">\n\t\t\t\t<ul id=\"menu-2-0996bc0\" class=\"elementor-nav-menu\"><li class=\"menu-item menu-item-type-post_type menu-item-object-page menu-item-109\"><a href=\"https:\/\/venturacounty.gov\/board-of-supervisors\/es\/district-1\/\" class=\"elementor-item\" tabindex=\"-1\">Distrito 1 - Sup. Lavere<\/a><\/li>\n<li class=\"menu-item menu-item-type-post_type menu-item-object-page menu-item-132\"><a href=\"https:\/\/venturacounty.gov\/board-of-supervisors\/es\/district-2-jeff-gorell\/\" class=\"elementor-item\" tabindex=\"-1\">Distrito 2 - Sup. Gorell<\/a><\/li>\n<li class=\"menu-item menu-item-type-post_type menu-item-object-page menu-item-133\"><a href=\"https:\/\/venturacounty.gov\/board-of-supervisors\/es\/district-3-kelly-long\/\" class=\"elementor-item\" tabindex=\"-1\">Distrito 3 - Sup. Long<\/a><\/li>\n<li class=\"menu-item menu-item-type-post_type menu-item-object-page menu-item-134\"><a href=\"https:\/\/venturacounty.gov\/board-of-supervisors\/es\/district-4-janice-parvin\/\" class=\"elementor-item\" tabindex=\"-1\">Distrito 4 - Sup. Parvin<\/a><\/li>\n<li class=\"menu-item menu-item-type-post_type menu-item-object-page menu-item-135\"><a href=\"https:\/\/venturacounty.gov\/board-of-supervisors\/es\/district-5\/\" class=\"elementor-item\" tabindex=\"-1\">Distrito 5 - Sup. L\u00f3pez<\/a><\/li>\n<li class=\"menu-item menu-item-type-custom menu-item-object-custom menu-item-77\"><a href=\"\/board-of-supervisors\/es\/districtmaps\/\" class=\"elementor-item\" tabindex=\"-1\">Mapas de distrito<\/a><\/li>\n<\/ul>\t\t\t<\/nav>\n\t\t\t\t\t\t<\/div>\n\t\t\t\t<\/div>\n\t\t\t\t\t<\/div>\n\t\t\t\t<\/div>\n\t\t<div class=\"elementor-element elementor-element-bf6ebee e-flex e-con-boxed e-con e-parent\" data-id=\"bf6ebee\" data-element_type=\"container\">\n\t\t\t\t\t<div class=\"e-con-inner\">\n\t\t<div class=\"elementor-element elementor-element-77fa01e e-flex e-con-boxed e-con e-child\" data-id=\"77fa01e\" data-element_type=\"container\">\n\t\t\t\t\t<div class=\"e-con-inner\">\n\t\t\t\t<div class=\"elementor-element elementor-element-03e412f elementor-widget elementor-widget-heading\" data-id=\"03e412f\" data-element_type=\"widget\" data-widget_type=\"heading.default\">\n\t\t\t\t<div class=\"elementor-widget-container\">\n\t\t\t\t\t<h1 class=\"elementor-heading-title elementor-size-default\">Mapas de distrito<\/h1>\t\t\t\t<\/div>\n\t\t\t\t<\/div>\n\t\t\t\t<div class=\"elementor-element elementor-element-b1e7cec elementor-widget-divider--view-line elementor-widget elementor-widget-divider\" data-id=\"b1e7cec\" data-element_type=\"widget\" data-widget_type=\"divider.default\">\n\t\t\t\t<div class=\"elementor-widget-container\">\n\t\t\t\t\t\t\t<div class=\"elementor-divider\">\n\t\t\t<span class=\"elementor-divider-separator\">\n\t\t\t\t\t\t<\/span>\n\t\t<\/div>\n\t\t\t\t\t\t<\/div>\n\t\t\t\t<\/div>\n\t\t\t\t<div class=\"elementor-element elementor-element-ec1781f elementor-widget elementor-widget-html\" data-id=\"ec1781f\" data-element_type=\"widget\" data-widget_type=\"html.default\">\n\t\t\t\t<div class=\"elementor-widget-container\">\n\t\t\t\t\t<a href=\"https:\/\/vcportal.venturacounty.gov\/COV\/redistricting\/docs\/AllDistrictMapUpdate2023.pdf\" target=\"_blank\"><img decoding=\"async\" src=\"https:\/\/vcportal.venturacounty.gov\/COV\/redistricting\/docs\/district-map-updated2023.JPG\"><\/a>\t\t\t\t<\/div>\n\t\t\t\t<\/div>\n\t\t\t\t<div class=\"elementor-element elementor-element-952d48f elementor-align-center elementor-widget elementor-widget-button\" data-id=\"952d48f\" data-element_type=\"widget\" data-widget_type=\"button.default\">\n\t\t\t\t<div class=\"elementor-widget-container\">\n\t\t\t\t\t\t\t\t\t<div class=\"elementor-button-wrapper\">\n\t\t\t\t\t<a class=\"elementor-button elementor-button-link elementor-size-sm\" href=\"https:\/\/vcportal.venturacounty.gov\/COV\/redistricting\/Ventura%20County%20Final%20Plan%205.html\" target=\"_blank\">\n\t\t\t\t\t\t<span class=\"elementor-button-content-wrapper\">\n\t\t\t\t\t\t\t\t\t<span class=\"elementor-button-text\">Haga clic aqu\u00ed para ver una vista a nivel de calle del Mapa del Distrito de Supervisores<\/span>\n\t\t\t\t\t<\/span>\n\t\t\t\t\t<\/a>\n\t\t\t\t<\/div>\n\t\t\t\t\t\t\t\t<\/div>\n\t\t\t\t<\/div>\n\t\t\t\t<div class=\"elementor-element elementor-element-73b6287 elementor-widget-divider--view-line elementor-widget elementor-widget-divider\" data-id=\"73b6287\" data-element_type=\"widget\" data-widget_type=\"divider.default\">\n\t\t\t\t<div class=\"elementor-widget-container\">\n\t\t\t\t\t\t\t<div class=\"elementor-divider\">\n\t\t\t<span class=\"elementor-divider-separator\">\n\t\t\t\t\t\t<\/span>\n\t\t<\/div>\n\t\t\t\t\t\t<\/div>\n\t\t\t\t<\/div>\n\t\t<div class=\"elementor-element elementor-element-c811bb5 e-flex e-con-boxed e-con e-child\" data-id=\"c811bb5\" data-element_type=\"container\">\n\t\t\t\t\t<div class=\"e-con-inner\">\n\t\t<div class=\"elementor-element elementor-element-aa003d4 e-flex e-con-boxed e-con e-child\" data-id=\"aa003d4\" data-element_type=\"container\">\n\t\t\t\t\t<div class=\"e-con-inner\">\n\t\t\t\t<div class=\"elementor-element elementor-element-66c75e7 elementor-widget elementor-widget-html\" data-id=\"66c75e7\" data-element_type=\"widget\" data-widget_type=\"html.default\">\n\t\t\t\t<div class=\"elementor-widget-container\">\n\t\t\t\t\t<a href=\"https:\/\/vcportal.venturacounty.gov\/COV\/redistricting\/docs\/District1Map.pdf\" target=\"_blank\"><img decoding=\"async\" src=\"https:\/\/vcportal.venturacounty.gov\/COV\/redistricting\/docs\/District1-Map.jpg\"><\/a>\t\t\t\t<\/div>\n\t\t\t\t<\/div>\n\t\t\t\t\t<\/div>\n\t\t\t\t<\/div>\n\t\t<div class=\"elementor-element elementor-element-c34f896 e-flex e-con-boxed e-con e-child\" data-id=\"c34f896\" data-element_type=\"container\">\n\t\t\t\t\t<div class=\"e-con-inner\">\n\t\t\t\t<div class=\"elementor-element elementor-element-c783e46 elementor-widget elementor-widget-html\" data-id=\"c783e46\" data-element_type=\"widget\" data-widget_type=\"html.default\">\n\t\t\t\t<div class=\"elementor-widget-container\">\n\t\t\t\t\t<a href=\"https:\/\/vcportal.venturacounty.gov\/COV\/redistricting\/docs\/District2Map.pdf\" target=\"_blank\"><img decoding=\"async\" src=\"https:\/\/vcportal.venturacounty.gov\/COV\/redistricting\/docs\/District2-Map.jpg\"><\/a>\t\t\t\t<\/div>\n\t\t\t\t<\/div>\n\t\t\t\t\t<\/div>\n\t\t\t\t<\/div>\n\t\t<div class=\"elementor-element elementor-element-c03b890 e-flex e-con-boxed e-con e-child\" data-id=\"c03b890\" data-element_type=\"container\">\n\t\t\t\t\t<div class=\"e-con-inner\">\n\t\t\t\t<div class=\"elementor-element elementor-element-45cbb34 elementor-widget elementor-widget-html\" data-id=\"45cbb34\" data-element_type=\"widget\" data-widget_type=\"html.default\">\n\t\t\t\t<div class=\"elementor-widget-container\">\n\t\t\t\t\t<a href=\"https:\/\/vcportal.venturacounty.gov\/COV\/redistricting\/docs\/District3Map.pdf\" target=\"_blank\"><img decoding=\"async\" src=\"https:\/\/vcportal.venturacounty.gov\/COV\/redistricting\/docs\/District3-Map.jpg\"><\/a>\t\t\t\t<\/div>\n\t\t\t\t<\/div>\n\t\t\t\t\t<\/div>\n\t\t\t\t<\/div>\n\t\t\t\t\t<\/div>\n\t\t\t\t<\/div>\n\t\t<div class=\"elementor-element elementor-element-3d08289 e-flex e-con-boxed e-con e-child\" data-id=\"3d08289\" data-element_type=\"container\">\n\t\t\t\t\t<div class=\"e-con-inner\">\n\t\t<div class=\"elementor-element elementor-element-9074f67 e-flex e-con-boxed e-con e-child\" data-id=\"9074f67\" data-element_type=\"container\">\n\t\t\t\t\t<div class=\"e-con-inner\">\n\t\t\t\t<div class=\"elementor-element elementor-element-0270ef5 elementor-widget elementor-widget-html\" data-id=\"0270ef5\" data-element_type=\"widget\" data-widget_type=\"html.default\">\n\t\t\t\t<div class=\"elementor-widget-container\">\n\t\t\t\t\t<a href=\"https:\/\/vcportal.venturacounty.gov\/COV\/redistricting\/docs\/District4Map.pdf\" target=\"_blank\"><img decoding=\"async\" src=\"https:\/\/vcportal.venturacounty.gov\/COV\/redistricting\/docs\/District4-Map.jpg\"><\/a>\t\t\t\t<\/div>\n\t\t\t\t<\/div>\n\t\t\t\t\t<\/div>\n\t\t\t\t<\/div>\n\t\t<div class=\"elementor-element elementor-element-7e6f11d e-flex e-con-boxed e-con e-child\" data-id=\"7e6f11d\" data-element_type=\"container\">\n\t\t\t\t\t<div class=\"e-con-inner\">\n\t\t\t\t<div class=\"elementor-element elementor-element-974661d elementor-widget elementor-widget-html\" data-id=\"974661d\" data-element_type=\"widget\" data-widget_type=\"html.default\">\n\t\t\t\t<div class=\"elementor-widget-container\">\n\t\t\t\t\t<a href=\"https:\/\/vcportal.venturacounty.gov\/COV\/redistricting\/docs\/District5Map.pdf\" target=\"_blank\"><img decoding=\"async\" src=\"https:\/\/vcportal.venturacounty.gov\/COV\/redistricting\/docs\/District5-Map.jpg\"><\/a>\t\t\t\t<\/div>\n\t\t\t\t<\/div>\n\t\t\t\t\t<\/div>\n\t\t\t\t<\/div>\n\t\t\t\t\t<\/div>\n\t\t\t\t<\/div>\n\t\t\t\t\t<\/div>\n\t\t\t\t<\/div>\n\t\t\t\t<div class=\"elementor-element elementor-element-cd1aebc elementor-widget-divider--view-line elementor-widget elementor-widget-divider\" data-id=\"cd1aebc\" data-element_type=\"widget\" data-widget_type=\"divider.default\">\n\t\t\t\t<div class=\"elementor-widget-container\">\n\t\t\t\t\t\t\t<div class=\"elementor-divider\">\n\t\t\t<span class=\"elementor-divider-separator\">\n\t\t\t\t\t\t<\/span>\n\t\t<\/div>\n\t\t\t\t\t\t<\/div>\n\t\t\t\t<\/div>\n\t\t<div class=\"elementor-element elementor-element-102113a e-flex e-con-boxed e-con e-child\" data-id=\"102113a\" data-element_type=\"container\">\n\t\t\t\t\t<div class=\"e-con-inner\">\n\t\t\t\t<div class=\"elementor-element elementor-element-27b8950 elementor-widget elementor-widget-html\" data-id=\"27b8950\" data-element_type=\"widget\" data-widget_type=\"html.default\">\n\t\t\t\t<div class=\"elementor-widget-container\">\n\t\t\t\t\t<a href=\"https:\/\/vcportal.venturacounty.gov\/COV\/redistricting\/docs\/2011%20Supervisorial%20Map.pdf\" target=\"_blank\"><img decoding=\"async\" src=\"https:\/\/vcportal.venturacounty.gov\/COV\/redistricting\/docs\/2011%20Supervisorial%20Map.jpg\"><\/a>\t\t\t\t<\/div>\n\t\t\t\t<\/div>\n\t\t\t\t<div class=\"elementor-element elementor-element-13a4bdf elementor-align-center elementor-widget elementor-widget-button\" data-id=\"13a4bdf\" data-element_type=\"widget\" data-widget_type=\"button.default\">\n\t\t\t\t<div class=\"elementor-widget-container\">\n\t\t\t\t\t\t\t\t\t<div class=\"elementor-button-wrapper\">\n\t\t\t\t\t<a class=\"elementor-button elementor-button-link elementor-size-sm\" href=\"https:\/\/vcportal.venturacounty.gov\/COV\/redistricting\/Ventura%20County%202011%20District%20Lines.html\" target=\"_blank\">\n\t\t\t\t\t\t<span class=\"elementor-button-content-wrapper\">\n\t\t\t\t\t\t\t\t\t<span class=\"elementor-button-text\">Haga clic aqu\u00ed para ver las demarcaciones de los distritos de supervisi\u00f3n de 2011<\/span>\n\t\t\t\t\t<\/span>\n\t\t\t\t\t<\/a>\n\t\t\t\t<\/div>\n\t\t\t\t\t\t\t\t<\/div>\n\t\t\t\t<\/div>\n\t\t\t\t<div class=\"elementor-element elementor-element-d5a09a5 elementor-widget-divider--view-line elementor-widget elementor-widget-divider\" data-id=\"d5a09a5\" data-element_type=\"widget\" data-widget_type=\"divider.default\">\n\t\t\t\t<div class=\"elementor-widget-container\">\n\t\t\t\t\t\t\t<div class=\"elementor-divider\">\n\t\t\t<span class=\"elementor-divider-separator\">\n\t\t\t\t\t\t<\/span>\n\t\t<\/div>\n\t\t\t\t\t\t<\/div>\n\t\t\t\t<\/div>\n\t\t\t\t<div class=\"elementor-element elementor-element-eeda923 elementor-align-center elementor-widget elementor-widget-button\" data-id=\"eeda923\" data-element_type=\"widget\" data-widget_type=\"button.default\">\n\t\t\t\t<div class=\"elementor-widget-container\">\n\t\t\t\t\t\t\t\t\t<div class=\"elementor-button-wrapper\">\n\t\t\t\t\t<a class=\"elementor-button elementor-button-link elementor-size-sm\" href=\"https:\/\/venturacounty.gov\/board-of-supervisors\/es\/redistricting\/\">\n\t\t\t\t\t\t<span class=\"elementor-button-content-wrapper\">\n\t\t\t\t\t\t\t\t\t<span class=\"elementor-button-text\">Pulse aqu\u00ed para saber m\u00e1s sobre el proceso de redistribuci\u00f3n de distritos<\/span>\n\t\t\t\t\t<\/span>\n\t\t\t\t\t<\/a>\n\t\t\t\t<\/div>\n\t\t\t\t\t\t\t\t<\/div>\n\t\t\t\t<\/div>\n\t\t\t\t<div class=\"elementor-element elementor-element-69f5b90 elementor-align-center elementor-widget elementor-widget-button\" data-id=\"69f5b90\" data-element_type=\"widget\" data-widget_type=\"button.default\">\n\t\t\t\t<div class=\"elementor-widget-container\">\n\t\t\t\t\t\t\t\t\t<div class=\"elementor-button-wrapper\">\n\t\t\t\t\t<a class=\"elementor-button elementor-button-link elementor-size-sm\" href=\"https:\/\/vcportal.venturacounty.gov\/COV\/redistricting\/docs\/Adopted%20Redistricting%20Re_20211208161330.pdf\" target=\"_blank\">\n\t\t\t\t\t\t<span class=\"elementor-button-content-wrapper\">\n\t\t\t\t\t\t\t\t\t<span class=\"elementor-button-text\">Resoluci\u00f3n No: 21-189 de la Junta de Supervisores del Condado de Ventura que Establece Nuevos L\u00edmites de Distritos de Supervisi\u00f3n en el Condado de Ventura de Conformidad con las Leyes de Redistribuci\u00f3n de Distritos<\/span>\n\t\t\t\t\t<\/span>\n\t\t\t\t\t<\/a>\n\t\t\t\t<\/div>\n\t\t\t\t\t\t\t\t<\/div>\n\t\t\t\t<\/div>\n\t\t\t\t\t<\/div>\n\t\t\t\t<\/div>\n\t\t\t\t\t<\/div>\n\t\t\t\t<\/div>\n\t\t\t\t<\/div>","protected":false},"excerpt":{"rendered":"<p>District Maps Click here to view a street level view of the Supervisorial District Map Click here to view the 2011 Supervisorial District Boundries Click here to learn more about the redistricting process Resolution No: 21-189 of the Board of Supervisors of the County of Ventura Establishing New Supervisorial District Boundaries in the County of [&hellip;]<\/p>\n","protected":false},"author":5,"featured_media":0,"parent":0,"menu_order":0,"comment_status":"closed","ping_status":"closed","template":"","meta":{"_relevanssi_hide_post":"","_relevanssi_hide_content":"","_relevanssi_pin_for_all":"","_relevanssi_pin_keywords":"","_relevanssi_unpin_keywords":"","_relevanssi_related_keywords":"","_relevanssi_related_include_ids":"","_relevanssi_related_exclude_ids":"","_relevanssi_related_no_append":"","_relevanssi_related_not_related":"","_relevanssi_related_posts":"","_relevanssi_noindex_reason":"","footnotes":""},"categories":[10],"tags":[],"class_list":["post-576","page","type-page","status-publish","hentry","category-board-of-supervisors"],"_links":{"self":[{"href":"https:\/\/venturacounty.gov\/board-of-supervisors\/es\/wp-json\/wp\/v2\/pages\/576","targetHints":{"allow":["GET"]}}],"collection":[{"href":"https:\/\/venturacounty.gov\/board-of-supervisors\/es\/wp-json\/wp\/v2\/pages"}],"about":[{"href":"https:\/\/venturacounty.gov\/board-of-supervisors\/es\/wp-json\/wp\/v2\/types\/page"}],"author":[{"embeddable":true,"href":"https:\/\/venturacounty.gov\/board-of-supervisors\/es\/wp-json\/wp\/v2\/users\/5"}],"replies":[{"embeddable":true,"href":"https:\/\/venturacounty.gov\/board-of-supervisors\/es\/wp-json\/wp\/v2\/comments?post=576"}],"version-history":[{"count":0,"href":"https:\/\/venturacounty.gov\/board-of-supervisors\/es\/wp-json\/wp\/v2\/pages\/576\/revisions"}],"wp:attachment":[{"href":"https:\/\/venturacounty.gov\/board-of-supervisors\/es\/wp-json\/wp\/v2\/media?parent=576"}],"wp:term":[{"taxonomy":"category","embeddable":true,"href":"https:\/\/venturacounty.gov\/board-of-supervisors\/es\/wp-json\/wp\/v2\/categories?post=576"},{"taxonomy":"post_tag","embeddable":true,"href":"https:\/\/venturacounty.gov\/board-of-supervisors\/es\/wp-json\/wp\/v2\/tags?post=576"}],"curies":[{"name":"wp","href":"https:\/\/api.w.org\/{rel}","templated":true}]}}