{"id":664,"date":"2023-07-26T16:53:32","date_gmt":"2023-07-26T16:53:32","guid":{"rendered":"https:\/\/venturacounty.gov\/board-of-supervisors\/?page_id=664"},"modified":"2025-06-30T20:40:55","modified_gmt":"2025-06-30T20:40:55","slug":"what-is-redistricting","status":"publish","type":"page","link":"https:\/\/venturacounty.gov\/board-of-supervisors\/es\/redistricting\/what-is-redistricting\/","title":{"rendered":"Redistribuci\u00f3n de distritos en 2021"},"content":{"rendered":"<div data-elementor-type=\"wp-page\" data-elementor-id=\"664\" class=\"elementor elementor-664\" data-elementor-post-type=\"page\">\n\t\t\t\t<div class=\"elementor-element elementor-element-211bf85 e-flex e-con-boxed e-con e-parent\" data-id=\"211bf85\" data-element_type=\"container\">\n\t\t\t\t\t<div class=\"e-con-inner\">\n\t\t<div class=\"elementor-element elementor-element-1239e6f e-flex e-con-boxed e-con e-parent\" data-id=\"1239e6f\" data-element_type=\"container\" data-settings=\"{&quot;background_background&quot;:&quot;classic&quot;}\">\n\t\t\t\t\t<div class=\"e-con-inner\">\n\t\t\t\t<div class=\"elementor-element elementor-element-ee60f99 elementor-widget elementor-widget-image\" data-id=\"ee60f99\" data-element_type=\"widget\" data-widget_type=\"image.default\">\n\t\t\t\t<div class=\"elementor-widget-container\">\n\t\t\t\t\t\t\t\t\t\t\t\t\t\t\t\t<a href=\"\/board-of-supervisors\/es\/\">\n\t\t\t\t\t\t\t<img decoding=\"async\" width=\"357\" height=\"75\" src=\"https:\/\/venturacounty.gov\/board-of-supervisors\/wp-content\/uploads\/sites\/17\/2023\/07\/bos-logo.png\" class=\"attachment-large size-large wp-image-98\" alt=\"Board of Supervisors Header\" srcset=\"https:\/\/venturacounty.gov\/board-of-supervisors\/wp-content\/uploads\/sites\/17\/2023\/07\/bos-logo.png 357w, https:\/\/venturacounty.gov\/board-of-supervisors\/wp-content\/uploads\/sites\/17\/2023\/07\/bos-logo-300x63.png 300w\" sizes=\"(max-width: 357px) 100vw, 357px\" \/>\t\t\t\t\t\t\t\t<\/a>\n\t\t\t\t\t\t\t\t\t\t\t\t\t\t\t<\/div>\n\t\t\t\t<\/div>\n\t\t\t\t\t<\/div>\n\t\t\t\t<\/div>\n\t\t\t\t\t<\/div>\n\t\t\t\t<\/div>\n\t\t<div class=\"elementor-element elementor-element-3645d9c e-flex e-con-boxed e-con e-parent\" data-id=\"3645d9c\" data-element_type=\"container\" data-settings=\"{&quot;background_background&quot;:&quot;classic&quot;}\">\n\t\t\t\t\t<div class=\"e-con-inner\">\n\t\t\t\t<div class=\"elementor-element elementor-element-0996bc0 elementor-nav-menu--dropdown-tablet elementor-nav-menu__text-align-aside elementor-nav-menu--toggle elementor-nav-menu--burger elementor-widget elementor-widget-nav-menu\" data-id=\"0996bc0\" data-element_type=\"widget\" data-settings=\"{&quot;layout&quot;:&quot;horizontal&quot;,&quot;submenu_icon&quot;:{&quot;value&quot;:&quot;&lt;i class=\\&quot;fas fa-caret-down\\&quot;&gt;&lt;\\\/i&gt;&quot;,&quot;library&quot;:&quot;fa-solid&quot;},&quot;toggle&quot;:&quot;burger&quot;}\" data-widget_type=\"nav-menu.default\">\n\t\t\t\t<div class=\"elementor-widget-container\">\n\t\t\t\t\t\t\t\t<nav aria-label=\"Men\u00fa\" class=\"elementor-nav-menu--main elementor-nav-menu__container elementor-nav-menu--layout-horizontal e--pointer-background e--animation-fade\">\n\t\t\t\t<ul id=\"menu-1-0996bc0\" class=\"elementor-nav-menu\"><li class=\"menu-item menu-item-type-post_type menu-item-object-page menu-item-581\"><a href=\"https:\/\/venturacounty.gov\/board-of-supervisors\/es\/redistricting\/\" class=\"elementor-item\">Inicio<\/a><\/li>\n<li class=\"menu-item menu-item-type-post_type menu-item-object-page menu-item-636\"><a href=\"https:\/\/venturacounty.gov\/board-of-supervisors\/es\/redistricting\/draft-maps\/\" class=\"elementor-item\">Proyectos de mapas<\/a><\/li>\n<li class=\"menu-item menu-item-type-post_type menu-item-object-page menu-item-583\"><a href=\"https:\/\/venturacounty.gov\/board-of-supervisors\/es\/redistricting\/participation\/\" class=\"elementor-item\">Participa<\/a><\/li>\n<li class=\"menu-item menu-item-type-post_type menu-item-object-page menu-item-638\"><a href=\"https:\/\/venturacounty.gov\/board-of-supervisors\/es\/redistricting\/communityinput\/\" class=\"elementor-item\">Aportaciones de la Comunidad<\/a><\/li>\n<li class=\"menu-item menu-item-type-post_type menu-item-object-page menu-item-642\"><a href=\"https:\/\/venturacounty.gov\/board-of-supervisors\/es\/redistricting\/mapping\/\" class=\"elementor-item\">Cartograf\u00eda<\/a><\/li>\n<li class=\"menu-item menu-item-type-post_type menu-item-object-page menu-item-647\"><a href=\"https:\/\/venturacounty.gov\/board-of-supervisors\/es\/redistricting\/references\/\" class=\"elementor-item\">FAQS<\/a><\/li>\n<li class=\"menu-item menu-item-type-post_type menu-item-object-page menu-item-656\"><a href=\"https:\/\/venturacounty.gov\/board-of-supervisors\/es\/redistricting\/outreach-toolkit\/\" class=\"elementor-item\">Herramientas de divulgaci\u00f3n<\/a><\/li>\n<li class=\"menu-item menu-item-type-post_type menu-item-object-page menu-item-663\"><a href=\"https:\/\/venturacounty.gov\/board-of-supervisors\/es\/redistricting\/comment-form\/\" class=\"elementor-item\">P\u00f3ngase en contacto con<\/a><\/li>\n<\/ul>\t\t\t<\/nav>\n\t\t\t\t\t<div class=\"elementor-menu-toggle\" role=\"button\" tabindex=\"0\" aria-label=\"Men\u00fa Toggle\" aria-expanded=\"false\">\n\t\t\t<i aria-hidden=\"true\" role=\"presentation\" class=\"elementor-menu-toggle__icon--open eicon-menu-bar\"><\/i><i aria-hidden=\"true\" role=\"presentation\" class=\"elementor-menu-toggle__icon--close eicon-close\"><\/i>\t\t<\/div>\n\t\t\t\t\t<nav class=\"elementor-nav-menu--dropdown elementor-nav-menu__container\" aria-hidden=\"true\">\n\t\t\t\t<ul id=\"menu-2-0996bc0\" class=\"elementor-nav-menu\"><li class=\"menu-item menu-item-type-post_type menu-item-object-page menu-item-581\"><a href=\"https:\/\/venturacounty.gov\/board-of-supervisors\/es\/redistricting\/\" class=\"elementor-item\" tabindex=\"-1\">Inicio<\/a><\/li>\n<li class=\"menu-item menu-item-type-post_type menu-item-object-page menu-item-636\"><a href=\"https:\/\/venturacounty.gov\/board-of-supervisors\/es\/redistricting\/draft-maps\/\" class=\"elementor-item\" tabindex=\"-1\">Proyectos de mapas<\/a><\/li>\n<li class=\"menu-item menu-item-type-post_type menu-item-object-page menu-item-583\"><a href=\"https:\/\/venturacounty.gov\/board-of-supervisors\/es\/redistricting\/participation\/\" class=\"elementor-item\" tabindex=\"-1\">Participa<\/a><\/li>\n<li class=\"menu-item menu-item-type-post_type menu-item-object-page menu-item-638\"><a href=\"https:\/\/venturacounty.gov\/board-of-supervisors\/es\/redistricting\/communityinput\/\" class=\"elementor-item\" tabindex=\"-1\">Aportaciones de la Comunidad<\/a><\/li>\n<li class=\"menu-item menu-item-type-post_type menu-item-object-page menu-item-642\"><a href=\"https:\/\/venturacounty.gov\/board-of-supervisors\/es\/redistricting\/mapping\/\" class=\"elementor-item\" tabindex=\"-1\">Cartograf\u00eda<\/a><\/li>\n<li class=\"menu-item menu-item-type-post_type menu-item-object-page menu-item-647\"><a href=\"https:\/\/venturacounty.gov\/board-of-supervisors\/es\/redistricting\/references\/\" class=\"elementor-item\" tabindex=\"-1\">FAQS<\/a><\/li>\n<li class=\"menu-item menu-item-type-post_type menu-item-object-page menu-item-656\"><a href=\"https:\/\/venturacounty.gov\/board-of-supervisors\/es\/redistricting\/outreach-toolkit\/\" class=\"elementor-item\" tabindex=\"-1\">Herramientas de divulgaci\u00f3n<\/a><\/li>\n<li class=\"menu-item menu-item-type-post_type menu-item-object-page menu-item-663\"><a href=\"https:\/\/venturacounty.gov\/board-of-supervisors\/es\/redistricting\/comment-form\/\" class=\"elementor-item\" tabindex=\"-1\">P\u00f3ngase en contacto con<\/a><\/li>\n<\/ul>\t\t\t<\/nav>\n\t\t\t\t\t\t<\/div>\n\t\t\t\t<\/div>\n\t\t\t\t\t<\/div>\n\t\t\t\t<\/div>\n\t\t<div class=\"elementor-element elementor-element-79a097c e-flex e-con-boxed e-con e-parent\" data-id=\"79a097c\" data-element_type=\"container\">\n\t\t\t\t\t<div class=\"e-con-inner\">\n\t\t<div class=\"elementor-element elementor-element-2c40375 e-flex e-con-boxed e-con e-parent\" data-id=\"2c40375\" data-element_type=\"container\">\n\t\t\t\t\t<div class=\"e-con-inner\">\n\t\t\t\t<div class=\"elementor-element elementor-element-08f0ab8 elementor-widget elementor-widget-heading\" data-id=\"08f0ab8\" data-element_type=\"widget\" data-widget_type=\"heading.default\">\n\t\t\t\t<div class=\"elementor-widget-container\">\n\t\t\t\t\t<h1 class=\"elementor-heading-title elementor-size-default\">\u00bfQu\u00e9 es la redistribuci\u00f3n de distritos?<\/h1>\t\t\t\t<\/div>\n\t\t\t\t<\/div>\n\t\t\t\t<div class=\"elementor-element elementor-element-05586a0 elementor-widget elementor-widget-text-editor\" data-id=\"05586a0\" data-element_type=\"widget\" data-widget_type=\"text-editor.default\">\n\t\t\t\t<div class=\"elementor-widget-container\">\n\t\t\t\t\t\t\t\t\t<p>Cada diez a\u00f1os, los distritos deben trazarse de nuevo para que cada uno de ellos tenga una poblaci\u00f3n sustancialmente igual. Este proceso, denominado redistribuci\u00f3n de distritos, es importante para garantizar que cada miembro de la junta represente aproximadamente al mismo n\u00famero de electores. En el condado de Ventura, la Junta de Supervisores es responsable de adoptar los distritos de supervisi\u00f3n. La redistribuci\u00f3n de distritos se basar\u00e1 en los datos del Censo de EE.UU., cuya publicaci\u00f3n est\u00e1 prevista para el 30 de septiembre.<sup>th<\/sup>. En virtud de la Ley de mapas equitativos, el condado debe completar el proceso de redistribuci\u00f3n de distritos antes del 15 de diciembre de 2021.<\/p><h2 role=\"heading\" aria-level=\"2\" data-uw-rm-heading=\"level\"><strong>Ayude a dar forma al futuro de los Distritos de Supervisi\u00f3n del Condado de Ventura<\/strong><\/h2><p>Cada diez a\u00f1os, los datos del Censo de EE.UU. se utilizan para redibujar los l\u00edmites de los distritos de la Junta de Supervisores del Condado de Ventura. Esto asegura que los distritos est\u00e1n equilibrados para los cambios en la poblaci\u00f3n. La Junta de Supervisores quiere saber de usted c\u00f3mo estos l\u00edmites deben ser dibujados. Complete este formulario de la Comunidad de Inter\u00e9s para decirle a la Junta acerca de su comunidad - mantener las comunidades de inter\u00e9s juntos es un criterio de alto rango en el proceso de redistribuci\u00f3n de distritos.<\/p><h2 role=\"heading\" aria-level=\"2\" data-uw-rm-heading=\"level\"><strong>\u00bfPor qu\u00e9 me importa la redistribuci\u00f3n de distritos?<\/strong><\/h2><p>La redistribuci\u00f3n de distritos determina qu\u00e9 barrios y comunidades se agrupan en un distrito a efectos de elegir a un miembro de la junta. La Junta de Supervisores buscar\u00e1 opiniones para seleccionar el pr\u00f3ximo mapa de distritos para nuestros distritos de supervisores. Usted tiene la oportunidad de compartir con la Junta de Supervisores c\u00f3mo usted<br \/>piensan que los l\u00edmites de los distritos deben trazarse de modo que representen lo mejor posible a su comunidad.<\/p><h2 role=\"heading\" aria-level=\"2\" data-uw-rm-heading=\"level\"><strong>\u00bfC\u00f3mo son los actuales distritos de supervisi\u00f3n?<\/strong><\/h2><p><a href=\"https:\/\/vcitsgis.maps.arcgis.com\/apps\/webappviewer\/index.html?id=1e8f8107c00b43d49e611e1759114270\">Supervisorial<br \/>Mapa web<\/a><\/p><p>Mapas de los distritos de supervisi\u00f3n -\u00a0<a href=\"https:\/\/venturacounty.gov\/board-of-supervisors\/wp-content\/uploads\/sites\/17\/2023\/09\/SupervisorialDistrictsBW.pdf\" data-uw-pdf-br=\"1\" data-uw-pdf-doc=\"\">Blanco y negro<\/a>\u00a0\/\u00a0<a href=\"https:\/\/venturacounty.gov\/board-of-supervisors\/wp-content\/uploads\/sites\/17\/2023\/09\/SupervisorialDistrictsColor.pdf\" data-uw-pdf-br=\"1\" data-uw-pdf-doc=\"\">Color<\/a><\/p>\t\t\t\t\t\t\t\t<\/div>\n\t\t\t\t<\/div>\n\t\t\t\t\t<\/div>\n\t\t\t\t<\/div>\n\t\t\t\t\t<\/div>\n\t\t\t\t<\/div>\n\t\t<div class=\"elementor-element elementor-element-717dc0d e-flex e-con-boxed e-con e-parent\" data-id=\"717dc0d\" data-element_type=\"container\">\n\t\t\t\t\t<div class=\"e-con-inner\">\n\t\t<div class=\"elementor-element elementor-element-469f230 e-con-full e-flex e-con e-parent\" data-id=\"469f230\" data-element_type=\"container\">\n\t\t\t\t<div class=\"elementor-element elementor-element-e2a88b1 elementor-widget elementor-widget-image\" data-id=\"e2a88b1\" data-element_type=\"widget\" data-widget_type=\"image.default\">\n\t\t\t\t<div class=\"elementor-widget-container\">\n\t\t\t\t\t\t\t\t\t\t\t\t\t\t\t<img fetchpriority=\"high\" decoding=\"async\" width=\"791\" height=\"1024\" src=\"https:\/\/venturacounty.gov\/board-of-supervisors\/wp-content\/uploads\/sites\/17\/2023\/07\/Redistricting-Ventura-Map-Image-EN2-791x1024-1.jpeg\" class=\"attachment-full size-full wp-image-665\" alt=\"\" srcset=\"https:\/\/venturacounty.gov\/board-of-supervisors\/wp-content\/uploads\/sites\/17\/2023\/07\/Redistricting-Ventura-Map-Image-EN2-791x1024-1.jpeg 791w, https:\/\/venturacounty.gov\/board-of-supervisors\/wp-content\/uploads\/sites\/17\/2023\/07\/Redistricting-Ventura-Map-Image-EN2-791x1024-1-232x300.jpeg 232w, https:\/\/venturacounty.gov\/board-of-supervisors\/wp-content\/uploads\/sites\/17\/2023\/07\/Redistricting-Ventura-Map-Image-EN2-791x1024-1-768x994.jpeg 768w\" sizes=\"(max-width: 791px) 100vw, 791px\" \/>\t\t\t\t\t\t\t\t\t\t\t\t\t\t\t<\/div>\n\t\t\t\t<\/div>\n\t\t\t\t<\/div>\n\t\t\t\t\t<\/div>\n\t\t\t\t<\/div>\n\t\t<div class=\"elementor-element elementor-element-7c96c25 e-flex e-con-boxed e-con e-parent\" data-id=\"7c96c25\" data-element_type=\"container\">\n\t\t\t\t\t<div class=\"e-con-inner\">\n\t\t\t\t<div class=\"elementor-element elementor-element-a5f5bc0 elementor-widget elementor-widget-text-editor\" data-id=\"a5f5bc0\" data-element_type=\"widget\" data-widget_type=\"text-editor.default\">\n\t\t\t\t<div class=\"elementor-widget-container\">\n\t\t\t\t\t\t\t\t\t<h2 role=\"heading\" aria-level=\"2\" data-uw-rm-heading=\"level\"><strong>\u00bfQu\u00e9 criterios seguir\u00e1 nuestra Junta de Supervisores<br \/>a la hora de trazar las l\u00edneas de los distritos?<\/strong><\/h2><p>En la medida de lo posible, las l\u00edneas de distrito se adoptar\u00e1n siguiendo los siguientes criterios:<\/p><ul><li><p>Distritos geogr\u00e1ficamente contiguos (cada distrito supervisor debe compartir una frontera com\u00fan con<br \/>el siguiente)<\/p><\/li><li><p>Se respetar\u00e1 la integridad geogr\u00e1fica de los barrios o comunidades locales de forma que<br \/>minimiza su divisi\u00f3n<\/p><\/li><li><p>Se respetar\u00e1 la integridad geogr\u00e1fica de una ciudad de forma que se minimice su divisi\u00f3n<\/p><\/li><li><p>L\u00edmites f\u00e1cilmente identificables que siguen barreras naturales o artificiales (r\u00edos, calles,<br \/>autopistas, l\u00edneas de ferrocarril, etc.)<\/p><\/li><li><p>Las l\u00edneas se trazar\u00e1n para fomentar la compacidad geogr\u00e1fica<\/p><\/li><\/ul><p>Adem\u00e1s, los l\u00edmites no se trazar\u00e1n con el fin de favorecer o discriminar a un partido pol\u00edtico.<\/p>\t\t\t\t\t\t\t\t<\/div>\n\t\t\t\t<\/div>\n\t\t\t\t\t<\/div>\n\t\t\t\t<\/div>\n\t\t<div class=\"elementor-element elementor-element-68b0728 e-flex e-con-boxed e-con e-parent\" data-id=\"68b0728\" data-element_type=\"container\">\n\t\t\t\t\t<div class=\"e-con-inner\">\n\t\t\t\t<div class=\"elementor-element elementor-element-6ed3b5d elementor-widget elementor-widget-video\" data-id=\"6ed3b5d\" data-element_type=\"widget\" data-settings=\"{&quot;video_type&quot;:&quot;vimeo&quot;}\" data-widget_type=\"video.default\">\n\t\t\t\t<div class=\"elementor-widget-container\">\n\t\t\t\t\t\t\t<div class=\"elementor-wrapper elementor-open-inline\">\n\t\t\t<iframe class=\"elementor-video-iframe\" allowfullscreen allow=\"clipboard-write\" title=\"Reproductor de video vimeo\" src=\"https:\/\/player.vimeo.com\/video\/588521634?color&amp;autopause=0&amp;loop=0&amp;muted=0&amp;title=1&amp;portrait=1&amp;byline=1#t=\" data-no-translation-title=\"\"><\/iframe>\t\t<\/div>\n\t\t\t\t\t\t<\/div>\n\t\t\t\t<\/div>\n\t\t\t\t\t<\/div>\n\t\t\t\t<\/div>\n\t\t\t\t<\/div>","protected":false},"excerpt":{"rendered":"<p>What is Redistricting? Every ten years, districts must be redrawn so that each district is substantially equal in population. This process, called redistricting, is important in ensuring that each board member represents about the same number of constituents. In Ventura County, the Board of Supervisors is responsible for adopting supervisorial districts. Redistricting will be based [&hellip;]<\/p>\n","protected":false},"author":11,"featured_media":0,"parent":580,"menu_order":0,"comment_status":"closed","ping_status":"closed","template":"","meta":{"_relevanssi_hide_post":"","_relevanssi_hide_content":"","_relevanssi_pin_for_all":"","_relevanssi_pin_keywords":"","_relevanssi_unpin_keywords":"","_relevanssi_related_keywords":"","_relevanssi_related_include_ids":"","_relevanssi_related_exclude_ids":"","_relevanssi_related_no_append":"","_relevanssi_related_not_related":"","_relevanssi_related_posts":"","_relevanssi_noindex_reason":"","footnotes":""},"categories":[27],"tags":[],"class_list":["post-664","page","type-page","status-publish","hentry","category-redistricting"],"_links":{"self":[{"href":"https:\/\/venturacounty.gov\/board-of-supervisors\/es\/wp-json\/wp\/v2\/pages\/664","targetHints":{"allow":["GET"]}}],"collection":[{"href":"https:\/\/venturacounty.gov\/board-of-supervisors\/es\/wp-json\/wp\/v2\/pages"}],"about":[{"href":"https:\/\/venturacounty.gov\/board-of-supervisors\/es\/wp-json\/wp\/v2\/types\/page"}],"author":[{"embeddable":true,"href":"https:\/\/venturacounty.gov\/board-of-supervisors\/es\/wp-json\/wp\/v2\/users\/11"}],"replies":[{"embeddable":true,"href":"https:\/\/venturacounty.gov\/board-of-supervisors\/es\/wp-json\/wp\/v2\/comments?post=664"}],"version-history":[{"count":0,"href":"https:\/\/venturacounty.gov\/board-of-supervisors\/es\/wp-json\/wp\/v2\/pages\/664\/revisions"}],"up":[{"embeddable":true,"href":"https:\/\/venturacounty.gov\/board-of-supervisors\/es\/wp-json\/wp\/v2\/pages\/580"}],"wp:attachment":[{"href":"https:\/\/venturacounty.gov\/board-of-supervisors\/es\/wp-json\/wp\/v2\/media?parent=664"}],"wp:term":[{"taxonomy":"category","embeddable":true,"href":"https:\/\/venturacounty.gov\/board-of-supervisors\/es\/wp-json\/wp\/v2\/categories?post=664"},{"taxonomy":"post_tag","embeddable":true,"href":"https:\/\/venturacounty.gov\/board-of-supervisors\/es\/wp-json\/wp\/v2\/tags?post=664"}],"curies":[{"name":"wp","href":"https:\/\/api.w.org\/{rel}","templated":true}]}}