{"id":1159,"date":"2025-05-07T00:27:42","date_gmt":"2025-05-07T00:27:42","guid":{"rendered":"https:\/\/venturacounty.gov\/county-executive-office\/?page_id=1159"},"modified":"2025-05-14T23:59:18","modified_gmt":"2025-05-14T23:59:18","slug":"capital-planning-committee","status":"publish","type":"page","link":"https:\/\/venturacounty.gov\/county-executive-office\/es\/administration\/capital-planning-committee\/","title":{"rendered":"Comit\u00e9 de Planificaci\u00f3n de Capital"},"content":{"rendered":"<div data-elementor-type=\"wp-page\" data-elementor-id=\"1159\" class=\"elementor elementor-1159\" data-elementor-post-type=\"page\">\n\t\t\t\t<div class=\"elementor-element elementor-element-7c64692a e-flex e-con-boxed e-con e-parent\" data-id=\"7c64692a\" data-element_type=\"container\">\n\t\t\t\t\t<div class=\"e-con-inner\">\n\t\t<div class=\"elementor-element elementor-element-227c6d71 e-flex e-con-boxed e-con e-parent\" data-id=\"227c6d71\" data-element_type=\"container\" data-settings=\"{&quot;background_background&quot;:&quot;classic&quot;}\">\n\t\t\t\t\t<div class=\"e-con-inner\">\n\t\t<div class=\"elementor-element elementor-element-8ca9c14 e-flex e-con-boxed e-con e-parent\" data-id=\"8ca9c14\" data-element_type=\"container\" data-settings=\"{&quot;background_background&quot;:&quot;classic&quot;}\">\n\t\t\t\t\t<div class=\"e-con-inner\">\n\t\t\t\t<div class=\"elementor-element elementor-element-c6f8a5b elementor-widget elementor-widget-heading\" data-id=\"c6f8a5b\" data-element_type=\"widget\" data-widget_type=\"heading.default\">\n\t\t\t\t<div class=\"elementor-widget-container\">\n\t\t\t\t\t<h1 class=\"elementor-heading-title elementor-size-default\">Comit\u00e9 de Planificaci\u00f3n de Capital del Condado de Ventura<\/h1>\t\t\t\t<\/div>\n\t\t\t\t<\/div>\n\t\t\t\t\t<\/div>\n\t\t\t\t<\/div>\n\t\t\t\t<div class=\"elementor-element elementor-element-91cc338 elementor-widget elementor-widget-text-editor\" data-id=\"91cc338\" data-element_type=\"widget\" data-widget_type=\"text-editor.default\">\n\t\t\t\t<div class=\"elementor-widget-container\">\n\t\t\t\t\t\t\t\t\t<p><strong>Prop\u00f3sito:<\/strong><\/p><p>El Comit\u00e9 proporcionar\u00e1 recomendaciones a la Junta de Supervisores en relaci\u00f3n con: la priorizaci\u00f3n de proyectos de capital, los principales gastos en equipos, la administraci\u00f3n de arrendamientos a largo plazo, el an\u00e1lisis de arrendamiento frente a compra y otros asuntos relacionados con la planificaci\u00f3n y el gasto de capital. El Comit\u00e9 se coordinar\u00e1 con el Comit\u00e9 de Planificaci\u00f3n Financiera para obtener informaci\u00f3n sobre la capacidad de endeudamiento disponible y la capacidad de servicio de la deuda. El Comit\u00e9 es responsable de la evaluaci\u00f3n y revisi\u00f3n de los asuntos relacionados con la planificaci\u00f3n de capital.<\/p><p><strong>Miembros actuales del Comit\u00e9:<\/strong><\/p><p>El Comit\u00e9 de Planificaci\u00f3n de Capital estar\u00e1 compuesto por las siguientes personas o por quienes ellas designen:<\/p><ol><li><strong>County Executive Officer (Presidente)<\/strong><\/li><li><strong>Interventor-Controller<\/strong><\/li><li><strong>Director de la Agencia de Servicios Generales<\/strong><\/li><li><strong>Director de la Agencia de Obras P\u00fablicas<\/strong><\/li><li><strong>Director de Tecnolog\u00edas de la Informaci\u00f3n<\/strong><\/li><\/ol>\t\t\t\t\t\t\t\t<\/div>\n\t\t\t\t<\/div>\n\t\t<div class=\"elementor-element elementor-element-7f6070f e-flex e-con-boxed e-con e-parent\" data-id=\"7f6070f\" data-element_type=\"container\" data-settings=\"{&quot;background_background&quot;:&quot;classic&quot;}\">\n\t\t\t\t\t<div class=\"e-con-inner\">\n\t\t\t\t<div class=\"elementor-element elementor-element-bec4a62 elementor-widget__width-initial elementor-widget elementor-widget-heading\" data-id=\"bec4a62\" data-element_type=\"widget\" data-widget_type=\"heading.default\">\n\t\t\t\t<div class=\"elementor-widget-container\">\n\t\t\t\t\t<h2 class=\"elementor-heading-title elementor-size-default\">\u00d3rdenes del d\u00eda y actas<\/h2>\t\t\t\t<\/div>\n\t\t\t\t<\/div>\n\t\t\t\t<div class=\"elementor-element elementor-element-373f83e elementor-widget-divider--view-line elementor-widget elementor-widget-divider\" data-id=\"373f83e\" data-element_type=\"widget\" data-widget_type=\"divider.default\">\n\t\t\t\t<div class=\"elementor-widget-container\">\n\t\t\t\t\t\t\t<div class=\"elementor-divider\">\n\t\t\t<span class=\"elementor-divider-separator\">\n\t\t\t\t\t\t<\/span>\n\t\t<\/div>\n\t\t\t\t\t\t<\/div>\n\t\t\t\t<\/div>\n\t\t\t\t\t<\/div>\n\t\t\t\t<\/div>\n\t\t\t\t<div class=\"elementor-element elementor-element-9516a04 elementor-tabs-view-horizontal elementor-widget elementor-widget-tabs\" data-id=\"9516a04\" data-element_type=\"widget\" data-widget_type=\"tabs.default\">\n\t\t\t\t<div class=\"elementor-widget-container\">\n\t\t\t\t\t\t\t<div class=\"elementor-tabs\">\n\t\t\t<div class=\"elementor-tabs-wrapper\" role=\"tablist\" >\n\t\t\t\t\t\t\t\t\t<div id=\"elementor-tab-title-1561\" class=\"elementor-tab-title elementor-tab-desktop-title\" aria-selected=\"true\" data-tab=\"1\" role=\"tab\" tabindex=\"0\" aria-controls=\"elementor-tab-content-1561\" aria-expanded=\"false\">2025<\/div>\n\t\t\t\t\t\t\t<\/div>\n\t\t\t<div class=\"elementor-tabs-content-wrapper\" role=\"tablist\" aria-orientation=\"vertical\">\n\t\t\t\t\t\t\t\t\t<div class=\"elementor-tab-title elementor-tab-mobile-title\" aria-selected=\"true\" data-tab=\"1\" role=\"tab\" tabindex=\"0\" aria-controls=\"elementor-tab-content-1561\" aria-expanded=\"false\">2025<\/div>\n\t\t\t\t\t<div id=\"elementor-tab-content-1561\" class=\"elementor-tab-content elementor-clearfix\" data-tab=\"1\" role=\"tabpanel\" aria-labelledby=\"elementor-tab-title-1561\" tabindex=\"0\" hidden=\"false\"><table style=\"width: 100%; text-align: right;\"><tbody><tr><th style=\"width: 20%;\">Fecha\/Hora<\/th><th style=\"width: 40%;\">Agenda<\/th><th style=\"width: 40%;\">Actas<\/th><\/tr><tr><td>22 de mayo de 2025, 16:00 horas.<\/td><td><a href=\"https:\/\/vcportal.venturacounty.gov\/CEO\/CPC\/docs\/CapitalPlanningCommittee_2025-05-22_agenda.pdf\" target=\"_blank\" rel=\"noopener\">Ver agenda<\/a><\/td><td>\u00a0<\/td><\/tr><\/tbody><\/table><\/div>\n\t\t\t\t\t\t\t<\/div>\n\t\t<\/div>\n\t\t\t\t\t\t<\/div>\n\t\t\t\t<\/div>\n\t\t\t\t\t<\/div>\n\t\t\t\t<\/div>\n\t\t\t\t\t<\/div>\n\t\t\t\t<\/div>\n\t\t\t\t<\/div>","protected":false},"excerpt":{"rendered":"<p>Ventura County Capital Planning Committee Purpose: The Committee will provide recommendations to the Board of Supervisors concerning: prioritization of capital projects, major equipment expenditures, long term lease administration, lease versus purchase analysis, and other items relating to capital planning and expenditure. The Committee will coordinate with the Financial Planning Committee to obtain information regarding available [&hellip;]<\/p>\n","protected":false},"author":24,"featured_media":0,"parent":205,"menu_order":0,"comment_status":"closed","ping_status":"closed","template":"","meta":{"_relevanssi_hide_post":"","_relevanssi_hide_content":"","_relevanssi_pin_for_all":"","_relevanssi_pin_keywords":"","_relevanssi_unpin_keywords":"","_relevanssi_related_keywords":"","_relevanssi_related_include_ids":"","_relevanssi_related_exclude_ids":"","_relevanssi_related_no_append":"","_relevanssi_related_not_related":"","_relevanssi_related_posts":"","_relevanssi_noindex_reason":"","footnotes":""},"categories":[1],"tags":[],"class_list":["post-1159","page","type-page","status-publish","hentry","category-uncategorized"],"_links":{"self":[{"href":"https:\/\/venturacounty.gov\/county-executive-office\/es\/wp-json\/wp\/v2\/pages\/1159","targetHints":{"allow":["GET"]}}],"collection":[{"href":"https:\/\/venturacounty.gov\/county-executive-office\/es\/wp-json\/wp\/v2\/pages"}],"about":[{"href":"https:\/\/venturacounty.gov\/county-executive-office\/es\/wp-json\/wp\/v2\/types\/page"}],"author":[{"embeddable":true,"href":"https:\/\/venturacounty.gov\/county-executive-office\/es\/wp-json\/wp\/v2\/users\/24"}],"replies":[{"embeddable":true,"href":"https:\/\/venturacounty.gov\/county-executive-office\/es\/wp-json\/wp\/v2\/comments?post=1159"}],"version-history":[{"count":0,"href":"https:\/\/venturacounty.gov\/county-executive-office\/es\/wp-json\/wp\/v2\/pages\/1159\/revisions"}],"up":[{"embeddable":true,"href":"https:\/\/venturacounty.gov\/county-executive-office\/es\/wp-json\/wp\/v2\/pages\/205"}],"wp:attachment":[{"href":"https:\/\/venturacounty.gov\/county-executive-office\/es\/wp-json\/wp\/v2\/media?parent=1159"}],"wp:term":[{"taxonomy":"category","embeddable":true,"href":"https:\/\/venturacounty.gov\/county-executive-office\/es\/wp-json\/wp\/v2\/categories?post=1159"},{"taxonomy":"post_tag","embeddable":true,"href":"https:\/\/venturacounty.gov\/county-executive-office\/es\/wp-json\/wp\/v2\/tags?post=1159"}],"curies":[{"name":"wp","href":"https:\/\/api.w.org\/{rel}","templated":true}]}}