{"id":1305,"date":"2025-12-01T22:34:47","date_gmt":"2025-12-01T22:34:47","guid":{"rendered":"https:\/\/venturacounty.gov\/county-executive-office\/?page_id=1305"},"modified":"2025-12-01T22:50:26","modified_gmt":"2025-12-01T22:50:26","slug":"oda-notice-under-the-ada","status":"publish","type":"page","link":"https:\/\/venturacounty.gov\/county-executive-office\/es\/oda\/oda-notice-under-the-ada\/","title":{"rendered":"ODA &#8211; Notice Under the ADA"},"content":{"rendered":"<div data-elementor-type=\"wp-page\" data-elementor-id=\"1305\" class=\"elementor elementor-1305\" data-elementor-post-type=\"page\">\n\t\t\t\t<div class=\"elementor-element elementor-element-786d7bc9 e-flex e-con-boxed e-con e-parent\" data-id=\"786d7bc9\" data-element_type=\"container\">\n\t\t\t\t\t<div class=\"e-con-inner\">\n\t\t<div class=\"elementor-element elementor-element-4d979cf e-flex e-con-boxed e-con e-child\" data-id=\"4d979cf\" data-element_type=\"container\" data-settings=\"{&quot;background_background&quot;:&quot;classic&quot;}\">\n\t\t\t\t\t<div class=\"e-con-inner\">\n\t\t\t\t<div class=\"elementor-element elementor-element-cb0e008 elementor-hidden-desktop elementor-hidden-tablet elementor-hidden-mobile elementor-widget elementor-widget-heading\" data-id=\"cb0e008\" data-element_type=\"widget\" data-widget_type=\"heading.default\">\n\t\t\t\t<div class=\"elementor-widget-container\">\n\t\t\t\t\t<h1 class=\"elementor-heading-title elementor-size-default\">Oficina de acceso para discapacitados<\/h1>\t\t\t\t<\/div>\n\t\t\t\t<\/div>\n\t\t<div class=\"elementor-element elementor-element-1443649 e-flex e-con-boxed e-con e-child\" data-id=\"1443649\" data-element_type=\"container\">\n\t\t\t\t\t<div class=\"e-con-inner\">\n\t\t<div class=\"elementor-element elementor-element-bd5ef9b e-con-full e-flex e-con e-child\" data-id=\"bd5ef9b\" data-element_type=\"container\">\n\t\t\t\t<\/div>\n\t\t<div class=\"elementor-element elementor-element-204246d e-con-full e-flex e-con e-child\" data-id=\"204246d\" data-element_type=\"container\">\n\t\t\t\t<div class=\"elementor-element elementor-element-0eb10a0 elementor-widget elementor-widget-image\" data-id=\"0eb10a0\" data-element_type=\"widget\" data-widget_type=\"image.default\">\n\t\t\t\t<div class=\"elementor-widget-container\">\n\t\t\t\t\t\t\t\t\t\t\t\t\t\t\t<img fetchpriority=\"high\" decoding=\"async\" width=\"800\" height=\"202\" src=\"https:\/\/venturacounty.gov\/county-executive-office\/wp-content\/uploads\/sites\/2\/2024\/02\/Office-of-Disability-Access_logo_horizontal-1024x259.png\" class=\"attachment-large size-large wp-image-857\" alt=\"County of Ventura Office Of Disability Access\" srcset=\"https:\/\/venturacounty.gov\/county-executive-office\/wp-content\/uploads\/sites\/2\/2024\/02\/Office-of-Disability-Access_logo_horizontal-1024x259.png 1024w, https:\/\/venturacounty.gov\/county-executive-office\/wp-content\/uploads\/sites\/2\/2024\/02\/Office-of-Disability-Access_logo_horizontal-300x76.png 300w, https:\/\/venturacounty.gov\/county-executive-office\/wp-content\/uploads\/sites\/2\/2024\/02\/Office-of-Disability-Access_logo_horizontal-768x194.png 768w, https:\/\/venturacounty.gov\/county-executive-office\/wp-content\/uploads\/sites\/2\/2024\/02\/Office-of-Disability-Access_logo_horizontal-1536x388.png 1536w, https:\/\/venturacounty.gov\/county-executive-office\/wp-content\/uploads\/sites\/2\/2024\/02\/Office-of-Disability-Access_logo_horizontal.png 1800w\" sizes=\"(max-width: 800px) 100vw, 800px\" \/>\t\t\t\t\t\t\t\t\t\t\t\t\t\t\t<\/div>\n\t\t\t\t<\/div>\n\t\t\t\t<\/div>\n\t\t<div class=\"elementor-element elementor-element-d5a877d e-flex e-con-boxed e-con e-child\" data-id=\"d5a877d\" data-element_type=\"container\">\n\t\t\t\t\t<div class=\"e-con-inner\">\n\t\t\t\t\t<\/div>\n\t\t\t\t<\/div>\n\t\t\t\t\t<\/div>\n\t\t\t\t<\/div>\n\t\t\t\t<div class=\"elementor-element elementor-element-ff8f382 elementor-widget-divider--view-line elementor-widget elementor-widget-divider\" data-id=\"ff8f382\" data-element_type=\"widget\" data-widget_type=\"divider.default\">\n\t\t\t\t<div class=\"elementor-widget-container\">\n\t\t\t\t\t\t\t<div class=\"elementor-divider\">\n\t\t\t<span class=\"elementor-divider-separator\">\n\t\t\t\t\t\t<\/span>\n\t\t<\/div>\n\t\t\t\t\t\t<\/div>\n\t\t\t\t<\/div>\n\t\t<div class=\"elementor-element elementor-element-2cb8a15 e-flex e-con-boxed e-con e-child\" data-id=\"2cb8a15\" data-element_type=\"container\">\n\t\t\t\t\t<div class=\"e-con-inner\">\n\t\t<div class=\"elementor-element elementor-element-6f9de98 e-con-full e-flex e-con e-child\" data-id=\"6f9de98\" data-element_type=\"container\">\n\t\t<div class=\"elementor-element elementor-element-4a8612f e-con-full e-flex e-con e-child\" data-id=\"4a8612f\" data-element_type=\"container\">\n\t\t\t\t<div class=\"elementor-element elementor-element-b73f1a1 elementor-widget elementor-widget-image\" data-id=\"b73f1a1\" data-element_type=\"widget\" data-widget_type=\"image.default\">\n\t\t\t\t<div class=\"elementor-widget-container\">\n\t\t\t\t\t\t\t\t\t\t\t\t\t\t\t<img decoding=\"async\" width=\"130\" height=\"130\" src=\"https:\/\/venturacounty.gov\/county-executive-office\/wp-content\/uploads\/sites\/2\/2025\/12\/VC_ADA_Notice.png\" class=\"attachment-large size-large wp-image-1306\" alt=\"Department of Justice Seal\" srcset=\"https:\/\/venturacounty.gov\/county-executive-office\/wp-content\/uploads\/sites\/2\/2025\/12\/VC_ADA_Notice.png 130w, https:\/\/venturacounty.gov\/county-executive-office\/wp-content\/uploads\/sites\/2\/2025\/12\/VC_ADA_Notice-12x12.png 12w\" sizes=\"(max-width: 130px) 100vw, 130px\" \/>\t\t\t\t\t\t\t\t\t\t\t\t\t\t\t<\/div>\n\t\t\t\t<\/div>\n\t\t\t\t<div class=\"elementor-element elementor-element-2916aa7 elementor-widget elementor-widget-heading\" data-id=\"2916aa7\" data-element_type=\"widget\" data-widget_type=\"heading.default\">\n\t\t\t\t<div class=\"elementor-widget-container\">\n\t\t\t\t\t<h1 class=\"elementor-heading-title elementor-size-default\">AVISO EN VIRTUD DE LA LEY DE ESTADOUNIDENSES CON DISCAPACIDADES<\/h1>\t\t\t\t<\/div>\n\t\t\t\t<\/div>\n\t\t\t\t<\/div>\n\t\t\t\t<div class=\"elementor-element elementor-element-ad7d9b5 elementor-widget elementor-widget-text-editor\" data-id=\"ad7d9b5\" data-element_type=\"widget\" data-widget_type=\"text-editor.default\">\n\t\t\t\t<div class=\"elementor-widget-container\">\n\t\t\t\t\t\t\t\t\t<p>De conformidad con los requisitos del T\u00edtulo II de la Ley de Estadounidenses con Discapacidades de 1990 (\u201cADA\u201d), el <strong>Condado de Ventura<\/strong> no discriminar\u00e1 a las personas calificadas con discapacidades por motivos de discapacidad en sus servicios, programas o actividades.<\/p><p><strong><em>Empleo:<\/em> Condado de Ventura<\/strong> no discrimina por motivos de discapacidad en sus pr\u00e1cticas de contrataci\u00f3n o empleo y cumple con todas las regulaciones promulgadas por la Comisi\u00f3n para la Igualdad de Oportunidades en el Empleo de los Estados Unidos en virtud del T\u00edtulo I de la ADA.<\/p><p><strong><em>Comunicaci\u00f3n eficaz:<\/em> Condado de Ventura<\/strong> Por lo general, previa solicitud, proporcionar\u00e1 las ayudas y servicios adecuados que permitan una comunicaci\u00f3n eficaz a las personas con discapacidad, de modo que puedan participar en igualdad de condiciones en <strong>Condado de Ventura<\/strong> programas, servicios y actividades, incluyendo int\u00e9rpretes calificados de lenguaje de se\u00f1as, documentos en Braille y otras formas de hacer accesible la informaci\u00f3n y las comunicaciones.<\/p><p><strong>Modificaciones a las pol\u00edticas y procedimientos: Condado de Ventura<\/strong> realizar\u00e1 todas las modificaciones razonables en sus pol\u00edticas y programas para garantizar que las personas con discapacidades tengan las mismas oportunidades de disfrutar de todos sus programas, servicios y actividades. Por ejemplo, las personas con animales de servicio son bienvenidas en <strong>Condado de Ventura<\/strong> oficinas, incluso en aquellas en las que las mascotas est\u00e1n generalmente prohibidas.<\/p><p>Cualquier persona que requiera una adaptaci\u00f3n o servicio para una comunicaci\u00f3n efectiva, o una modificaci\u00f3n de las pol\u00edticas o procedimientos para participar en un programa, servicio o actividad del condado de Ventura, debe ponerse en contacto con la oficina de <strong>Dani Anderson, Gerente de Accesibilidad para Personas con Discapacidad, Coordinador de ADA y 504, 800 S. Victoria Avenue, Ventura, California, 93009, (805) 654-2862, correo electr\u00f3nico: <\/strong><a href=\"mailto:Dani.Anderson@venturacounty.gov\"><strong>Dani.Anderson@venturacounty.gov<\/strong><\/a><strong>,<\/strong> \u00a0lo antes posible, pero a m\u00e1s tardar 48 horas antes del evento programado.<\/p><p>La ADA no exige que <strong>Condado de Ventura<\/strong> tomar cualquier medida que altere fundamentalmente la naturaleza de sus programas o servicios, o que imponga una carga financiera o administrativa indebida.<\/p><p>Quejas sobre un programa, servicio o actividad de <strong>Condado de Ventura<\/strong> no es accesible para personas con discapacidad, debe dirigirse a <strong>Dani Anderson, Gerente de Accesibilidad para Personas con Discapacidad, Coordinador de ADA y 504, 800 S. Victoria Avenue, Ventura, California, 93009, (805) 654-2862, correo electr\u00f3nico: <\/strong><a href=\"mailto:Dani.Anderson@venturacounty.gov\"><strong>Dani.Anderson@venturacounty.gov<\/strong><\/a><strong>.<\/strong><\/p><p><strong>Condado de Ventura<\/strong> No se aplicar\u00e1 ning\u00fan recargo a una persona con discapacidad en particular ni a ning\u00fan grupo de personas con discapacidad para cubrir el costo de proporcionar adaptaciones\/servicios o modificaciones razonables de la pol\u00edtica, como recuperar art\u00edculos de lugares que est\u00e1n abiertos al p\u00fablico pero que no son accesibles para las personas que utilizan sillas de ruedas.<\/p>\t\t\t\t\t\t\t\t<\/div>\n\t\t\t\t<\/div>\n\t\t\t\t<\/div>\n\t\t<div class=\"elementor-element elementor-element-ea3e3c8 e-flex e-con-boxed e-con e-child\" data-id=\"ea3e3c8\" data-element_type=\"container\">\n\t\t\t\t\t<div class=\"e-con-inner\">\n\t\t\t\t<div class=\"elementor-element elementor-element-f01e85b elementor-nav-menu--dropdown-tablet elementor-nav-menu__text-align-aside elementor-nav-menu--toggle elementor-nav-menu--burger elementor-widget elementor-widget-global elementor-global-863 elementor-widget-nav-menu\" data-id=\"f01e85b\" data-element_type=\"widget\" data-settings=\"{&quot;layout&quot;:&quot;vertical&quot;,&quot;submenu_icon&quot;:{&quot;value&quot;:&quot;fas fa-caret-down&quot;,&quot;library&quot;:&quot;fa-solid&quot;},&quot;toggle&quot;:&quot;burger&quot;}\" data-widget_type=\"nav-menu.default\">\n\t\t\t\t<div class=\"elementor-widget-container\">\n\t\t\t\t\t\t\t\t<nav aria-label=\"Men\u00fa\" class=\"elementor-nav-menu--main elementor-nav-menu__container elementor-nav-menu--layout-vertical e--pointer-background e--animation-fade\">\n\t\t\t\t<ul id=\"menu-1-f01e85b\" class=\"elementor-nav-menu sm-vertical\"><li class=\"menu-item menu-item-type-post_type menu-item-object-page menu-item-860\"><a href=\"https:\/\/venturacounty.gov\/county-executive-office\/es\/oda\/\" class=\"elementor-item\">P\u00e1gina de inicio de la ODA<\/a><\/li>\n<li class=\"menu-item menu-item-type-post_type menu-item-object-page menu-item-862\"><a href=\"https:\/\/venturacounty.gov\/county-executive-office\/es\/oda\/about\/\" class=\"elementor-item\">Acerca de ODA<\/a><\/li>\n<li class=\"menu-item menu-item-type-custom menu-item-object-custom menu-item-864\"><a target=\"_blank\" href=\"https:\/\/vcportal.venturacounty.gov\/CEO\/ODA\/Office%20of%20Disability%20Access%20Strategic%20Plan2024-2027_web.pdf\" class=\"elementor-item\">Plan Estrat\u00e9gico<\/a><\/li>\n<li class=\"menu-item menu-item-type-post_type menu-item-object-page menu-item-867\"><a href=\"https:\/\/venturacounty.gov\/county-executive-office\/es\/oda\/events\/\" class=\"elementor-item\">Eventos<\/a><\/li>\n<li class=\"menu-item menu-item-type-post_type menu-item-object-page menu-item-868\"><a href=\"https:\/\/venturacounty.gov\/county-executive-office\/es\/oda\/ada-assessment-translation-plan\/\" class=\"elementor-item\">Evaluaci\u00f3n de la ADA y plan de transici\u00f3n<\/a><\/li>\n<li class=\"menu-item menu-item-type-post_type menu-item-object-page menu-item-1252\"><a href=\"https:\/\/venturacounty.gov\/county-executive-office\/es\/oda\/file-an-ada-compliant\/\" class=\"elementor-item\">Reclamaci\u00f3n ADA<\/a><\/li>\n<li class=\"menu-item menu-item-type-post_type menu-item-object-page menu-item-1308\"><a href=\"https:\/\/venturacounty.gov\/county-executive-office\/es\/oda\/oda-notice-under-the-ada\/\" class=\"elementor-item\">Declaraci\u00f3n de no discriminaci\u00f3n<\/a><\/li>\n<\/ul>\t\t\t<\/nav>\n\t\t\t\t\t<div class=\"elementor-menu-toggle\" role=\"button\" tabindex=\"0\" aria-label=\"Men\u00fa Toggle\" aria-expanded=\"false\">\n\t\t\t<i aria-hidden=\"true\" role=\"presentation\" class=\"elementor-menu-toggle__icon--open eicon-menu-bar\"><\/i><i aria-hidden=\"true\" role=\"presentation\" class=\"elementor-menu-toggle__icon--close eicon-close\"><\/i>\t\t<\/div>\n\t\t\t\t\t<nav class=\"elementor-nav-menu--dropdown elementor-nav-menu__container\" aria-hidden=\"true\">\n\t\t\t\t<ul id=\"menu-2-f01e85b\" class=\"elementor-nav-menu sm-vertical\"><li class=\"menu-item menu-item-type-post_type menu-item-object-page menu-item-860\"><a href=\"https:\/\/venturacounty.gov\/county-executive-office\/es\/oda\/\" class=\"elementor-item\" tabindex=\"-1\">P\u00e1gina de inicio de la ODA<\/a><\/li>\n<li class=\"menu-item menu-item-type-post_type menu-item-object-page menu-item-862\"><a href=\"https:\/\/venturacounty.gov\/county-executive-office\/es\/oda\/about\/\" class=\"elementor-item\" tabindex=\"-1\">Acerca de ODA<\/a><\/li>\n<li class=\"menu-item menu-item-type-custom menu-item-object-custom menu-item-864\"><a target=\"_blank\" href=\"https:\/\/vcportal.venturacounty.gov\/CEO\/ODA\/Office%20of%20Disability%20Access%20Strategic%20Plan2024-2027_web.pdf\" class=\"elementor-item\" tabindex=\"-1\">Plan Estrat\u00e9gico<\/a><\/li>\n<li class=\"menu-item menu-item-type-post_type menu-item-object-page menu-item-867\"><a href=\"https:\/\/venturacounty.gov\/county-executive-office\/es\/oda\/events\/\" class=\"elementor-item\" tabindex=\"-1\">Eventos<\/a><\/li>\n<li class=\"menu-item menu-item-type-post_type menu-item-object-page menu-item-868\"><a href=\"https:\/\/venturacounty.gov\/county-executive-office\/es\/oda\/ada-assessment-translation-plan\/\" class=\"elementor-item\" tabindex=\"-1\">Evaluaci\u00f3n de la ADA y plan de transici\u00f3n<\/a><\/li>\n<li class=\"menu-item menu-item-type-post_type menu-item-object-page menu-item-1252\"><a href=\"https:\/\/venturacounty.gov\/county-executive-office\/es\/oda\/file-an-ada-compliant\/\" class=\"elementor-item\" tabindex=\"-1\">Reclamaci\u00f3n ADA<\/a><\/li>\n<li class=\"menu-item menu-item-type-post_type menu-item-object-page menu-item-1308\"><a href=\"https:\/\/venturacounty.gov\/county-executive-office\/es\/oda\/oda-notice-under-the-ada\/\" class=\"elementor-item\" tabindex=\"-1\">Declaraci\u00f3n de no discriminaci\u00f3n<\/a><\/li>\n<\/ul>\t\t\t<\/nav>\n\t\t\t\t\t\t<\/div>\n\t\t\t\t<\/div>\n\t\t\t\t\t<\/div>\n\t\t\t\t<\/div>\n\t\t\t\t\t<\/div>\n\t\t\t\t<\/div>\n\t\t<div class=\"elementor-element elementor-element-ceec676 e-con-full e-flex e-con e-child\" data-id=\"ceec676\" data-element_type=\"container\">\n\t\t\t\t<div class=\"elementor-element elementor-element-3af3a92 elementor-widget-divider--view-line elementor-widget elementor-widget-divider\" data-id=\"3af3a92\" data-element_type=\"widget\" data-widget_type=\"divider.default\">\n\t\t\t\t<div class=\"elementor-widget-container\">\n\t\t\t\t\t\t\t<div class=\"elementor-divider\">\n\t\t\t<span class=\"elementor-divider-separator\">\n\t\t\t\t\t\t<\/span>\n\t\t<\/div>\n\t\t\t\t\t\t<\/div>\n\t\t\t\t<\/div>\n\t\t\t\t<div class=\"elementor-element elementor-element-ffa8829 elementor-widget elementor-widget-text-editor\" data-id=\"ffa8829\" data-element_type=\"widget\" data-widget_type=\"text-editor.default\">\n\t\t\t\t<div class=\"elementor-widget-container\">\n\t\t\t\t\t\t\t\t\t<p>NOTA: Para comodidad de nuestros visitantes, esta p\u00e1gina puede contener enlaces a sitios web externos que no est\u00e1n gestionados ni controlados por el Condado de Ventura.<\/p>\t\t\t\t\t\t\t\t<\/div>\n\t\t\t\t<\/div>\n\t\t\t\t<\/div>\n\t\t\t\t\t<\/div>\n\t\t\t\t<\/div>\n\t\t\t\t\t<\/div>\n\t\t\t\t<\/div>\n\t\t\t\t<\/div>","protected":false},"excerpt":{"rendered":"<p>Office of Disability Access NOTICE UNDER THE AMERICANS WITH DISABILITIES ACT In accordance with the requirements of Title II of the Americans with Disabilities Act of 1990 (&#8220;ADA&#8221;), the County of Ventura will not discriminate against qualified individuals with disabilities on the basis of disability in its services, programs, or activities. Employment: County of Ventura [&hellip;]<\/p>\n","protected":false},"author":7,"featured_media":0,"parent":855,"menu_order":0,"comment_status":"closed","ping_status":"closed","template":"","meta":{"_relevanssi_hide_post":"","_relevanssi_hide_content":"","_relevanssi_pin_for_all":"","_relevanssi_pin_keywords":"","_relevanssi_unpin_keywords":"","_relevanssi_related_keywords":"","_relevanssi_related_include_ids":"","_relevanssi_related_exclude_ids":"","_relevanssi_related_no_append":"","_relevanssi_related_not_related":"","_relevanssi_related_posts":"","_relevanssi_noindex_reason":"","footnotes":""},"categories":[1],"tags":[],"class_list":["post-1305","page","type-page","status-publish","hentry","category-uncategorized"],"_links":{"self":[{"href":"https:\/\/venturacounty.gov\/county-executive-office\/es\/wp-json\/wp\/v2\/pages\/1305","targetHints":{"allow":["GET"]}}],"collection":[{"href":"https:\/\/venturacounty.gov\/county-executive-office\/es\/wp-json\/wp\/v2\/pages"}],"about":[{"href":"https:\/\/venturacounty.gov\/county-executive-office\/es\/wp-json\/wp\/v2\/types\/page"}],"author":[{"embeddable":true,"href":"https:\/\/venturacounty.gov\/county-executive-office\/es\/wp-json\/wp\/v2\/users\/7"}],"replies":[{"embeddable":true,"href":"https:\/\/venturacounty.gov\/county-executive-office\/es\/wp-json\/wp\/v2\/comments?post=1305"}],"version-history":[{"count":0,"href":"https:\/\/venturacounty.gov\/county-executive-office\/es\/wp-json\/wp\/v2\/pages\/1305\/revisions"}],"up":[{"embeddable":true,"href":"https:\/\/venturacounty.gov\/county-executive-office\/es\/wp-json\/wp\/v2\/pages\/855"}],"wp:attachment":[{"href":"https:\/\/venturacounty.gov\/county-executive-office\/es\/wp-json\/wp\/v2\/media?parent=1305"}],"wp:term":[{"taxonomy":"category","embeddable":true,"href":"https:\/\/venturacounty.gov\/county-executive-office\/es\/wp-json\/wp\/v2\/categories?post=1305"},{"taxonomy":"post_tag","embeddable":true,"href":"https:\/\/venturacounty.gov\/county-executive-office\/es\/wp-json\/wp\/v2\/tags?post=1305"}],"curies":[{"name":"wp","href":"https:\/\/api.w.org\/{rel}","templated":true}]}}