{"id":166,"date":"2023-06-06T16:06:27","date_gmt":"2023-06-06T23:06:27","guid":{"rendered":"https:\/\/s43756.p1092.sites.pressdns.com\/?page_id=166"},"modified":"2025-03-25T21:14:08","modified_gmt":"2025-03-25T21:14:08","slug":"about-us","status":"publish","type":"page","link":"https:\/\/venturacounty.gov\/county-executive-office\/es\/about-us\/","title":{"rendered":"Qui\u00e9nes somos"},"content":{"rendered":"<div data-elementor-type=\"wp-page\" data-elementor-id=\"166\" class=\"elementor elementor-166\" data-elementor-post-type=\"page\">\n\t\t\t\t<div class=\"elementor-element elementor-element-786d7bc9 e-flex e-con-boxed e-con e-parent\" data-id=\"786d7bc9\" data-element_type=\"container\">\n\t\t\t\t\t<div class=\"e-con-inner\">\n\t\t<div class=\"elementor-element elementor-element-4d979cf e-flex e-con-boxed e-con e-child\" data-id=\"4d979cf\" data-element_type=\"container\" data-settings=\"{&quot;background_background&quot;:&quot;classic&quot;}\">\n\t\t\t\t\t<div class=\"e-con-inner\">\n\t\t<div class=\"elementor-element elementor-element-eee6067 e-flex e-con-boxed e-con e-child\" data-id=\"eee6067\" data-element_type=\"container\" data-settings=\"{&quot;background_background&quot;:&quot;classic&quot;}\">\n\t\t\t\t\t<div class=\"e-con-inner\">\n\t\t\t\t<div class=\"elementor-element elementor-element-9e5d77b elementor-widget elementor-widget-text-editor\" data-id=\"9e5d77b\" data-element_type=\"widget\" data-widget_type=\"text-editor.default\">\n\t\t\t\t<div class=\"elementor-widget-container\">\n\t\t\t\t\t\t\t\t\t<p><img fetchpriority=\"high\" decoding=\"async\" class=\"size-full wp-image-167 alignleft\" src=\"\/county-executive-office\/wp-content\/uploads\/sites\/2\/2023\/08\/govtCtrDusk.jpg\" alt=\"\" width=\"300\" height=\"199\" \/><b>HISTORIA<\/b><\/p><p><strong>Formado oficialmente el 1 de enero de 1873, el condado de Ventura tiene una historia rica y fascinante que comenz\u00f3 mucho antes de su formaci\u00f3n.<\/strong> Hace m\u00e1s de 10.000 a\u00f1os, el pueblo Chumash, conocidos pescadores y comerciantes mar\u00edtimos, habitaba la tierra que se convirti\u00f3 en el condado de Ventura. Los exploradores espa\u00f1oles llegaron en el siglo XVI y la ocupaci\u00f3n activa comenz\u00f3 en el siglo XVIII. En 1782 se fund\u00f3 la Misi\u00f3n de San Buenaventura, que foment\u00f3 el crecimiento de la poblaci\u00f3n en los alrededores de San Buenaventura. Se entregaron acres de tierra a los californios mexicanos como pago por sus servicios y para fomentar el asentamiento de la poblaci\u00f3n. En las d\u00e9cadas de 1830 y 1840, estos ranchos criaron ganado y aumentaron el inter\u00e9s por la agricultura en lo que hoy es el condado de Ventura.<\/p><p>Hoy, en <strong>2.208 millas cuadradas<\/strong>El condado se compone de <strong>10 ciudades<\/strong> y numerosas comunidades no incorporadas representadas por cinco distritos supervisores. Abarcando <strong>1,2 millones de acres<\/strong>La costa del condado de Ventura se extiende a lo largo de 42 millas y el Bosque Nacional de Los Padres ocupa 46% de la superficie terrestre en la parte norte del condado. La extensa superficie del condado se eleva desde el nivel del mar hasta los 2.500 metros del Monte Pinos, en el Bosque Nacional de Los Padres, y, en determinadas \u00e9pocas del a\u00f1o, es posible estar en la playa y ver nieve en las monta\u00f1as. Con f\u00e9rtiles valles en la mitad sur del condado, el condado de Ventura es uno de los principales productores agr\u00edcolas. Juntas, las tierras de cultivo y el Bosque Nacional de Los Padres ocupan la mitad de la superficie del condado.<\/p><p>La econom\u00eda del condado se ve reforzada por sus s\u00f3lidos sectores sanitario, tecnol\u00f3gico y tur\u00edstico, adem\u00e1s de la importaci\u00f3n y exportaci\u00f3n de mercanc\u00edas a trav\u00e9s del Puerto de Hueneme, el \u00fanico puerto de aguas profundas entre San Francisco y Los \u00c1ngeles. Port Hueneme tambi\u00e9n alberga una activa presencia militar con la Base Naval del Condado de Ventura en Port Hueneme, Point Mugu e instalaciones en la isla de San Nicol\u00e1s. Con la fuerza tejida a trav\u00e9s de una variedad de sectores que se entrelazan para crear una comunidad maravillosamente diversa, el condado de Ventura se enorgullece de ser llamado hogar por m\u00e1s de <strong>830.000 habitantes<\/strong> y m\u00e1s de <strong>17.000 empresas<\/strong>.<\/p><p><strong>GOBIERNO DEL CONDADO<\/strong><\/p><p>El condado de Ventura es un condado de derecho general, gobernado por una Junta de Supervisores de cinco miembros, elegidos por sufragio universal para un mandato escalonado de cuatro a\u00f1os en sus respectivos distritos, y cuya presidencia rota anualmente. Los condados de derecho general se adhieren a la ley estatal en cuanto al n\u00famero y las obligaciones de los funcionarios electos del condado. En el estado de California hay actualmente 45 condados de derecho general y 13 condados estatutarios.<\/p><p>A diferencia del condado de Ventura, los condados con carta org\u00e1nica tienen un grado limitado de autoridad \"aut\u00f3noma\" que puede prever la elecci\u00f3n, remuneraci\u00f3n, mandatos, destituci\u00f3n y salario de la junta de gobierno; la elecci\u00f3n o nombramiento (excepto el sheriff, el fiscal del distrito y el asesor, que deben ser elegidos), remuneraci\u00f3n, mandatos y destituci\u00f3n de todos los funcionarios del condado; las facultades y obligaciones de todos los funcionarios; y la consolidaci\u00f3n y segregaci\u00f3n de las oficinas del condado. Una carta org\u00e1nica no otorga a los funcionarios del condado autoridad adicional sobre normativas locales, capacidad para recaudar ingresos, decisiones presupuestarias o relaciones intergubernamentales.<\/p><p>Un condado puede adoptar, modificar o revocar una carta org\u00e1nica con la aprobaci\u00f3n de la mayor\u00eda de los votos. Una nueva carta org\u00e1nica o la enmienda o derogaci\u00f3n de una carta org\u00e1nica existente puede ser propuesta por la Junta de Supervisores, una comisi\u00f3n de cartas org\u00e1nicas o una petici\u00f3n de iniciativa. Las disposiciones de una carta org\u00e1nica son la ley del estado y tienen la fuerza y el efecto de las promulgaciones legislativas.<\/p><p>Como condado de derecho general, la Junta de Supervisores del Condado de Ventura es responsable de proporcionar direcci\u00f3n pol\u00edtica, aprobar el presupuesto del Condado y representar al Condado en una serie de \u00e1reas, incluidos los distritos especiales. Las acciones de la Junta pueden aplicarse en todo el condado o s\u00f3lo en las zonas no incorporadas. Otros funcionarios electos del Condado son el Auditor-Controlador, el Asesor, el Secretario\/Registrador, el Fiscal de Distrito, el Tesorero-Recaudador de Impuestos y el Sheriff. El Funcionario Ejecutivo del Condado asesora, asiste y act\u00faa como agente de la Junta de Supervisores en todos los asuntos bajo la jurisdicci\u00f3n de la Junta. Bajo la direcci\u00f3n de la Junta de Supervisores, el presupuesto anual del Condado aprobado de m\u00e1s de $3 mil millones sirve para asistir a adultos y ni\u00f1os vulnerables, proporcionar seguridad p\u00fablica, garantizar la justicia, proteger la salud p\u00fablica y mejorar la calidad de vida de los residentes del condado.<\/p><p>En consonancia con las principales \u00e1reas de inter\u00e9s establecidas en el Plan Estrat\u00e9gico del Condado, m\u00e1s de 10.000 dedicados funcionarios p\u00fablicos que trabajan en 25 agencias, departamentos y distritos especiales diferentes prestan servicios a los residentes.<\/p>\t\t\t\t\t\t\t\t<\/div>\n\t\t\t\t<\/div>\n\t\t<div class=\"elementor-element elementor-element-f8c6f95 e-flex e-con-boxed e-con e-child\" data-id=\"f8c6f95\" data-element_type=\"container\">\n\t\t\t\t\t<div class=\"e-con-inner\">\n\t\t<div class=\"elementor-element elementor-element-8e75a05 e-flex e-con-boxed e-con e-child\" data-id=\"8e75a05\" data-element_type=\"container\">\n\t\t\t\t\t<div class=\"e-con-inner\">\n\t\t\t\t<div class=\"elementor-element elementor-element-d6cf2fa elementor-widget elementor-widget-heading\" data-id=\"d6cf2fa\" data-element_type=\"widget\" data-widget_type=\"heading.default\">\n\t\t\t\t<div class=\"elementor-widget-container\">\n\t\t\t\t\t<h2 class=\"elementor-heading-title elementor-size-default\">Demograf\u00eda del condado<\/h2>\t\t\t\t<\/div>\n\t\t\t\t<\/div>\n\t\t\t\t<div class=\"elementor-element elementor-element-05de714 elementor-icon-list--layout-traditional elementor-list-item-link-full_width elementor-widget elementor-widget-icon-list\" data-id=\"05de714\" data-element_type=\"widget\" data-widget_type=\"icon-list.default\">\n\t\t\t\t<div class=\"elementor-widget-container\">\n\t\t\t\t\t\t\t<ul class=\"elementor-icon-list-items\">\n\t\t\t\t\t\t\t<li class=\"elementor-icon-list-item\">\n\t\t\t\t\t\t\t\t\t\t\t<a href=\"https:\/\/vcrma.org\/census-and-demographic-information\" target=\"_blank\" rel=\"nofollow\">\n\n\t\t\t\t\t\t\t\t\t\t\t\t<span class=\"elementor-icon-list-icon\">\n\t\t\t\t\t\t\t<i aria-hidden=\"true\" class=\"fas fa-angle-double-right\"><\/i>\t\t\t\t\t\t<\/span>\n\t\t\t\t\t\t\t\t\t\t<span class=\"elementor-icon-list-text\">Censo e informaci\u00f3n demogr\u00e1fica<\/span>\n\t\t\t\t\t\t\t\t\t\t\t<\/a>\n\t\t\t\t\t\t\t\t\t<\/li>\n\t\t\t\t\t\t\t\t<li class=\"elementor-icon-list-item\">\n\t\t\t\t\t\t\t\t\t\t\t<a href=\"https:\/\/www.census.gov\/quickfacts\/\" target=\"_blank\" rel=\"nofollow\">\n\n\t\t\t\t\t\t\t\t\t\t\t\t<span class=\"elementor-icon-list-icon\">\n\t\t\t\t\t\t\t<i aria-hidden=\"true\" class=\"fas fa-angle-double-right\"><\/i>\t\t\t\t\t\t<\/span>\n\t\t\t\t\t\t\t\t\t\t<span class=\"elementor-icon-list-text\">Censo de los Estados Unidos, Datos R\u00e1pidos del Estado y del Condado: Condado de Ventura, California<\/span>\n\t\t\t\t\t\t\t\t\t\t\t<\/a>\n\t\t\t\t\t\t\t\t\t<\/li>\n\t\t\t\t\t\t<\/ul>\n\t\t\t\t\t\t<\/div>\n\t\t\t\t<\/div>\n\t\t\t\t\t<\/div>\n\t\t\t\t<\/div>\n\t\t<div class=\"elementor-element elementor-element-d1b6b5a e-flex e-con-boxed e-con e-child\" data-id=\"d1b6b5a\" data-element_type=\"container\">\n\t\t\t\t\t<div class=\"e-con-inner\">\n\t\t\t\t<div class=\"elementor-element elementor-element-da4e96c elementor-widget elementor-widget-heading\" data-id=\"da4e96c\" data-element_type=\"widget\" data-widget_type=\"heading.default\">\n\t\t\t\t<div class=\"elementor-widget-container\">\n\t\t\t\t\t<h2 class=\"elementor-heading-title elementor-size-default\">Tipos de condados<\/h2>\t\t\t\t<\/div>\n\t\t\t\t<\/div>\n\t\t\t\t<div class=\"elementor-element elementor-element-e7856c6 elementor-widget elementor-widget-heading\" data-id=\"e7856c6\" data-element_type=\"widget\" data-widget_type=\"heading.default\">\n\t\t\t\t<div class=\"elementor-widget-container\">\n\t\t\t\t\t<h2 class=\"elementor-heading-title elementor-size-default\">En <a href=\"http:\/\/ballotpedia.org\/wiki\/index.php\/California_Constitution\" target=\"_blank\">Constituci\u00f3n de California <\/a>reconoce dos tipos de condados:<\/h2>\t\t\t\t<\/div>\n\t\t\t\t<\/div>\n\t\t\t\t<div class=\"elementor-element elementor-element-bbf5b56 elementor-icon-list--layout-traditional elementor-list-item-link-full_width elementor-widget elementor-widget-icon-list\" data-id=\"bbf5b56\" data-element_type=\"widget\" data-widget_type=\"icon-list.default\">\n\t\t\t\t<div class=\"elementor-widget-container\">\n\t\t\t\t\t\t\t<ul class=\"elementor-icon-list-items\">\n\t\t\t\t\t\t\t<li class=\"elementor-icon-list-item\">\n\t\t\t\t\t\t\t\t\t\t\t<span class=\"elementor-icon-list-icon\">\n\t\t\t\t\t\t\t<i aria-hidden=\"true\" class=\"fas fa-angle-double-right\"><\/i>\t\t\t\t\t\t<\/span>\n\t\t\t\t\t\t\t\t\t\t<span class=\"elementor-icon-list-text\">Legislaci\u00f3n general<\/span>\n\t\t\t\t\t\t\t\t\t<\/li>\n\t\t\t\t\t\t\t\t<li class=\"elementor-icon-list-item\">\n\t\t\t\t\t\t\t\t\t\t\t<span class=\"elementor-icon-list-icon\">\n\t\t\t\t\t\t\t<i aria-hidden=\"true\" class=\"fas fa-angle-double-right\"><\/i>\t\t\t\t\t\t<\/span>\n\t\t\t\t\t\t\t\t\t\t<span class=\"elementor-icon-list-text\">Condados inscritos<\/span>\n\t\t\t\t\t\t\t\t\t<\/li>\n\t\t\t\t\t\t<\/ul>\n\t\t\t\t\t\t<\/div>\n\t\t\t\t<\/div>\n\t\t\t\t\t<\/div>\n\t\t\t\t<\/div>\n\t\t<div class=\"elementor-element elementor-element-ca4849a e-flex e-con-boxed e-con e-child\" data-id=\"ca4849a\" data-element_type=\"container\">\n\t\t\t\t\t<div class=\"e-con-inner\">\n\t\t\t\t<div class=\"elementor-element elementor-element-7bd625d elementor-widget elementor-widget-heading\" data-id=\"7bd625d\" data-element_type=\"widget\" data-widget_type=\"heading.default\">\n\t\t\t\t<div class=\"elementor-widget-container\">\n\t\t\t\t\t<h2 class=\"elementor-heading-title elementor-size-default\">Otros enlaces<\/h2>\t\t\t\t<\/div>\n\t\t\t\t<\/div>\n\t\t\t\t<div class=\"elementor-element elementor-element-a82df03 elementor-icon-list--layout-traditional elementor-list-item-link-full_width elementor-widget elementor-widget-icon-list\" data-id=\"a82df03\" data-element_type=\"widget\" data-widget_type=\"icon-list.default\">\n\t\t\t\t<div class=\"elementor-widget-container\">\n\t\t\t\t\t\t\t<ul class=\"elementor-icon-list-items\">\n\t\t\t\t\t\t\t<li class=\"elementor-icon-list-item\">\n\t\t\t\t\t\t\t\t\t\t\t<a href=\"https:\/\/vcportal.venturacounty.gov\/CEO\/docs\/publications\/Ventura-County_Strategic-Plan_2024-2027_v20231023.pdf\" target=\"_blank\" rel=\"nofollow\">\n\n\t\t\t\t\t\t\t\t\t\t\t\t<span class=\"elementor-icon-list-icon\">\n\t\t\t\t\t\t\t<i aria-hidden=\"true\" class=\"fas fa-angle-double-right\"><\/i>\t\t\t\t\t\t<\/span>\n\t\t\t\t\t\t\t\t\t\t<span class=\"elementor-icon-list-text\">Plan Estrat\u00e9gico del Condado de Ventura<\/span>\n\t\t\t\t\t\t\t\t\t\t\t<\/a>\n\t\t\t\t\t\t\t\t\t<\/li>\n\t\t\t\t\t\t\t\t<li class=\"elementor-icon-list-item\">\n\t\t\t\t\t\t\t\t\t\t\t<a href=\"http:\/\/www.venturacountygrowsbusiness.com\/\" target=\"_blank\" rel=\"nofollow\">\n\n\t\t\t\t\t\t\t\t\t\t\t\t<span class=\"elementor-icon-list-icon\">\n\t\t\t\t\t\t\t<i aria-hidden=\"true\" class=\"fas fa-angle-double-right\"><\/i>\t\t\t\t\t\t<\/span>\n\t\t\t\t\t\t\t\t\t\t<span class=\"elementor-icon-list-text\">Haga crecer su negocio, viva su vida<\/span>\n\t\t\t\t\t\t\t\t\t\t\t<\/a>\n\t\t\t\t\t\t\t\t\t<\/li>\n\t\t\t\t\t\t<\/ul>\n\t\t\t\t\t\t<\/div>\n\t\t\t\t<\/div>\n\t\t\t\t\t<\/div>\n\t\t\t\t<\/div>\n\t\t\t\t\t<\/div>\n\t\t\t\t<\/div>\n\t\t\t\t<div class=\"elementor-element elementor-element-f861a8e elementor-hidden-desktop elementor-hidden-tablet elementor-hidden-mobile elementor-widget elementor-widget-text-editor\" data-id=\"f861a8e\" data-element_type=\"widget\" data-widget_type=\"text-editor.default\">\n\t\t\t\t<div class=\"elementor-widget-container\">\n\t\t\t\t\t\t\t\t\t<p><img fetchpriority=\"high\" decoding=\"async\" class=\"size-full wp-image-167 alignleft\" src=\"\/county-executive-office\/wp-content\/uploads\/sites\/2\/2023\/08\/govtCtrDusk.jpg\" alt=\"\" width=\"300\" height=\"199\" \/>El condado de Ventura es uno de los 58 condados del estado de California. Tiene un clima hermoso y templado, y su masa continental se eleva desde el nivel del mar hasta los 8.831 pies del monte Pinos, en el Bosque Nacional de Los Padres. En determinadas \u00e9pocas del a\u00f1o, es posible estar en la playa y ver nieve en las monta\u00f1as.<\/p><p>La costa del condado se extiende a lo largo de 42 millas y los picos del Bosque Nacional de Los Padres representan el 46% de la superficie de la parte norte del condado. Los f\u00e9rtiles valles de la mitad sur hacen del condado de Ventura un importante productor agr\u00edcola. Juntos, la agricultura y el Bosque Nacional de Los Padres ocupan la mitad de los 1,2 millones de acres del condado.<\/p><p>El suave clima mediterr\u00e1neo, junto con una geograf\u00eda esc\u00e9nica, hace que la zona resulte atractiva para las m\u00e1s de 900.000 personas de diversidad cultural y \u00e9tnica que consideran el condado de Ventura su hogar. Las zonas no incorporadas, junto con las diez ciudades incorporadas de Camarillo, Fillmore, Moorpark, Ojai, Oxnard, Port Hueneme, Santa Paula, Simi Valley, Thousand Oaks y San Buenaventura (Ventura), sit\u00faan a Ventura como el und\u00e9cimo condado m\u00e1s poblado del Estado.<\/p><p>El condado de Ventura cuenta con una s\u00f3lida base econ\u00f3mica que incluye importantes industrias como la biotecnolog\u00eda, la sanidad, la educaci\u00f3n, la agricultura, las tecnolog\u00edas avanzadas, la producci\u00f3n de petr\u00f3leo, las pruebas y el desarrollo militares y el turismo.<\/p><p>La Base Naval del Condado de Ventura en Point Mugu es el mayor empleador del condado con m\u00e1s de 16.000 empleados. El Condado de Ventura (gobierno) es el siguiente mayor empleador, con m\u00e1s de 8.000 empleados repartidos por todo el condado. El puerto de Hueneme es el m\u00e1s peque\u00f1o de California, pero el \u00fanico de gran calado entre Los \u00c1ngeles y San Francisco, y desempe\u00f1a un papel fundamental en la econom\u00eda local.<\/p><p>Sede de dos universidades (California State University Channel Islands y California Lutheran University), una peque\u00f1a universidad privada y tres colegios comunitarios (Oxnard, Ventura y Moorpark), m\u00faltiples extensiones universitarias, institutos y escuelas para adultos, el condado es un centro educativo y goza de una s\u00f3lida estructura para el desarrollo de la mano de obra.<\/p><p>El condado de Ventura se form\u00f3 el 1 de enero de 1873, cuando se separ\u00f3 del condado de Santa B\u00e1rbara. Es un condado de derecho general, gobernado por una Junta de Supervisores de cinco miembros, elegidos por sufragio universal para un mandato escalonado de cuatro a\u00f1os en sus respectivos distritos, y cuya presidencia rota anualmente. La Junta de Supervisores es responsable de proporcionar direcci\u00f3n pol\u00edtica, aprobar el presupuesto del condado y representar al condado en una serie de \u00e1reas, incluidos los distritos especiales. Las acciones de la Junta pueden aplicarse en todo el condado o s\u00f3lo en las zonas no incorporadas.<\/p><p>Otros funcionarios electos del Condado son el Auditor-Controlador, el Asesor, el Secretario\/Registrador, el Fiscal de Distrito, el Tesorero-Recaudador de Impuestos y el Sheriff. El Funcionario Ejecutivo del Condado asesora, asiste y act\u00faa como agente de la Junta de Supervisores en todos los asuntos bajo la jurisdicci\u00f3n de la Junta.<\/p><p>Bajo la direcci\u00f3n de la Junta de Supervisores, el presupuesto anual aprobado del Condado de m\u00e1s de $2 mil millones sirve para ayudar a adultos y ni\u00f1os vulnerables, proporcionar seguridad p\u00fablica, garantizar la justicia, proteger la salud p\u00fablica y mejorar la calidad de vida de los residentes del condado.  En consonancia con las principales \u00e1reas de inter\u00e9s establecidas en el Plan Estrat\u00e9gico del Condado, los servicios son prestados a los residentes por m\u00e1s de 8.000 servidores p\u00fablicos dedicados que trabajan en 23 agencias diferentes, departamentos y distritos especiales.<\/p>\t\t\t\t\t\t\t\t<\/div>\n\t\t\t\t<\/div>\n\t\t<div class=\"elementor-element elementor-element-611e9cf elementor-hidden-desktop elementor-hidden-tablet elementor-hidden-mobile e-flex e-con-boxed e-con e-child\" data-id=\"611e9cf\" data-element_type=\"container\">\n\t\t\t\t\t<div class=\"e-con-inner\">\n\t\t\t\t<div class=\"elementor-element elementor-element-7eb6957 elementor-widget elementor-widget-text-editor\" data-id=\"7eb6957\" data-element_type=\"widget\" data-widget_type=\"text-editor.default\">\n\t\t\t\t<div class=\"elementor-widget-container\">\n\t\t\t\t\t\t\t\t\t<p>Los condados de derecho general se adhieren a la ley estatal en cuanto al n\u00famero y las obligaciones de los funcionarios electos del condado. Los condados con carta org\u00e1nica tienen un grado limitado de autoridad \"aut\u00f3noma\" que puede prever la elecci\u00f3n, remuneraci\u00f3n, mandatos, destituci\u00f3n y salario de la junta de gobierno; la elecci\u00f3n o nombramiento (excepto el sheriff, el fiscal del distrito y el asesor, que deben ser elegidos), remuneraci\u00f3n, mandatos y destituci\u00f3n de todos los funcionarios del condado; las facultades y obligaciones de todos los funcionarios; y la consolidaci\u00f3n y segregaci\u00f3n de las oficinas del condado. Una carta org\u00e1nica no otorga a los funcionarios del condado autoridad adicional sobre normativas locales, capacidad para recaudar ingresos, decisiones presupuestarias o relaciones intergubernamentales.<\/p><p>Un condado puede adoptar, modificar o revocar una carta org\u00e1nica con la aprobaci\u00f3n de la mayor\u00eda de los votos. Una nueva carta org\u00e1nica o la enmienda o derogaci\u00f3n de una carta org\u00e1nica existente puede ser propuesta por la Junta de Supervisores, una comisi\u00f3n de cartas org\u00e1nicas o una petici\u00f3n de iniciativa. Las disposiciones de una carta org\u00e1nica son la ley del estado y tienen la fuerza y el efecto de las promulgaciones legislativas. En la actualidad hay 45 condados de derecho general y 13 condados con carta org\u00e1nica.<\/p><p><strong>Historia del condado<\/strong><\/p><p>Los 27 condados originales de California eran Butte, Calaveras, Colusa, Contra Costa, El Dorado, Los \u00c1ngeles, Mar\u00edn, Mariposa, Mendocino, Monterey, Napa, Sacramento, San Diego, San Francisco, San Joaqu\u00edn, San Luis Obispo, Santa B\u00e1rbara, Santa Clara, Santa Cruz, Shasta, Solano, Sonoma, Sutter, Trinity, Tuolumne, Yolo y Yuba.<\/p>\t\t\t\t\t\t\t\t<\/div>\n\t\t\t\t<\/div>\n\t\t\t\t\t<\/div>\n\t\t\t\t<\/div>\n\t\t\t\t\t<\/div>\n\t\t\t\t<\/div>\n\t\t\t\t\t<\/div>\n\t\t\t\t<\/div>\n\t\t\t\t\t<\/div>\n\t\t\t\t<\/div>\n\t\t\t\t<\/div>","protected":false},"excerpt":{"rendered":"<p>HISTORY Officially formed on Jan. 1, 1873, Ventura County has a rich and fascinating history that began far before its formation. More than 10,000 years ago, the Chumash people, known fishermen and maritime traders, inhabited the land that became Ventura County. Spanish explorers arrived in the 1500s with active occupation beginning in the 1700s. Mission [&hellip;]<\/p>\n","protected":false},"author":4,"featured_media":0,"parent":0,"menu_order":0,"comment_status":"closed","ping_status":"closed","template":"","meta":{"_relevanssi_hide_post":"","_relevanssi_hide_content":"","_relevanssi_pin_for_all":"","_relevanssi_pin_keywords":"","_relevanssi_unpin_keywords":"","_relevanssi_related_keywords":"","_relevanssi_related_include_ids":"","_relevanssi_related_exclude_ids":"","_relevanssi_related_no_append":"","_relevanssi_related_not_related":"","_relevanssi_related_posts":"","_relevanssi_noindex_reason":"","footnotes":""},"categories":[1],"tags":[],"class_list":["post-166","page","type-page","status-publish","hentry","category-uncategorized"],"_links":{"self":[{"href":"https:\/\/venturacounty.gov\/county-executive-office\/es\/wp-json\/wp\/v2\/pages\/166","targetHints":{"allow":["GET"]}}],"collection":[{"href":"https:\/\/venturacounty.gov\/county-executive-office\/es\/wp-json\/wp\/v2\/pages"}],"about":[{"href":"https:\/\/venturacounty.gov\/county-executive-office\/es\/wp-json\/wp\/v2\/types\/page"}],"author":[{"embeddable":true,"href":"https:\/\/venturacounty.gov\/county-executive-office\/es\/wp-json\/wp\/v2\/users\/4"}],"replies":[{"embeddable":true,"href":"https:\/\/venturacounty.gov\/county-executive-office\/es\/wp-json\/wp\/v2\/comments?post=166"}],"version-history":[{"count":0,"href":"https:\/\/venturacounty.gov\/county-executive-office\/es\/wp-json\/wp\/v2\/pages\/166\/revisions"}],"wp:attachment":[{"href":"https:\/\/venturacounty.gov\/county-executive-office\/es\/wp-json\/wp\/v2\/media?parent=166"}],"wp:term":[{"taxonomy":"category","embeddable":true,"href":"https:\/\/venturacounty.gov\/county-executive-office\/es\/wp-json\/wp\/v2\/categories?post=166"},{"taxonomy":"post_tag","embeddable":true,"href":"https:\/\/venturacounty.gov\/county-executive-office\/es\/wp-json\/wp\/v2\/tags?post=166"}],"curies":[{"name":"wp","href":"https:\/\/api.w.org\/{rel}","templated":true}]}}