{"id":365,"date":"2023-06-26T10:55:33","date_gmt":"2023-06-26T17:55:33","guid":{"rendered":"https:\/\/s43756.p1092.sites.pressdns.com\/?page_id=365"},"modified":"2023-08-01T22:18:08","modified_gmt":"2023-08-01T22:18:08","slug":"student-internships","status":"publish","type":"page","link":"https:\/\/venturacounty.gov\/county-executive-office\/es\/student-internships\/","title":{"rendered":"Pr\u00e1cticas para estudiantes"},"content":{"rendered":"<div data-elementor-type=\"wp-page\" data-elementor-id=\"365\" class=\"elementor elementor-365\" data-elementor-post-type=\"page\">\n\t\t\t\t<div class=\"elementor-element elementor-element-786d7bc9 e-flex e-con-boxed e-con e-parent\" data-id=\"786d7bc9\" data-element_type=\"container\">\n\t\t\t\t\t<div class=\"e-con-inner\">\n\t\t<div class=\"elementor-element elementor-element-4d979cf e-flex e-con-boxed e-con e-child\" data-id=\"4d979cf\" data-element_type=\"container\" data-settings=\"{&quot;background_background&quot;:&quot;classic&quot;}\">\n\t\t\t\t\t<div class=\"e-con-inner\">\n\t\t<div class=\"elementor-element elementor-element-8512f04 e-flex e-con-boxed e-con e-child\" data-id=\"8512f04\" data-element_type=\"container\" data-settings=\"{&quot;background_background&quot;:&quot;classic&quot;}\">\n\t\t\t\t\t<div class=\"e-con-inner\">\n\t\t\t\t<div class=\"elementor-element elementor-element-7b25647 elementor-widget__width-initial elementor-widget elementor-widget-image\" data-id=\"7b25647\" data-element_type=\"widget\" data-widget_type=\"image.default\">\n\t\t\t\t<div class=\"elementor-widget-container\">\n\t\t\t\t\t\t\t\t\t\t\t\t\t\t\t<img fetchpriority=\"high\" decoding=\"async\" width=\"300\" height=\"200\" src=\"https:\/\/venturacounty.gov\/county-executive-office\/wp-content\/uploads\/sites\/2\/2023\/06\/StudentInternships.jpg\" class=\"attachment-large size-large wp-image-366\" alt=\"&quot;&quot;\" \/>\t\t\t\t\t\t\t\t\t\t\t\t\t\t\t<\/div>\n\t\t\t\t<\/div>\n\t\t\t\t<div class=\"elementor-element elementor-element-0dfebc6 elementor-widget elementor-widget-text-editor\" data-id=\"0dfebc6\" data-element_type=\"widget\" data-widget_type=\"text-editor.default\">\n\t\t\t\t<div class=\"elementor-widget-container\">\n\t\t\t\t\t\t\t\t\t<h1 style=\"font-size: 1.4rem; font-weight: bold;\">Pr\u00e1cticas para estudiantes\u00a0<\/h1><p>\u00bfEs usted un estudiante de secundaria o universitario que busca explorar carreras con en el Condado de Ventura? \u00a1Qu\u00e9 mejor manera que a trav\u00e9s de una pasant\u00eda con una de nuestras 26 agencias! Nuestras pr\u00e1cticas proporcionan la posibilidad de desarrollar habilidades profesionales ofreciendo una valiosa experiencia laboral y formaci\u00f3n en el puesto de trabajo.<\/p><p>Si est\u00e1 interesado en solicitar unas pr\u00e1cticas en el Condado de Ventura, puede ponerse en contacto con la agencia en la que desea realizar las pr\u00e1cticas o visitar nuestro\u00a0<strong><a href=\"https:\/\/hr.ventura.org\/internships\" target=\"_blank\" rel=\"noopener noreferrer\" data-uw-rm-brl=\"false\" aria-label=\"Sitio web de Recursos Humanos - opens in new tab\" data-uw-rm-ext-link=\"\">P\u00e1gina web de Recursos Humanos<\/a><\/strong>.<\/p>\t\t\t\t\t\t\t\t<\/div>\n\t\t\t\t<\/div>\n\t\t\t\t\t<\/div>\n\t\t\t\t<\/div>\n\t\t\t\t\t<\/div>\n\t\t\t\t<\/div>\n\t\t\t\t\t<\/div>\n\t\t\t\t<\/div>\n\t\t\t\t<\/div>","protected":false},"excerpt":{"rendered":"<p>Student Internships\u00a0 Are you a high school or college student looking to explore careers with in the County of Ventura? What better way than through an internship with one of our 26 agencies! Our internships provide the ability to develop professional skills by offering valuable work experience and on-the-job training. If you are interested in [&hellip;]<\/p>\n","protected":false},"author":7,"featured_media":0,"parent":0,"menu_order":0,"comment_status":"closed","ping_status":"closed","template":"","meta":{"_relevanssi_hide_post":"","_relevanssi_hide_content":"","_relevanssi_pin_for_all":"","_relevanssi_pin_keywords":"","_relevanssi_unpin_keywords":"","_relevanssi_related_keywords":"","_relevanssi_related_include_ids":"","_relevanssi_related_exclude_ids":"","_relevanssi_related_no_append":"","_relevanssi_related_not_related":"","_relevanssi_related_posts":"","_relevanssi_noindex_reason":"","footnotes":""},"categories":[1],"tags":[],"class_list":["post-365","page","type-page","status-publish","hentry","category-uncategorized"],"_links":{"self":[{"href":"https:\/\/venturacounty.gov\/county-executive-office\/es\/wp-json\/wp\/v2\/pages\/365","targetHints":{"allow":["GET"]}}],"collection":[{"href":"https:\/\/venturacounty.gov\/county-executive-office\/es\/wp-json\/wp\/v2\/pages"}],"about":[{"href":"https:\/\/venturacounty.gov\/county-executive-office\/es\/wp-json\/wp\/v2\/types\/page"}],"author":[{"embeddable":true,"href":"https:\/\/venturacounty.gov\/county-executive-office\/es\/wp-json\/wp\/v2\/users\/7"}],"replies":[{"embeddable":true,"href":"https:\/\/venturacounty.gov\/county-executive-office\/es\/wp-json\/wp\/v2\/comments?post=365"}],"version-history":[{"count":0,"href":"https:\/\/venturacounty.gov\/county-executive-office\/es\/wp-json\/wp\/v2\/pages\/365\/revisions"}],"wp:attachment":[{"href":"https:\/\/venturacounty.gov\/county-executive-office\/es\/wp-json\/wp\/v2\/media?parent=365"}],"wp:term":[{"taxonomy":"category","embeddable":true,"href":"https:\/\/venturacounty.gov\/county-executive-office\/es\/wp-json\/wp\/v2\/categories?post=365"},{"taxonomy":"post_tag","embeddable":true,"href":"https:\/\/venturacounty.gov\/county-executive-office\/es\/wp-json\/wp\/v2\/tags?post=365"}],"curies":[{"name":"wp","href":"https:\/\/api.w.org\/{rel}","templated":true}]}}