{"id":694,"date":"2023-09-01T16:44:31","date_gmt":"2023-09-01T16:44:31","guid":{"rendered":"https:\/\/venturacounty.gov\/county-executive-office\/?page_id=694"},"modified":"2025-10-01T16:45:07","modified_gmt":"2025-10-01T16:45:07","slug":"vccob-staff-materials","status":"publish","type":"page","link":"https:\/\/venturacounty.gov\/county-executive-office\/es\/clerk-of-the-board\/vccob-staff-materials\/","title":{"rendered":"VCCOB Staff Materials"},"content":{"rendered":"<div data-elementor-type=\"wp-page\" data-elementor-id=\"694\" class=\"elementor elementor-694\" data-elementor-post-type=\"page\">\n\t\t\t\t<div class=\"elementor-element elementor-element-786d7bc9 e-flex e-con-boxed e-con e-parent\" data-id=\"786d7bc9\" data-element_type=\"container\">\n\t\t\t\t\t<div class=\"e-con-inner\">\n\t\t<div class=\"elementor-element elementor-element-4d979cf e-flex e-con-boxed e-con e-child\" data-id=\"4d979cf\" data-element_type=\"container\" data-settings=\"{&quot;background_background&quot;:&quot;classic&quot;}\">\n\t\t\t\t\t<div class=\"e-con-inner\">\n\t\t\t\t<div class=\"elementor-element elementor-element-ec9a481 elementor-widget elementor-widget-heading\" data-id=\"ec9a481\" data-element_type=\"widget\" data-widget_type=\"heading.default\">\n\t\t\t\t<div class=\"elementor-widget-container\">\n\t\t\t\t\t<h1 class=\"elementor-heading-title elementor-size-default\">Materiales, pol\u00edticas, procedimientos y referencias de la Agencia sucesora del VCCOB y de los miembros de la Junta Directiva<\/h1>\t\t\t\t<\/div>\n\t\t\t\t<\/div>\n\t\t\t\t<div class=\"elementor-element elementor-element-d13c920 elementor-widget elementor-widget-text-editor\" data-id=\"d13c920\" data-element_type=\"widget\" data-widget_type=\"text-editor.default\">\n\t\t\t\t<div class=\"elementor-widget-container\">\n\t\t\t\t\t\t\t\t\t<p>Esta p\u00e1gina web contiene materiales publicados para el uso de los miembros del VCCOB y el personal de la Agencia Sucesora. Esta p\u00e1gina web est\u00e1 destinada a ser utilizada \u00fanicamente por el personal y los miembros de la junta. La informaci\u00f3n para el p\u00fablico se publica en <a href=\"https:\/\/venturacounty.gov\/county-executive-office\/es\/clerk-of-the-board\/ventura-county-consolidated-oversight-board\/\">www.venturacounty.gov\/ceo\/cob\/vccob<\/a><\/p>\t\t\t\t\t\t\t\t<\/div>\n\t\t\t\t<\/div>\n\t\t<div class=\"elementor-element elementor-element-7f45a1b e-flex e-con-boxed e-con e-child\" data-id=\"7f45a1b\" data-element_type=\"container\">\n\t\t\t\t\t<div class=\"e-con-inner\">\n\t\t<div class=\"elementor-element elementor-element-acbdc57 e-flex e-con-boxed e-con e-child\" data-id=\"acbdc57\" data-element_type=\"container\">\n\t\t\t\t\t<div class=\"e-con-inner\">\n\t\t\t\t<div class=\"elementor-element elementor-element-efa3c7e elementor-widget elementor-widget-text-editor\" data-id=\"efa3c7e\" data-element_type=\"widget\" data-widget_type=\"text-editor.default\">\n\t\t\t\t<div class=\"elementor-widget-container\">\n\t\t\t\t\t\t\t\t\t<p><strong>Procedimientos:<br \/><\/strong><a href=\"http:\/\/vcportal.venturacounty.gov\/CEO\/COB\/docs\/VCCOB%20User%20Manual%202.0.pdf\">VCCOB Manual del usuario 2.0<\/a><\/p><p><a href=\"http:\/\/vcportal.venturacounty.gov\/CEO\/COB\/consolidated-oversight-board\/Bylaws%20of%20the%20VCCOB%20Amended%2009-24-2025.pdf\">Bylaws of the Board<\/a><\/p><p><strong>Plantillas:<\/strong><br \/><a href=\"http:\/\/vcportal.venturacounty.gov\/CEO\/COB\/docs\/VCCOB_SignatureRequiredTransmittalForm.pdf\">Firma requerida Formulario de transmisi\u00f3n<\/a><\/p><p><a href=\"http:\/\/vcportal.venturacounty.gov\/CEO\/COB\/docs\/VCCO_Board_Letter_Template.docx\">Modelo de carta del Consejo<\/a><\/p><p><a href=\"http:\/\/vcportal.venturacounty.gov\/CEO\/COB\/docs\/VCCOB_Resolution_Template.doc\">Plantilla de resoluci\u00f3n<\/a><\/p>\t\t\t\t\t\t\t\t<\/div>\n\t\t\t\t<\/div>\n\t\t\t\t\t<\/div>\n\t\t\t\t<\/div>\n\t\t<div class=\"elementor-element elementor-element-ed386ec e-flex e-con-boxed e-con e-child\" data-id=\"ed386ec\" data-element_type=\"container\">\n\t\t\t\t\t<div class=\"e-con-inner\">\n\t\t\t\t<div class=\"elementor-element elementor-element-3133639 elementor-widget elementor-widget-text-editor\" data-id=\"3133639\" data-element_type=\"widget\" data-widget_type=\"text-editor.default\">\n\t\t\t\t<div class=\"elementor-widget-container\">\n\t\t\t\t\t\t\t\t\t<p><strong>Agenda de las pr\u00f3ximas reuniones del VCCOB<br \/><\/strong><\/p><p>Haga clic en <a href=\"https:\/\/ventura.primegov.com\/public\/portal?committee=13&amp;fromiframe=1\" target=\"_blank\" rel=\"noopener\">aqu\u00ed<\/a> para consultar los \u00f3rdenes del d\u00eda, los documentos de las reuniones y las actas.<\/p>\t\t\t\t\t\t\t\t<\/div>\n\t\t\t\t<\/div>\n\t\t\t\t\t<\/div>\n\t\t\t\t<\/div>\n\t\t\t\t\t<\/div>\n\t\t\t\t<\/div>\n\t\t\t\t<div class=\"elementor-element elementor-element-0cbd83d elementor-widget-divider--view-line elementor-widget elementor-widget-divider\" data-id=\"0cbd83d\" data-element_type=\"widget\" data-widget_type=\"divider.default\">\n\t\t\t\t<div class=\"elementor-widget-container\">\n\t\t\t\t\t\t\t<div class=\"elementor-divider\">\n\t\t\t<span class=\"elementor-divider-separator\">\n\t\t\t\t\t\t<\/span>\n\t\t<\/div>\n\t\t\t\t\t\t<\/div>\n\t\t\t\t<\/div>\n\t\t\t\t<div class=\"elementor-element elementor-element-35b7291 elementor-widget elementor-widget-text-editor\" data-id=\"35b7291\" data-element_type=\"widget\" data-widget_type=\"text-editor.default\">\n\t\t\t\t<div class=\"elementor-widget-container\">\n\t\t\t\t\t\t\t\t\t<div class=\"wpb_text_column wpb_content_element\"><h4><strong><span style=\"text-decoration: underline\">Asistir en persona<\/span><\/strong><\/h4><p>Los miembros de la Junta, el personal de la Agencia sucesora y los miembros del p\u00fablico pueden asistir a la reuni\u00f3n en persona. <br \/>Cuando llegue al lugar de la reuni\u00f3n, pres\u00e9ntese en la Secretar\u00eda del Consejo.<\/p><p><br \/>Las reuniones de la Junta de Supervisi\u00f3n Consolidada se celebran en:<\/p><p>Sala de audiencias de la Junta de Supervisores<br \/>Edificio de la Administraci\u00f3n - Planta baja<br \/>Centro de Gobierno del Condado de Ventura<br \/>800 S. Victoria Av.<br \/>Ventura, CA 93009<\/p><\/div><p>El aparcamiento en las instalaciones de la reuni\u00f3n est\u00e1 limitado a 3 horas en el aparcamiento G. Si prev\u00e9 asistir durante m\u00e1s de 3 horas, se recomienda aparcar en el aparcamiento F.<\/p><hr \/><h4><strong><span style=\"text-decoration: underline\">Ver en l\u00ednea<\/span><\/strong><\/h4><p>Vea las reuniones de la Junta de Supervisi\u00f3n Consolidada del Condado de Ventura en directo a trav\u00e9s de livestream en <a href=\"https:\/\/venturacounty.gov\/county-executive-office\/es\/ceo\/cob\/vccob\/\" target=\"_blank\" rel=\"noopener noreferrer\">www.venturacounty.gov\/ceo\/cob\/vccob<\/a> .<br \/>Esta retransmisi\u00f3n en directo por Internet puede retrasarse unos segundos. Si necesita dirigirse a la Junta, debe estar presente en persona.<\/p>\t\t\t\t\t\t\t\t<\/div>\n\t\t\t\t<\/div>\n\t\t\t\t\t<\/div>\n\t\t\t\t<\/div>\n\t\t\t\t\t<\/div>\n\t\t\t\t<\/div>\n\t\t\t\t<\/div>","protected":false},"excerpt":{"rendered":"<p>VCCOB Successor Agency and Board Members Materials, Policies, Procedures, and References This web page contains materials posted for use by members of the VCCOB and Successor Agency Staff. This webpage is intended for use by staff and board members only. Information for the public is posted at www.venturacounty.gov\/ceo\/cob\/vccob Procedures:VCCOB User Manual 2.0 Bylaws of the [&hellip;]<\/p>\n","protected":false},"author":24,"featured_media":0,"parent":203,"menu_order":0,"comment_status":"closed","ping_status":"closed","template":"","meta":{"_relevanssi_hide_post":"","_relevanssi_hide_content":"","_relevanssi_pin_for_all":"","_relevanssi_pin_keywords":"","_relevanssi_unpin_keywords":"","_relevanssi_related_keywords":"","_relevanssi_related_include_ids":"","_relevanssi_related_exclude_ids":"","_relevanssi_related_no_append":"","_relevanssi_related_not_related":"","_relevanssi_related_posts":"","_relevanssi_noindex_reason":"","footnotes":""},"categories":[8],"tags":[],"class_list":["post-694","page","type-page","status-publish","hentry","category-clerk-of-the-board"],"_links":{"self":[{"href":"https:\/\/venturacounty.gov\/county-executive-office\/es\/wp-json\/wp\/v2\/pages\/694","targetHints":{"allow":["GET"]}}],"collection":[{"href":"https:\/\/venturacounty.gov\/county-executive-office\/es\/wp-json\/wp\/v2\/pages"}],"about":[{"href":"https:\/\/venturacounty.gov\/county-executive-office\/es\/wp-json\/wp\/v2\/types\/page"}],"author":[{"embeddable":true,"href":"https:\/\/venturacounty.gov\/county-executive-office\/es\/wp-json\/wp\/v2\/users\/24"}],"replies":[{"embeddable":true,"href":"https:\/\/venturacounty.gov\/county-executive-office\/es\/wp-json\/wp\/v2\/comments?post=694"}],"version-history":[{"count":0,"href":"https:\/\/venturacounty.gov\/county-executive-office\/es\/wp-json\/wp\/v2\/pages\/694\/revisions"}],"up":[{"embeddable":true,"href":"https:\/\/venturacounty.gov\/county-executive-office\/es\/wp-json\/wp\/v2\/pages\/203"}],"wp:attachment":[{"href":"https:\/\/venturacounty.gov\/county-executive-office\/es\/wp-json\/wp\/v2\/media?parent=694"}],"wp:term":[{"taxonomy":"category","embeddable":true,"href":"https:\/\/venturacounty.gov\/county-executive-office\/es\/wp-json\/wp\/v2\/categories?post=694"},{"taxonomy":"post_tag","embeddable":true,"href":"https:\/\/venturacounty.gov\/county-executive-office\/es\/wp-json\/wp\/v2\/tags?post=694"}],"curies":[{"name":"wp","href":"https:\/\/api.w.org\/{rel}","templated":true}]}}