{"id":858,"date":"2024-02-06T05:04:01","date_gmt":"2024-02-06T05:04:01","guid":{"rendered":"https:\/\/venturacounty.gov\/county-executive-office\/?page_id=858"},"modified":"2024-02-24T00:56:20","modified_gmt":"2024-02-24T00:56:20","slug":"about","status":"publish","type":"page","link":"https:\/\/venturacounty.gov\/county-executive-office\/es\/oda\/about\/","title":{"rendered":"ODA &#8211; About"},"content":{"rendered":"<div data-elementor-type=\"wp-page\" data-elementor-id=\"858\" class=\"elementor elementor-858\" data-elementor-post-type=\"page\">\n\t\t\t\t<div class=\"elementor-element elementor-element-786d7bc9 e-flex e-con-boxed e-con e-parent\" data-id=\"786d7bc9\" data-element_type=\"container\">\n\t\t\t\t\t<div class=\"e-con-inner\">\n\t\t<div class=\"elementor-element elementor-element-4d979cf e-flex e-con-boxed e-con e-parent\" data-id=\"4d979cf\" data-element_type=\"container\" data-settings=\"{&quot;background_background&quot;:&quot;classic&quot;}\">\n\t\t\t\t\t<div class=\"e-con-inner\">\n\t\t\t\t<div class=\"elementor-element elementor-element-cb0e008 elementor-hidden-desktop elementor-hidden-tablet elementor-hidden-mobile elementor-widget elementor-widget-heading\" data-id=\"cb0e008\" data-element_type=\"widget\" data-widget_type=\"heading.default\">\n\t\t\t\t<div class=\"elementor-widget-container\">\n\t\t\t\t\t<h1 class=\"elementor-heading-title elementor-size-default\">Oficina de acceso para discapacitados<\/h1>\t\t\t\t<\/div>\n\t\t\t\t<\/div>\n\t\t<div class=\"elementor-element elementor-element-1443649 e-flex e-con-boxed e-con e-parent\" data-id=\"1443649\" data-element_type=\"container\">\n\t\t\t\t\t<div class=\"e-con-inner\">\n\t\t<div class=\"elementor-element elementor-element-bd5ef9b e-con-full e-flex e-con e-parent\" data-id=\"bd5ef9b\" data-element_type=\"container\">\n\t\t\t\t<\/div>\n\t\t<div class=\"elementor-element elementor-element-204246d e-con-full e-flex e-con e-parent\" data-id=\"204246d\" data-element_type=\"container\">\n\t\t\t\t<div class=\"elementor-element elementor-element-0eb10a0 elementor-widget elementor-widget-image\" data-id=\"0eb10a0\" data-element_type=\"widget\" data-widget_type=\"image.default\">\n\t\t\t\t<div class=\"elementor-widget-container\">\n\t\t\t\t\t\t\t\t\t\t\t\t\t\t\t<img fetchpriority=\"high\" decoding=\"async\" width=\"800\" height=\"202\" src=\"https:\/\/venturacounty.gov\/county-executive-office\/wp-content\/uploads\/sites\/2\/2024\/02\/Office-of-Disability-Access_logo_horizontal-1024x259.png\" class=\"attachment-large size-large wp-image-857\" alt=\"County of Ventura Office Of Disability Access\" srcset=\"https:\/\/venturacounty.gov\/county-executive-office\/wp-content\/uploads\/sites\/2\/2024\/02\/Office-of-Disability-Access_logo_horizontal-1024x259.png 1024w, https:\/\/venturacounty.gov\/county-executive-office\/wp-content\/uploads\/sites\/2\/2024\/02\/Office-of-Disability-Access_logo_horizontal-300x76.png 300w, https:\/\/venturacounty.gov\/county-executive-office\/wp-content\/uploads\/sites\/2\/2024\/02\/Office-of-Disability-Access_logo_horizontal-768x194.png 768w, https:\/\/venturacounty.gov\/county-executive-office\/wp-content\/uploads\/sites\/2\/2024\/02\/Office-of-Disability-Access_logo_horizontal-1536x388.png 1536w, https:\/\/venturacounty.gov\/county-executive-office\/wp-content\/uploads\/sites\/2\/2024\/02\/Office-of-Disability-Access_logo_horizontal.png 1800w\" sizes=\"(max-width: 800px) 100vw, 800px\" \/>\t\t\t\t\t\t\t\t\t\t\t\t\t\t\t<\/div>\n\t\t\t\t<\/div>\n\t\t\t\t<\/div>\n\t\t<div class=\"elementor-element elementor-element-d5a877d e-flex e-con-boxed e-con e-parent\" data-id=\"d5a877d\" data-element_type=\"container\">\n\t\t\t\t\t<div class=\"e-con-inner\">\n\t\t\t\t\t<\/div>\n\t\t\t\t<\/div>\n\t\t\t\t\t<\/div>\n\t\t\t\t<\/div>\n\t\t\t\t<div class=\"elementor-element elementor-element-ff8f382 elementor-widget-divider--view-line elementor-widget elementor-widget-divider\" data-id=\"ff8f382\" data-element_type=\"widget\" data-widget_type=\"divider.default\">\n\t\t\t\t<div class=\"elementor-widget-container\">\n\t\t\t\t\t\t\t<div class=\"elementor-divider\">\n\t\t\t<span class=\"elementor-divider-separator\">\n\t\t\t\t\t\t<\/span>\n\t\t<\/div>\n\t\t\t\t\t\t<\/div>\n\t\t\t\t<\/div>\n\t\t<div class=\"elementor-element elementor-element-2cb8a15 e-flex e-con-boxed e-con e-parent\" data-id=\"2cb8a15\" data-element_type=\"container\">\n\t\t\t\t\t<div class=\"e-con-inner\">\n\t\t<div class=\"elementor-element elementor-element-6f9de98 e-con-full e-flex e-con e-parent\" data-id=\"6f9de98\" data-element_type=\"container\">\n\t\t\t\t<div class=\"elementor-element elementor-element-2916aa7 elementor-widget elementor-widget-heading\" data-id=\"2916aa7\" data-element_type=\"widget\" data-widget_type=\"heading.default\">\n\t\t\t\t<div class=\"elementor-widget-container\">\n\t\t\t\t\t<h1 class=\"elementor-heading-title elementor-size-default\">Acerca de ODA<\/h1>\t\t\t\t<\/div>\n\t\t\t\t<\/div>\n\t\t\t\t<div class=\"elementor-element elementor-element-ad7d9b5 elementor-widget elementor-widget-text-editor\" data-id=\"ad7d9b5\" data-element_type=\"widget\" data-widget_type=\"text-editor.default\">\n\t\t\t\t<div class=\"elementor-widget-container\">\n\t\t\t\t\t\t\t\t\t<p>La Oficina de Acceso para Discapacitados, dentro de la Oficina Ejecutiva del Condado, se esfuerza por alcanzar sus objetivos en todo el Condado. Todos los esfuerzos de la Oficina son cuidadosamente construidos con un enfoque l\u00e1ser en los mejores intereses de nuestra comunidad de discapacitados, y el compromiso del Condado para fomentar un sentido de inclusi\u00f3n, acceso y pertenencia dentro de nuestra comunidad. Consulte el Plan Estrat\u00e9gico de la ODA para obtener m\u00e1s informaci\u00f3n sobre los objetivos y prioridades de la Oficina.<\/p>\t\t\t\t\t\t\t\t<\/div>\n\t\t\t\t<\/div>\n\t\t\t\t<div class=\"elementor-element elementor-element-b3f1a70 elementor-widget elementor-widget-heading\" data-id=\"b3f1a70\" data-element_type=\"widget\" data-widget_type=\"heading.default\">\n\t\t\t\t<div class=\"elementor-widget-container\">\n\t\t\t\t\t<h1 class=\"elementor-heading-title elementor-size-default\">Gestor de acceso para discapacitados<\/h1>\t\t\t\t<\/div>\n\t\t\t\t<\/div>\n\t\t\t\t<div class=\"elementor-element elementor-element-3f27626 elementor-widget elementor-widget-text-editor\" data-id=\"3f27626\" data-element_type=\"widget\" data-widget_type=\"text-editor.default\">\n\t\t\t\t<div class=\"elementor-widget-container\">\n\t\t\t\t\t\t\t\t\t<p><strong>Dani Anderson<\/strong><\/p><p><img decoding=\"async\" style=\"align: right; width: 300px; margin-left: 20px;\" src=\"https:\/\/www.venturacounty.gov\/county-executive-office\/wp-content\/uploads\/sites\/2\/2024\/02\/Dani-desk-scaled.jpg\" align=\"right\" \/>Dani Anderson es la primera gestora de accesos para discapacitados del condado de Ventura. Adem\u00e1s de su experiencia vital, la Sra. Anderson ha desarrollado toda su carrera profesional en el \u00e1mbito de la discapacidad, tanto en el gobierno estatal y federal como en organizaciones sin \u00e1nimo de lucro y empresas. Se centra en la educaci\u00f3n de la comunidad en torno al orgullo de la discapacidad y la mejora de la comunicaci\u00f3n entre personas con y sin discapacidad, as\u00ed como en la preparaci\u00f3n para emergencias de las personas con necesidades funcionales y de acceso.<\/p><p>Dani naci\u00f3 y creci\u00f3 en el condado de Ventura, y se licenci\u00f3 en Comunicaci\u00f3n por la Universidad Estatal de California, Channel Islands.<\/p><p><strong>Informaci\u00f3n de contacto:<\/strong><\/p><p><a href=\"mailto:Dani.Anderson@ventura.org\">Dani.Anderson@ventura.org<\/a><br \/>805-654-2862<\/p>\t\t\t\t\t\t\t\t<\/div>\n\t\t\t\t<\/div>\n\t\t\t\t<\/div>\n\t\t<div class=\"elementor-element elementor-element-ea3e3c8 e-flex e-con-boxed e-con e-parent\" data-id=\"ea3e3c8\" data-element_type=\"container\">\n\t\t\t\t\t<div class=\"e-con-inner\">\n\t\t\t\t<div class=\"elementor-element elementor-element-f01e85b elementor-nav-menu--dropdown-tablet elementor-nav-menu__text-align-aside elementor-nav-menu--toggle elementor-nav-menu--burger elementor-widget elementor-widget-global elementor-global-863 elementor-widget-nav-menu\" data-id=\"f01e85b\" data-element_type=\"widget\" data-settings=\"{&quot;layout&quot;:&quot;vertical&quot;,&quot;submenu_icon&quot;:{&quot;value&quot;:&quot;fas fa-caret-down&quot;,&quot;library&quot;:&quot;fa-solid&quot;},&quot;toggle&quot;:&quot;burger&quot;}\" data-widget_type=\"nav-menu.default\">\n\t\t\t\t<div class=\"elementor-widget-container\">\n\t\t\t\t\t\t\t\t<nav aria-label=\"Men\u00fa\" class=\"elementor-nav-menu--main elementor-nav-menu__container elementor-nav-menu--layout-vertical e--pointer-background e--animation-fade\">\n\t\t\t\t<ul id=\"menu-1-f01e85b\" class=\"elementor-nav-menu sm-vertical\"><li class=\"menu-item menu-item-type-post_type menu-item-object-page menu-item-860\"><a href=\"https:\/\/venturacounty.gov\/county-executive-office\/es\/oda\/\" class=\"elementor-item\">P\u00e1gina de inicio de la ODA<\/a><\/li>\n<li class=\"menu-item menu-item-type-post_type menu-item-object-page menu-item-862\"><a href=\"https:\/\/venturacounty.gov\/county-executive-office\/es\/oda\/about\/\" class=\"elementor-item\">Acerca de ODA<\/a><\/li>\n<li class=\"menu-item menu-item-type-custom menu-item-object-custom menu-item-864\"><a target=\"_blank\" href=\"https:\/\/vcportal.venturacounty.gov\/CEO\/ODA\/Office%20of%20Disability%20Access%20Strategic%20Plan2024-2027_web.pdf\" class=\"elementor-item\">Plan Estrat\u00e9gico<\/a><\/li>\n<li class=\"menu-item menu-item-type-post_type menu-item-object-page menu-item-867\"><a href=\"https:\/\/venturacounty.gov\/county-executive-office\/es\/oda\/events\/\" class=\"elementor-item\">Eventos<\/a><\/li>\n<li class=\"menu-item menu-item-type-post_type menu-item-object-page menu-item-868\"><a href=\"https:\/\/venturacounty.gov\/county-executive-office\/es\/oda\/ada-assessment-translation-plan\/\" class=\"elementor-item\">Evaluaci\u00f3n de la ADA y plan de transici\u00f3n<\/a><\/li>\n<li class=\"menu-item menu-item-type-post_type menu-item-object-page menu-item-1252\"><a href=\"https:\/\/venturacounty.gov\/county-executive-office\/es\/oda\/file-an-ada-compliant\/\" class=\"elementor-item\">Reclamaci\u00f3n ADA<\/a><\/li>\n<li class=\"menu-item menu-item-type-post_type menu-item-object-page menu-item-1308\"><a href=\"https:\/\/venturacounty.gov\/county-executive-office\/es\/oda\/oda-notice-under-the-ada\/\" class=\"elementor-item\">Declaraci\u00f3n de no discriminaci\u00f3n<\/a><\/li>\n<\/ul>\t\t\t<\/nav>\n\t\t\t\t\t<div class=\"elementor-menu-toggle\" role=\"button\" tabindex=\"0\" aria-label=\"Men\u00fa Toggle\" aria-expanded=\"false\">\n\t\t\t<i aria-hidden=\"true\" role=\"presentation\" class=\"elementor-menu-toggle__icon--open eicon-menu-bar\"><\/i><i aria-hidden=\"true\" role=\"presentation\" class=\"elementor-menu-toggle__icon--close eicon-close\"><\/i>\t\t<\/div>\n\t\t\t\t\t<nav class=\"elementor-nav-menu--dropdown elementor-nav-menu__container\" aria-hidden=\"true\">\n\t\t\t\t<ul id=\"menu-2-f01e85b\" class=\"elementor-nav-menu sm-vertical\"><li class=\"menu-item menu-item-type-post_type menu-item-object-page menu-item-860\"><a href=\"https:\/\/venturacounty.gov\/county-executive-office\/es\/oda\/\" class=\"elementor-item\" tabindex=\"-1\">P\u00e1gina de inicio de la ODA<\/a><\/li>\n<li class=\"menu-item menu-item-type-post_type menu-item-object-page menu-item-862\"><a href=\"https:\/\/venturacounty.gov\/county-executive-office\/es\/oda\/about\/\" class=\"elementor-item\" tabindex=\"-1\">Acerca de ODA<\/a><\/li>\n<li class=\"menu-item menu-item-type-custom menu-item-object-custom menu-item-864\"><a target=\"_blank\" href=\"https:\/\/vcportal.venturacounty.gov\/CEO\/ODA\/Office%20of%20Disability%20Access%20Strategic%20Plan2024-2027_web.pdf\" class=\"elementor-item\" tabindex=\"-1\">Plan Estrat\u00e9gico<\/a><\/li>\n<li class=\"menu-item menu-item-type-post_type menu-item-object-page menu-item-867\"><a href=\"https:\/\/venturacounty.gov\/county-executive-office\/es\/oda\/events\/\" class=\"elementor-item\" tabindex=\"-1\">Eventos<\/a><\/li>\n<li class=\"menu-item menu-item-type-post_type menu-item-object-page menu-item-868\"><a href=\"https:\/\/venturacounty.gov\/county-executive-office\/es\/oda\/ada-assessment-translation-plan\/\" class=\"elementor-item\" tabindex=\"-1\">Evaluaci\u00f3n de la ADA y plan de transici\u00f3n<\/a><\/li>\n<li class=\"menu-item menu-item-type-post_type menu-item-object-page menu-item-1252\"><a href=\"https:\/\/venturacounty.gov\/county-executive-office\/es\/oda\/file-an-ada-compliant\/\" class=\"elementor-item\" tabindex=\"-1\">Reclamaci\u00f3n ADA<\/a><\/li>\n<li class=\"menu-item menu-item-type-post_type menu-item-object-page menu-item-1308\"><a href=\"https:\/\/venturacounty.gov\/county-executive-office\/es\/oda\/oda-notice-under-the-ada\/\" class=\"elementor-item\" tabindex=\"-1\">Declaraci\u00f3n de no discriminaci\u00f3n<\/a><\/li>\n<\/ul>\t\t\t<\/nav>\n\t\t\t\t\t\t<\/div>\n\t\t\t\t<\/div>\n\t\t\t\t\t<\/div>\n\t\t\t\t<\/div>\n\t\t\t\t\t<\/div>\n\t\t\t\t<\/div>\n\t\t<div class=\"elementor-element elementor-element-ceec676 e-con-full e-flex e-con e-parent\" data-id=\"ceec676\" data-element_type=\"container\">\n\t\t\t\t<div class=\"elementor-element elementor-element-3af3a92 elementor-widget-divider--view-line elementor-widget elementor-widget-divider\" data-id=\"3af3a92\" data-element_type=\"widget\" data-widget_type=\"divider.default\">\n\t\t\t\t<div class=\"elementor-widget-container\">\n\t\t\t\t\t\t\t<div class=\"elementor-divider\">\n\t\t\t<span class=\"elementor-divider-separator\">\n\t\t\t\t\t\t<\/span>\n\t\t<\/div>\n\t\t\t\t\t\t<\/div>\n\t\t\t\t<\/div>\n\t\t\t\t<div class=\"elementor-element elementor-element-ffa8829 elementor-widget elementor-widget-text-editor\" data-id=\"ffa8829\" data-element_type=\"widget\" data-widget_type=\"text-editor.default\">\n\t\t\t\t<div class=\"elementor-widget-container\">\n\t\t\t\t\t\t\t\t\t<p>NOTA: Para comodidad de nuestros visitantes, esta p\u00e1gina puede contener enlaces a sitios web externos que no est\u00e1n gestionados ni controlados por el Condado de Ventura.<\/p>\t\t\t\t\t\t\t\t<\/div>\n\t\t\t\t<\/div>\n\t\t\t\t<\/div>\n\t\t\t\t\t<\/div>\n\t\t\t\t<\/div>\n\t\t\t\t\t<\/div>\n\t\t\t\t<\/div>\n\t\t\t\t<\/div>","protected":false},"excerpt":{"rendered":"<p>Office of Disability Access About ODA The Office of Disability Access, within the County Executive Office, strives to achieve its goals across the County. All the Office\u2019s efforts are thoughtfully built with a laser focus on our disability community\u2019s best interests, and the County\u2019s commitment to foster a sense of inclusivity, access, and belonging within [&hellip;]<\/p>\n","protected":false},"author":24,"featured_media":0,"parent":855,"menu_order":0,"comment_status":"closed","ping_status":"closed","template":"","meta":{"_relevanssi_hide_post":"","_relevanssi_hide_content":"","_relevanssi_pin_for_all":"","_relevanssi_pin_keywords":"","_relevanssi_unpin_keywords":"","_relevanssi_related_keywords":"","_relevanssi_related_include_ids":"","_relevanssi_related_exclude_ids":"","_relevanssi_related_no_append":"","_relevanssi_related_not_related":"","_relevanssi_related_posts":"","_relevanssi_noindex_reason":"","footnotes":""},"categories":[1],"tags":[],"class_list":["post-858","page","type-page","status-publish","hentry","category-uncategorized"],"_links":{"self":[{"href":"https:\/\/venturacounty.gov\/county-executive-office\/es\/wp-json\/wp\/v2\/pages\/858","targetHints":{"allow":["GET"]}}],"collection":[{"href":"https:\/\/venturacounty.gov\/county-executive-office\/es\/wp-json\/wp\/v2\/pages"}],"about":[{"href":"https:\/\/venturacounty.gov\/county-executive-office\/es\/wp-json\/wp\/v2\/types\/page"}],"author":[{"embeddable":true,"href":"https:\/\/venturacounty.gov\/county-executive-office\/es\/wp-json\/wp\/v2\/users\/24"}],"replies":[{"embeddable":true,"href":"https:\/\/venturacounty.gov\/county-executive-office\/es\/wp-json\/wp\/v2\/comments?post=858"}],"version-history":[{"count":0,"href":"https:\/\/venturacounty.gov\/county-executive-office\/es\/wp-json\/wp\/v2\/pages\/858\/revisions"}],"up":[{"embeddable":true,"href":"https:\/\/venturacounty.gov\/county-executive-office\/es\/wp-json\/wp\/v2\/pages\/855"}],"wp:attachment":[{"href":"https:\/\/venturacounty.gov\/county-executive-office\/es\/wp-json\/wp\/v2\/media?parent=858"}],"wp:term":[{"taxonomy":"category","embeddable":true,"href":"https:\/\/venturacounty.gov\/county-executive-office\/es\/wp-json\/wp\/v2\/categories?post=858"},{"taxonomy":"post_tag","embeddable":true,"href":"https:\/\/venturacounty.gov\/county-executive-office\/es\/wp-json\/wp\/v2\/tags?post=858"}],"curies":[{"name":"wp","href":"https:\/\/api.w.org\/{rel}","templated":true}]}}