{"id":926,"date":"2024-04-18T16:26:26","date_gmt":"2024-04-18T16:26:26","guid":{"rendered":"https:\/\/venturacounty.gov\/county-executive-office\/?page_id=926"},"modified":"2024-04-18T22:58:27","modified_gmt":"2024-04-18T22:58:27","slug":"government-and-disability-summit","status":"publish","type":"page","link":"https:\/\/venturacounty.gov\/county-executive-office\/es\/government-and-disability-summit\/","title":{"rendered":"Government and Disability Summit"},"content":{"rendered":"<div data-elementor-type=\"wp-page\" data-elementor-id=\"926\" class=\"elementor elementor-926\" data-elementor-post-type=\"page\">\n\t\t\t\t<div class=\"elementor-element elementor-element-786d7bc9 e-flex e-con-boxed e-con e-parent\" data-id=\"786d7bc9\" data-element_type=\"container\">\n\t\t\t\t\t<div class=\"e-con-inner\">\n\t\t<div class=\"elementor-element elementor-element-4d979cf e-flex e-con-boxed e-con e-parent\" data-id=\"4d979cf\" data-element_type=\"container\" data-settings=\"{&quot;background_background&quot;:&quot;classic&quot;}\">\n\t\t\t\t\t<div class=\"e-con-inner\">\n\t\t\t\t<div class=\"elementor-element elementor-element-c27ba0f elementor-widget__width-initial elementor-widget elementor-widget-image\" data-id=\"c27ba0f\" data-element_type=\"widget\" data-widget_type=\"image.default\">\n\t\t\t\t<div class=\"elementor-widget-container\">\n\t\t\t\t\t\t\t\t\t\t\t\t\t\t\t<img decoding=\"async\" width=\"219\" height=\"208\" src=\"https:\/\/venturacounty.gov\/county-executive-office\/wp-content\/uploads\/sites\/2\/2024\/04\/BuildingBridges.png\" class=\"attachment-large size-large wp-image-927\" alt=\"Building Bridges, Breaking Barriers\" \/>\t\t\t\t\t\t\t\t\t\t\t\t\t\t\t<\/div>\n\t\t\t\t<\/div>\n\t\t\t\t<div class=\"elementor-element elementor-element-5990bdc elementor-widget elementor-widget-heading\" data-id=\"5990bdc\" data-element_type=\"widget\" data-widget_type=\"heading.default\">\n\t\t\t\t<div class=\"elementor-widget-container\">\n\t\t\t\t\t<h1 class=\"elementor-heading-title elementor-size-default\">Convocatoria de ponentes<\/h1>\t\t\t\t<\/div>\n\t\t\t\t<\/div>\n\t\t\t\t<div class=\"elementor-element elementor-element-2ab51ce elementor-widget elementor-widget-text-editor\" data-id=\"2ab51ce\" data-element_type=\"widget\" data-widget_type=\"text-editor.default\">\n\t\t\t\t<div class=\"elementor-widget-container\">\n\t\t\t\t\t\t\t\t\t<p>24 de septiembre<sup>th<\/sup>-27<sup>th<\/sup>, 2024<\/p><p>Ventura, CA\u00a0<\/p><p>Estamos organizando una Cumbre sobre Gobierno y Discapacidad, la primera de su clase, con el objetivo de reunir a sectores de todo California y nos encantar\u00eda aprender de usted. A continuaci\u00f3n encontrar\u00e1 la lista de temas generales de las sesiones de trabajo que esperamos cubrir en la Cumbre. Esperamos recibir propuestas de presentaciones interactivas que destaquen las mejores pr\u00e1cticas, los retos, la defensa, las ideas innovadoras, las diversas perspectivas y asociaciones geogr\u00e1ficas de todo el estado, etc.<\/p><p>\u00bfEst\u00e1 interesado en participar en una de nuestras sesiones de 75 minutos? Rellene la siguiente informaci\u00f3n <strong>31 de mayo<sup>st<\/sup>, 2024 <\/strong>para ser seleccionado como ponente de la conferencia.<\/p>\t\t\t\t\t\t\t\t<\/div>\n\t\t\t\t<\/div>\n\t\t\t\t<div class=\"elementor-element elementor-element-8175644 eael-gravity-form-button-custom elementor-widget elementor-widget-eael-gravity-form\" data-id=\"8175644\" data-element_type=\"widget\" data-widget_type=\"eael-gravity-form.default\">\n\t\t\t\t<div class=\"elementor-widget-container\">\n\t\t\t\t\t            <div class=\"eael-contact-form eael-gravity-form eael-contact-form-align-default\">\n                                            <\/div>\n            \t\t\t\t<\/div>\n\t\t\t\t<\/div>\n\t\t\t\t<div class=\"elementor-element elementor-element-b74cd70 elementor-widget elementor-widget-text-editor\" data-id=\"b74cd70\" data-element_type=\"widget\" data-widget_type=\"text-editor.default\">\n\t\t\t\t<div class=\"elementor-widget-container\">\n\t\t\t\t\t\t\t\t\t<h2 style=\"font-weight: bold;\">\u00bfPreguntas?<\/h2><p>Dani Anderson\u00a0<\/p><p>Gestor de acceso para discapacitados, Condado de Ventura<\/p><p>Dani.Anderson@ventura.org<\/p>\t\t\t\t\t\t\t\t<\/div>\n\t\t\t\t<\/div>\n\t\t\t\t\t<\/div>\n\t\t\t\t<\/div>\n\t\t\t\t\t<\/div>\n\t\t\t\t<\/div>\n\t\t\t\t<\/div>","protected":false},"excerpt":{"rendered":"<p>Call for Presenters! September 24th-27th, 2024 Ventura, CA\u00a0 We are hosting a First-of-its-kind Government and Disability Summit aimed at bringing together sectors from all over California and would love to learn from you! Below you will find the list of overarching breakout session topics we hope to cover at the Summit. It is our hope [&hellip;]<\/p>\n","protected":false},"author":7,"featured_media":0,"parent":0,"menu_order":0,"comment_status":"closed","ping_status":"closed","template":"","meta":{"_relevanssi_hide_post":"","_relevanssi_hide_content":"","_relevanssi_pin_for_all":"","_relevanssi_pin_keywords":"","_relevanssi_unpin_keywords":"","_relevanssi_related_keywords":"","_relevanssi_related_include_ids":"","_relevanssi_related_exclude_ids":"","_relevanssi_related_no_append":"","_relevanssi_related_not_related":"","_relevanssi_related_posts":"","_relevanssi_noindex_reason":"","footnotes":""},"categories":[1],"tags":[],"class_list":["post-926","page","type-page","status-publish","hentry","category-uncategorized"],"_links":{"self":[{"href":"https:\/\/venturacounty.gov\/county-executive-office\/es\/wp-json\/wp\/v2\/pages\/926","targetHints":{"allow":["GET"]}}],"collection":[{"href":"https:\/\/venturacounty.gov\/county-executive-office\/es\/wp-json\/wp\/v2\/pages"}],"about":[{"href":"https:\/\/venturacounty.gov\/county-executive-office\/es\/wp-json\/wp\/v2\/types\/page"}],"author":[{"embeddable":true,"href":"https:\/\/venturacounty.gov\/county-executive-office\/es\/wp-json\/wp\/v2\/users\/7"}],"replies":[{"embeddable":true,"href":"https:\/\/venturacounty.gov\/county-executive-office\/es\/wp-json\/wp\/v2\/comments?post=926"}],"version-history":[{"count":0,"href":"https:\/\/venturacounty.gov\/county-executive-office\/es\/wp-json\/wp\/v2\/pages\/926\/revisions"}],"wp:attachment":[{"href":"https:\/\/venturacounty.gov\/county-executive-office\/es\/wp-json\/wp\/v2\/media?parent=926"}],"wp:term":[{"taxonomy":"category","embeddable":true,"href":"https:\/\/venturacounty.gov\/county-executive-office\/es\/wp-json\/wp\/v2\/categories?post=926"},{"taxonomy":"post_tag","embeddable":true,"href":"https:\/\/venturacounty.gov\/county-executive-office\/es\/wp-json\/wp\/v2\/tags?post=926"}],"curies":[{"name":"wp","href":"https:\/\/api.w.org\/{rel}","templated":true}]}}