{"id":986,"date":"2024-07-08T19:05:28","date_gmt":"2024-07-08T19:05:28","guid":{"rendered":"https:\/\/venturacounty.gov\/county-executive-office\/?page_id=986"},"modified":"2024-08-28T23:50:25","modified_gmt":"2024-08-28T23:50:25","slug":"grant-recipients","status":"publish","type":"page","link":"https:\/\/venturacounty.gov\/county-executive-office\/es\/arts-and-culture\/grant-recipients\/","title":{"rendered":"Arte y cultura: beneficiarios de las subvenciones del Fondo de Inversi\u00f3n Cultural"},"content":{"rendered":"<div data-elementor-type=\"wp-page\" data-elementor-id=\"986\" class=\"elementor elementor-986\" data-elementor-post-type=\"page\">\n\t\t\t\t<div class=\"elementor-element elementor-element-e12e541 e-con-full e-flex e-con e-parent\" data-id=\"e12e541\" data-element_type=\"container\">\n\t\t\t\t<div class=\"elementor-element elementor-element-1729951 elementor-widget elementor-widget-shortcode\" data-id=\"1729951\" data-element_type=\"widget\" data-widget_type=\"shortcode.default\">\n\t\t\t\t<div class=\"elementor-widget-container\">\n\t\t\t\t\t\t\t<div class=\"elementor-shortcode\">\t\t<div data-elementor-type=\"container\" data-elementor-id=\"802\" class=\"elementor elementor-802\" data-elementor-post-type=\"elementor_library\">\n\t\t\t\t<div class=\"ep-section-eql-height elementor-element elementor-element-10e5d07 e-con-full e-flex e-con e-parent\" bdt-height-match=\"target: .ep-section-eql-height .elementor-element .elementor-widget &gt; div\" data-id=\"10e5d07\" data-element_type=\"container\">\n\t\t<div class=\"elementor-element elementor-element-ce82874 e-flex e-con-boxed e-con e-child\" data-id=\"ce82874\" data-element_type=\"container\" data-settings=\"{&quot;background_background&quot;:&quot;classic&quot;}\">\n\t\t\t\t\t<div class=\"e-con-inner\">\n\t\t<div class=\"elementor-element elementor-element-f65f404 e-con-full e-flex e-con e-child\" data-id=\"f65f404\" data-element_type=\"container\">\n\t\t\t\t<\/div>\n\t\t<div class=\"elementor-element elementor-element-fa9574f e-con-full e-flex e-con e-child\" data-id=\"fa9574f\" data-element_type=\"container\">\n\t\t\t\t<div class=\"elementor-element elementor-element-6bbc2fc elementor-widget elementor-widget-image\" data-id=\"6bbc2fc\" data-element_type=\"widget\" data-widget_type=\"image.default\">\n\t\t\t\t<div class=\"elementor-widget-container\">\n\t\t\t\t\t\t\t\t\t\t\t\t\t\t\t\t<a href=\"https:\/\/venturacounty.gov\/county-executive-office\/es\/\">\n\t\t\t\t\t\t\t<img decoding=\"async\" width=\"171\" height=\"79\" src=\"https:\/\/venturacounty.gov\/wp-content\/uploads\/sites\/2\/2023\/12\/WHITE_150th_logo_2.png\" class=\"attachment-large size-large wp-image-964\" alt=\"\" \/>\t\t\t\t\t\t\t\t<\/a>\n\t\t\t\t\t\t\t\t\t\t\t\t\t\t\t<\/div>\n\t\t\t\t<\/div>\n\t\t\t\t<\/div>\n\t\t<div class=\"elementor-element elementor-element-417d388 e-con-full e-flex e-con e-child\" data-id=\"417d388\" data-element_type=\"container\">\n\t\t\t\t<div class=\"elementor-element elementor-element-47a7c36 elementor-widget elementor-widget-heading\" data-id=\"47a7c36\" data-element_type=\"widget\" data-widget_type=\"heading.default\">\n\t\t\t\t<div class=\"elementor-widget-container\">\n\t\t\t\t\t<h1 class=\"elementor-heading-title elementor-size-default\"><a href=\"\/county-executive-office\/es\/arts\/\">Arte y cultura<\/a><\/h1>\t\t\t\t<\/div>\n\t\t\t\t<\/div>\n\t\t\t\t<\/div>\n\t\t<div class=\"elementor-element elementor-element-ed68b52 e-flex e-con-boxed e-con e-child\" data-id=\"ed68b52\" data-element_type=\"container\">\n\t\t\t\t\t<div class=\"e-con-inner\">\n\t\t\t\t\t<\/div>\n\t\t\t\t<\/div>\n\t\t\t\t\t<\/div>\n\t\t\t\t<\/div>\n\t\t\t\t<div class=\"elementor-element elementor-element-dd14f0c elementor-hidden-desktop elementor-hidden-tablet elementor-hidden-mobile elementor-widget elementor-widget-html\" data-id=\"dd14f0c\" data-element_type=\"widget\" data-widget_type=\"html.default\">\n\t\t\t\t<div class=\"elementor-widget-container\">\n\t\t\t\t\t<style>\r\n    #artsmenu #trhome td:hover {\r\n        cursor: pointer;\r\n    }\r\n    #artsmenu #trlinks td:hover {\r\n        background-color: #ADD8E6;\r\n        cursor: pointer;\r\n    }\r\n<\/style>\r\n\r\n<table id=\"artsmenu\" cellspacing=\"0\" cellpadding=\"10\" style=\"width: 100%; height: 70px;\">\r\n    <tr id=\"trhome\" style=\"background-color: #336699;\">\r\n        <td onclick=\"document.location.href='https:\/\/www.venturacounty.gov\/county-executive-office\/arts\/';\" colspan=\"4\" style=\"height: 50px; text-align: center; color: white; font-weight: bold; font-size: 40px;\"><img decoding=\"async\" src=\"https:\/\/www.venturacounty.gov\/county-executive-office\/wp-content\/uploads\/sites\/2\/2024\/01\/WHITE_150th_logo.png\" style=\"height: 60px; margin-right: 20px;\"\/>Arte y Cultura del Condado de Ventura<\/td>\r\n    <\/tr>\r\n<\/table>\t\t\t\t<\/div>\n\t\t\t\t<\/div>\n\t\t\t\t<div class=\"elementor-element elementor-element-146e93e elementor-hidden-desktop elementor-hidden-tablet elementor-hidden-mobile elementor--h-position-center elementor--v-position-middle elementor-widget elementor-widget-slides\" data-id=\"146e93e\" data-element_type=\"widget\" data-settings=\"{&quot;navigation&quot;:&quot;none&quot;,&quot;transition&quot;:&quot;fade&quot;,&quot;autoplay&quot;:&quot;yes&quot;,&quot;pause_on_hover&quot;:&quot;yes&quot;,&quot;pause_on_interaction&quot;:&quot;yes&quot;,&quot;autoplay_speed&quot;:5000,&quot;infinite&quot;:&quot;yes&quot;,&quot;transition_speed&quot;:500}\" data-widget_type=\"slides.default\">\n\t\t\t\t<div class=\"elementor-widget-container\">\n\t\t\t\t\t\t\t\t\t<div class=\"elementor-swiper\">\n\t\t\t\t\t<div class=\"elementor-slides-wrapper elementor-main-swiper swiper\" role=\"region\" aria-roledescription=\"carousel\" aria-label=\"Diapositivas\" dir=\"ltr\" data-animation=\"fadeInUp\">\n\t\t\t\t<div class=\"swiper-wrapper elementor-slides\">\n\t\t\t\t\t\t\t\t\t\t<div class=\"elementor-repeater-item-5a6e54b swiper-slide\" role=\"group\" aria-roledescription=\"slide\"><div class=\"swiper-slide-bg elementor-ken-burns elementor-ken-burns--in\" role=\"img\"><\/div><div class=\"swiper-slide-inner\" ><div class=\"swiper-slide-contents\"><\/div><\/div><\/div><div class=\"elementor-repeater-item-f002eec swiper-slide\" role=\"group\" aria-roledescription=\"slide\"><div class=\"swiper-slide-bg elementor-ken-burns elementor-ken-burns--in\" role=\"img\"><\/div><div class=\"swiper-slide-inner\" ><div class=\"swiper-slide-contents\"><\/div><\/div><\/div><div class=\"elementor-repeater-item-c96783d swiper-slide\" role=\"group\" aria-roledescription=\"slide\"><div class=\"swiper-slide-bg elementor-ken-burns elementor-ken-burns--in\" role=\"img\"><\/div><div class=\"swiper-slide-inner\" ><div class=\"swiper-slide-contents\"><\/div><\/div><\/div><div class=\"elementor-repeater-item-fdd9923 swiper-slide\" role=\"group\" aria-roledescription=\"slide\"><div class=\"swiper-slide-bg elementor-ken-burns elementor-ken-burns--in\" role=\"img\"><\/div><div class=\"swiper-slide-inner\" ><div class=\"swiper-slide-contents\"><\/div><\/div><\/div><div class=\"elementor-repeater-item-ebca29b swiper-slide\" role=\"group\" aria-roledescription=\"slide\"><div class=\"swiper-slide-bg elementor-ken-burns elementor-ken-burns--in\" role=\"img\"><\/div><div class=\"swiper-slide-inner\" ><div class=\"swiper-slide-contents\"><\/div><\/div><\/div><div class=\"elementor-repeater-item-258c4a1 swiper-slide\" role=\"group\" aria-roledescription=\"slide\"><div class=\"swiper-slide-bg elementor-ken-burns elementor-ken-burns--in\" role=\"img\"><\/div><div class=\"swiper-slide-inner\" ><div class=\"swiper-slide-contents\"><\/div><\/div><\/div><div class=\"elementor-repeater-item-f6592dc swiper-slide\" role=\"group\" aria-roledescription=\"slide\"><div class=\"swiper-slide-bg elementor-ken-burns elementor-ken-burns--in\" role=\"img\"><\/div><div class=\"swiper-slide-inner\" ><div class=\"swiper-slide-contents\"><\/div><\/div><\/div><div class=\"elementor-repeater-item-4f560be swiper-slide\" role=\"group\" aria-roledescription=\"slide\"><div class=\"swiper-slide-bg elementor-ken-burns elementor-ken-burns--in\" role=\"img\"><\/div><div class=\"swiper-slide-inner\" ><div class=\"swiper-slide-contents\"><\/div><\/div><\/div><div class=\"elementor-repeater-item-ca6ac0b swiper-slide\" role=\"group\" aria-roledescription=\"slide\"><div class=\"swiper-slide-bg elementor-ken-burns elementor-ken-burns--in\" role=\"img\"><\/div><div class=\"swiper-slide-inner\" ><div class=\"swiper-slide-contents\"><\/div><\/div><\/div>\t\t\t\t<\/div>\n\t\t\t\t\t\t\t\t\t\t\t\t\t\t\t\t\t\t\t\t\t<\/div>\n\t\t\t\t<\/div>\n\t\t\t\t\t\t\t\t<\/div>\n\t\t\t\t<\/div>\n\t\t\t\t<\/div>\n\t\t\t\t<\/div>\n\t\t<\/div>\n\t\t\t\t\t\t<\/div>\n\t\t\t\t<\/div>\n\t\t\t\t<\/div>\n\t\t<div class=\"elementor-element elementor-element-0375e8d e-flex e-con-boxed e-con e-parent\" data-id=\"0375e8d\" data-element_type=\"container\">\n\t\t\t\t\t<div class=\"e-con-inner\">\n\t\t<div class=\"elementor-element elementor-element-6498687 e-flex e-con-boxed e-con e-parent\" data-id=\"6498687\" data-element_type=\"container\">\n\t\t\t\t\t<div class=\"e-con-inner\">\n\t\t\t\t<div class=\"elementor-element elementor-element-ec9a481 elementor-widget elementor-widget-heading\" data-id=\"ec9a481\" data-element_type=\"widget\" data-widget_type=\"heading.default\">\n\t\t\t\t<div class=\"elementor-widget-container\">\n\t\t\t\t\t<h1 class=\"elementor-heading-title elementor-size-default\">Beneficiarios de las subvenciones del Fondo de Inversi\u00f3n en Arte y Cultura del Condado de Ventura<\/h1>\t\t\t\t<\/div>\n\t\t\t\t<\/div>\n\t\t\t\t<div class=\"elementor-element elementor-element-3da2139 elementor-widget-divider--view-line elementor-widget elementor-widget-divider\" data-id=\"3da2139\" data-element_type=\"widget\" data-widget_type=\"divider.default\">\n\t\t\t\t<div class=\"elementor-widget-container\">\n\t\t\t\t\t\t\t<div class=\"elementor-divider\">\n\t\t\t<span class=\"elementor-divider-separator\">\n\t\t\t\t\t\t<\/span>\n\t\t<\/div>\n\t\t\t\t\t\t<\/div>\n\t\t\t\t<\/div>\n\t\t\t\t<div class=\"elementor-element elementor-element-bb3755a elementor-widget elementor-widget-heading\" data-id=\"bb3755a\" data-element_type=\"widget\" data-widget_type=\"heading.default\">\n\t\t\t\t<div class=\"elementor-widget-container\">\n\t\t\t\t\t<h1 class=\"elementor-heading-title elementor-size-default\"><a href=\"\/county-executive-office\/es\/arts\/\">P\u00e1gina de inicio de Arte y Cultura &gt;&gt;&gt;<\/a><\/h1>\t\t\t\t<\/div>\n\t\t\t\t<\/div>\n\t\t\t\t<div class=\"elementor-element elementor-element-4f379be elementor-widget elementor-widget-n-accordion\" data-id=\"4f379be\" data-element_type=\"widget\" data-settings=\"{&quot;n_accordion_animation_duration&quot;:{&quot;unit&quot;:&quot;ms&quot;,&quot;size&quot;:200,&quot;sizes&quot;:[]},&quot;default_state&quot;:&quot;expanded&quot;,&quot;max_items_expended&quot;:&quot;one&quot;}\" data-widget_type=\"nested-accordion.default\">\n\t\t\t\t<div class=\"elementor-widget-container\">\n\t\t\t\t\t\t\t<div class=\"e-n-accordion\" aria-label=\"Acorde\u00f3n. Abra los enlaces con Intro o Espacio, ci\u00e9rrelos con Escape y navegue con las teclas de flecha.\">\n\t\t\t\t\t\t<details id=\"e-n-accordion-item-8300\" class=\"e-n-accordion-item\" open>\n\t\t\t\t<summary class=\"e-n-accordion-item-title\" data-accordion-index=\"1\" tabindex=\"0\" aria-expanded=\"true\" aria-controls=\"e-n-accordion-item-8300\" >\n\t\t\t\t\t<span class='e-n-accordion-item-title-header'><div class=\"e-n-accordion-item-title-text\"> Beneficiarios de subvenciones para organizaciones sin fines de lucro dedicadas a las artes y la cultura (niveles 1 y 2) <\/div><\/span>\n\t\t\t\t\t\t\t<span class='e-n-accordion-item-title-icon'>\n\t\t\t<span class='e-opened' ><i aria-hidden=\"true\" class=\"fas fa-minus\"><\/i><\/span>\n\t\t\t<span class='e-closed'><i aria-hidden=\"true\" class=\"fas fa-plus\"><\/i><\/span>\n\t\t<\/span>\n\n\t\t\t\t\t\t<\/summary>\n\t\t\t\t<div role=\"region\" aria-labelledby=\"e-n-accordion-item-8300\" class=\"elementor-element elementor-element-3e9b8be e-con-full e-flex e-con e-parent\" data-id=\"3e9b8be\" data-element_type=\"container\">\n\t\t<div role=\"region\" aria-labelledby=\"e-n-accordion-item-8300\" class=\"elementor-element elementor-element-db8c0e8 e-flex e-con-boxed e-con e-parent\" data-id=\"db8c0e8\" data-element_type=\"container\">\n\t\t\t\t\t<div class=\"e-con-inner\">\n\t\t\t\t<div class=\"elementor-element elementor-element-19f2c42 elementor-widget elementor-widget-text-editor\" data-id=\"19f2c42\" data-element_type=\"widget\" data-widget_type=\"text-editor.default\">\n\t\t\t\t<div class=\"elementor-widget-container\">\n\t\t\t\t\t\t\t\t\t<ul><li>5-Star Theatricals, Thousand Oaks<\/li><li>Art Trek Inc., Newbury Park<\/li><li>ArtsVentura, F\u00e1brica de Arte Ventura Bell, Ventura<\/li><li>Fundaci\u00f3n Carolyn Glasoe Bailey, Ojai<\/li><li>Museo Ind\u00edgena Chumash, Thousand Oaks<\/li><li>Comunidad Centro de Arte del Valle de Ojai, Inc., Ojai<\/li><li>Asociaci\u00f3n Cultural China Conejo, Thousand Oaks<\/li><li>Orquestas Juveniles del Valle de Conejo, Thousand Oaks<\/li><li>Museo Hist\u00f3rico de Fillmore, Fillmore<\/li><li>Enfoque en los maestros, Ventura<\/li><li>Asociaci\u00f3n de Artes Esc\u00e9nicas de Gold Coast, Thousand Oaks<\/li><li>Museo infantil kidSTREAM, Camarillo<\/li><li>Compa\u00f1\u00eda Kingsmen Shakespeare, Thousand Oaks<\/li><li>Coro infantil Los Robles, Thousand Oaks<\/li><li>El Centro de Artes High Street, Moorpark<\/li><li>Orquesta Sinf\u00f3nica de Moorpark, Inc., Moorpark<\/li><li>Namba Performing Arts Space Inc., Ventura<\/li><li>Festival de M\u00fasica de Ojai, Ojai<\/li><\/ul>\t\t\t\t\t\t\t\t<\/div>\n\t\t\t\t<\/div>\n\t\t\t\t\t<\/div>\n\t\t\t\t<\/div>\n\t\t<div role=\"region\" aria-labelledby=\"e-n-accordion-item-8300\" class=\"elementor-element elementor-element-39e1057 e-flex e-con-boxed e-con e-parent\" data-id=\"39e1057\" data-element_type=\"container\">\n\t\t\t\t\t<div class=\"e-con-inner\">\n\t\t\t\t<div class=\"elementor-element elementor-element-12af2e3 elementor-widget elementor-widget-text-editor\" data-id=\"12af2e3\" data-element_type=\"widget\" data-widget_type=\"text-editor.default\">\n\t\t\t\t<div class=\"elementor-widget-container\">\n\t\t\t\t\t\t\t\t\t<ul><li>Sociedad Cinematogr\u00e1fica de Oxnard, Oxnard<\/li><li>Centro de Artes Esc\u00e9nicas de Oxnard, organizaci\u00f3n sin fines de lucro (OPAC), Oxnard<\/li><li>Teatro de actuaci\u00f3n para j\u00f3venes artistas, Thousand Oaks<\/li><li>Museo Rancho Camulos, Fillmore<\/li><li>Museo de Arte de Santa Paula, Santa Paula<\/li><li>Centro Teatral Santa Paula, Santa Paula<\/li><li>Salvemos la m\u00fasica de nuestros hijos, Thousand Oaks<\/li><li>Asociaci\u00f3n Cultural de Simi Valley, Simi Valley<\/li><li>Fundaci\u00f3n del Centro Cultural y Art\u00edstico de Simi Valley, Simi Valley<\/li><li>STEMbassadors, Ventura<\/li><li>Estudio Centro de Arte de las Islas del Canal, Camarillo<\/li><li>Teatro De Las Am\u00e9ricas, Oxnard<\/li><li>Fundaci\u00f3n House of MAGIC para las Artes, Ventura<\/li><li>Jard\u00edn Bot\u00e1nico de Ventura, Ventura<\/li><li>Consejo de las Artes del Condado de Ventura, Ventura<\/li><li>Compa\u00f1\u00eda de Ballet del Condado de Ventura, Ventura<\/li><li>Asociaci\u00f3n del Festival de M\u00fasica de Ventura, Ventura<\/li><li>Centro de Arte Vita, Ventura<\/li><\/ul>\t\t\t\t\t\t\t\t<\/div>\n\t\t\t\t<\/div>\n\t\t\t\t\t<\/div>\n\t\t\t\t<\/div>\n\t\t\t\t<\/div>\n\t\t\t\t\t<\/details>\n\t\t\t\t\t\t<details id=\"e-n-accordion-item-8301\" class=\"e-n-accordion-item\" >\n\t\t\t\t<summary class=\"e-n-accordion-item-title\" data-accordion-index=\"2\" tabindex=\"-1\" aria-expanded=\"false\" aria-controls=\"e-n-accordion-item-8301\" >\n\t\t\t\t\t<span class='e-n-accordion-item-title-header'><div class=\"e-n-accordion-item-title-text\"> Beneficiarios de becas para artistas independientes <\/div><\/span>\n\t\t\t\t\t\t\t<span class='e-n-accordion-item-title-icon'>\n\t\t\t<span class='e-opened' ><i aria-hidden=\"true\" class=\"fas fa-minus\"><\/i><\/span>\n\t\t\t<span class='e-closed'><i aria-hidden=\"true\" class=\"fas fa-plus\"><\/i><\/span>\n\t\t<\/span>\n\n\t\t\t\t\t\t<\/summary>\n\t\t\t\t<div role=\"region\" aria-labelledby=\"e-n-accordion-item-8301\" class=\"elementor-element elementor-element-19bd732 e-con-full e-flex e-con e-parent\" data-id=\"19bd732\" data-element_type=\"container\">\n\t\t<div role=\"region\" aria-labelledby=\"e-n-accordion-item-8301\" class=\"elementor-element elementor-element-ec47e0e e-con-full e-flex e-con e-parent\" data-id=\"ec47e0e\" data-element_type=\"container\">\n\t\t\t\t<div class=\"elementor-element elementor-element-b5d7dcf elementor-widget elementor-widget-text-editor\" data-id=\"b5d7dcf\" data-element_type=\"widget\" data-widget_type=\"text-editor.default\">\n\t\t\t\t<div class=\"elementor-widget-container\">\n\t\t\t\t\t\t\t\t\t<ul><li>Caroline Allen, multidisciplinaria, Oak View<\/li><li>Kelly Jean Anderson, cantante, m\u00fasica y terapeuta de sonido, Ventura.<\/li><li>Kieron Barry, escritor y director, Ventura<\/li><li>Ryan Beaghler, artista esc\u00e9nico\/teatro, Oak View<\/li><li>Jen Ben\u00edtez, cineasta y fot\u00f3grafa, Camarillo<\/li><li>Vincent Bohan, multidisciplinario, Ventura<\/li><li>Gabriel C\u00e1rdenas, multidisciplinario, Fillmore<\/li><li>Wendy Castellanos-Wolf, artista esc\u00e9nica\/bailarina, Ventura<\/li><li>Gohith C., Artes y Tecnolog\u00eda, Moorpark<\/li><li>Queala Clancy, artista esc\u00e9nica\/bailarina, Oxnard<\/li><li>Chelsea Cody, multidisciplinaria, Thousand Oaks<\/li><li>Mar\u00eda D\u00edaz, multidisciplinaria, Ventura<\/li><li>Mollie Doctrow, artista visual\/grabadora, Camarillo<\/li><li>Saul Escobedo, multidisciplinario, Ventura<\/li><li>Theo E., artista visual, Ventura<\/li><li>Luzmar\u00eda Espinosa, poeta, Santa Paula<\/li><li>Michele Foster, artista visual\/artista docente, Ventura<\/li><li>Jen Zahigian Ganzhorn, artista visual\/fot\u00f3grafa, Oak View<\/li><li>Ana Sof\u00eda Garza-Barba, escritora y directora, Thousand Oaks<\/li><li>Javier G\u00f3mez, m\u00fasico, artista docente y portador de la cultura, Oxnard<\/li><li>Alfredo Gonz\u00e1lez, artista visual\/pintor, Oxnard<\/li><li>Donna Granata, artista visual\/fot\u00f3grafa, Ventura<\/li><li>Guillermo Guti\u00e9rrez, cineasta, Oxnard<\/li><li>Josiah Guzik, carpintero, Ventura<\/li><li>MB Hanrahan, artista visual\/muralista, Ventura<\/li><li>Rebecca Harvey, multidisciplinaria, Oak View<\/li><li>Christopher Hayes, camar\u00f3grafo, Thousand Oaks<\/li><li>Maribel Hern\u00e1ndez, artista visual\/artista docente\/portadora de cultura, Ventura<\/li><li>Elizabeth Herring, multidisciplinaria \u2013 Artes visuales, Ojai<\/li><li>Cory Hills, m\u00fasico, Newbury Park<\/li><li>Emily Hirsch, Joyer\u00eda, Ojai<\/li><\/ul>\t\t\t\t\t\t\t\t<\/div>\n\t\t\t\t<\/div>\n\t\t\t\t<\/div>\n\t\t<div role=\"region\" aria-labelledby=\"e-n-accordion-item-8301\" class=\"elementor-element elementor-element-8e573f7 e-con-full e-flex e-con e-parent\" data-id=\"8e573f7\" data-element_type=\"container\">\n\t\t\t\t<div class=\"elementor-element elementor-element-30e0679 elementor-widget elementor-widget-text-editor\" data-id=\"30e0679\" data-element_type=\"widget\" data-widget_type=\"text-editor.default\">\n\t\t\t\t<div class=\"elementor-widget-container\">\n\t\t\t\t\t\t\t\t\t<ul><li>Scott Hirsch, m\u00fasico y dise\u00f1ador de sonido, Ojai<\/li><li>Brendan James, m\u00fasico y fot\u00f3grafo, Ojai<\/li><li>Lisa Kelly, artista visual\/muralista, Ventura<\/li><li>Mary-Gail King, artista visual, Camarillo<\/li><li>Karen Kitchel, artista visual, Ventura<\/li><li>Elana Kundell, artista visual\/artista docente, Newbury Park<\/li><li>Danielle Kwan, multidisciplinaria, Ventura<\/li><li>Andr\u00e9s Lepe, artista visual, Camarillo<\/li><li>Benita Mart\u00ednez Sosa, tejedora\/portadora de la cultura, Moorpark<\/li><li>Kim Maxwell, artista esc\u00e9nica y profesora de arte, Ojai<\/li><li>Mar\u00eda Mayo, cineasta, Oxnard<\/li><li>Marie McKenzie, artista visual y dise\u00f1adora de moda, Ojai<\/li><li>Evan Mendelson, artista visual\/muralista, Oxnard<\/li><li>Niccole Modell, m\u00fasica, Camarillo<\/li><li>Gaby M., m\u00fasico, Thousand Oaks<\/li><li>Isha Ferraz Nager, artista esc\u00e9nica\/bailarina, Ojai<\/li><li>Daniel Newman-Lessler, m\u00fasico\/multidisciplinario, Ojai<\/li><li>Michelle Pina, vocalista, Oak Park<\/li><li>Angelique Pineda, cineasta, Oxnard<\/li><li>Cheyenne Proctor, artista visual, Ventura<\/li><li>Christian Ram\u00edrez, fot\u00f3grafo, Oxnard<\/li><li>Edith Reyes-S\u00e1nchez, artista esc\u00e9nica, profesora de arte y portadora de la cultura, Ventura.<\/li><li>Carol Roullard, artista visual\/fot\u00f3grafa, Moorpark<\/li><li>Rolando Rubalcava, dise\u00f1ador de moda y gr\u00e1fico, Oxnard<\/li><li>Olivia Mia Orozco Saper, artista esc\u00e9nica\/bailarina, Ventura<\/li><li>Brooke Smiley, artista visual, Ojai<\/li><li>Margery Spielman, artista visual, Ventura<\/li><li>Janice Tanaka, cineasta, Thousand Oaks<\/li><li>Elisa Torres, artista visual\/muralista, Oxnard<\/li><li>Roxanne Trujillo, artista visual\/artista docente, Oxnard<\/li><li>Michelle Wilson, multidisciplinaria, Ventura<\/li><\/ul>\t\t\t\t\t\t\t\t<\/div>\n\t\t\t\t<\/div>\n\t\t\t\t<\/div>\n\t\t\t\t<\/div>\n\t\t\t\t\t<\/details>\n\t\t\t\t\t<\/div>\n\t\t\t\t\t\t<\/div>\n\t\t\t\t<\/div>\n\t\t\t\t\t<\/div>\n\t\t\t\t<\/div>\n\t\t\t\t\t<\/div>\n\t\t\t\t<\/div>\n\t\t<div class=\"elementor-element elementor-element-1cfe057 e-con-full e-flex e-con e-parent\" data-id=\"1cfe057\" data-element_type=\"container\">\n\t\t\t\t<div class=\"elementor-element elementor-element-524f85f elementor-widget elementor-widget-shortcode\" data-id=\"524f85f\" data-element_type=\"widget\" data-widget_type=\"shortcode.default\">\n\t\t\t\t<div class=\"elementor-widget-container\">\n\t\t\t\t\t\t\t<div class=\"elementor-shortcode\">\t\t<div data-elementor-type=\"container\" data-elementor-id=\"798\" class=\"elementor elementor-798\" data-elementor-post-type=\"elementor_library\">\n\t\t\t\t<div class=\"elementor-element elementor-element-b178c03 e-con-full e-flex e-con e-parent\" data-id=\"b178c03\" data-element_type=\"container\" data-settings=\"{&quot;background_background&quot;:&quot;classic&quot;}\">\n\t\t\t\t<div class=\"elementor-element elementor-element-d84b246 elementor-widget elementor-widget-html\" data-id=\"d84b246\" data-element_type=\"widget\" data-widget_type=\"html.default\">\n\t\t\t\t<div class=\"elementor-widget-container\">\n\t\t\t\t\t<p style=\"text-align: center;\"><span style=\"color: #ffffff;\"><strong>Condado de Ventura | Divisi\u00f3n de Arte y Cultura<\/strong><\/span><\/p>\n<p style=\"text-align: center;\"><span style=\"color: #ffffff;\">Centro de Gobierno del Condado de Ventura<\/span><br\/>\n<span style=\"color: #ffffff;\">Edificio de la Administraci\u00f3n, cuarta planta<\/span><br\/>\n<span style=\"color: #ffffff;\">Avenida Victoria Sur 800, #1940<\/span><br\/>\n<span style=\"color: #ffffff;\">Ventura, CA 93009<\/span><\/p>\n<p style=\"text-align: center;\"><span style=\"color: #ffffff;\"><strong>P\u00f3ngase en contacto con nosotros<\/strong><\/span><\/p>\n<p style=\"text-align: center;\"><span style=\"color: #ffffff;\">Tel\u00e9fono: (805) 654-2681<\/span><br\/>\n<span style=\"color: #ffffff;\">Correo electr\u00f3nico: <a style=\"color: white; text-decoration: none;\"  href=\"mailto:artsandculture@ventura.org\">artsandculture@ventura.org<\/a><\/span><\/p>\n<p style=\"text-align: center;\"><span style=\"color: #ffffff;\">Tenga en cuenta que cualquier comunicaci\u00f3n enviada al Condado de Ventura, a cualquier miembro de la Junta, al personal o a los asesores del Condado es un registro p\u00fablico en virtud de la Ley Brown y la Ley de Registros P\u00fablicos de California. Esto significa que cualquier informaci\u00f3n contenida en la comunicaci\u00f3n, incluida la informaci\u00f3n personal, puede estar sujeta a divulgaci\u00f3n p\u00fablica.<\/span><\/p>\n<p style=\"text-align: center;\"><span style=\"color: #ffffff;\"><a style=\"color: white;\" href=\"https:\/\/lp.constantcontactpages.com\/sl\/nx6Wldn\/VCArts\" target=\"_blank\">Haga clic aqu\u00ed para registrarse y recibir noticias e informaci\u00f3n de la Divisi\u00f3n de Arte y Cultura del Condado de Ventura<\/a>.<\/span><\/p>\n<p style=\"text-align: center;\"><span style=\"color: #ffffff;\">NOTA: Para comodidad de nuestros visitantes, esta p\u00e1gina puede contener enlaces a sitios web externos que no est\u00e1n gestionados ni controlados por el Condado de Ventura.<\/span><\/p>\t\t\t\t<\/div>\n\t\t\t\t<\/div>\n\t\t\t\t<\/div>\n\t\t\t\t<\/div>\n\t\t<\/div>\n\t\t\t\t\t\t<\/div>\n\t\t\t\t<\/div>\n\t\t\t\t<\/div>\n\t\t\t\t<\/div>","protected":false},"excerpt":{"rendered":"<p>County of Ventura Arts And Culture Investment Fund Grant Recipients Arts and Culture Homepage >>> Nonprofit Arts &amp; Culture Organization Grant Recipients (Tier 1 &amp; 2) 5-Star Theatricals, Thousand Oaks Art Trek Inc., Newbury Park ArtsVentura, Ventura Bell Arts Factory, Ventura Carolyn Glasoe Bailey Foundation, Ojai Chumash Indian Museum, Thousand Oaks Community Ojai Art Center [&hellip;]<\/p>\n","protected":false},"author":24,"featured_media":0,"parent":962,"menu_order":0,"comment_status":"closed","ping_status":"closed","template":"elementor_canvas","meta":{"_relevanssi_hide_post":"","_relevanssi_hide_content":"","_relevanssi_pin_for_all":"","_relevanssi_pin_keywords":"","_relevanssi_unpin_keywords":"","_relevanssi_related_keywords":"","_relevanssi_related_include_ids":"","_relevanssi_related_exclude_ids":"","_relevanssi_related_no_append":"","_relevanssi_related_not_related":"","_relevanssi_related_posts":"","_relevanssi_noindex_reason":"","footnotes":""},"categories":[38],"tags":[],"class_list":["post-986","page","type-page","status-publish","hentry","category-arts-and-culture"],"_links":{"self":[{"href":"https:\/\/venturacounty.gov\/county-executive-office\/es\/wp-json\/wp\/v2\/pages\/986","targetHints":{"allow":["GET"]}}],"collection":[{"href":"https:\/\/venturacounty.gov\/county-executive-office\/es\/wp-json\/wp\/v2\/pages"}],"about":[{"href":"https:\/\/venturacounty.gov\/county-executive-office\/es\/wp-json\/wp\/v2\/types\/page"}],"author":[{"embeddable":true,"href":"https:\/\/venturacounty.gov\/county-executive-office\/es\/wp-json\/wp\/v2\/users\/24"}],"replies":[{"embeddable":true,"href":"https:\/\/venturacounty.gov\/county-executive-office\/es\/wp-json\/wp\/v2\/comments?post=986"}],"version-history":[{"count":0,"href":"https:\/\/venturacounty.gov\/county-executive-office\/es\/wp-json\/wp\/v2\/pages\/986\/revisions"}],"up":[{"embeddable":true,"href":"https:\/\/venturacounty.gov\/county-executive-office\/es\/wp-json\/wp\/v2\/pages\/962"}],"wp:attachment":[{"href":"https:\/\/venturacounty.gov\/county-executive-office\/es\/wp-json\/wp\/v2\/media?parent=986"}],"wp:term":[{"taxonomy":"category","embeddable":true,"href":"https:\/\/venturacounty.gov\/county-executive-office\/es\/wp-json\/wp\/v2\/categories?post=986"},{"taxonomy":"post_tag","embeddable":true,"href":"https:\/\/venturacounty.gov\/county-executive-office\/es\/wp-json\/wp\/v2\/tags?post=986"}],"curies":[{"name":"wp","href":"https:\/\/api.w.org\/{rel}","templated":true}]}}