{"id":519,"date":"2023-07-27T23:30:01","date_gmt":"2023-07-27T23:30:01","guid":{"rendered":"https:\/\/venturacounty.gov\/county-executive-office\/?page_id=519"},"modified":"2023-08-03T17:13:21","modified_gmt":"2023-08-03T17:13:21","slug":"covid19-assistance","status":"publish","type":"page","link":"https:\/\/venturacounty.gov\/county-executive-office\/community-development\/covid19-assistance\/","title":{"rendered":"COVID-19 Assistance"},"content":{"rendered":"\t\t<div data-elementor-type=\"wp-page\" data-elementor-id=\"519\" class=\"elementor elementor-519\" data-elementor-post-type=\"page\">\n\t\t\t\t<div class=\"elementor-element elementor-element-786d7bc9 e-flex e-con-boxed e-con e-parent\" data-id=\"786d7bc9\" data-element_type=\"container\">\n\t\t\t\t\t<div class=\"e-con-inner\">\n\t\t<div class=\"elementor-element elementor-element-4d979cf e-flex e-con-boxed e-con e-child\" data-id=\"4d979cf\" data-element_type=\"container\" data-settings=\"{&quot;background_background&quot;:&quot;classic&quot;}\">\n\t\t\t\t\t<div class=\"e-con-inner\">\n\t\t\t\t<div class=\"elementor-element elementor-element-adf6181 elementor-widget elementor-widget-heading\" data-id=\"adf6181\" data-element_type=\"widget\" data-widget_type=\"heading.default\">\n\t\t\t\t<div class=\"elementor-widget-container\">\n\t\t\t\t\t<h1 class=\"elementor-heading-title elementor-size-default\">COVID-19 Assistance<\/h1>\t\t\t\t<\/div>\n\t\t\t\t<\/div>\n\t\t<div class=\"elementor-element elementor-element-d37bf09 e-flex e-con-boxed e-con e-child\" data-id=\"d37bf09\" data-element_type=\"container\" data-settings=\"{&quot;background_background&quot;:&quot;classic&quot;}\">\n\t\t\t\t\t<div class=\"e-con-inner\">\n\t\t<div class=\"elementor-element elementor-element-3696f23 e-con-full e-flex e-con e-child\" data-id=\"3696f23\" data-element_type=\"container\">\n\t\t\t\t<div class=\"elementor-element elementor-element-e1b6a45 elementor-widget__width-initial elementor-widget-mobile__width-initial elementor-widget elementor-widget-text-editor\" data-id=\"e1b6a45\" data-element_type=\"widget\" data-widget_type=\"text-editor.default\">\n\t\t\t\t<div class=\"elementor-widget-container\">\n\t\t\t\t\t\t\t\t\t<p>For information on COVID 19, please visit:\u00a0<a href=\"https:\/\/www.vcemergency.com\/\" target=\"_blank\" rel=\"noopener noreferrer\" aria-label=\"https:\/\/www.vcemergency.com\/ - opens in new tab\" data-uw-rm-ext-link=\"\">https:\/\/www.vcemergency.com\/<\/a><\/p><p>In 2020, the State of California passed a budget and released a Homekey Notice of Funding Availability (NOFA) that included $600 million to rapidly expand the inventory of housing available to homeless persons who were served by or were eligible for Project Roomkey, a state-wide initiative In response to the spread of COVID-19 to secure thousands of motel rooms in order to provide non-congregate shelter for vulnerable individuals. On April 21, 2021, HCD released a second NOFA for $50 million in CDBG-CV2 set-aside funds. These funds are available only to projects that applied for funds under the 2020 Homekey NOFA and are intended to provide additional support to Homekey projects for acquisition, rehabilitation and off-site infrastructure necessary for projects. Both local Homekey project sponsors sought the County\u2019s partnership in pursuing and accessing these funds.\u00a0<\/p><p>The County proposes to submit two separate applications for CDBG-CV2 funds, one for the Oxnard Homekey Project and one for El Portal.<\/p><ul><li>Oxnard Homekey Project (formerly the Vagabond Inn), a 70-room motel located in the City of Oxnard which currently operates under the Project Roomkey program and will ultimately undergo renovation and convert to 69 units of Permanent Supportive Housing for the Target Population. Please see the project specific\u00a0<a href=\"https:\/\/vcportal.venturacounty.gov\/CEO\/docs\/Exhibit%202%20-%20Relocation%20Letter%20Oxnard%20Homekey%20Project.pdf\" target=\"_blank\" rel=\"noopener noreferrer\" aria-label=\"Oxnard Homekey Project relocation plan - opens in new tab\" data-uw-rm-ext-link=\"\" data-uw-pdf-br=\"1\" data-uw-pdf-doc=\"\">relocation plan<\/a>.<\/li><li>El Portal, an existing apartment building in the City of Ventura currently under renovation to provide 28 units of Permanent Supportive Housing, with 12 units reserved for the Target Population. Please see the project specific\u00a0<a href=\"https:\/\/vcportal.venturacounty.gov\/CEO\/docs\/Exhibit%203%20RELOCATION%20PLAN%20-%20Ventura%20Ave.%20Apartments%20Rehabilitation.pdf\" target=\"_blank\" rel=\"noopener noreferrer\" aria-label=\"El Portal relocation plan - opens in new tab\" data-uw-rm-ext-link=\"\" data-uw-pdf-br=\"1\" data-uw-pdf-doc=\"\">relocation plan<\/a>.<\/li><\/ul><p><br \/><a href=\"https:\/\/vcportal.venturacounty.gov\/CEO\/community-dev\/docs\/2020-21\/County_Relocation_Plan_rv7_2020.pdf\" target=\"_blank\" rel=\"noopener noreferrer\" aria-label=\"County of Ventura Relocation Plan - opens in new tab\" data-uw-rm-ext-link=\"\" data-uw-pdf-br=\"1\" data-uw-pdf-doc=\"\"><strong style=\"color: #eb0000;\">County of Ventura Relocation Plan<\/strong><\/a><\/p><p>The State of California has launched a website (\u00a0<a href=\"https:\/\/landlordtenant.dre.ca.gov\/index.html\" target=\"_blank\" rel=\"noopener noreferrer\" aria-label=\"www.HousingIsKey.com - opens in new tab\" data-uw-rm-ext-link=\"\">www.HousingIsKey.com<\/a>\u00a0) to assist tenants, landlords, homeowners, legal assistance and community-based organizations in understanding the current protections available to help households remain housed. This website includes protection guidelines, forms and other resources.<\/p><p>If you are in need of rental assistance, please visit\u00a0<a href=\"https:\/\/www.vcemergency.com\/rent\" target=\"_blank\" rel=\"noopener noreferrer\" aria-label=\"www.vcemergency.com\/rent - opens in new tab\" data-uw-rm-ext-link=\"\">www.vcemergency.com\/rent<\/a>, or call the County of Ventura Human Services Agency at (805) 385-1800.<\/p><p><strong style=\"color: #eb0000;\">Legal Issues Relevant to COVID-19<\/strong><\/p><p style=\"color: #eb0000;\">The California Lawyers Association has prepared a variety of videos for the public addressing various legal issues that are arising due to COVID-19. Issues covered include employment, family, small business, and real estate.<\/p><p><span style=\"color: #eb0000;\">Click the link to visit the page:<\/span>\u00a0<a href=\"https:\/\/calawyers.org\/covid-19-public-resources\/#videos\" target=\"_blank\" rel=\"noopener noreferrer\" aria-label=\"https:\/\/calawyers.org\/covid-19-public-resources\/#videos - opens in new tab\" data-uw-rm-ext-link=\"\">https:\/\/calawyers.org\/covid-19-public-resources\/#videos<\/a><\/p><p>Additional information on local resources for legal assistance, price gouging, and eviction protections may be found here:\u00a0<a href=\"https:\/\/vcportal.venturacounty.gov\/CEO\/community-dev\/docs\/Legal_Assistance_and_Services-Housing_Rights_ENG.pdf\" target=\"_blank\" rel=\"noopener noreferrer\" aria-label=\"Resources - opens in new tab\" data-uw-rm-ext-link=\"\" data-uw-pdf-br=\"1\" data-uw-pdf-doc=\"\">Resources<\/a><\/p><p><strong>Asistencia durante la pandemia del COVID-19<\/strong><\/p><p>Para obtener informaci\u00f3n sobre el COVID-19, visite:\u00a0<a href=\"https:\/\/www.vcemergency.com\/\" target=\"_blank\" rel=\"noopener noreferrer\" aria-label=\"https:\/\/www.vcemergency.com\/ - opens in new tab\" data-uw-rm-ext-link=\"\">https:\/\/www.vcemergency.com\/<\/a><\/p><p>El Estado de California ha lanzado una p\u00e1gina web (\u00a0<a href=\"https:\/\/landlordtenant.dre.ca.gov\/index.html\" target=\"_blank\" rel=\"noopener noreferrer\" aria-label=\"https:\/\/landlordtenant.dre.ca.gov\/index.html - opens in new tab\" data-uw-rm-ext-link=\"\">https:\/\/landlordtenant.dre.ca.gov\/index.html<\/a>) para asistir a inquilinos, due\u00f1os de propiedades, organizaciones de asistencia legal y organizaciones no lucrativas a entender las protecciones actuales para ayudar a las personas quedarse en sus casas. Este sito web incluye directrices de protecciones, formularios y otros recursos.<\/p><p><strong style=\"color: #eb0000;\">Cuestiones legales relevantes durante la pandemia del COVID-19<\/strong><\/p><p style=\"color: #eb0000;\">La Asociaci\u00f3n de Abogados de California ha preparado una variedad de videos para el p\u00fablico que abordan varios problemas legales que surgen debido a COVID-19. Los temas cubiertos incluyen empleo, familia, peque\u00f1os negocios y bienes ra\u00edces.<\/p><p><span style=\"color: #eb0000;\">Haga clic en el enlace para visitar la p\u00e1gina:<\/span>\u00a0<a href=\"https:\/\/calawyers.org\/covid-19-public-resources\/#videos\" target=\"_blank\" rel=\"noopener noreferrer\" aria-label=\"https:\/\/calawyers.org\/covid-19-public-resources\/#videos - opens in new tab\" data-uw-rm-ext-link=\"\">https:\/\/calawyers.org\/covid-19-public-resources\/#videos<\/a><\/p><p>Puede encontrar informaci\u00f3n adicional sobre recursos locales para asistencia legal, especulaci\u00f3n de precios y protecciones de desalojo aqu\u00ed. Hay algunos recursos incluidos ac\u00e1 que solo tienen informaci\u00f3n disponible en ingl\u00e9s:\u00a0<a href=\"https:\/\/vcportal.venturacounty.gov\/CEO\/community-dev\/docs\/Legal_Assistance_and_Services-Housing_Rights_SPAN.pdf\" target=\"_blank\" rel=\"noopener noreferrer\" aria-label=\"Recursos - opens in new tab\" data-uw-rm-ext-link=\"\" data-uw-pdf-br=\"1\" data-uw-pdf-doc=\"\">Recursos<\/a><\/p>\t\t\t\t\t\t\t\t<\/div>\n\t\t\t\t<\/div>\n\t\t\t\t<\/div>\n\t\t<div class=\"elementor-element elementor-element-934f1f5 e-con-full e-flex e-con e-child\" data-id=\"934f1f5\" data-element_type=\"container\">\n\t\t\t\t<div class=\"elementor-element elementor-element-851db53 elementor-widget elementor-widget-template\" data-id=\"851db53\" data-element_type=\"widget\" data-widget_type=\"template.default\">\n\t\t\t\t<div class=\"elementor-widget-container\">\n\t\t\t\t\t\t\t<div class=\"elementor-template\">\n\t\t\t\t\t<div data-elementor-type=\"container\" data-elementor-id=\"578\" class=\"elementor elementor-578\" data-elementor-post-type=\"elementor_library\">\n\t\t\t\t<div class=\"elementor-element elementor-element-76ae42c e-flex e-con-boxed e-con e-parent\" data-id=\"76ae42c\" data-element_type=\"container\">\n\t\t\t\t\t<div class=\"e-con-inner\">\n\t\t\t\t<div class=\"elementor-element elementor-element-5a6b27e CommD elementor-nav-menu--dropdown-tablet elementor-nav-menu__text-align-aside elementor-nav-menu--toggle elementor-nav-menu--burger elementor-widget elementor-widget-global elementor-global-553 elementor-widget-nav-menu\" data-id=\"5a6b27e\" data-element_type=\"widget\" data-settings=\"{&quot;layout&quot;:&quot;vertical&quot;,&quot;submenu_icon&quot;:{&quot;value&quot;:&quot;fas fa-caret-down&quot;,&quot;library&quot;:&quot;fa-solid&quot;},&quot;toggle&quot;:&quot;burger&quot;}\" data-widget_type=\"nav-menu.default\">\n\t\t\t\t<div class=\"elementor-widget-container\">\n\t\t\t\t\t\t\t\t<nav aria-label=\"Menu\" class=\"elementor-nav-menu--main elementor-nav-menu__container elementor-nav-menu--layout-vertical e--pointer-background e--animation-none\">\n\t\t\t\t<ul id=\"menu-1-5a6b27e\" class=\"elementor-nav-menu sm-vertical\"><li class=\"menu-item menu-item-type-post_type menu-item-object-page menu-item-550\"><a href=\"https:\/\/venturacounty.gov\/county-executive-office\/community-development\/\" class=\"elementor-item\">Community Development<\/a><\/li>\n<li class=\"menu-item menu-item-type-post_type menu-item-object-page menu-item-552\"><a href=\"https:\/\/venturacounty.gov\/county-executive-office\/community-development\/housing-homeowner-and-rental-assistance\/\" class=\"elementor-item\">HOUSING \u2013 Homeowner and Rental Assistance<\/a><\/li>\n<li class=\"menu-item menu-item-type-post_type menu-item-object-page menu-item-557\"><a href=\"https:\/\/venturacounty.gov\/county-executive-office\/community-development\/fair-housing\/\" class=\"elementor-item\">Fair Housing<\/a><\/li>\n<li class=\"menu-item menu-item-type-post_type menu-item-object-page menu-item-562\"><a href=\"https:\/\/venturacounty.gov\/county-executive-office\/community-development\/hud-grants\/\" class=\"elementor-item\">HUD Grants<\/a><\/li>\n<li class=\"menu-item menu-item-type-post_type menu-item-object-page menu-item-563\"><a href=\"https:\/\/venturacounty.gov\/county-executive-office\/community-development\/hud-plans-reports\/\" class=\"elementor-item\">HUD Plans &amp; Reports<\/a><\/li>\n<li class=\"menu-item menu-item-type-custom menu-item-object-custom menu-item-564\"><a target=\"_blank\" href=\"https:\/\/www.venturacoc.org\/\" class=\"elementor-item\">Continuum of Care<\/a><\/li>\n<li class=\"menu-item menu-item-type-post_type menu-item-object-page menu-item-566\"><a href=\"https:\/\/venturacounty.gov\/county-executive-office\/community-development\/policies-and-guidelines\/\" class=\"elementor-item\">Policies and Guidelines<\/a><\/li>\n<li class=\"menu-item menu-item-type-post_type menu-item-object-page menu-item-569\"><a href=\"https:\/\/venturacounty.gov\/county-executive-office\/community-development\/links\/\" class=\"elementor-item\">Links<\/a><\/li>\n<\/ul>\t\t\t<\/nav>\n\t\t\t\t\t<div class=\"elementor-menu-toggle\" role=\"button\" tabindex=\"0\" aria-label=\"Menu Toggle\" aria-expanded=\"false\">\n\t\t\t<i aria-hidden=\"true\" role=\"presentation\" class=\"elementor-menu-toggle__icon--open eicon-menu-bar\"><\/i><i aria-hidden=\"true\" role=\"presentation\" class=\"elementor-menu-toggle__icon--close eicon-close\"><\/i>\t\t<\/div>\n\t\t\t\t\t<nav class=\"elementor-nav-menu--dropdown elementor-nav-menu__container\" aria-hidden=\"true\">\n\t\t\t\t<ul id=\"menu-2-5a6b27e\" class=\"elementor-nav-menu sm-vertical\"><li class=\"menu-item menu-item-type-post_type menu-item-object-page menu-item-550\"><a href=\"https:\/\/venturacounty.gov\/county-executive-office\/community-development\/\" class=\"elementor-item\" tabindex=\"-1\">Community Development<\/a><\/li>\n<li class=\"menu-item menu-item-type-post_type menu-item-object-page menu-item-552\"><a href=\"https:\/\/venturacounty.gov\/county-executive-office\/community-development\/housing-homeowner-and-rental-assistance\/\" class=\"elementor-item\" tabindex=\"-1\">HOUSING \u2013 Homeowner and Rental Assistance<\/a><\/li>\n<li class=\"menu-item menu-item-type-post_type menu-item-object-page menu-item-557\"><a href=\"https:\/\/venturacounty.gov\/county-executive-office\/community-development\/fair-housing\/\" class=\"elementor-item\" tabindex=\"-1\">Fair Housing<\/a><\/li>\n<li class=\"menu-item menu-item-type-post_type menu-item-object-page menu-item-562\"><a href=\"https:\/\/venturacounty.gov\/county-executive-office\/community-development\/hud-grants\/\" class=\"elementor-item\" tabindex=\"-1\">HUD Grants<\/a><\/li>\n<li class=\"menu-item menu-item-type-post_type menu-item-object-page menu-item-563\"><a href=\"https:\/\/venturacounty.gov\/county-executive-office\/community-development\/hud-plans-reports\/\" class=\"elementor-item\" tabindex=\"-1\">HUD Plans &amp; Reports<\/a><\/li>\n<li class=\"menu-item menu-item-type-custom menu-item-object-custom menu-item-564\"><a target=\"_blank\" href=\"https:\/\/www.venturacoc.org\/\" class=\"elementor-item\" tabindex=\"-1\">Continuum of Care<\/a><\/li>\n<li class=\"menu-item menu-item-type-post_type menu-item-object-page menu-item-566\"><a href=\"https:\/\/venturacounty.gov\/county-executive-office\/community-development\/policies-and-guidelines\/\" class=\"elementor-item\" tabindex=\"-1\">Policies and Guidelines<\/a><\/li>\n<li class=\"menu-item menu-item-type-post_type menu-item-object-page menu-item-569\"><a href=\"https:\/\/venturacounty.gov\/county-executive-office\/community-development\/links\/\" class=\"elementor-item\" tabindex=\"-1\">Links<\/a><\/li>\n<\/ul>\t\t\t<\/nav>\n\t\t\t\t\t\t<\/div>\n\t\t\t\t<\/div>\n\t\t\t\t<div class=\"elementor-element elementor-element-c8b55ba elementor-widget elementor-widget-text-editor\" data-id=\"c8b55ba\" data-element_type=\"widget\" data-widget_type=\"text-editor.default\">\n\t\t\t\t<div class=\"elementor-widget-container\">\n\t\t\t\t\t\t\t\t\t<p>Redevelopment Agency<\/p>\t\t\t\t\t\t\t\t<\/div>\n\t\t\t\t<\/div>\n\t\t\t\t<div class=\"elementor-element elementor-element-b2b2c05 elementor-nav-menu--dropdown-tablet elementor-nav-menu__text-align-aside elementor-nav-menu--toggle elementor-nav-menu--burger elementor-widget elementor-widget-global elementor-global-572 elementor-widget-nav-menu\" data-id=\"b2b2c05\" data-element_type=\"widget\" data-settings=\"{&quot;layout&quot;:&quot;vertical&quot;,&quot;submenu_icon&quot;:{&quot;value&quot;:&quot;fas fa-caret-down&quot;,&quot;library&quot;:&quot;fa-solid&quot;},&quot;toggle&quot;:&quot;burger&quot;}\" data-widget_type=\"nav-menu.default\">\n\t\t\t\t<div class=\"elementor-widget-container\">\n\t\t\t\t\t\t\t\t<nav aria-label=\"Menu\" class=\"elementor-nav-menu--main elementor-nav-menu__container elementor-nav-menu--layout-vertical e--pointer-background e--animation-none\">\n\t\t\t\t<ul id=\"menu-1-b2b2c05\" class=\"elementor-nav-menu sm-vertical\"><li class=\"menu-item menu-item-type-post_type menu-item-object-page menu-item-571\"><a href=\"https:\/\/venturacounty.gov\/county-executive-office\/community-development\/county-of-ventura-rda-in-piru\/\" class=\"elementor-item\">County of Ventura RDA in Piru<\/a><\/li>\n<li class=\"menu-item menu-item-type-post_type menu-item-object-page menu-item-583\"><a href=\"https:\/\/venturacounty.gov\/county-executive-office\/community-development\/about-piru\/\" class=\"elementor-item\">About Piru<\/a><\/li>\n<li class=\"menu-item menu-item-type-post_type menu-item-object-page menu-item-586\"><a href=\"https:\/\/venturacounty.gov\/county-executive-office\/community-development\/project-area-map\/\" class=\"elementor-item\">Project Area Map<\/a><\/li>\n<li class=\"menu-item menu-item-type-post_type menu-item-object-page menu-item-587\"><a href=\"https:\/\/venturacounty.gov\/county-executive-office\/community-development\/projects-past-and-present\/\" class=\"elementor-item\">Projects \u2013 Past and Present<\/a><\/li>\n<li class=\"menu-item menu-item-type-post_type menu-item-object-page menu-item-589\"><a href=\"https:\/\/venturacounty.gov\/county-executive-office\/community-development\/successor-agency\/\" class=\"elementor-item\">Successor Agency<\/a><\/li>\n<li class=\"menu-item menu-item-type-post_type menu-item-object-page menu-item-598\"><a href=\"https:\/\/venturacounty.gov\/county-executive-office\/community-development\/oversight-board\/\" class=\"elementor-item\">Oversight Board<\/a><\/li>\n<li class=\"menu-item menu-item-type-post_type menu-item-object-page menu-item-600\"><a href=\"https:\/\/venturacounty.gov\/county-executive-office\/community-development\/housing-successor-agency\/\" class=\"elementor-item\">Housing Successor Agency<\/a><\/li>\n<li class=\"menu-item menu-item-type-post_type menu-item-object-page menu-item-603\"><a href=\"https:\/\/venturacounty.gov\/county-executive-office\/community-development\/succession-agencies-within-the-county\/\" class=\"elementor-item\">Successor Agencies within the County<\/a><\/li>\n<\/ul>\t\t\t<\/nav>\n\t\t\t\t\t<div class=\"elementor-menu-toggle\" role=\"button\" tabindex=\"0\" aria-label=\"Menu Toggle\" aria-expanded=\"false\">\n\t\t\t<i aria-hidden=\"true\" role=\"presentation\" class=\"elementor-menu-toggle__icon--open eicon-menu-bar\"><\/i><i aria-hidden=\"true\" role=\"presentation\" class=\"elementor-menu-toggle__icon--close eicon-close\"><\/i>\t\t<\/div>\n\t\t\t\t\t<nav class=\"elementor-nav-menu--dropdown elementor-nav-menu__container\" aria-hidden=\"true\">\n\t\t\t\t<ul id=\"menu-2-b2b2c05\" class=\"elementor-nav-menu sm-vertical\"><li class=\"menu-item menu-item-type-post_type menu-item-object-page menu-item-571\"><a href=\"https:\/\/venturacounty.gov\/county-executive-office\/community-development\/county-of-ventura-rda-in-piru\/\" class=\"elementor-item\" tabindex=\"-1\">County of Ventura RDA in Piru<\/a><\/li>\n<li class=\"menu-item menu-item-type-post_type menu-item-object-page menu-item-583\"><a href=\"https:\/\/venturacounty.gov\/county-executive-office\/community-development\/about-piru\/\" class=\"elementor-item\" tabindex=\"-1\">About Piru<\/a><\/li>\n<li class=\"menu-item menu-item-type-post_type menu-item-object-page menu-item-586\"><a href=\"https:\/\/venturacounty.gov\/county-executive-office\/community-development\/project-area-map\/\" class=\"elementor-item\" tabindex=\"-1\">Project Area Map<\/a><\/li>\n<li class=\"menu-item menu-item-type-post_type menu-item-object-page menu-item-587\"><a href=\"https:\/\/venturacounty.gov\/county-executive-office\/community-development\/projects-past-and-present\/\" class=\"elementor-item\" tabindex=\"-1\">Projects \u2013 Past and Present<\/a><\/li>\n<li class=\"menu-item menu-item-type-post_type menu-item-object-page menu-item-589\"><a href=\"https:\/\/venturacounty.gov\/county-executive-office\/community-development\/successor-agency\/\" class=\"elementor-item\" tabindex=\"-1\">Successor Agency<\/a><\/li>\n<li class=\"menu-item menu-item-type-post_type menu-item-object-page menu-item-598\"><a href=\"https:\/\/venturacounty.gov\/county-executive-office\/community-development\/oversight-board\/\" class=\"elementor-item\" tabindex=\"-1\">Oversight Board<\/a><\/li>\n<li class=\"menu-item menu-item-type-post_type menu-item-object-page menu-item-600\"><a href=\"https:\/\/venturacounty.gov\/county-executive-office\/community-development\/housing-successor-agency\/\" class=\"elementor-item\" tabindex=\"-1\">Housing Successor Agency<\/a><\/li>\n<li class=\"menu-item menu-item-type-post_type menu-item-object-page menu-item-603\"><a href=\"https:\/\/venturacounty.gov\/county-executive-office\/community-development\/succession-agencies-within-the-county\/\" class=\"elementor-item\" tabindex=\"-1\">Successor Agencies within the County<\/a><\/li>\n<\/ul>\t\t\t<\/nav>\n\t\t\t\t\t\t<\/div>\n\t\t\t\t<\/div>\n\t\t\t\t\t<\/div>\n\t\t\t\t<\/div>\n\t\t\t\t<\/div>\n\t\t\t\t<\/div>\n\t\t\t\t\t\t<\/div>\n\t\t\t\t<\/div>\n\t\t\t\t<\/div>\n\t\t\t\t\t<\/div>\n\t\t\t\t<\/div>\n\t\t<div class=\"elementor-element elementor-element-ceec676 e-con-full e-flex e-con e-child\" data-id=\"ceec676\" data-element_type=\"container\">\n\t\t\t\t<div class=\"elementor-element elementor-element-3af3a92 elementor-widget-divider--view-line elementor-widget elementor-widget-divider\" data-id=\"3af3a92\" data-element_type=\"widget\" data-widget_type=\"divider.default\">\n\t\t\t\t<div class=\"elementor-widget-container\">\n\t\t\t\t\t\t\t<div class=\"elementor-divider\">\n\t\t\t<span class=\"elementor-divider-separator\">\n\t\t\t\t\t\t<\/span>\n\t\t<\/div>\n\t\t\t\t\t\t<\/div>\n\t\t\t\t<\/div>\n\t\t\t\t<div class=\"elementor-element elementor-element-ffa8829 elementor-widget elementor-widget-text-editor\" data-id=\"ffa8829\" data-element_type=\"widget\" data-widget_type=\"text-editor.default\">\n\t\t\t\t<div class=\"elementor-widget-container\">\n\t\t\t\t\t\t\t\t\t<p>NOTE: As a convenience to our visitors, this page may contain links to external websites that are not managed or controlled by the County of Ventura.<\/p>\t\t\t\t\t\t\t\t<\/div>\n\t\t\t\t<\/div>\n\t\t\t\t<\/div>\n\t\t\t\t\t<\/div>\n\t\t\t\t<\/div>\n\t\t\t\t\t<\/div>\n\t\t\t\t<\/div>\n\t\t\t\t<\/div>\n\t\t","protected":false},"excerpt":{"rendered":"<p>COVID-19 Assistance For information on COVID 19, please visit:\u00a0https:\/\/www.vcemergency.com\/ In 2020, the State of California passed a budget and released a Homekey Notice of Funding Availability (NOFA) that included $600 million to rapidly expand the inventory of housing available to homeless persons who were served by or were eligible for Project Roomkey, a state-wide initiative [&hellip;]<\/p>\n","protected":false},"author":7,"featured_media":0,"parent":187,"menu_order":0,"comment_status":"closed","ping_status":"closed","template":"","meta":{"_relevanssi_hide_post":"","_relevanssi_hide_content":"","_relevanssi_pin_for_all":"","_relevanssi_pin_keywords":"","_relevanssi_unpin_keywords":"","_relevanssi_related_keywords":"","_relevanssi_related_include_ids":"","_relevanssi_related_exclude_ids":"","_relevanssi_related_no_append":"","_relevanssi_related_not_related":"","_relevanssi_related_posts":"","_relevanssi_noindex_reason":"","footnotes":""},"categories":[20],"tags":[],"class_list":["post-519","page","type-page","status-publish","hentry","category-community-development"],"_links":{"self":[{"href":"https:\/\/venturacounty.gov\/county-executive-office\/wp-json\/wp\/v2\/pages\/519","targetHints":{"allow":["GET"]}}],"collection":[{"href":"https:\/\/venturacounty.gov\/county-executive-office\/wp-json\/wp\/v2\/pages"}],"about":[{"href":"https:\/\/venturacounty.gov\/county-executive-office\/wp-json\/wp\/v2\/types\/page"}],"author":[{"embeddable":true,"href":"https:\/\/venturacounty.gov\/county-executive-office\/wp-json\/wp\/v2\/users\/7"}],"replies":[{"embeddable":true,"href":"https:\/\/venturacounty.gov\/county-executive-office\/wp-json\/wp\/v2\/comments?post=519"}],"version-history":[{"count":0,"href":"https:\/\/venturacounty.gov\/county-executive-office\/wp-json\/wp\/v2\/pages\/519\/revisions"}],"up":[{"embeddable":true,"href":"https:\/\/venturacounty.gov\/county-executive-office\/wp-json\/wp\/v2\/pages\/187"}],"wp:attachment":[{"href":"https:\/\/venturacounty.gov\/county-executive-office\/wp-json\/wp\/v2\/media?parent=519"}],"wp:term":[{"taxonomy":"category","embeddable":true,"href":"https:\/\/venturacounty.gov\/county-executive-office\/wp-json\/wp\/v2\/categories?post=519"},{"taxonomy":"post_tag","embeddable":true,"href":"https:\/\/venturacounty.gov\/county-executive-office\/wp-json\/wp\/v2\/tags?post=519"}],"curies":[{"name":"wp","href":"https:\/\/api.w.org\/{rel}","templated":true}]}}