{"id":132,"date":"2023-07-19T04:52:53","date_gmt":"2023-07-19T04:52:53","guid":{"rendered":"https:\/\/venturacounty.gov\/?page_id=132"},"modified":"2025-08-21T16:38:29","modified_gmt":"2025-08-21T16:38:29","slug":"become-a-vendor","status":"publish","type":"page","link":"https:\/\/venturacounty.gov\/es\/business-services\/become-a-vendor\/","title":{"rendered":"Convertirse en proveedor - Agencias gubernamentales"},"content":{"rendered":"<div data-elementor-type=\"wp-page\" data-elementor-id=\"132\" class=\"elementor elementor-132\" data-elementor-post-type=\"page\">\n\t\t\t\t<div class=\"elementor-element elementor-element-363cae5 e-flex e-con-boxed e-con e-parent\" data-id=\"363cae5\" data-element_type=\"container\">\n\t\t\t\t\t<div class=\"e-con-inner\">\n\t\t<div class=\"elementor-element elementor-element-7ae7644 e-flex e-con-boxed e-con e-child\" data-id=\"7ae7644\" data-element_type=\"container\">\n\t\t\t\t\t<div class=\"e-con-inner\">\n\t\t<div class=\"elementor-element elementor-element-b137974 e-flex e-con-boxed e-con e-child\" data-id=\"b137974\" data-element_type=\"container\">\n\t\t\t\t\t<div class=\"e-con-inner\">\n\t\t<div class=\"elementor-element elementor-element-22ed49d e-flex e-con-boxed e-con e-child\" data-id=\"22ed49d\" data-element_type=\"container\" data-settings=\"{&quot;background_background&quot;:&quot;classic&quot;}\">\n\t\t\t\t\t<div class=\"e-con-inner\">\n\t\t<div class=\"elementor-element elementor-element-e600d0e e-flex e-con-boxed e-con e-child\" data-id=\"e600d0e\" data-element_type=\"container\" data-settings=\"{&quot;background_background&quot;:&quot;classic&quot;}\">\n\t\t\t\t\t<div class=\"e-con-inner\">\n\t\t<div class=\"elementor-element elementor-element-e013e44 e-flex e-con-boxed e-con e-child\" data-id=\"e013e44\" data-element_type=\"container\" data-settings=\"{&quot;background_background&quot;:&quot;classic&quot;}\">\n\t\t\t\t\t<div class=\"e-con-inner\">\n\t\t\t\t<div class=\"elementor-element elementor-element-a54e374 elementor-widget elementor-widget-image\" data-id=\"a54e374\" data-element_type=\"widget\" data-widget_type=\"image.default\">\n\t\t\t\t<div class=\"elementor-widget-container\">\n\t\t\t\t\t\t\t\t\t\t\t\t\t\t\t\t<a href=\"\/es\/business-services\/\">\n\t\t\t\t\t\t\t<img decoding=\"async\" width=\"357\" height=\"75\" src=\"https:\/\/venturacounty.gov\/wp-content\/uploads\/2023\/07\/business-services-header.png\" class=\"attachment-large size-large wp-image-126\" alt=\"Business Services\" srcset=\"https:\/\/venturacounty.gov\/wp-content\/uploads\/2023\/07\/business-services-header.png 357w, https:\/\/venturacounty.gov\/wp-content\/uploads\/2023\/07\/business-services-header-300x63.png 300w\" sizes=\"(max-width: 357px) 100vw, 357px\" \/>\t\t\t\t\t\t\t\t<\/a>\n\t\t\t\t\t\t\t\t\t\t\t\t\t\t\t<\/div>\n\t\t\t\t<\/div>\n\t\t\t\t\t<\/div>\n\t\t\t\t<\/div>\n\t\t\t\t\t<\/div>\n\t\t\t\t<\/div>\n\t\t\t\t\t<\/div>\n\t\t\t\t<\/div>\n\t\t\t\t\t<\/div>\n\t\t\t\t<\/div>\n\t\t\t\t\t<\/div>\n\t\t\t\t<\/div>\n\t\t\t\t\t<\/div>\n\t\t\t\t<\/div>\n\t\t<div class=\"elementor-element elementor-element-949f6f1 e-flex e-con-boxed e-con e-parent\" data-id=\"949f6f1\" data-element_type=\"container\">\n\t\t\t\t\t<div class=\"e-con-inner\">\n\t\t<div class=\"elementor-element elementor-element-5e31600 e-flex e-con-boxed e-con e-child\" data-id=\"5e31600\" data-element_type=\"container\">\n\t\t\t\t\t<div class=\"e-con-inner\">\n\t\t\t\t<div class=\"elementor-element elementor-element-da475d8 elementor-nav-menu--dropdown-tablet elementor-nav-menu__text-align-aside elementor-nav-menu--toggle elementor-nav-menu--burger elementor-widget elementor-widget-nav-menu\" data-id=\"da475d8\" data-element_type=\"widget\" data-settings=\"{&quot;layout&quot;:&quot;horizontal&quot;,&quot;submenu_icon&quot;:{&quot;value&quot;:&quot;&lt;i class=\\&quot;fas fa-caret-down\\&quot;&gt;&lt;\\\/i&gt;&quot;,&quot;library&quot;:&quot;fa-solid&quot;},&quot;toggle&quot;:&quot;burger&quot;}\" data-widget_type=\"nav-menu.default\">\n\t\t\t\t<div class=\"elementor-widget-container\">\n\t\t\t\t\t\t\t\t<nav aria-label=\"Men\u00fa\" class=\"elementor-nav-menu--main elementor-nav-menu__container elementor-nav-menu--layout-horizontal e--pointer-background e--animation-fade\">\n\t\t\t\t<ul id=\"menu-1-da475d8\" class=\"elementor-nav-menu\"><li class=\"menu-item menu-item-type-post_type menu-item-object-page menu-item-108\"><a href=\"https:\/\/venturacounty.gov\/es\/government\/\" class=\"elementor-item\">Gobierno<\/a><\/li>\n<li class=\"menu-item menu-item-type-post_type menu-item-object-page menu-item-107\"><a href=\"https:\/\/venturacounty.gov\/es\/business-services\/\" class=\"elementor-item\">Servicios a empresas<\/a><\/li>\n<li class=\"menu-item menu-item-type-post_type menu-item-object-page menu-item-110\"><a href=\"https:\/\/venturacounty.gov\/es\/environment\/\" class=\"elementor-item\">Medio ambiente<\/a><\/li>\n<li class=\"menu-item menu-item-type-post_type menu-item-object-page menu-item-119\"><a href=\"https:\/\/venturacounty.gov\/es\/health-and-human-services\/\" class=\"elementor-item\">Sanidad y Servicios Humanos<\/a><\/li>\n<li class=\"menu-item menu-item-type-post_type menu-item-object-page menu-item-118\"><a href=\"https:\/\/venturacounty.gov\/es\/emergency-services\/\" class=\"elementor-item\">Servicios de emergencia<\/a><\/li>\n<li class=\"menu-item menu-item-type-post_type menu-item-object-page menu-item-117\"><a href=\"https:\/\/venturacounty.gov\/es\/residents\/\" class=\"elementor-item\">Residentes<\/a><\/li>\n<li class=\"menu-item menu-item-type-post_type menu-item-object-page menu-item-121\"><a href=\"https:\/\/venturacounty.gov\/es\/visitors\/\" class=\"elementor-item\">Visitantes<\/a><\/li>\n<li class=\"menu-item menu-item-type-post_type menu-item-object-page menu-item-123\"><a href=\"https:\/\/venturacounty.gov\/es\/government\/email-us\/\" class=\"elementor-item\">Contacte con nosotros<\/a><\/li>\n<\/ul>\t\t\t<\/nav>\n\t\t\t\t\t<div class=\"elementor-menu-toggle\" role=\"button\" tabindex=\"0\" aria-label=\"Men\u00fa Toggle\" aria-expanded=\"false\">\n\t\t\t<i aria-hidden=\"true\" role=\"presentation\" class=\"elementor-menu-toggle__icon--open eicon-menu-bar\"><\/i><i aria-hidden=\"true\" role=\"presentation\" class=\"elementor-menu-toggle__icon--close eicon-close\"><\/i>\t\t<\/div>\n\t\t\t\t\t<nav class=\"elementor-nav-menu--dropdown elementor-nav-menu__container\" aria-hidden=\"true\">\n\t\t\t\t<ul id=\"menu-2-da475d8\" class=\"elementor-nav-menu\"><li class=\"menu-item menu-item-type-post_type menu-item-object-page menu-item-108\"><a href=\"https:\/\/venturacounty.gov\/es\/government\/\" class=\"elementor-item\" tabindex=\"-1\">Gobierno<\/a><\/li>\n<li class=\"menu-item menu-item-type-post_type menu-item-object-page menu-item-107\"><a href=\"https:\/\/venturacounty.gov\/es\/business-services\/\" class=\"elementor-item\" tabindex=\"-1\">Servicios a empresas<\/a><\/li>\n<li class=\"menu-item menu-item-type-post_type menu-item-object-page menu-item-110\"><a href=\"https:\/\/venturacounty.gov\/es\/environment\/\" class=\"elementor-item\" tabindex=\"-1\">Medio ambiente<\/a><\/li>\n<li class=\"menu-item menu-item-type-post_type menu-item-object-page menu-item-119\"><a href=\"https:\/\/venturacounty.gov\/es\/health-and-human-services\/\" class=\"elementor-item\" tabindex=\"-1\">Sanidad y Servicios Humanos<\/a><\/li>\n<li class=\"menu-item menu-item-type-post_type menu-item-object-page menu-item-118\"><a href=\"https:\/\/venturacounty.gov\/es\/emergency-services\/\" class=\"elementor-item\" tabindex=\"-1\">Servicios de emergencia<\/a><\/li>\n<li class=\"menu-item menu-item-type-post_type menu-item-object-page menu-item-117\"><a href=\"https:\/\/venturacounty.gov\/es\/residents\/\" class=\"elementor-item\" tabindex=\"-1\">Residentes<\/a><\/li>\n<li class=\"menu-item menu-item-type-post_type menu-item-object-page menu-item-121\"><a href=\"https:\/\/venturacounty.gov\/es\/visitors\/\" class=\"elementor-item\" tabindex=\"-1\">Visitantes<\/a><\/li>\n<li class=\"menu-item menu-item-type-post_type menu-item-object-page menu-item-123\"><a href=\"https:\/\/venturacounty.gov\/es\/government\/email-us\/\" class=\"elementor-item\" tabindex=\"-1\">Contacte con nosotros<\/a><\/li>\n<\/ul>\t\t\t<\/nav>\n\t\t\t\t\t\t<\/div>\n\t\t\t\t<\/div>\n\t\t\t\t\t<\/div>\n\t\t\t\t<\/div>\n\t\t\t\t\t<\/div>\n\t\t\t\t<\/div>\n\t\t<div class=\"elementor-element elementor-element-5a97add e-flex e-con-boxed e-con e-parent\" data-id=\"5a97add\" data-element_type=\"container\">\n\t\t\t\t\t<div class=\"e-con-inner\">\n\t\t<div class=\"elementor-element elementor-element-4ab656b e-flex e-con-boxed e-con e-child\" data-id=\"4ab656b\" data-element_type=\"container\">\n\t\t\t\t\t<div class=\"e-con-inner\">\n\t\t\t\t<div class=\"elementor-element elementor-element-ee79d4e elementor-widget elementor-widget-heading\" data-id=\"ee79d4e\" data-element_type=\"widget\" data-widget_type=\"heading.default\">\n\t\t\t\t<div class=\"elementor-widget-container\">\n\t\t\t\t\t<h1 class=\"elementor-heading-title elementor-size-default\">Convertirse en proveedor - Agencias gubernamentales<\/h1>\t\t\t\t<\/div>\n\t\t\t\t<\/div>\n\t\t\t\t<div class=\"elementor-element elementor-element-746002e elementor-widget-divider--view-line elementor-widget elementor-widget-divider\" data-id=\"746002e\" data-element_type=\"widget\" data-widget_type=\"divider.default\">\n\t\t\t\t<div class=\"elementor-widget-container\">\n\t\t\t\t\t\t\t<div class=\"elementor-divider\">\n\t\t\t<span class=\"elementor-divider-separator\">\n\t\t\t\t\t\t<\/span>\n\t\t<\/div>\n\t\t\t\t\t\t<\/div>\n\t\t\t\t<\/div>\n\t\t\t\t<div class=\"elementor-element elementor-element-d496e4e elementor-widget elementor-widget-text-editor\" data-id=\"d496e4e\" data-element_type=\"widget\" data-widget_type=\"text-editor.default\">\n\t\t\t\t<div class=\"elementor-widget-container\">\n\t\t\t\t\t\t\t\t\t<div class=\"wpb_column vc_column_container vc_col-sm-6\"><div class=\"wpb_wrapper\"><div class=\"wpb_text_column wpb_content_element\"><div class=\"wpb_wrapper\"><p><a href=\"https:\/\/venturacounty.gov\/es\/business-services\/business-assistance-and-resources\/\"><strong>Haga negocios con el Condado de Ventura<\/strong><\/a><\/p><div class=\"wpb_text_column wpb_content_element\"><div class=\"wpb_wrapper\"><p>C\u00f3mo hacer negocios como proveedor con el Condado de Ventura.<\/p><p><strong><a href=\"https:\/\/www.dot.gov\/osdbu\/disadvantaged-business-enterprise\/definition-disadvantaged-business-enterprise\" target=\"_blank\" rel=\"noopener noreferrer\" aria-label=\"Certificaci\u00f3n de Empresa en Desventaja (DBE) - se abre en una nueva pesta\u00f1a\" data-uw-rm-ext-link=\"\">Certificaci\u00f3n de Empresa en Desventaja (DBE)<\/a><\/strong><br role=\"presentation\" data-uw-rm-sr=\"\" \/>Las DBE son peque\u00f1as empresas con \u00e1nimo de lucro en las que personas desfavorecidas social y econ\u00f3micamente poseen al menos una 51% participaci\u00f3n y controlan tambi\u00e9n la gesti\u00f3n y las operaciones empresariales diarias. Para participar en el programa DBE, una peque\u00f1a empresa propiedad de personas social y econ\u00f3micamente desfavorecidas y controlada por ellas debe recibir la certificaci\u00f3n DBE del Estado correspondiente, generalmente a trav\u00e9s del Programa de Certificaci\u00f3n Uniforme de California (CUCP).<\/p><\/div><\/div><h2 class=\"vc_custom_heading\">Obtenga ayuda para obtener un CUCP<\/h2><div class=\"vc_separator wpb_content_element vc_separator_align_center vc_sep_width_100 vc_sep_pos_align_center vc_separator_no_text vc_sep_color_grey\">\u00a0<\/div><div class=\"wpb_text_column wpb_content_element\"><div class=\"wpb_wrapper\"><p><strong><a href=\"https:\/\/edcollaborative.com\/\" target=\"_blank\" rel=\"noopener noreferrer\" aria-label=\"EDC-VC Economic Development Collaborative - se abre en una nueva pesta\u00f1a\" data-uw-rm-ext-link=\"\">Colaboraci\u00f3n para el Desarrollo Econ\u00f3mico EDC-VC<\/a><\/strong><br role=\"presentation\" data-uw-rm-sr=\"\" \/>La EDC-VC es el recurso empresarial para empresas de todos los tama\u00f1os que hacen negocios en el condado de Ventura. EDC-VC promueve el empleo y el crecimiento econ\u00f3mico para mantener la vitalidad econ\u00f3mica del condado a trav\u00e9s de estos programas y servicios clave: Consultor\u00eda de negocios y talleres, pr\u00e9stamos, programa de extensi\u00f3n de fabricaci\u00f3n, G.E.T. Trade, el how-to en el comercio internacional.<\/p><p><strong><a href=\"https:\/\/edc-vc.com\/\" target=\"_blank\" rel=\"noopener noreferrer\" aria-label=\"SBDC - Centro de Desarrollo de la Peque\u00f1a Empresa - opens in new tab\" data-uw-rm-ext-link=\"\">SBDC - Centro de Desarrollo de la Peque\u00f1a Empresa<\/a><\/strong><br role=\"presentation\" data-uw-rm-sr=\"\" \/>EDC-VC ha a\u00f1adido el Centro de Desarrollo de la Peque\u00f1a Empresa (SBDC) a su men\u00fa de servicios empresariales integrales. El SBDC ofrece asesoramiento y talleres gratuitos a los propietarios de peque\u00f1as empresas de los condados de Santa B\u00e1rbara y Ventura.<\/p><p><strong><a href=\"https:\/\/www.score.org\/\" target=\"_blank\" rel=\"noopener noreferrer\" aria-label=\"PUNTUACI\u00d3N - se abre en una nueva pesta\u00f1a\" data-uw-rm-ext-link=\"\">PUNTUACI\u00d3N<\/a><\/strong><br role=\"presentation\" data-uw-rm-sr=\"\" \/>SCORE es una asociaci\u00f3n sin \u00e1nimo de lucro dedicada a ayudar a las peque\u00f1as empresas a despegar, crecer y alcanzar sus objetivos a trav\u00e9s de la educaci\u00f3n y la tutor\u00eda. Con el apoyo de la Agencia Federal para el Desarrollo de la Peque\u00f1a Empresa (SBA) y una red de m\u00e1s de 12.000 voluntarios, SCORE ofrece servicios de consultor\u00eda empresarial gratuitos o a muy bajo coste.<\/p><p><strong><a href=\"https:\/\/www.wevonline.org\/\" target=\"_blank\" rel=\"noopener noreferrer\" aria-label=\"WEV - Women&#039;s Economic Ventures - abre una nueva pesta\u00f1a\" data-uw-rm-ext-link=\"\">WEV - Emprendimientos Econ\u00f3micos de las Mujeres<\/a><\/strong><br role=\"presentation\" data-uw-rm-sr=\"\" \/>Los programas de Women's Economic Ventures (WEV) combinan formaci\u00f3n en el aula, capital y asistencia t\u00e9cnica individual para apoyar a la peque\u00f1a empresaria en las fases de puesta en marcha, estabilizaci\u00f3n y crecimiento. La mayor\u00eda de los servicios se prestan en espa\u00f1ol e ingl\u00e9s.<\/p><\/div><\/div><h2 class=\"vc_custom_heading\">Hacer negocios con una ciudad<\/h2><div class=\"vc_separator wpb_content_element vc_separator_align_center vc_sep_width_100 vc_sep_pos_align_center vc_separator_no_text vc_sep_color_grey\">\u00a0<\/div><div class=\"wpb_text_column wpb_content_element\"><div class=\"wpb_wrapper\"><ul class=\"arrow-list\"><li><strong><a href=\"https:\/\/www.ci.camarillo.ca.us\/business\/index.php\" target=\"_blank\" rel=\"noopener noreferrer\" aria-label=\"Ciudad de Camarillo - opens in new tab\" data-uw-rm-ext-link=\"\">Ciudad de Camarillo<\/a>\u00a0<\/strong><\/li><li><strong><a href=\"https:\/\/www.fillmoreca.com\/\" target=\"_blank\" rel=\"noopener noreferrer\" aria-label=\"Ciudad de Fillmore - opens in new tab\" data-uw-rm-ext-link=\"\">Ciudad de Fillmore<\/a>\u00a0<\/strong><\/li><li><strong><a href=\"https:\/\/www.google.com\/url?sa=t&amp;rct=j&amp;q=&amp;esrc=s&amp;source=web&amp;cd=2&amp;cad=rja&amp;uact=8&amp;ved=0CC0QFjAB&amp;url=http%3A%2F%2Fwww.moorparkca.gov%2F&amp;ei=8YeVVcuXENDmoATYrK-YBg&amp;usg=AFQjCNHS37oIN-oZK9lVlQ8XTnHi5XGWqA&amp;sig2=ZY5Rz57gU8IvfrG21Tb3Kg&amp;bvm=bv.96952980,d.cGU\" target=\"_blank\" rel=\"noopener noreferrer\" aria-label=\"Ciudad de Moorpark - opens in new tab\" data-uw-rm-ext-link=\"\">Ciudad de Moorpark<\/a>\u00a0<\/strong><\/li><li><strong><a href=\"https:\/\/www.ojai.ca.gov\/303\/Business-Permits\" target=\"_blank\" rel=\"noopener noreferrer\" aria-label=\"Ciudad de Ojai - opens in new tab\" data-uw-rm-ext-link=\"\">Ciudad de Ojai<\/a>\u00a0<\/strong><\/li><li><strong><a href=\"https:\/\/www.oxnard.gov\/finance\" target=\"_blank\" rel=\"noopener noreferrer\" aria-label=\"Ciudad de Oxnard - opens in new tab\" data-uw-rm-ext-link=\"\">Ciudad de Oxnard<\/a>\u00a0<\/strong><\/li><li><strong><a href=\"https:\/\/www.ci.port-hueneme.ca.us\/409\/Business-Licenses\" target=\"_blank\" rel=\"noopener noreferrer\" aria-label=\"Ciudad de Port Hueneme - opens in new tab\" data-uw-rm-ext-link=\"\">Ciudad de Port Hueneme<\/a>\u00a0<\/strong><\/li><li><strong><a href=\"https:\/\/spcity.org\/\" target=\"_blank\" rel=\"noopener noreferrer\" aria-label=\"Ciudad de Santa Paula - opens in new tab\" data-uw-rm-ext-link=\"\">Ciudad de Santa Paula<\/a>\u00a0<\/strong><\/li><li><strong><a href=\"https:\/\/www.simivalley.org\/business\" target=\"_blank\" rel=\"noopener noreferrer\" aria-label=\"Ciudad de Simi Valley - opens in new tab\" data-uw-rm-ext-link=\"\">Ciudad de Simi Valley<\/a>\u00a0<\/strong><\/li><li><strong><a href=\"https:\/\/www.toaks.org\/departments\/finance\/purchasing-bids\" target=\"_blank\" rel=\"noopener noreferrer\" aria-label=\"Ciudad de Thousand Oaks - opens in new tab\" data-uw-rm-ext-link=\"\">Ciudad de Thousand Oaks<\/a>\u00a0<\/strong><\/li><li><strong><a href=\"https:\/\/www.cityofventura.ca.gov\/35\/Business\" target=\"_blank\" rel=\"noopener noreferrer\" aria-label=\"Ciudad de Ventura - opens in new tab\" data-uw-rm-ext-link=\"\">Ciudad de Ventura<\/a>\u00a0<\/strong><\/li><\/ul><ul><li><a href=\"https:\/\/www.navsea.navy.mil\/Home\/WarfareCenters\/NSWCPortHueneme\/Partnerships.aspx\" target=\"_blank\" rel=\"noopener noreferrer\" aria-label=\"Haga negocios con la Divisi\u00f3n Naval SWC Port Hueneme - opens in new tab\" data-uw-rm-ext-link=\"\">Haga negocios con la Divisi\u00f3n Naval SWC Port Hueneme<\/a>\u00a0<img decoding=\"async\" class=\"alignnone size-full wp-image-7865\" role=\"presentation\" src=\"https:\/\/venturacounty.gov\/wp-content\/uploads\/2025\/07\/exitdisclaimer.gif\" alt=\"\" width=\"16\" height=\"11\" data-uw-rm-ima=\"un\" \/><\/li><\/ul><\/div><\/div><\/div><\/div><\/div><\/div>\t\t\t\t\t\t\t\t<\/div>\n\t\t\t\t<\/div>\n\t\t\t\t\t<\/div>\n\t\t\t\t<\/div>\n\t\t\t\t\t<\/div>\n\t\t\t\t<\/div>\n\t\t\t\t<\/div>","protected":false},"excerpt":{"rendered":"<p>Become a Vendor &#8211; Government Agencies Do Business with the County of Ventura How to do business as a vendor with the County of Ventura. Disadvantaged Business Enterprise (DBE) CertificationDBEs are for-profit small business concerns where socially and economically disadvantaged individuals own at least a 51% interest and also control management and daily business operations. [&hellip;]<\/p>\n","protected":false},"author":5,"featured_media":0,"parent":106,"menu_order":0,"comment_status":"closed","ping_status":"closed","template":"","meta":{"_relevanssi_hide_post":"","_relevanssi_hide_content":"","_relevanssi_pin_for_all":"","_relevanssi_pin_keywords":"","_relevanssi_unpin_keywords":"","_relevanssi_related_keywords":"","_relevanssi_related_include_ids":"","_relevanssi_related_exclude_ids":"","_relevanssi_related_no_append":"","_relevanssi_related_not_related":"","_relevanssi_related_posts":"","_relevanssi_noindex_reason":"","footnotes":""},"categories":[8],"tags":[],"class_list":["post-132","page","type-page","status-publish","hentry","category-business"],"_links":{"self":[{"href":"https:\/\/venturacounty.gov\/es\/wp-json\/wp\/v2\/pages\/132","targetHints":{"allow":["GET"]}}],"collection":[{"href":"https:\/\/venturacounty.gov\/es\/wp-json\/wp\/v2\/pages"}],"about":[{"href":"https:\/\/venturacounty.gov\/es\/wp-json\/wp\/v2\/types\/page"}],"author":[{"embeddable":true,"href":"https:\/\/venturacounty.gov\/es\/wp-json\/wp\/v2\/users\/5"}],"replies":[{"embeddable":true,"href":"https:\/\/venturacounty.gov\/es\/wp-json\/wp\/v2\/comments?post=132"}],"version-history":[{"count":0,"href":"https:\/\/venturacounty.gov\/es\/wp-json\/wp\/v2\/pages\/132\/revisions"}],"up":[{"embeddable":true,"href":"https:\/\/venturacounty.gov\/es\/wp-json\/wp\/v2\/pages\/106"}],"wp:attachment":[{"href":"https:\/\/venturacounty.gov\/es\/wp-json\/wp\/v2\/media?parent=132"}],"wp:term":[{"taxonomy":"category","embeddable":true,"href":"https:\/\/venturacounty.gov\/es\/wp-json\/wp\/v2\/categories?post=132"},{"taxonomy":"post_tag","embeddable":true,"href":"https:\/\/venturacounty.gov\/es\/wp-json\/wp\/v2\/tags?post=132"}],"curies":[{"name":"wp","href":"https:\/\/api.w.org\/{rel}","templated":true}]}}