{"id":140,"date":"2023-07-19T05:16:53","date_gmt":"2023-07-19T05:16:53","guid":{"rendered":"https:\/\/venturacounty.gov\/?page_id=140"},"modified":"2023-07-19T05:17:32","modified_gmt":"2023-07-19T05:17:32","slug":"taxes-and-the-assessors-office","status":"publish","type":"page","link":"https:\/\/venturacounty.gov\/es\/business-services\/taxes-and-the-assessors-office\/","title":{"rendered":"Impuestos y Oficina del Tasador"},"content":{"rendered":"<div data-elementor-type=\"wp-page\" data-elementor-id=\"140\" class=\"elementor elementor-140\" data-elementor-post-type=\"page\">\n\t\t\t\t<div class=\"elementor-element elementor-element-363cae5 e-flex e-con-boxed e-con e-parent\" data-id=\"363cae5\" data-element_type=\"container\">\n\t\t\t\t\t<div class=\"e-con-inner\">\n\t\t<div class=\"elementor-element elementor-element-7ae7644 e-flex e-con-boxed e-con e-child\" data-id=\"7ae7644\" data-element_type=\"container\">\n\t\t\t\t\t<div class=\"e-con-inner\">\n\t\t<div class=\"elementor-element elementor-element-b137974 e-flex e-con-boxed e-con e-child\" data-id=\"b137974\" data-element_type=\"container\">\n\t\t\t\t\t<div class=\"e-con-inner\">\n\t\t<div class=\"elementor-element elementor-element-22ed49d e-flex e-con-boxed e-con e-child\" data-id=\"22ed49d\" data-element_type=\"container\" data-settings=\"{&quot;background_background&quot;:&quot;classic&quot;}\">\n\t\t\t\t\t<div class=\"e-con-inner\">\n\t\t<div class=\"elementor-element elementor-element-e600d0e e-flex e-con-boxed e-con e-child\" data-id=\"e600d0e\" data-element_type=\"container\" data-settings=\"{&quot;background_background&quot;:&quot;classic&quot;}\">\n\t\t\t\t\t<div class=\"e-con-inner\">\n\t\t<div class=\"elementor-element elementor-element-e013e44 e-flex e-con-boxed e-con e-child\" data-id=\"e013e44\" data-element_type=\"container\" data-settings=\"{&quot;background_background&quot;:&quot;classic&quot;}\">\n\t\t\t\t\t<div class=\"e-con-inner\">\n\t\t\t\t<div class=\"elementor-element elementor-element-a54e374 elementor-widget elementor-widget-image\" data-id=\"a54e374\" data-element_type=\"widget\" data-widget_type=\"image.default\">\n\t\t\t\t<div class=\"elementor-widget-container\">\n\t\t\t\t\t\t\t\t\t\t\t\t\t\t\t\t<a href=\"\/es\/business-services\/\">\n\t\t\t\t\t\t\t<img decoding=\"async\" width=\"357\" height=\"75\" src=\"https:\/\/venturacounty.gov\/wp-content\/uploads\/2023\/07\/business-services-header.png\" class=\"attachment-large size-large wp-image-126\" alt=\"Business Services\" srcset=\"https:\/\/venturacounty.gov\/wp-content\/uploads\/2023\/07\/business-services-header.png 357w, https:\/\/venturacounty.gov\/wp-content\/uploads\/2023\/07\/business-services-header-300x63.png 300w\" sizes=\"(max-width: 357px) 100vw, 357px\" \/>\t\t\t\t\t\t\t\t<\/a>\n\t\t\t\t\t\t\t\t\t\t\t\t\t\t\t<\/div>\n\t\t\t\t<\/div>\n\t\t\t\t\t<\/div>\n\t\t\t\t<\/div>\n\t\t\t\t\t<\/div>\n\t\t\t\t<\/div>\n\t\t\t\t\t<\/div>\n\t\t\t\t<\/div>\n\t\t\t\t\t<\/div>\n\t\t\t\t<\/div>\n\t\t\t\t\t<\/div>\n\t\t\t\t<\/div>\n\t\t\t\t\t<\/div>\n\t\t\t\t<\/div>\n\t\t<div class=\"elementor-element elementor-element-949f6f1 e-flex e-con-boxed e-con e-parent\" data-id=\"949f6f1\" data-element_type=\"container\">\n\t\t\t\t\t<div class=\"e-con-inner\">\n\t\t<div class=\"elementor-element elementor-element-5e31600 e-flex e-con-boxed e-con e-child\" data-id=\"5e31600\" data-element_type=\"container\">\n\t\t\t\t\t<div class=\"e-con-inner\">\n\t\t\t\t<div class=\"elementor-element elementor-element-da475d8 elementor-nav-menu--dropdown-tablet elementor-nav-menu__text-align-aside elementor-nav-menu--toggle elementor-nav-menu--burger elementor-widget elementor-widget-nav-menu\" data-id=\"da475d8\" data-element_type=\"widget\" data-settings=\"{&quot;layout&quot;:&quot;horizontal&quot;,&quot;submenu_icon&quot;:{&quot;value&quot;:&quot;&lt;i class=\\&quot;fas fa-caret-down\\&quot;&gt;&lt;\\\/i&gt;&quot;,&quot;library&quot;:&quot;fa-solid&quot;},&quot;toggle&quot;:&quot;burger&quot;}\" data-widget_type=\"nav-menu.default\">\n\t\t\t\t<div class=\"elementor-widget-container\">\n\t\t\t\t\t\t\t\t<nav aria-label=\"Men\u00fa\" class=\"elementor-nav-menu--main elementor-nav-menu__container elementor-nav-menu--layout-horizontal e--pointer-background e--animation-fade\">\n\t\t\t\t<ul id=\"menu-1-da475d8\" class=\"elementor-nav-menu\"><li class=\"menu-item menu-item-type-post_type menu-item-object-page menu-item-108\"><a href=\"https:\/\/venturacounty.gov\/es\/government\/\" class=\"elementor-item\">Gobierno<\/a><\/li>\n<li class=\"menu-item menu-item-type-post_type menu-item-object-page menu-item-107\"><a href=\"https:\/\/venturacounty.gov\/es\/business-services\/\" class=\"elementor-item\">Servicios a empresas<\/a><\/li>\n<li class=\"menu-item menu-item-type-post_type menu-item-object-page menu-item-110\"><a href=\"https:\/\/venturacounty.gov\/es\/environment\/\" class=\"elementor-item\">Medio ambiente<\/a><\/li>\n<li class=\"menu-item menu-item-type-post_type menu-item-object-page menu-item-119\"><a href=\"https:\/\/venturacounty.gov\/es\/health-and-human-services\/\" class=\"elementor-item\">Sanidad y Servicios Humanos<\/a><\/li>\n<li class=\"menu-item menu-item-type-post_type menu-item-object-page menu-item-118\"><a href=\"https:\/\/venturacounty.gov\/es\/emergency-services\/\" class=\"elementor-item\">Servicios de emergencia<\/a><\/li>\n<li class=\"menu-item menu-item-type-post_type menu-item-object-page menu-item-117\"><a href=\"https:\/\/venturacounty.gov\/es\/residents\/\" class=\"elementor-item\">Residentes<\/a><\/li>\n<li class=\"menu-item menu-item-type-post_type menu-item-object-page menu-item-121\"><a href=\"https:\/\/venturacounty.gov\/es\/visitors\/\" class=\"elementor-item\">Visitantes<\/a><\/li>\n<li class=\"menu-item menu-item-type-post_type menu-item-object-page menu-item-123\"><a href=\"https:\/\/venturacounty.gov\/es\/government\/email-us\/\" class=\"elementor-item\">Contacte con nosotros<\/a><\/li>\n<\/ul>\t\t\t<\/nav>\n\t\t\t\t\t<div class=\"elementor-menu-toggle\" role=\"button\" tabindex=\"0\" aria-label=\"Men\u00fa Toggle\" aria-expanded=\"false\">\n\t\t\t<i aria-hidden=\"true\" role=\"presentation\" class=\"elementor-menu-toggle__icon--open eicon-menu-bar\"><\/i><i aria-hidden=\"true\" role=\"presentation\" class=\"elementor-menu-toggle__icon--close eicon-close\"><\/i>\t\t<\/div>\n\t\t\t\t\t<nav class=\"elementor-nav-menu--dropdown elementor-nav-menu__container\" aria-hidden=\"true\">\n\t\t\t\t<ul id=\"menu-2-da475d8\" class=\"elementor-nav-menu\"><li class=\"menu-item menu-item-type-post_type menu-item-object-page menu-item-108\"><a href=\"https:\/\/venturacounty.gov\/es\/government\/\" class=\"elementor-item\" tabindex=\"-1\">Gobierno<\/a><\/li>\n<li class=\"menu-item menu-item-type-post_type menu-item-object-page menu-item-107\"><a href=\"https:\/\/venturacounty.gov\/es\/business-services\/\" class=\"elementor-item\" tabindex=\"-1\">Servicios a empresas<\/a><\/li>\n<li class=\"menu-item menu-item-type-post_type menu-item-object-page menu-item-110\"><a href=\"https:\/\/venturacounty.gov\/es\/environment\/\" class=\"elementor-item\" tabindex=\"-1\">Medio ambiente<\/a><\/li>\n<li class=\"menu-item menu-item-type-post_type menu-item-object-page menu-item-119\"><a href=\"https:\/\/venturacounty.gov\/es\/health-and-human-services\/\" class=\"elementor-item\" tabindex=\"-1\">Sanidad y Servicios Humanos<\/a><\/li>\n<li class=\"menu-item menu-item-type-post_type menu-item-object-page menu-item-118\"><a href=\"https:\/\/venturacounty.gov\/es\/emergency-services\/\" class=\"elementor-item\" tabindex=\"-1\">Servicios de emergencia<\/a><\/li>\n<li class=\"menu-item menu-item-type-post_type menu-item-object-page menu-item-117\"><a href=\"https:\/\/venturacounty.gov\/es\/residents\/\" class=\"elementor-item\" tabindex=\"-1\">Residentes<\/a><\/li>\n<li class=\"menu-item menu-item-type-post_type menu-item-object-page menu-item-121\"><a href=\"https:\/\/venturacounty.gov\/es\/visitors\/\" class=\"elementor-item\" tabindex=\"-1\">Visitantes<\/a><\/li>\n<li class=\"menu-item menu-item-type-post_type menu-item-object-page menu-item-123\"><a href=\"https:\/\/venturacounty.gov\/es\/government\/email-us\/\" class=\"elementor-item\" tabindex=\"-1\">Contacte con nosotros<\/a><\/li>\n<\/ul>\t\t\t<\/nav>\n\t\t\t\t\t\t<\/div>\n\t\t\t\t<\/div>\n\t\t\t\t\t<\/div>\n\t\t\t\t<\/div>\n\t\t\t\t\t<\/div>\n\t\t\t\t<\/div>\n\t\t<div class=\"elementor-element elementor-element-5a97add e-flex e-con-boxed e-con e-parent\" data-id=\"5a97add\" data-element_type=\"container\">\n\t\t\t\t\t<div class=\"e-con-inner\">\n\t\t<div class=\"elementor-element elementor-element-4ab656b e-flex e-con-boxed e-con e-child\" data-id=\"4ab656b\" data-element_type=\"container\">\n\t\t\t\t\t<div class=\"e-con-inner\">\n\t\t\t\t<div class=\"elementor-element elementor-element-ee79d4e elementor-widget elementor-widget-heading\" data-id=\"ee79d4e\" data-element_type=\"widget\" data-widget_type=\"heading.default\">\n\t\t\t\t<div class=\"elementor-widget-container\">\n\t\t\t\t\t<h1 class=\"elementor-heading-title elementor-size-default\">Impuestos y Oficina del Tasador<\/h1>\t\t\t\t<\/div>\n\t\t\t\t<\/div>\n\t\t\t\t<div class=\"elementor-element elementor-element-746002e elementor-widget-divider--view-line elementor-widget elementor-widget-divider\" data-id=\"746002e\" data-element_type=\"widget\" data-widget_type=\"divider.default\">\n\t\t\t\t<div class=\"elementor-widget-container\">\n\t\t\t\t\t\t\t<div class=\"elementor-divider\">\n\t\t\t<span class=\"elementor-divider-separator\">\n\t\t\t\t\t\t<\/span>\n\t\t<\/div>\n\t\t\t\t\t\t<\/div>\n\t\t\t\t<\/div>\n\t\t\t\t<div class=\"elementor-element elementor-element-d496e4e elementor-widget elementor-widget-text-editor\" data-id=\"d496e4e\" data-element_type=\"widget\" data-widget_type=\"text-editor.default\">\n\t\t\t\t<div class=\"elementor-widget-container\">\n\t\t\t\t\t\t\t\t\t<div class=\"wpb_column vc_column_container vc_col-sm-6\"><div class=\"wpb_wrapper\"><div class=\"wpb_text_column wpb_content_element\"><div class=\"wpb_wrapper\"><ul class=\"arrow-list\"><li><strong><a href=\"https:\/\/assessor.countyofventura.org\/\" target=\"_blank\" rel=\"noopener noreferrer\" aria-label=\"Oficina del Tasador - opens in new tab\" data-uw-rm-ext-link=\"\">Oficina del Asesor<\/a><\/strong><br role=\"presentation\" data-uw-rm-sr=\"\" \/>De acuerdo con la Constituci\u00f3n de California y el C\u00f3digo de Ingresos e Impuestos, el Tasador tiene las siguientes responsabilidades: localizar todas las propiedades imponibles dentro del Condado de Ventura; identificar a la persona que es propietaria, reclama, posee o controla la propiedad en la Fecha de Gravamen (R&amp;T \u00a7 405); establecer el valor tasado de todas las propiedades imponibles de acuerdo con la ley; y publicar listas de evaluaci\u00f3n tanto anuales como suplementarias.<\/li><li><strong><a href=\"https:\/\/assessor.countyofventura.org\/forms\/forms.asp\" target=\"_blank\" rel=\"noopener noreferrer\" aria-label=\"Assessor&#039;s Forms - Biblioteca - opens in new tab\" data-uw-rm-ext-link=\"\">Formularios del asesor - Biblioteca<\/a><\/strong><br role=\"presentation\" data-uw-rm-sr=\"\" \/>Todos los formularios para asesores disponibles por categor\u00eda o verlos todos a la vez.<\/li><li><strong><a href=\"https:\/\/assessor.countyofventura.org\/Forms\/forms.asp?category=bus\" target=\"_blank\" rel=\"noopener noreferrer\" aria-label=\"Assessor&#039;s Business Forms - se abre en una nueva pesta\u00f1a\" data-uw-rm-ext-link=\"\">Formularios del asesor<\/a><\/strong><\/li><li><strong><a href=\"https:\/\/assessor.countyofventura.org\/property-information\/business-owners\/\" target=\"_blank\" rel=\"noopener noreferrer\" aria-label=\"Empresarios - opens in new tab\" data-uw-rm-ext-link=\"\">Empresarios<\/a><\/strong><br role=\"presentation\" data-uw-rm-sr=\"\" \/>A diferencia de los bienes inmuebles, los bienes personales de las empresas se reeval\u00faan anualmente.<\/li><li><strong><a href=\"https:\/\/assessor.countyofventura.org\/property-information\/business-owners\/e-sdr\/\" target=\"_blank\" rel=\"noopener noreferrer\" aria-label=\"e-SDR Electronic BPS Filing - se abre en una nueva pesta\u00f1a\" data-uw-rm-ext-link=\"\">Presentaci\u00f3n electr\u00f3nica e-SDR<\/a><\/strong><br role=\"presentation\" data-uw-rm-sr=\"\" \/>S\u00f3lo puede utilizar este sistema de presentaci\u00f3n en l\u00ednea (e-SDR) si ha recibido la carta de notificaci\u00f3n titulada e-SDR E-File Your Business Property Statement con su paquete de declaraci\u00f3n de propiedad comercial 571-L.<\/li><li><strong><a href=\"https:\/\/assessor.countyofventura.org\/site\/assets\/files\/1197\/public_information_fees_schedule_1-2023.pdf\" target=\"_blank\" rel=\"noopener noreferrer\" aria-label=\"Tarifas de informaci\u00f3n al p\u00fablico - opens in new tab\" data-uw-rm-ext-link=\"\" data-uw-pdf-br=\"1\" data-uw-pdf-doc=\"\">Tarifas de informaci\u00f3n al p\u00fablico<\/a><\/strong><\/li><\/ul><\/div><\/div><\/div><\/div>\t\t\t\t\t\t\t\t<\/div>\n\t\t\t\t<\/div>\n\t\t\t\t\t<\/div>\n\t\t\t\t<\/div>\n\t\t\t\t\t<\/div>\n\t\t\t\t<\/div>\n\t\t\t\t<\/div>","protected":false},"excerpt":{"rendered":"<p>Taxes and the Assessor\u2019s Office Assessor\u2019s OfficeUnder the California Constitution and the Revenue and Taxation Code, the Assessor has the following responsibilities: locate all taxable property within Ventura County; identify the person who owns, claims, possesses, or controls property on the Lien Date (R&amp;T \u00a7 405); establish the assessed value of all taxable property in [&hellip;]<\/p>\n","protected":false},"author":5,"featured_media":0,"parent":106,"menu_order":0,"comment_status":"closed","ping_status":"closed","template":"","meta":{"_relevanssi_hide_post":"","_relevanssi_hide_content":"","_relevanssi_pin_for_all":"","_relevanssi_pin_keywords":"","_relevanssi_unpin_keywords":"","_relevanssi_related_keywords":"","_relevanssi_related_include_ids":"","_relevanssi_related_exclude_ids":"","_relevanssi_related_no_append":"","_relevanssi_related_not_related":"","_relevanssi_related_posts":"","_relevanssi_noindex_reason":"","footnotes":""},"categories":[8],"tags":[],"class_list":["post-140","page","type-page","status-publish","hentry","category-business"],"_links":{"self":[{"href":"https:\/\/venturacounty.gov\/es\/wp-json\/wp\/v2\/pages\/140","targetHints":{"allow":["GET"]}}],"collection":[{"href":"https:\/\/venturacounty.gov\/es\/wp-json\/wp\/v2\/pages"}],"about":[{"href":"https:\/\/venturacounty.gov\/es\/wp-json\/wp\/v2\/types\/page"}],"author":[{"embeddable":true,"href":"https:\/\/venturacounty.gov\/es\/wp-json\/wp\/v2\/users\/5"}],"replies":[{"embeddable":true,"href":"https:\/\/venturacounty.gov\/es\/wp-json\/wp\/v2\/comments?post=140"}],"version-history":[{"count":0,"href":"https:\/\/venturacounty.gov\/es\/wp-json\/wp\/v2\/pages\/140\/revisions"}],"up":[{"embeddable":true,"href":"https:\/\/venturacounty.gov\/es\/wp-json\/wp\/v2\/pages\/106"}],"wp:attachment":[{"href":"https:\/\/venturacounty.gov\/es\/wp-json\/wp\/v2\/media?parent=140"}],"wp:term":[{"taxonomy":"category","embeddable":true,"href":"https:\/\/venturacounty.gov\/es\/wp-json\/wp\/v2\/categories?post=140"},{"taxonomy":"post_tag","embeddable":true,"href":"https:\/\/venturacounty.gov\/es\/wp-json\/wp\/v2\/tags?post=140"}],"curies":[{"name":"wp","href":"https:\/\/api.w.org\/{rel}","templated":true}]}}