{"id":170,"date":"2023-07-19T06:37:38","date_gmt":"2023-07-19T06:37:38","guid":{"rendered":"https:\/\/venturacounty.gov\/?page_id=170"},"modified":"2025-07-16T20:40:40","modified_gmt":"2025-07-16T20:40:40","slug":"visitor-convention-bureaus","status":"publish","type":"page","link":"https:\/\/venturacounty.gov\/es\/visitors\/visitor-convention-bureaus\/","title":{"rendered":"Oficinas de Turismo y Convenciones"},"content":{"rendered":"<div data-elementor-type=\"wp-page\" data-elementor-id=\"170\" class=\"elementor elementor-170\" data-elementor-post-type=\"page\">\n\t\t\t\t<div class=\"elementor-element elementor-element-363cae5 e-flex e-con-boxed e-con e-parent\" data-id=\"363cae5\" data-element_type=\"container\">\n\t\t\t\t\t<div class=\"e-con-inner\">\n\t\t<div class=\"elementor-element elementor-element-7ae7644 e-flex e-con-boxed e-con e-child\" data-id=\"7ae7644\" data-element_type=\"container\">\n\t\t\t\t\t<div class=\"e-con-inner\">\n\t\t<div class=\"elementor-element elementor-element-b137974 e-flex e-con-boxed e-con e-child\" data-id=\"b137974\" data-element_type=\"container\">\n\t\t\t\t\t<div class=\"e-con-inner\">\n\t\t<div class=\"elementor-element elementor-element-22ed49d e-flex e-con-boxed e-con e-child\" data-id=\"22ed49d\" data-element_type=\"container\" data-settings=\"{&quot;background_background&quot;:&quot;classic&quot;}\">\n\t\t\t\t\t<div class=\"e-con-inner\">\n\t\t<div class=\"elementor-element elementor-element-e600d0e e-flex e-con-boxed e-con e-child\" data-id=\"e600d0e\" data-element_type=\"container\" data-settings=\"{&quot;background_background&quot;:&quot;classic&quot;}\">\n\t\t\t\t\t<div class=\"e-con-inner\">\n\t\t<div class=\"elementor-element elementor-element-e013e44 e-flex e-con-boxed e-con e-child\" data-id=\"e013e44\" data-element_type=\"container\" data-settings=\"{&quot;background_background&quot;:&quot;classic&quot;}\">\n\t\t\t\t\t<div class=\"e-con-inner\">\n\t\t\t\t<div class=\"elementor-element elementor-element-a54e374 elementor-widget elementor-widget-image\" data-id=\"a54e374\" data-element_type=\"widget\" data-widget_type=\"image.default\">\n\t\t\t\t<div class=\"elementor-widget-container\">\n\t\t\t\t\t\t\t\t\t\t\t\t\t\t\t\t<a href=\"\/es\/visitors\/\">\n\t\t\t\t\t\t\t<img decoding=\"async\" width=\"357\" height=\"75\" src=\"https:\/\/venturacounty.gov\/wp-content\/uploads\/2023\/07\/visitors-header.png\" class=\"attachment-large size-large wp-image-131\" alt=\"Visitors\" srcset=\"https:\/\/venturacounty.gov\/wp-content\/uploads\/2023\/07\/visitors-header.png 357w, https:\/\/venturacounty.gov\/wp-content\/uploads\/2023\/07\/visitors-header-300x63.png 300w\" sizes=\"(max-width: 357px) 100vw, 357px\" \/>\t\t\t\t\t\t\t\t<\/a>\n\t\t\t\t\t\t\t\t\t\t\t\t\t\t\t<\/div>\n\t\t\t\t<\/div>\n\t\t\t\t\t<\/div>\n\t\t\t\t<\/div>\n\t\t\t\t\t<\/div>\n\t\t\t\t<\/div>\n\t\t\t\t\t<\/div>\n\t\t\t\t<\/div>\n\t\t\t\t\t<\/div>\n\t\t\t\t<\/div>\n\t\t\t\t\t<\/div>\n\t\t\t\t<\/div>\n\t\t\t\t\t<\/div>\n\t\t\t\t<\/div>\n\t\t<div class=\"elementor-element elementor-element-949f6f1 e-flex e-con-boxed e-con e-parent\" data-id=\"949f6f1\" data-element_type=\"container\">\n\t\t\t\t\t<div class=\"e-con-inner\">\n\t\t<div class=\"elementor-element elementor-element-5e31600 e-flex e-con-boxed e-con e-child\" data-id=\"5e31600\" data-element_type=\"container\">\n\t\t\t\t\t<div class=\"e-con-inner\">\n\t\t\t\t<div class=\"elementor-element elementor-element-da475d8 elementor-nav-menu--dropdown-tablet elementor-nav-menu__text-align-aside elementor-nav-menu--toggle elementor-nav-menu--burger elementor-widget elementor-widget-nav-menu\" data-id=\"da475d8\" data-element_type=\"widget\" data-settings=\"{&quot;layout&quot;:&quot;horizontal&quot;,&quot;submenu_icon&quot;:{&quot;value&quot;:&quot;&lt;i class=\\&quot;fas fa-caret-down\\&quot;&gt;&lt;\\\/i&gt;&quot;,&quot;library&quot;:&quot;fa-solid&quot;},&quot;toggle&quot;:&quot;burger&quot;}\" data-widget_type=\"nav-menu.default\">\n\t\t\t\t<div class=\"elementor-widget-container\">\n\t\t\t\t\t\t\t\t<nav aria-label=\"Men\u00fa\" class=\"elementor-nav-menu--main elementor-nav-menu__container elementor-nav-menu--layout-horizontal e--pointer-background e--animation-fade\">\n\t\t\t\t<ul id=\"menu-1-da475d8\" class=\"elementor-nav-menu\"><li class=\"menu-item menu-item-type-post_type menu-item-object-page menu-item-108\"><a href=\"https:\/\/venturacounty.gov\/es\/government\/\" class=\"elementor-item\">Gobierno<\/a><\/li>\n<li class=\"menu-item menu-item-type-post_type menu-item-object-page menu-item-107\"><a href=\"https:\/\/venturacounty.gov\/es\/business-services\/\" class=\"elementor-item\">Servicios a empresas<\/a><\/li>\n<li class=\"menu-item menu-item-type-post_type menu-item-object-page menu-item-110\"><a href=\"https:\/\/venturacounty.gov\/es\/environment\/\" class=\"elementor-item\">Medio ambiente<\/a><\/li>\n<li class=\"menu-item menu-item-type-post_type menu-item-object-page menu-item-119\"><a href=\"https:\/\/venturacounty.gov\/es\/health-and-human-services\/\" class=\"elementor-item\">Sanidad y Servicios Humanos<\/a><\/li>\n<li class=\"menu-item menu-item-type-post_type menu-item-object-page menu-item-118\"><a href=\"https:\/\/venturacounty.gov\/es\/emergency-services\/\" class=\"elementor-item\">Servicios de emergencia<\/a><\/li>\n<li class=\"menu-item menu-item-type-post_type menu-item-object-page menu-item-117\"><a href=\"https:\/\/venturacounty.gov\/es\/residents\/\" class=\"elementor-item\">Residentes<\/a><\/li>\n<li class=\"menu-item menu-item-type-post_type menu-item-object-page menu-item-121\"><a href=\"https:\/\/venturacounty.gov\/es\/visitors\/\" class=\"elementor-item\">Visitantes<\/a><\/li>\n<li class=\"menu-item menu-item-type-post_type menu-item-object-page menu-item-123\"><a href=\"https:\/\/venturacounty.gov\/es\/government\/email-us\/\" class=\"elementor-item\">Contacte con nosotros<\/a><\/li>\n<\/ul>\t\t\t<\/nav>\n\t\t\t\t\t<div class=\"elementor-menu-toggle\" role=\"button\" tabindex=\"0\" aria-label=\"Men\u00fa Toggle\" aria-expanded=\"false\">\n\t\t\t<i aria-hidden=\"true\" role=\"presentation\" class=\"elementor-menu-toggle__icon--open eicon-menu-bar\"><\/i><i aria-hidden=\"true\" role=\"presentation\" class=\"elementor-menu-toggle__icon--close eicon-close\"><\/i>\t\t<\/div>\n\t\t\t\t\t<nav class=\"elementor-nav-menu--dropdown elementor-nav-menu__container\" aria-hidden=\"true\">\n\t\t\t\t<ul id=\"menu-2-da475d8\" class=\"elementor-nav-menu\"><li class=\"menu-item menu-item-type-post_type menu-item-object-page menu-item-108\"><a href=\"https:\/\/venturacounty.gov\/es\/government\/\" class=\"elementor-item\" tabindex=\"-1\">Gobierno<\/a><\/li>\n<li class=\"menu-item menu-item-type-post_type menu-item-object-page menu-item-107\"><a href=\"https:\/\/venturacounty.gov\/es\/business-services\/\" class=\"elementor-item\" tabindex=\"-1\">Servicios a empresas<\/a><\/li>\n<li class=\"menu-item menu-item-type-post_type menu-item-object-page menu-item-110\"><a href=\"https:\/\/venturacounty.gov\/es\/environment\/\" class=\"elementor-item\" tabindex=\"-1\">Medio ambiente<\/a><\/li>\n<li class=\"menu-item menu-item-type-post_type menu-item-object-page menu-item-119\"><a href=\"https:\/\/venturacounty.gov\/es\/health-and-human-services\/\" class=\"elementor-item\" tabindex=\"-1\">Sanidad y Servicios Humanos<\/a><\/li>\n<li class=\"menu-item menu-item-type-post_type menu-item-object-page menu-item-118\"><a href=\"https:\/\/venturacounty.gov\/es\/emergency-services\/\" class=\"elementor-item\" tabindex=\"-1\">Servicios de emergencia<\/a><\/li>\n<li class=\"menu-item menu-item-type-post_type menu-item-object-page menu-item-117\"><a href=\"https:\/\/venturacounty.gov\/es\/residents\/\" class=\"elementor-item\" tabindex=\"-1\">Residentes<\/a><\/li>\n<li class=\"menu-item menu-item-type-post_type menu-item-object-page menu-item-121\"><a href=\"https:\/\/venturacounty.gov\/es\/visitors\/\" class=\"elementor-item\" tabindex=\"-1\">Visitantes<\/a><\/li>\n<li class=\"menu-item menu-item-type-post_type menu-item-object-page menu-item-123\"><a href=\"https:\/\/venturacounty.gov\/es\/government\/email-us\/\" class=\"elementor-item\" tabindex=\"-1\">Contacte con nosotros<\/a><\/li>\n<\/ul>\t\t\t<\/nav>\n\t\t\t\t\t\t<\/div>\n\t\t\t\t<\/div>\n\t\t\t\t\t<\/div>\n\t\t\t\t<\/div>\n\t\t\t\t\t<\/div>\n\t\t\t\t<\/div>\n\t\t<div class=\"elementor-element elementor-element-5a97add e-flex e-con-boxed e-con e-parent\" data-id=\"5a97add\" data-element_type=\"container\">\n\t\t\t\t\t<div class=\"e-con-inner\">\n\t\t<div class=\"elementor-element elementor-element-4ab656b e-flex e-con-boxed e-con e-child\" data-id=\"4ab656b\" data-element_type=\"container\">\n\t\t\t\t\t<div class=\"e-con-inner\">\n\t\t\t\t<div class=\"elementor-element elementor-element-7815bb1 elementor-widget elementor-widget-heading\" data-id=\"7815bb1\" data-element_type=\"widget\" data-widget_type=\"heading.default\">\n\t\t\t\t<div class=\"elementor-widget-container\">\n\t\t\t\t\t<h1 class=\"elementor-heading-title elementor-size-default\">Oficinas de Turismo y Convenciones<\/h1>\t\t\t\t<\/div>\n\t\t\t\t<\/div>\n\t\t\t\t<div class=\"elementor-element elementor-element-d496e4e elementor-widget elementor-widget-text-editor\" data-id=\"d496e4e\" data-element_type=\"widget\" data-widget_type=\"text-editor.default\">\n\t\t\t\t<div class=\"elementor-widget-container\">\n\t\t\t\t\t\t\t\t\t<ul class=\"arrow-list\">\n \t<li><strong><a href=\"https:\/\/visitcamarillo.com\/\" target=\"_blank\" rel=\"noopener noreferrer\" aria-label=\"Asociaci\u00f3n de Hosteler\u00eda y Turismo de Camarillo - opens in new tab\" data-uw-rm-ext-link=\"\">Asociaci\u00f3n de Hosteler\u00eda y Turismo de Camarillo<\/a><img decoding=\"async\" class=\"alignnone wp-image-7865\" src=\"https:\/\/venturacounty.gov\/wp-content\/uploads\/2025\/07\/exitdisclaimer.gif\" alt=\"&quot;&quot;\" width=\"16\" height=\"11\" data-uw-rm-ima-original=\"&quot;&quot;\" \/><\/strong><br role=\"presentation\" data-uw-rm-sr=\"\" \/>Con un tiempo casi perfecto durante todo el a\u00f1o, Camarillo es especialmente atractiva para los visitantes que disfrutan del c\u00e1lido clima californiano. Pintorescas vistas agr\u00edcolas y frescas brisas marinas sirven de tel\u00f3n de fondo a un encantador casco antiguo. Todo ello hace de Camarillo el destino perfecto para una maravillosa escapada de fin de semana o unas relajantes vacaciones de varias semanas. Pase el d\u00eda paseando por el centro, deteni\u00e9ndose a tomar una refrescante bebida o una fresca ensalada veraniega al aire libre. O visite una gran variedad de cervecer\u00edas locales, una forma perfecta de pasar una tarde o una noche tranquila. No se olvide de nuestro centro comercial de categor\u00eda mundial, que atrae a visitantes internacionales de Francia, Canad\u00e1 y China. Venga por el sol, qu\u00e9dese por la diversi\u00f3n.<\/li>\n \t<li><strong><a href=\"https:\/\/heritagevalleyca.org\/\" target=\"_blank\" rel=\"noopener noreferrer\" aria-label=\"Oficina de Turismo del Valle del Patrimonio - opens in new tab\" data-uw-rm-ext-link=\"\">Oficina de Turismo del Valle del Patrimonio<\/a><img decoding=\"async\" class=\"alignnone wp-image-7865\" src=\"https:\/\/venturacounty.gov\/wp-content\/uploads\/2025\/07\/exitdisclaimer.gif\" alt=\"&quot;&quot;\" width=\"16\" height=\"11\" data-uw-rm-ima-original=\"&quot;&quot;\" \/><\/strong><br role=\"presentation\" data-uw-rm-sr=\"\" \/>Sirviendo a las comunidades de Piru, Fillmore y Santa Paula incluyendo sus socios regionales a lo largo de la autopista 126 en el condado de Ventura.<\/li>\n \t<li><strong><a href=\"https:\/\/www.ojaivisitors.com\/\" target=\"_blank\" rel=\"noopener noreferrer\" aria-label=\"Oficina de Turismo de Ojai - opens in new tab\" data-uw-rm-ext-link=\"\">Oficina de Turismo de Ojai<\/a><img decoding=\"async\" class=\"alignnone wp-image-7865\" src=\"https:\/\/venturacounty.gov\/wp-content\/uploads\/2025\/07\/exitdisclaimer.gif\" alt=\"&quot;&quot;\" width=\"16\" height=\"11\" data-uw-rm-ima-original=\"&quot;&quot;\" \/><\/strong><br role=\"presentation\" data-uw-rm-sr=\"\" \/>Viva la magia de Ojai, California, y disfrute de una fant\u00e1stica escapada, a s\u00f3lo 90 minutos al norte de Los \u00c1ngeles. Vaya de compras por el encantador centro del pueblo de Ojai, camine por las colinas o recorra en bicicleta los pintorescos senderos de Ojai. Rel\u00e1jese con una copa de vino ecol\u00f3gico de la zona o disfrute de un lujoso tratamiento en el spa. Y al final del d\u00eda... acurr\u00faquese junto a la chimenea en una de las famosas posadas de Ojai.<\/li>\n \t<li><strong><a href=\"https:\/\/www.visitoxnard.com\/\" target=\"_blank\" rel=\"noopener noreferrer\" aria-label=\"Oxnard Convention &amp; Visitors Bureau - se abre en una nueva pesta\u00f1a\" data-uw-rm-ext-link=\"\">Oficina de Turismo y Congresos de Oxnard<\/a><img decoding=\"async\" class=\"alignnone wp-image-7865\" src=\"https:\/\/venturacounty.gov\/wp-content\/uploads\/2025\/07\/exitdisclaimer.gif\" alt=\"&quot;&quot;\" width=\"16\" height=\"11\" data-uw-rm-ima-original=\"&quot;&quot;\" \/><\/strong><br role=\"presentation\" data-uw-rm-sr=\"\" \/>A s\u00f3lo sesenta millas al noroeste de Los \u00c1ngeles, encontrar\u00e1 la desenfadada ciudad costera de Oxnard, donde le esperan actividades recreativas frente al mar, fabulosos festivales, dulces fresas, un clima excepcional y kil\u00f3metros de playas sin aglomeraciones.<\/li>\n \t<li><strong><a href=\"https:\/\/www.santapaulachamber.com\/\" target=\"_blank\" rel=\"noopener noreferrer\" aria-label=\"Santa Paula - Visitar - ventana nueva\" data-uw-rm-ext-link=\"\">Santa Paula - Visita<\/a><img decoding=\"async\" class=\"alignnone wp-image-7865\" src=\"https:\/\/venturacounty.gov\/wp-content\/uploads\/2025\/07\/exitdisclaimer.gif\" alt=\"&quot;&quot;\" width=\"16\" height=\"11\" data-uw-rm-ima-original=\"&quot;&quot;\" \/><\/strong><br role=\"presentation\" data-uw-rm-sr=\"\" \/>Con una combinaci\u00f3n excepcional de clima, ubicaci\u00f3n y encanto, Santa Paula es un destino favorito para los visitantes durante todo el a\u00f1o. Rica en historia y cultura, hay atracciones perennes y eventos anuales para todos los intereses y todas las edades.<\/li>\n \t<li><strong><a href=\"https:\/\/visitventuraca.com\/\" target=\"_blank\" rel=\"noopener noreferrer\" aria-label=\"Ventura Visitor &amp; Convention Bureau - se abre en una nueva pesta\u00f1a\" data-uw-rm-ext-link=\"\">Oficina de Visitantes y Convenciones de Ventura<\/a><img decoding=\"async\" class=\"alignnone wp-image-7865\" src=\"https:\/\/venturacounty.gov\/wp-content\/uploads\/2025\/07\/exitdisclaimer.gif\" alt=\"&quot;&quot;\" width=\"16\" height=\"11\" data-uw-rm-ima-original=\"&quot;&quot;\" \/><\/strong><br role=\"presentation\" data-uw-rm-sr=\"\" \/>Los visitantes de Ventura disfrutan de las abundantes actividades art\u00edsticas y culturales, las aventuras al aire libre y la rica fusi\u00f3n de abundancia agr\u00edcola y proximidad al oc\u00e9ano que la convierten en el para\u00edso de los chefs. El Parque Nacional de las Islas del Canal se encuentra justo al lado de la costa, al igual que un Santuario Marino Nacional. El Bosque Nacional de Los Padres se encuentra en las estribaciones de Ventura, mientras que dos de los r\u00edos abiertos m\u00e1s largos de California contribuyen a delimitar la ciudad. Como autoridad tur\u00edstica oficial de Ventura, perm\u00edtanos ayudarle a planificar su estancia en Ventura. En este sitio encontrar\u00e1 informaci\u00f3n sobre hoteles, cosas que hacer, restaurantes y nuestros galardonados campos de golf.<\/li>\n<\/ul>\t\t\t\t\t\t\t\t<\/div>\n\t\t\t\t<\/div>\n\t\t\t\t\t<\/div>\n\t\t\t\t<\/div>\n\t\t\t\t\t<\/div>\n\t\t\t\t<\/div>\n\t\t\t\t<\/div>","protected":false},"excerpt":{"rendered":"<p>Camarillo Hotel &amp; Tourism AssociationWith year-round near-perfect weather, Camarillo is especially attractive to visitors who delight in the warm California climate. Picturesque agricultural vistas and cool ocean breezes set the backdrop for a charming old town downtown. All this makes Camarillo the perfect destination for a wonderful weekend getaway or a relaxing weeks\u2019 vacation. Spend [&hellip;]<\/p>\n","protected":false},"author":5,"featured_media":0,"parent":120,"menu_order":0,"comment_status":"closed","ping_status":"closed","template":"","meta":{"_relevanssi_hide_post":"","_relevanssi_hide_content":"","_relevanssi_pin_for_all":"","_relevanssi_pin_keywords":"","_relevanssi_unpin_keywords":"","_relevanssi_related_keywords":"","_relevanssi_related_include_ids":"","_relevanssi_related_exclude_ids":"","_relevanssi_related_no_append":"","_relevanssi_related_not_related":"","_relevanssi_related_posts":"","_relevanssi_noindex_reason":"","footnotes":""},"categories":[13],"tags":[],"class_list":["post-170","page","type-page","status-publish","hentry","category-visitors"],"_links":{"self":[{"href":"https:\/\/venturacounty.gov\/es\/wp-json\/wp\/v2\/pages\/170","targetHints":{"allow":["GET"]}}],"collection":[{"href":"https:\/\/venturacounty.gov\/es\/wp-json\/wp\/v2\/pages"}],"about":[{"href":"https:\/\/venturacounty.gov\/es\/wp-json\/wp\/v2\/types\/page"}],"author":[{"embeddable":true,"href":"https:\/\/venturacounty.gov\/es\/wp-json\/wp\/v2\/users\/5"}],"replies":[{"embeddable":true,"href":"https:\/\/venturacounty.gov\/es\/wp-json\/wp\/v2\/comments?post=170"}],"version-history":[{"count":0,"href":"https:\/\/venturacounty.gov\/es\/wp-json\/wp\/v2\/pages\/170\/revisions"}],"up":[{"embeddable":true,"href":"https:\/\/venturacounty.gov\/es\/wp-json\/wp\/v2\/pages\/120"}],"wp:attachment":[{"href":"https:\/\/venturacounty.gov\/es\/wp-json\/wp\/v2\/media?parent=170"}],"wp:term":[{"taxonomy":"category","embeddable":true,"href":"https:\/\/venturacounty.gov\/es\/wp-json\/wp\/v2\/categories?post=170"},{"taxonomy":"post_tag","embeddable":true,"href":"https:\/\/venturacounty.gov\/es\/wp-json\/wp\/v2\/tags?post=170"}],"curies":[{"name":"wp","href":"https:\/\/api.w.org\/{rel}","templated":true}]}}