{"id":172,"date":"2023-07-19T18:42:50","date_gmt":"2023-07-19T18:42:50","guid":{"rendered":"https:\/\/venturacounty.gov\/?page_id=172"},"modified":"2023-08-25T15:51:45","modified_gmt":"2023-08-25T15:51:45","slug":"oversizedvehicles","status":"publish","type":"page","link":"https:\/\/venturacounty.gov\/es\/oversizedvehicles\/","title":{"rendered":"Oversized Vehicles Permits"},"content":{"rendered":"<div data-elementor-type=\"wp-page\" data-elementor-id=\"172\" class=\"elementor elementor-172\" data-elementor-post-type=\"page\">\n\t\t\t\t<div class=\"elementor-element elementor-element-363cae5 e-flex e-con-boxed e-con e-parent\" data-id=\"363cae5\" data-element_type=\"container\">\n\t\t\t\t\t<div class=\"e-con-inner\">\n\t\t<div class=\"elementor-element elementor-element-7ae7644 e-flex e-con-boxed e-con e-child\" data-id=\"7ae7644\" data-element_type=\"container\">\n\t\t\t\t\t<div class=\"e-con-inner\">\n\t\t<div class=\"elementor-element elementor-element-b137974 e-flex e-con-boxed e-con e-child\" data-id=\"b137974\" data-element_type=\"container\">\n\t\t\t\t\t<div class=\"e-con-inner\">\n\t\t<div class=\"elementor-element elementor-element-22ed49d e-flex e-con-boxed e-con e-child\" data-id=\"22ed49d\" data-element_type=\"container\" data-settings=\"{&quot;background_background&quot;:&quot;classic&quot;}\">\n\t\t\t\t\t<div class=\"e-con-inner\">\n\t\t<div class=\"elementor-element elementor-element-e600d0e e-flex e-con-boxed e-con e-child\" data-id=\"e600d0e\" data-element_type=\"container\" data-settings=\"{&quot;background_background&quot;:&quot;classic&quot;}\">\n\t\t\t\t\t<div class=\"e-con-inner\">\n\t\t\t\t<div class=\"elementor-element elementor-element-3dc5213 elementor-widget elementor-widget-text-editor\" data-id=\"3dc5213\" data-element_type=\"widget\" data-widget_type=\"text-editor.default\">\n\t\t\t\t<div class=\"elementor-widget-container\">\n\t\t\t\t\t\t\t\t\t<h2 class=\"elementor-heading-title\">Permisos para veh\u00edculos de gran tama\u00f1o<\/h2><hr \/>\t\t\t\t\t\t\t\t<\/div>\n\t\t\t\t<\/div>\n\t\t\t\t<div class=\"elementor-element elementor-element-23e73d9 elementor-widget elementor-widget-text-editor\" data-id=\"23e73d9\" data-element_type=\"widget\" data-widget_type=\"text-editor.default\">\n\t\t\t\t<div class=\"elementor-widget-container\">\n\t\t\t\t\t\t\t\t\t<p>Ciertas \u00e1reas no incorporadas del Condado de Ventura proh\u00edben el estacionamiento de ciertos tipos de veh\u00edculos de gran tama\u00f1o en las calles mantenidas por el Condado. En esas zonas, las personas pueden obtener un permiso para estacionar un veh\u00edculo de gran tama\u00f1o en esas zonas, sujeto a ciertas condiciones y criterios, en virtud de la Ordenanza de Veh\u00edculos de Gran Tama\u00f1o del Condado. Si usted vive en una de las zonas afectadas del Condado (Oak Park, Oak View, o Casa Conejo) y est\u00e1 interesado en un permiso de estacionamiento para veh\u00edculos de gran tama\u00f1o, por favor haga clic aqu\u00ed para completar una solicitud de permiso.<\/p><p>\u00a0<\/p><hr \/>\t\t\t\t\t\t\t\t<\/div>\n\t\t\t\t<\/div>\n\t\t\t\t\t<\/div>\n\t\t\t\t<\/div>\n\t\t\t\t\t<\/div>\n\t\t\t\t<\/div>\n\t\t\t\t\t<\/div>\n\t\t\t\t<\/div>\n\t\t\t\t\t<\/div>\n\t\t\t\t<\/div>\n\t\t\t\t\t<\/div>\n\t\t\t\t<\/div>\n\t\t<div class=\"elementor-element elementor-element-e07c329 e-flex e-con-boxed e-con e-parent\" data-id=\"e07c329\" data-element_type=\"container\">\n\t\t\t\t\t<div class=\"e-con-inner\">\n\t\t<div class=\"elementor-element elementor-element-4fb7b60 e-con-full e-flex e-con e-child\" data-id=\"4fb7b60\" data-element_type=\"container\">\n\t\t\t\t<div class=\"elementor-element elementor-element-a9e1025 elementor-widget elementor-widget-text-editor\" data-id=\"a9e1025\" data-element_type=\"widget\" data-widget_type=\"text-editor.default\">\n\t\t\t\t<div class=\"elementor-widget-container\">\n\t\t\t\t\t\t\t\t\t<p style=\"text-align: center;\"><strong>Para informar de un veh\u00edculo de gran tama\u00f1o potencialmente en violaci\u00f3n de la ordenanza del Condado o para localizar un veh\u00edculo remolcado, por favor llame al: (805)-477-4174<\/strong><\/p><hr \/><p style=\"text-align: center;\">\u00a0<\/p>\t\t\t\t\t\t\t\t<\/div>\n\t\t\t\t<\/div>\n\t\t\t\t<div class=\"elementor-element elementor-element-31790be elementor-align-justify elementor-widget elementor-widget-button\" data-id=\"31790be\" data-element_type=\"widget\" data-widget_type=\"button.default\">\n\t\t\t\t<div class=\"elementor-widget-container\">\n\t\t\t\t\t\t\t\t\t<div class=\"elementor-button-wrapper\">\n\t\t\t\t\t<a class=\"elementor-button elementor-button-link elementor-size-lg\" href=\"\/es\/board-of-supervisors\/oversized-vehicles-permits\/\">\n\t\t\t\t\t\t<span class=\"elementor-button-content-wrapper\">\n\t\t\t\t\t\t\t\t\t<span class=\"elementor-button-text\">Solicitar el permiso para veh\u00edculos de gran tama\u00f1o<\/span>\n\t\t\t\t\t<\/span>\n\t\t\t\t\t<\/a>\n\t\t\t\t<\/div>\n\t\t\t\t\t\t\t\t<\/div>\n\t\t\t\t<\/div>\n\t\t\t\t<\/div>\n\t\t<div class=\"elementor-element elementor-element-475c07d e-con-full e-flex e-con e-child\" data-id=\"475c07d\" data-element_type=\"container\">\n\t\t\t\t<div class=\"elementor-element elementor-element-b4d0cf6 elementor-widget elementor-widget-text-editor\" data-id=\"b4d0cf6\" data-element_type=\"widget\" data-widget_type=\"text-editor.default\">\n\t\t\t\t<div class=\"elementor-widget-container\">\n\t\t\t\t\t\t\t\t\t<p>Para obtener m\u00e1s informaci\u00f3n sobre las ordenanzas de veh\u00edculos de gran tama\u00f1o, visite:<\/p><ul><li><a href=\"https:\/\/cobpublic.venturacounty.gov\/documents\/Ordinances\/County%20of%20Ventura\/4358.pdf\" target=\"_blank\" rel=\"noopener\" aria-label=\"Ordenanza sobre veh\u00edculos de gran tama\u00f1o de Oak Park - opens in new tab\" data-uw-rm-ext-link=\"\" data-uw-pdf-br=\"1\" data-uw-pdf-doc=\"\">Ordenanza sobre veh\u00edculos de gran tama\u00f1o de Oak Park<\/a><\/li><li><a href=\"https:\/\/cobpublic.venturacounty.gov\/documents\/Ordinances\/County%20of%20Ventura\/4524.pdf\" target=\"_blank\" rel=\"noopener\" aria-label=\"Ordenanza sobre veh\u00edculos de gran tama\u00f1o de Oak View - se abre una nueva pesta\u00f1a\" data-uw-rm-ext-link=\"\" data-uw-pdf-br=\"1\" data-uw-pdf-doc=\"\">Ordenanza sobre veh\u00edculos de gran tama\u00f1o de Oak View<\/a><\/li><li><a href=\"https:\/\/vcportal.venturacounty.gov\/BOS\/District2\/CasaConejo\/docs\/CasaConejoOversizedVehicle.pdf\" target=\"_blank\" rel=\"noopener\" aria-label=\"Resoluci\u00f3n de Casa Conejo y Ordenanza sobre veh\u00edculos de gran tama\u00f1o - se abre una nueva pesta\u00f1a\" data-uw-rm-ext-link=\"\" data-uw-pdf-br=\"1\" data-uw-pdf-doc=\"\">Resoluci\u00f3n sobre Casa Conejo y Ordenanza sobre veh\u00edculos de gran tama\u00f1o<\/a><\/li><\/ul>\t\t\t\t\t\t\t\t<\/div>\n\t\t\t\t<\/div>\n\t\t\t\t<\/div>\n\t\t\t\t\t<\/div>\n\t\t\t\t<\/div>\n\t\t\t\t<\/div>","protected":false},"excerpt":{"rendered":"<p>Oversized Vehicle Permits Certain unincorporated areas of Ventura County prohibit certain types of oversized vehicles from parking on County maintained streets. In those areas, individuals may be able to get a permit to park an oversized vehicle in those areas, subject to certain conditions and criteria, under the County\u2019s applicable Oversized Vehicles Ordinance. If you [&hellip;]<\/p>\n","protected":false},"author":11,"featured_media":0,"parent":0,"menu_order":0,"comment_status":"closed","ping_status":"closed","template":"","meta":{"_relevanssi_hide_post":"","_relevanssi_hide_content":"","_relevanssi_pin_for_all":"","_relevanssi_pin_keywords":"","_relevanssi_unpin_keywords":"","_relevanssi_related_keywords":"","_relevanssi_related_include_ids":"","_relevanssi_related_exclude_ids":"","_relevanssi_related_no_append":"","_relevanssi_related_not_related":"","_relevanssi_related_posts":"","_relevanssi_noindex_reason":"","footnotes":""},"categories":[8],"tags":[],"class_list":["post-172","page","type-page","status-publish","hentry","category-business"],"_links":{"self":[{"href":"https:\/\/venturacounty.gov\/es\/wp-json\/wp\/v2\/pages\/172","targetHints":{"allow":["GET"]}}],"collection":[{"href":"https:\/\/venturacounty.gov\/es\/wp-json\/wp\/v2\/pages"}],"about":[{"href":"https:\/\/venturacounty.gov\/es\/wp-json\/wp\/v2\/types\/page"}],"author":[{"embeddable":true,"href":"https:\/\/venturacounty.gov\/es\/wp-json\/wp\/v2\/users\/11"}],"replies":[{"embeddable":true,"href":"https:\/\/venturacounty.gov\/es\/wp-json\/wp\/v2\/comments?post=172"}],"version-history":[{"count":0,"href":"https:\/\/venturacounty.gov\/es\/wp-json\/wp\/v2\/pages\/172\/revisions"}],"wp:attachment":[{"href":"https:\/\/venturacounty.gov\/es\/wp-json\/wp\/v2\/media?parent=172"}],"wp:term":[{"taxonomy":"category","embeddable":true,"href":"https:\/\/venturacounty.gov\/es\/wp-json\/wp\/v2\/categories?post=172"},{"taxonomy":"post_tag","embeddable":true,"href":"https:\/\/venturacounty.gov\/es\/wp-json\/wp\/v2\/tags?post=172"}],"curies":[{"name":"wp","href":"https:\/\/api.w.org\/{rel}","templated":true}]}}