{"id":202,"date":"2023-07-25T21:17:20","date_gmt":"2023-07-25T21:17:20","guid":{"rendered":"https:\/\/venturacounty.gov\/?page_id=202"},"modified":"2025-07-16T22:07:48","modified_gmt":"2025-07-16T22:07:48","slug":"find","status":"publish","type":"page","link":"https:\/\/venturacounty.gov\/es\/find\/","title":{"rendered":"\u00bfC\u00f3mo puedo"},"content":{"rendered":"<div data-elementor-type=\"wp-page\" data-elementor-id=\"202\" class=\"elementor elementor-202\" data-elementor-post-type=\"page\">\n\t\t\t\t<div class=\"elementor-element elementor-element-363cae5 e-flex e-con-boxed e-con e-parent\" data-id=\"363cae5\" data-element_type=\"container\">\n\t\t\t\t\t<div class=\"e-con-inner\">\n\t\t<div class=\"elementor-element elementor-element-7ae7644 e-flex e-con-boxed e-con e-child\" data-id=\"7ae7644\" data-element_type=\"container\">\n\t\t\t\t\t<div class=\"e-con-inner\">\n\t\t<div class=\"elementor-element elementor-element-b137974 e-flex e-con-boxed e-con e-child\" data-id=\"b137974\" data-element_type=\"container\">\n\t\t\t\t\t<div class=\"e-con-inner\">\n\t\t<div class=\"elementor-element elementor-element-22ed49d e-flex e-con-boxed e-con e-child\" data-id=\"22ed49d\" data-element_type=\"container\" data-settings=\"{&quot;background_background&quot;:&quot;classic&quot;}\">\n\t\t\t\t\t<div class=\"e-con-inner\">\n\t\t<div class=\"elementor-element elementor-element-e600d0e e-flex e-con-boxed e-con e-child\" data-id=\"e600d0e\" data-element_type=\"container\" data-settings=\"{&quot;background_background&quot;:&quot;classic&quot;}\">\n\t\t\t\t\t<div class=\"e-con-inner\">\n\t\t<div class=\"elementor-element elementor-element-e013e44 e-flex e-con-boxed e-con e-child\" data-id=\"e013e44\" data-element_type=\"container\" data-settings=\"{&quot;background_background&quot;:&quot;classic&quot;}\">\n\t\t\t\t\t<div class=\"e-con-inner\">\n\t\t\t\t<div class=\"elementor-element elementor-element-a54e374 elementor-widget elementor-widget-image\" data-id=\"a54e374\" data-element_type=\"widget\" data-widget_type=\"image.default\">\n\t\t\t\t<div class=\"elementor-widget-container\">\n\t\t\t\t\t\t\t\t\t\t\t\t\t\t\t\t<a href=\"\/es\/government\/\">\n\t\t\t\t\t\t\t<img decoding=\"async\" width=\"357\" height=\"75\" src=\"https:\/\/venturacounty.gov\/wp-content\/uploads\/2023\/07\/how-do-i-header.png\" class=\"attachment-large size-large wp-image-204\" alt=\"How Do I Header\" srcset=\"https:\/\/venturacounty.gov\/wp-content\/uploads\/2023\/07\/how-do-i-header.png 357w, https:\/\/venturacounty.gov\/wp-content\/uploads\/2023\/07\/how-do-i-header-300x63.png 300w\" sizes=\"(max-width: 357px) 100vw, 357px\" \/>\t\t\t\t\t\t\t\t<\/a>\n\t\t\t\t\t\t\t\t\t\t\t\t\t\t\t<\/div>\n\t\t\t\t<\/div>\n\t\t\t\t\t<\/div>\n\t\t\t\t<\/div>\n\t\t\t\t\t<\/div>\n\t\t\t\t<\/div>\n\t\t\t\t\t<\/div>\n\t\t\t\t<\/div>\n\t\t\t\t\t<\/div>\n\t\t\t\t<\/div>\n\t\t\t\t\t<\/div>\n\t\t\t\t<\/div>\n\t\t\t\t\t<\/div>\n\t\t\t\t<\/div>\n\t\t<div class=\"elementor-element elementor-element-949f6f1 e-flex e-con-boxed e-con e-parent\" data-id=\"949f6f1\" data-element_type=\"container\">\n\t\t\t\t\t<div class=\"e-con-inner\">\n\t\t<div class=\"elementor-element elementor-element-5e31600 e-flex e-con-boxed e-con e-child\" data-id=\"5e31600\" data-element_type=\"container\">\n\t\t\t\t\t<div class=\"e-con-inner\">\n\t\t\t\t<div class=\"elementor-element elementor-element-da475d8 elementor-nav-menu--dropdown-tablet elementor-nav-menu__text-align-aside elementor-nav-menu--toggle elementor-nav-menu--burger elementor-widget elementor-widget-nav-menu\" data-id=\"da475d8\" data-element_type=\"widget\" data-settings=\"{&quot;layout&quot;:&quot;horizontal&quot;,&quot;submenu_icon&quot;:{&quot;value&quot;:&quot;&lt;i class=\\&quot;fas fa-caret-down\\&quot;&gt;&lt;\\\/i&gt;&quot;,&quot;library&quot;:&quot;fa-solid&quot;},&quot;toggle&quot;:&quot;burger&quot;}\" data-widget_type=\"nav-menu.default\">\n\t\t\t\t<div class=\"elementor-widget-container\">\n\t\t\t\t\t\t\t\t<nav aria-label=\"Men\u00fa\" class=\"elementor-nav-menu--main elementor-nav-menu__container elementor-nav-menu--layout-horizontal e--pointer-background e--animation-fade\">\n\t\t\t\t<ul id=\"menu-1-da475d8\" class=\"elementor-nav-menu\"><li class=\"menu-item menu-item-type-post_type menu-item-object-page menu-item-108\"><a href=\"https:\/\/venturacounty.gov\/es\/government\/\" class=\"elementor-item\">Gobierno<\/a><\/li>\n<li class=\"menu-item menu-item-type-post_type menu-item-object-page menu-item-107\"><a href=\"https:\/\/venturacounty.gov\/es\/business-services\/\" class=\"elementor-item\">Servicios a empresas<\/a><\/li>\n<li class=\"menu-item menu-item-type-post_type menu-item-object-page menu-item-110\"><a href=\"https:\/\/venturacounty.gov\/es\/environment\/\" class=\"elementor-item\">Medio ambiente<\/a><\/li>\n<li class=\"menu-item menu-item-type-post_type menu-item-object-page menu-item-119\"><a href=\"https:\/\/venturacounty.gov\/es\/health-and-human-services\/\" class=\"elementor-item\">Sanidad y Servicios Humanos<\/a><\/li>\n<li class=\"menu-item menu-item-type-post_type menu-item-object-page menu-item-118\"><a href=\"https:\/\/venturacounty.gov\/es\/emergency-services\/\" class=\"elementor-item\">Servicios de emergencia<\/a><\/li>\n<li class=\"menu-item menu-item-type-post_type menu-item-object-page menu-item-117\"><a href=\"https:\/\/venturacounty.gov\/es\/residents\/\" class=\"elementor-item\">Residentes<\/a><\/li>\n<li class=\"menu-item menu-item-type-post_type menu-item-object-page menu-item-121\"><a href=\"https:\/\/venturacounty.gov\/es\/visitors\/\" class=\"elementor-item\">Visitantes<\/a><\/li>\n<li class=\"menu-item menu-item-type-post_type menu-item-object-page menu-item-123\"><a href=\"https:\/\/venturacounty.gov\/es\/government\/email-us\/\" class=\"elementor-item\">Contacte con nosotros<\/a><\/li>\n<\/ul>\t\t\t<\/nav>\n\t\t\t\t\t<div class=\"elementor-menu-toggle\" role=\"button\" tabindex=\"0\" aria-label=\"Men\u00fa Toggle\" aria-expanded=\"false\">\n\t\t\t<i aria-hidden=\"true\" role=\"presentation\" class=\"elementor-menu-toggle__icon--open eicon-menu-bar\"><\/i><i aria-hidden=\"true\" role=\"presentation\" class=\"elementor-menu-toggle__icon--close eicon-close\"><\/i>\t\t<\/div>\n\t\t\t\t\t<nav class=\"elementor-nav-menu--dropdown elementor-nav-menu__container\" aria-hidden=\"true\">\n\t\t\t\t<ul id=\"menu-2-da475d8\" class=\"elementor-nav-menu\"><li class=\"menu-item menu-item-type-post_type menu-item-object-page menu-item-108\"><a href=\"https:\/\/venturacounty.gov\/es\/government\/\" class=\"elementor-item\" tabindex=\"-1\">Gobierno<\/a><\/li>\n<li class=\"menu-item menu-item-type-post_type menu-item-object-page menu-item-107\"><a href=\"https:\/\/venturacounty.gov\/es\/business-services\/\" class=\"elementor-item\" tabindex=\"-1\">Servicios a empresas<\/a><\/li>\n<li class=\"menu-item menu-item-type-post_type menu-item-object-page menu-item-110\"><a href=\"https:\/\/venturacounty.gov\/es\/environment\/\" class=\"elementor-item\" tabindex=\"-1\">Medio ambiente<\/a><\/li>\n<li class=\"menu-item menu-item-type-post_type menu-item-object-page menu-item-119\"><a href=\"https:\/\/venturacounty.gov\/es\/health-and-human-services\/\" class=\"elementor-item\" tabindex=\"-1\">Sanidad y Servicios Humanos<\/a><\/li>\n<li class=\"menu-item menu-item-type-post_type menu-item-object-page menu-item-118\"><a href=\"https:\/\/venturacounty.gov\/es\/emergency-services\/\" class=\"elementor-item\" tabindex=\"-1\">Servicios de emergencia<\/a><\/li>\n<li class=\"menu-item menu-item-type-post_type menu-item-object-page menu-item-117\"><a href=\"https:\/\/venturacounty.gov\/es\/residents\/\" class=\"elementor-item\" tabindex=\"-1\">Residentes<\/a><\/li>\n<li class=\"menu-item menu-item-type-post_type menu-item-object-page menu-item-121\"><a href=\"https:\/\/venturacounty.gov\/es\/visitors\/\" class=\"elementor-item\" tabindex=\"-1\">Visitantes<\/a><\/li>\n<li class=\"menu-item menu-item-type-post_type menu-item-object-page menu-item-123\"><a href=\"https:\/\/venturacounty.gov\/es\/government\/email-us\/\" class=\"elementor-item\" tabindex=\"-1\">Contacte con nosotros<\/a><\/li>\n<\/ul>\t\t\t<\/nav>\n\t\t\t\t\t\t<\/div>\n\t\t\t\t<\/div>\n\t\t\t\t\t<\/div>\n\t\t\t\t<\/div>\n\t\t\t\t\t<\/div>\n\t\t\t\t<\/div>\n\t\t<div class=\"elementor-element elementor-element-5a97add e-flex e-con-boxed e-con e-parent\" data-id=\"5a97add\" data-element_type=\"container\">\n\t\t\t\t\t<div class=\"e-con-inner\">\n\t\t\t\t<div class=\"elementor-element elementor-element-c0b17bc elementor-widget elementor-widget-heading\" data-id=\"c0b17bc\" data-element_type=\"widget\" data-widget_type=\"heading.default\">\n\t\t\t\t<div class=\"elementor-widget-container\">\n\t\t\t\t\t<h1 class=\"elementor-heading-title elementor-size-default\">\u00bfBusca algo?<\/h1>\t\t\t\t<\/div>\n\t\t\t\t<\/div>\n\t\t\t\t<div class=\"elementor-element elementor-element-f4eb7ef elementor-widget-divider--view-line elementor-widget elementor-widget-divider\" data-id=\"f4eb7ef\" data-element_type=\"widget\" data-widget_type=\"divider.default\">\n\t\t\t\t<div class=\"elementor-widget-container\">\n\t\t\t\t\t\t\t<div class=\"elementor-divider\">\n\t\t\t<span class=\"elementor-divider-separator\">\n\t\t\t\t\t\t<\/span>\n\t\t<\/div>\n\t\t\t\t\t\t<\/div>\n\t\t\t\t<\/div>\n\t\t<div class=\"elementor-element elementor-element-78d78c3 e-flex e-con-boxed e-con e-child\" data-id=\"78d78c3\" data-element_type=\"container\">\n\t\t\t\t\t<div class=\"e-con-inner\">\n\t\t<div class=\"elementor-element elementor-element-0872906 e-flex e-con-boxed e-con e-child\" data-id=\"0872906\" data-element_type=\"container\">\n\t\t\t\t\t<div class=\"e-con-inner\">\n\t\t\t\t<div class=\"elementor-element elementor-element-5b2e938 elementor-view-framed elementor-shape-circle elementor-widget elementor-widget-icon\" data-id=\"5b2e938\" data-element_type=\"widget\" data-widget_type=\"icon.default\">\n\t\t\t\t<div class=\"elementor-widget-container\">\n\t\t\t\t\t\t\t<div class=\"elementor-icon-wrapper\">\n\t\t\t<div class=\"elementor-icon\">\n\t\t\t<i aria-hidden=\"true\" class=\"far fa-building\"><\/i>\t\t\t<\/div>\n\t\t<\/div>\n\t\t\t\t\t\t<\/div>\n\t\t\t\t<\/div>\n\t\t\t\t<div class=\"elementor-element elementor-element-8f2cf28 elementor-widget elementor-widget-text-editor\" data-id=\"8f2cf28\" data-element_type=\"widget\" data-widget_type=\"text-editor.default\">\n\t\t\t\t<div class=\"elementor-widget-container\">\n\t\t\t\t\t\t\t\t\t<ul class=\"arrow-list\"><li><a href=\"https:\/\/venturacounty.gov\/es\/yellow-pages\/\">Buscar servicios<\/a><\/li><li><a href=\"https:\/\/venturacounty.gov\/es\/government\/find-our-offices\/\">Localice nuestras oficinas comarcales<\/a><\/li><li><a href=\"https:\/\/www.vcas.us\/\" target=\"_blank\" rel=\"noopener noreferrer\" aria-label=\"Encontrar una mascota perdida - opens in new tab\" data-uw-rm-ext-link=\"\">Encontrar una mascota perdida<\/a><\/li><\/ul>\t\t\t\t\t\t\t\t<\/div>\n\t\t\t\t<\/div>\n\t\t\t\t\t<\/div>\n\t\t\t\t<\/div>\n\t\t<div class=\"elementor-element elementor-element-c409d9c e-flex e-con-boxed e-con e-child\" data-id=\"c409d9c\" data-element_type=\"container\">\n\t\t\t\t\t<div class=\"e-con-inner\">\n\t\t\t\t<div class=\"elementor-element elementor-element-2563b69 elementor-view-framed elementor-shape-circle elementor-widget elementor-widget-icon\" data-id=\"2563b69\" data-element_type=\"widget\" data-widget_type=\"icon.default\">\n\t\t\t\t<div class=\"elementor-widget-container\">\n\t\t\t\t\t\t\t<div class=\"elementor-icon-wrapper\">\n\t\t\t<div class=\"elementor-icon\">\n\t\t\t<i aria-hidden=\"true\" class=\"fas fa-user-md\"><\/i>\t\t\t<\/div>\n\t\t<\/div>\n\t\t\t\t\t\t<\/div>\n\t\t\t\t<\/div>\n\t\t\t\t<div class=\"elementor-element elementor-element-af80f29 elementor-widget elementor-widget-text-editor\" data-id=\"af80f29\" data-element_type=\"widget\" data-widget_type=\"text-editor.default\">\n\t\t\t\t<div class=\"elementor-widget-container\">\n\t\t\t\t\t\t\t\t\t<ul class=\"arrow-list\"><li><a href=\"https:\/\/www.vchca.org\/hospitals\" target=\"_blank\" rel=\"noopener noreferrer\" aria-label=\"Encontrar hospitales - opens in new tab\" data-uw-rm-ext-link=\"\">Buscar hospitales<\/a><\/li><li><a href=\"https:\/\/www.vchca.org\/find-a-doctor-clinic\" target=\"_blank\" rel=\"noopener noreferrer\" aria-label=\"Buscar cl\u00ednicas - se abre una nueva pesta\u00f1a\" data-uw-rm-ext-link=\"\">Buscar cl\u00ednicas<\/a><\/li><li><a href=\"https:\/\/www.vchca.org\/public-health-clinics\" target=\"_blank\" rel=\"noopener noreferrer\" aria-label=\"Encontrar cl\u00ednicas de salud p\u00fablica - opens in new tab\" data-uw-rm-ext-link=\"\">Encontrar cl\u00ednicas de salud p\u00fablica<\/a><\/li><\/ul>\t\t\t\t\t\t\t\t<\/div>\n\t\t\t\t<\/div>\n\t\t\t\t\t<\/div>\n\t\t\t\t<\/div>\n\t\t<div class=\"elementor-element elementor-element-b3cef9d e-flex e-con-boxed e-con e-child\" data-id=\"b3cef9d\" data-element_type=\"container\">\n\t\t\t\t\t<div class=\"e-con-inner\">\n\t\t\t\t<div class=\"elementor-element elementor-element-7b23c0b elementor-view-framed elementor-shape-circle elementor-widget elementor-widget-icon\" data-id=\"7b23c0b\" data-element_type=\"widget\" data-widget_type=\"icon.default\">\n\t\t\t\t<div class=\"elementor-widget-container\">\n\t\t\t\t\t\t\t<div class=\"elementor-icon-wrapper\">\n\t\t\t<div class=\"elementor-icon\">\n\t\t\t<i aria-hidden=\"true\" class=\"fas fa-book-open\"><\/i>\t\t\t<\/div>\n\t\t<\/div>\n\t\t\t\t\t\t<\/div>\n\t\t\t\t<\/div>\n\t\t\t\t<div class=\"elementor-element elementor-element-6ef62f4 elementor-widget elementor-widget-text-editor\" data-id=\"6ef62f4\" data-element_type=\"widget\" data-widget_type=\"text-editor.default\">\n\t\t\t\t<div class=\"elementor-widget-container\">\n\t\t\t\t\t\t\t\t\t<ul class=\"arrow-list\"><li><a href=\"https:\/\/www.vencolibrary.org\/locations\" target=\"_blank\" rel=\"noopener noreferrer\" aria-label=\"Encontrar una biblioteca del condado - opens in new tab\" data-uw-rm-ext-link=\"\">Encontrar una biblioteca del condado<\/a><\/li><li><a href=\"https:\/\/vcportal.venturacounty.gov\/AgComm\/docs\/VenturaCountyCertifiedFarmersMarkets.pdf\" target=\"_blank\" rel=\"noopener noreferrer\" aria-label=\"Encontrar mercados agr\u00edcolas certificados - opens in new tab\" data-uw-rm-ext-link=\"\" data-uw-pdf-br=\"1\" data-uw-pdf-doc=\"\">Encontrar mercados agr\u00edcolas certificados<\/a><\/li><li><a href=\"https:\/\/vcrma.org\/food-facilities-closures\" target=\"_blank\" rel=\"noopener noreferrer\" aria-label=\"Buscar restaurantes cerrados - se abre en una pesta\u00f1a nueva\" data-uw-rm-ext-link=\"\">Encontrar restaurantes cerrados<\/a><\/li><li><a href=\"https:\/\/maps.ventura.org\/WhatsMyZoningGIS\/\" target=\"_blank\" rel=\"noopener noreferrer\" aria-label=\"Buscar mi zonificaci\u00f3n - se abre una nueva pesta\u00f1a\" data-uw-rm-ext-link=\"\">Encontrar mi zonificaci\u00f3n (B\u00fasqueda de zonificaci\u00f3n)<\/a><\/li><li><a href=\"https:\/\/recorder.countyofventura.org\/elections\/\" target=\"_blank\" rel=\"noopener noreferrer\" aria-label=\"Informaci\u00f3n sobre las elecciones - se abre una nueva pesta\u00f1a\" data-uw-rm-ext-link=\"\">Informaci\u00f3n sobre las elecciones<\/a><\/li><\/ul>\t\t\t\t\t\t\t\t<\/div>\n\t\t\t\t<\/div>\n\t\t\t\t\t<\/div>\n\t\t\t\t<\/div>\n\t\t\t\t\t<\/div>\n\t\t\t\t<\/div>\n\t\t<div class=\"elementor-element elementor-element-7d343e7 e-flex e-con-boxed e-con e-child\" data-id=\"7d343e7\" data-element_type=\"container\">\n\t\t\t\t\t<div class=\"e-con-inner\">\n\t\t<div class=\"elementor-element elementor-element-11b338f e-flex e-con-boxed e-con e-child\" data-id=\"11b338f\" data-element_type=\"container\">\n\t\t\t\t\t<div class=\"e-con-inner\">\n\t\t\t\t<div class=\"elementor-element elementor-element-e0fa831 elementor-view-framed elementor-shape-circle elementor-widget elementor-widget-icon\" data-id=\"e0fa831\" data-element_type=\"widget\" data-widget_type=\"icon.default\">\n\t\t\t\t<div class=\"elementor-widget-container\">\n\t\t\t\t\t\t\t<div class=\"elementor-icon-wrapper\">\n\t\t\t<div class=\"elementor-icon\">\n\t\t\t<i aria-hidden=\"true\" class=\"fas fa-clipboard-list\"><\/i>\t\t\t<\/div>\n\t\t<\/div>\n\t\t\t\t\t\t<\/div>\n\t\t\t\t<\/div>\n\t\t\t\t<div class=\"elementor-element elementor-element-9c0f1ed elementor-widget elementor-widget-text-editor\" data-id=\"9c0f1ed\" data-element_type=\"widget\" data-widget_type=\"text-editor.default\">\n\t\t\t\t<div class=\"elementor-widget-container\">\n\t\t\t\t\t\t\t\t\t<ul class=\"arrow-list\"><li><a href=\"https:\/\/venturacounty.gov\/es\/auditor-controllers-office\/tax-rate-database\/\">Encontrar el tipo impositivo<\/a><\/li><li><a href=\"https:\/\/venturacounty.gov\/es\/county-executive-office\/clerk-of-the-board\/research-cob-public-records\/\">Buscar registros p\u00fablicos de la Secretar\u00eda de la Junta<\/a><\/li><li><a href=\"https:\/\/recorder.countyofventura.org\/county-recorder\/vital-records\/\" target=\"_blank\" rel=\"noopener noreferrer\" aria-label=\"Encontrar documentos vitales anteriores a 2012 - se abre en una pesta\u00f1a nueva\" data-uw-rm-ext-link=\"\">Encontrar documentos vitales anteriores a 2012<\/a><\/li><li><a href=\"https:\/\/www.vchca.org\/birth-and-death-registration-vital-records\" target=\"_blank\" rel=\"noopener noreferrer\" aria-label=\"Encontrar registros vitales entre 2012-2013 - se abre en una nueva pesta\u00f1a\" data-uw-rm-ext-link=\"\">Encontrar registros vitales entre 2012-2013<\/a><\/li><\/ul>\t\t\t\t\t\t\t\t<\/div>\n\t\t\t\t<\/div>\n\t\t\t\t\t<\/div>\n\t\t\t\t<\/div>\n\t\t<div class=\"elementor-element elementor-element-921009d e-flex e-con-boxed e-con e-child\" data-id=\"921009d\" data-element_type=\"container\">\n\t\t\t\t\t<div class=\"e-con-inner\">\n\t\t\t\t<div class=\"elementor-element elementor-element-f9cb2de elementor-view-framed elementor-shape-circle elementor-widget elementor-widget-icon\" data-id=\"f9cb2de\" data-element_type=\"widget\" data-widget_type=\"icon.default\">\n\t\t\t\t<div class=\"elementor-widget-container\">\n\t\t\t\t\t\t\t<div class=\"elementor-icon-wrapper\">\n\t\t\t<div class=\"elementor-icon\">\n\t\t\t<i aria-hidden=\"true\" class=\"fas fa-globe-africa\"><\/i>\t\t\t<\/div>\n\t\t<\/div>\n\t\t\t\t\t\t<\/div>\n\t\t\t\t<\/div>\n\t\t\t\t<div class=\"elementor-element elementor-element-9fd4a32 elementor-widget elementor-widget-text-editor\" data-id=\"9fd4a32\" data-element_type=\"widget\" data-widget_type=\"text-editor.default\">\n\t\t\t\t<div class=\"elementor-widget-container\">\n\t\t\t\t\t\t\t\t\t<ul class=\"arrow-list\"><li><a href=\"https:\/\/www.vencolibrary.org\/\" target=\"_blank\" rel=\"noopener noreferrer\" aria-label=\"Encontrar acceso inal\u00e1mbrico gratuito - se abre en una nueva pesta\u00f1a\" data-uw-rm-ext-link=\"\">Acceso inal\u00e1mbrico gratuito<\/a><\/li><li><a href=\"https:\/\/www.vencolibrary.org\/\" target=\"_blank\" rel=\"noopener noreferrer\" aria-label=\"Encuentre revistas, libros, m\u00fasica y v\u00eddeos descargables gratis (eLibrary) - se abre en una nueva pesta\u00f1a\" data-uw-rm-ext-link=\"\">Revistas, libros, m\u00fasica y v\u00eddeos para descargar gratis (eLibrary)<\/a><\/li><li><a href=\"https:\/\/vcrma.org\/en\/divisions\/rma-gis\" target=\"_blank\" rel=\"noopener noreferrer\" aria-label=\"Buscar RMA - GIS - se abre en una pesta\u00f1a nueva\" data-uw-rm-ext-link=\"\">Buscar RMA - SIG<\/a><\/li><li><a href=\"https:\/\/venturacounty.gov\/es\/gis-and-mapping\/\">Buscar mapas<\/a><\/li><li><a href=\"https:\/\/assessor.countyofventura.org\/research\/mappage.asp\" target=\"_blank\" rel=\"noopener noreferrer\" aria-label=\"Buscar mapas de parcelas del Tasador - se abre en una nueva pesta\u00f1a\" data-uw-rm-ext-link=\"\">Buscar mapas de parcelas<\/a><\/li><\/ul>\t\t\t\t\t\t\t\t<\/div>\n\t\t\t\t<\/div>\n\t\t\t\t\t<\/div>\n\t\t\t\t<\/div>\n\t\t<div class=\"elementor-element elementor-element-e408635 e-flex e-con-boxed e-con e-child\" data-id=\"e408635\" data-element_type=\"container\">\n\t\t\t\t\t<div class=\"e-con-inner\">\n\t\t\t\t<div class=\"elementor-element elementor-element-7462d04 elementor-view-framed elementor-shape-circle elementor-widget elementor-widget-icon\" data-id=\"7462d04\" data-element_type=\"widget\" data-widget_type=\"icon.default\">\n\t\t\t\t<div class=\"elementor-widget-container\">\n\t\t\t\t\t\t\t<div class=\"elementor-icon-wrapper\">\n\t\t\t<div class=\"elementor-icon\">\n\t\t\t<i aria-hidden=\"true\" class=\"fas fa-copy\"><\/i>\t\t\t<\/div>\n\t\t<\/div>\n\t\t\t\t\t\t<\/div>\n\t\t\t\t<\/div>\n\t\t\t\t<div class=\"elementor-element elementor-element-c0c31ea elementor-widget elementor-widget-text-editor\" data-id=\"c0c31ea\" data-element_type=\"widget\" data-widget_type=\"text-editor.default\">\n\t\t\t\t<div class=\"elementor-widget-container\">\n\t\t\t\t\t\t\t\t\t<ul class=\"arrow-list\"><li><a href=\"https:\/\/vcrma.org\/divisions\/environmental-health\" target=\"_blank\" rel=\"noopener noreferrer\" aria-label=\"Buscar registros en l\u00ednea, materiales de residuos peligrosos - se abre en una pesta\u00f1a nueva\" data-uw-rm-ext-link=\"\">Buscar registros en l\u00ednea, materiales de residuos peligrosos<\/a><\/li><li><a href=\"https:\/\/venturacounty.gov\/es\/county-executive-office\/conflict-of-interest-code\/\">Encontrar c\u00f3digos de conflicto de intereses<\/a><\/li><li><a href=\"https:\/\/clerkrecorderselfservice.venturacounty.gov\/web\/\" target=\"_blank\" rel=\"noopener noreferrer\" aria-label=\"Buscar registros p\u00fablicos del County Clerk - se abre en una pesta\u00f1a nueva\" data-uw-rm-ext-link=\"\">Buscar registros p\u00fablicos de County Clerk<\/a><\/li><li><a href=\"https:\/\/recorder.countyofventura.org\/wp-content\/uploads\/2012\/05\/CCR_Vital_09_Rev.01_05.pdf\" target=\"_blank\" rel=\"noopener noreferrer\" aria-label=\"Buscar registros de la propiedad inmobiliaria - se abre en una pesta\u00f1a nueva\" data-uw-rm-ext-link=\"\" data-uw-pdf-br=\"1\" data-uw-pdf-doc=\"\">Buscar registros de la propiedad inmobiliaria<\/a><\/li><\/ul>\t\t\t\t\t\t\t\t<\/div>\n\t\t\t\t<\/div>\n\t\t\t\t\t<\/div>\n\t\t\t\t<\/div>\n\t\t\t\t\t<\/div>\n\t\t\t\t<\/div>\n\t\t\t\t\t<\/div>\n\t\t\t\t<\/div>\n\t\t\t\t<\/div>","protected":false},"excerpt":{"rendered":"<p>Looking for Something? Find Services Find our County Offices Find a Lost Pet Find Hospitals Find Clinics Find Public Health Clinics Find a\u00a0County library Find Certified Farmers Markets Find Restaurant Closures Find My Zoning (Zoning Search) Find Elections Information Find the Tax Rate Find Clerk of the Board Public Records Find Vital Records before 2012 [&hellip;]<\/p>\n","protected":false},"author":5,"featured_media":0,"parent":0,"menu_order":0,"comment_status":"closed","ping_status":"closed","template":"","meta":{"_relevanssi_hide_post":"","_relevanssi_hide_content":"","_relevanssi_pin_for_all":"","_relevanssi_pin_keywords":"","_relevanssi_unpin_keywords":"","_relevanssi_related_keywords":"","_relevanssi_related_include_ids":"","_relevanssi_related_exclude_ids":"","_relevanssi_related_no_append":"","_relevanssi_related_not_related":"","_relevanssi_related_posts":"","_relevanssi_noindex_reason":"","footnotes":""},"categories":[15],"tags":[],"class_list":["post-202","page","type-page","status-publish","hentry","category-how-do-i"],"_links":{"self":[{"href":"https:\/\/venturacounty.gov\/es\/wp-json\/wp\/v2\/pages\/202","targetHints":{"allow":["GET"]}}],"collection":[{"href":"https:\/\/venturacounty.gov\/es\/wp-json\/wp\/v2\/pages"}],"about":[{"href":"https:\/\/venturacounty.gov\/es\/wp-json\/wp\/v2\/types\/page"}],"author":[{"embeddable":true,"href":"https:\/\/venturacounty.gov\/es\/wp-json\/wp\/v2\/users\/5"}],"replies":[{"embeddable":true,"href":"https:\/\/venturacounty.gov\/es\/wp-json\/wp\/v2\/comments?post=202"}],"version-history":[{"count":0,"href":"https:\/\/venturacounty.gov\/es\/wp-json\/wp\/v2\/pages\/202\/revisions"}],"wp:attachment":[{"href":"https:\/\/venturacounty.gov\/es\/wp-json\/wp\/v2\/media?parent=202"}],"wp:term":[{"taxonomy":"category","embeddable":true,"href":"https:\/\/venturacounty.gov\/es\/wp-json\/wp\/v2\/categories?post=202"},{"taxonomy":"post_tag","embeddable":true,"href":"https:\/\/venturacounty.gov\/es\/wp-json\/wp\/v2\/tags?post=202"}],"curies":[{"name":"wp","href":"https:\/\/api.w.org\/{rel}","templated":true}]}}