{"id":393655,"date":"2023-09-01T16:08:36","date_gmt":"2023-09-01T16:08:36","guid":{"rendered":"https:\/\/venturacounty.gov\/?page_id=393655"},"modified":"2025-06-27T22:21:48","modified_gmt":"2025-06-27T22:21:48","slug":"filming","status":"publish","type":"page","link":"https:\/\/venturacounty.gov\/es\/business-services\/filming\/","title":{"rendered":"Rodaje"},"content":{"rendered":"<div data-elementor-type=\"wp-page\" data-elementor-id=\"393655\" class=\"elementor elementor-393655\" data-elementor-post-type=\"page\">\n\t\t\t\t<div class=\"elementor-element elementor-element-363cae5 e-flex e-con-boxed e-con e-parent\" data-id=\"363cae5\" data-element_type=\"container\">\n\t\t\t\t\t<div class=\"e-con-inner\">\n\t\t<div class=\"elementor-element elementor-element-7ae7644 e-flex e-con-boxed e-con e-parent\" data-id=\"7ae7644\" data-element_type=\"container\">\n\t\t\t\t\t<div class=\"e-con-inner\">\n\t\t<div class=\"elementor-element elementor-element-b137974 e-flex e-con-boxed e-con e-parent\" data-id=\"b137974\" data-element_type=\"container\">\n\t\t\t\t\t<div class=\"e-con-inner\">\n\t\t<div class=\"elementor-element elementor-element-22ed49d e-flex e-con-boxed e-con e-parent\" data-id=\"22ed49d\" data-element_type=\"container\" data-settings=\"{&quot;background_background&quot;:&quot;classic&quot;}\">\n\t\t\t\t\t<div class=\"e-con-inner\">\n\t\t<div class=\"elementor-element elementor-element-e600d0e e-flex e-con-boxed e-con e-parent\" data-id=\"e600d0e\" data-element_type=\"container\" data-settings=\"{&quot;background_background&quot;:&quot;classic&quot;}\">\n\t\t\t\t\t<div class=\"e-con-inner\">\n\t\t<div class=\"elementor-element elementor-element-e013e44 e-flex e-con-boxed e-con e-parent\" data-id=\"e013e44\" data-element_type=\"container\" data-settings=\"{&quot;background_background&quot;:&quot;classic&quot;}\">\n\t\t\t\t\t<div class=\"e-con-inner\">\n\t\t\t\t<div class=\"elementor-element elementor-element-a54e374 elementor-widget elementor-widget-image\" data-id=\"a54e374\" data-element_type=\"widget\" data-widget_type=\"image.default\">\n\t\t\t\t<div class=\"elementor-widget-container\">\n\t\t\t\t\t\t\t\t\t\t\t\t\t\t\t\t<a href=\"\/es\/business-services\/\">\n\t\t\t\t\t\t\t<img decoding=\"async\" width=\"357\" height=\"75\" src=\"https:\/\/venturacounty.gov\/wp-content\/uploads\/2023\/07\/business-services-header.png\" class=\"attachment-large size-large wp-image-126\" alt=\"Business Services Header\" srcset=\"https:\/\/venturacounty.gov\/wp-content\/uploads\/2023\/07\/business-services-header.png 357w, https:\/\/venturacounty.gov\/wp-content\/uploads\/2023\/07\/business-services-header-300x63.png 300w\" sizes=\"(max-width: 357px) 100vw, 357px\" \/>\t\t\t\t\t\t\t\t<\/a>\n\t\t\t\t\t\t\t\t\t\t\t\t\t\t\t<\/div>\n\t\t\t\t<\/div>\n\t\t\t\t\t<\/div>\n\t\t\t\t<\/div>\n\t\t\t\t\t<\/div>\n\t\t\t\t<\/div>\n\t\t\t\t\t<\/div>\n\t\t\t\t<\/div>\n\t\t\t\t\t<\/div>\n\t\t\t\t<\/div>\n\t\t\t\t\t<\/div>\n\t\t\t\t<\/div>\n\t\t\t\t\t<\/div>\n\t\t\t\t<\/div>\n\t\t<div class=\"elementor-element elementor-element-949f6f1 e-flex e-con-boxed e-con e-parent\" data-id=\"949f6f1\" data-element_type=\"container\">\n\t\t\t\t\t<div class=\"e-con-inner\">\n\t\t<div class=\"elementor-element elementor-element-5e31600 e-flex e-con-boxed e-con e-parent\" data-id=\"5e31600\" data-element_type=\"container\">\n\t\t\t\t\t<div class=\"e-con-inner\">\n\t\t\t\t<div class=\"elementor-element elementor-element-da475d8 elementor-nav-menu--dropdown-tablet elementor-nav-menu__text-align-aside elementor-nav-menu--toggle elementor-nav-menu--burger elementor-widget elementor-widget-nav-menu\" data-id=\"da475d8\" data-element_type=\"widget\" data-settings=\"{&quot;layout&quot;:&quot;horizontal&quot;,&quot;submenu_icon&quot;:{&quot;value&quot;:&quot;&lt;i class=\\&quot;fas fa-caret-down\\&quot;&gt;&lt;\\\/i&gt;&quot;,&quot;library&quot;:&quot;fa-solid&quot;},&quot;toggle&quot;:&quot;burger&quot;}\" data-widget_type=\"nav-menu.default\">\n\t\t\t\t<div class=\"elementor-widget-container\">\n\t\t\t\t\t\t\t\t<nav aria-label=\"Men\u00fa\" class=\"elementor-nav-menu--main elementor-nav-menu__container elementor-nav-menu--layout-horizontal e--pointer-background e--animation-fade\">\n\t\t\t\t<ul id=\"menu-1-da475d8\" class=\"elementor-nav-menu\"><li class=\"menu-item menu-item-type-post_type menu-item-object-page menu-item-108\"><a href=\"https:\/\/venturacounty.gov\/es\/government\/\" class=\"elementor-item\">Gobierno<\/a><\/li>\n<li class=\"menu-item menu-item-type-post_type menu-item-object-page menu-item-107\"><a href=\"https:\/\/venturacounty.gov\/es\/business-services\/\" class=\"elementor-item\">Servicios a empresas<\/a><\/li>\n<li class=\"menu-item menu-item-type-post_type menu-item-object-page menu-item-110\"><a href=\"https:\/\/venturacounty.gov\/es\/environment\/\" class=\"elementor-item\">Medio ambiente<\/a><\/li>\n<li class=\"menu-item menu-item-type-post_type menu-item-object-page menu-item-119\"><a href=\"https:\/\/venturacounty.gov\/es\/health-and-human-services\/\" class=\"elementor-item\">Sanidad y Servicios Humanos<\/a><\/li>\n<li class=\"menu-item menu-item-type-post_type menu-item-object-page menu-item-118\"><a href=\"https:\/\/venturacounty.gov\/es\/emergency-services\/\" class=\"elementor-item\">Servicios de emergencia<\/a><\/li>\n<li class=\"menu-item menu-item-type-post_type menu-item-object-page menu-item-117\"><a href=\"https:\/\/venturacounty.gov\/es\/residents\/\" class=\"elementor-item\">Residentes<\/a><\/li>\n<li class=\"menu-item menu-item-type-post_type menu-item-object-page menu-item-121\"><a href=\"https:\/\/venturacounty.gov\/es\/visitors\/\" class=\"elementor-item\">Visitantes<\/a><\/li>\n<li class=\"menu-item menu-item-type-post_type menu-item-object-page menu-item-123\"><a href=\"https:\/\/venturacounty.gov\/es\/government\/email-us\/\" class=\"elementor-item\">Contacte con nosotros<\/a><\/li>\n<\/ul>\t\t\t<\/nav>\n\t\t\t\t\t<div class=\"elementor-menu-toggle\" role=\"button\" tabindex=\"0\" aria-label=\"Men\u00fa Toggle\" aria-expanded=\"false\">\n\t\t\t<i aria-hidden=\"true\" role=\"presentation\" class=\"elementor-menu-toggle__icon--open eicon-menu-bar\"><\/i><i aria-hidden=\"true\" role=\"presentation\" class=\"elementor-menu-toggle__icon--close eicon-close\"><\/i>\t\t<\/div>\n\t\t\t\t\t<nav class=\"elementor-nav-menu--dropdown elementor-nav-menu__container\" aria-hidden=\"true\">\n\t\t\t\t<ul id=\"menu-2-da475d8\" class=\"elementor-nav-menu\"><li class=\"menu-item menu-item-type-post_type menu-item-object-page menu-item-108\"><a href=\"https:\/\/venturacounty.gov\/es\/government\/\" class=\"elementor-item\" tabindex=\"-1\">Gobierno<\/a><\/li>\n<li class=\"menu-item menu-item-type-post_type menu-item-object-page menu-item-107\"><a href=\"https:\/\/venturacounty.gov\/es\/business-services\/\" class=\"elementor-item\" tabindex=\"-1\">Servicios a empresas<\/a><\/li>\n<li class=\"menu-item menu-item-type-post_type menu-item-object-page menu-item-110\"><a href=\"https:\/\/venturacounty.gov\/es\/environment\/\" class=\"elementor-item\" tabindex=\"-1\">Medio ambiente<\/a><\/li>\n<li class=\"menu-item menu-item-type-post_type menu-item-object-page menu-item-119\"><a href=\"https:\/\/venturacounty.gov\/es\/health-and-human-services\/\" class=\"elementor-item\" tabindex=\"-1\">Sanidad y Servicios Humanos<\/a><\/li>\n<li class=\"menu-item menu-item-type-post_type menu-item-object-page menu-item-118\"><a href=\"https:\/\/venturacounty.gov\/es\/emergency-services\/\" class=\"elementor-item\" tabindex=\"-1\">Servicios de emergencia<\/a><\/li>\n<li class=\"menu-item menu-item-type-post_type menu-item-object-page menu-item-117\"><a href=\"https:\/\/venturacounty.gov\/es\/residents\/\" class=\"elementor-item\" tabindex=\"-1\">Residentes<\/a><\/li>\n<li class=\"menu-item menu-item-type-post_type menu-item-object-page menu-item-121\"><a href=\"https:\/\/venturacounty.gov\/es\/visitors\/\" class=\"elementor-item\" tabindex=\"-1\">Visitantes<\/a><\/li>\n<li class=\"menu-item menu-item-type-post_type menu-item-object-page menu-item-123\"><a href=\"https:\/\/venturacounty.gov\/es\/government\/email-us\/\" class=\"elementor-item\" tabindex=\"-1\">Contacte con nosotros<\/a><\/li>\n<\/ul>\t\t\t<\/nav>\n\t\t\t\t\t\t<\/div>\n\t\t\t\t<\/div>\n\t\t\t\t\t<\/div>\n\t\t\t\t<\/div>\n\t\t\t\t\t<\/div>\n\t\t\t\t<\/div>\n\t\t<div class=\"elementor-element elementor-element-5a97add e-flex e-con-boxed e-con e-parent\" data-id=\"5a97add\" data-element_type=\"container\">\n\t\t\t\t\t<div class=\"e-con-inner\">\n\t\t<div class=\"elementor-element elementor-element-4ab656b e-flex e-con-boxed e-con e-parent\" data-id=\"4ab656b\" data-element_type=\"container\">\n\t\t\t\t\t<div class=\"e-con-inner\">\n\t\t\t\t<div class=\"elementor-element elementor-element-ee79d4e elementor-widget elementor-widget-heading\" data-id=\"ee79d4e\" data-element_type=\"widget\" data-widget_type=\"heading.default\">\n\t\t\t\t<div class=\"elementor-widget-container\">\n\t\t\t\t\t<h1 class=\"elementor-heading-title elementor-size-default\">Rodaje<\/h1>\t\t\t\t<\/div>\n\t\t\t\t<\/div>\n\t\t\t\t<div class=\"elementor-element elementor-element-3e4f16f elementor-widget-divider--view-line elementor-widget elementor-widget-divider\" data-id=\"3e4f16f\" data-element_type=\"widget\" data-widget_type=\"divider.default\">\n\t\t\t\t<div class=\"elementor-widget-container\">\n\t\t\t\t\t\t\t<div class=\"elementor-divider\">\n\t\t\t<span class=\"elementor-divider-separator\">\n\t\t\t\t\t\t<\/span>\n\t\t<\/div>\n\t\t\t\t\t\t<\/div>\n\t\t\t\t<\/div>\n\t\t<div class=\"elementor-element elementor-element-44d5a1b e-flex e-con-boxed e-con e-parent\" data-id=\"44d5a1b\" data-element_type=\"container\">\n\t\t\t\t\t<div class=\"e-con-inner\">\n\t\t\t\t<div class=\"elementor-element elementor-element-b737264 elementor-widget__width-initial elementor-widget elementor-widget-text-editor\" data-id=\"b737264\" data-element_type=\"widget\" data-widget_type=\"text-editor.default\">\n\t\t\t\t<div class=\"elementor-widget-container\">\n\t\t\t\t\t\t\t\t\t<ul class=\"arrow-list\"><li><strong><a href=\"http:\/\/www.venturacountyfilm.com\/\" target=\"_blank\" rel=\"noopener noreferrer\" aria-label=\"Directorio de pel\u00edculas del condado de Ventura - se abre en una nueva pesta\u00f1a\" data-uw-rm-ext-link=\"\">Directorio de pel\u00edculas del condado de Ventura<\/a><\/strong><br role=\"presentation\" data-uw-rm-sr=\"\" \/>Una lista completa de empresas y servicios de apoyo relacionados con el cine<\/li><li><strong><a href=\"http:\/\/www.venturacountyfilm.com\/\" target=\"_blank\" rel=\"noopener noreferrer\" aria-label=\"Ventura County Film Commission - se abre en una nueva pesta\u00f1a\" data-uw-rm-ext-link=\"\">Comisi\u00f3n Cinematogr\u00e1fica del Condado de Ventura<\/a><\/strong><br role=\"presentation\" data-uw-rm-sr=\"\" \/>Bienvenido al condado de Ventura, California. A s\u00f3lo 45 minutos de Los \u00c1ngeles, pero a un mundo de distancia. Elija en el men\u00fa para empezar a encontrar el lugar perfecto para su proyecto.<\/li><\/ul>\t\t\t\t\t\t\t\t<\/div>\n\t\t\t\t<\/div>\n\t\t\t\t<div class=\"elementor-element elementor-element-0b62a77 elementor-widget elementor-widget-image\" data-id=\"0b62a77\" data-element_type=\"widget\" data-widget_type=\"image.default\">\n\t\t\t\t<div class=\"elementor-widget-container\">\n\t\t\t\t\t\t\t\t\t\t\t\t\t\t\t<img fetchpriority=\"high\" decoding=\"async\" width=\"350\" height=\"210\" src=\"https:\/\/venturacounty.gov\/wp-content\/uploads\/2023\/09\/filming.jpg\" class=\"attachment-full size-full wp-image-393656\" alt=\"Filming\" srcset=\"https:\/\/venturacounty.gov\/wp-content\/uploads\/2023\/09\/filming.jpg 350w, https:\/\/venturacounty.gov\/wp-content\/uploads\/2023\/09\/filming-300x180.jpg 300w\" sizes=\"(max-width: 350px) 100vw, 350px\" \/>\t\t\t\t\t\t\t\t\t\t\t\t\t\t\t<\/div>\n\t\t\t\t<\/div>\n\t\t\t\t\t<\/div>\n\t\t\t\t<\/div>\n\t\t\t\t<div class=\"elementor-element elementor-element-6228c42 elementor-widget elementor-widget-heading\" data-id=\"6228c42\" data-element_type=\"widget\" data-widget_type=\"heading.default\">\n\t\t\t\t<div class=\"elementor-widget-container\">\n\t\t\t\t\t<h2 class=\"elementor-heading-title elementor-size-default\">Permisos de rodaje<\/h2>\t\t\t\t<\/div>\n\t\t\t\t<\/div>\n\t\t\t\t<div class=\"elementor-element elementor-element-746002e elementor-widget-divider--view-line elementor-widget elementor-widget-divider\" data-id=\"746002e\" data-element_type=\"widget\" data-widget_type=\"divider.default\">\n\t\t\t\t<div class=\"elementor-widget-container\">\n\t\t\t\t\t\t\t<div class=\"elementor-divider\">\n\t\t\t<span class=\"elementor-divider-separator\">\n\t\t\t\t\t\t<\/span>\n\t\t<\/div>\n\t\t\t\t\t\t<\/div>\n\t\t\t\t<\/div>\n\t\t\t\t<div class=\"elementor-element elementor-element-84dd272 elementor-widget elementor-widget-text-editor\" data-id=\"84dd272\" data-element_type=\"widget\" data-widget_type=\"text-editor.default\">\n\t\t\t\t<div class=\"elementor-widget-container\">\n\t\t\t\t\t\t\t\t\t<ul class=\"arrow-list\"><li><a href=\"https:\/\/vcrma.org\/film-permits\" target=\"_blank\" rel=\"noopener noreferrer\" aria-label=\"Condado de Ventura - \u00c1reas no incorporadas - se abre en una nueva pesta\u00f1a\" data-uw-rm-ext-link=\"\">Condado de Ventura - Zonas no incorporadas<\/a><\/li><li><a href=\"https:\/\/www.cityofcamarillo.org\/Departments\/Community%20Development\/Applications\/Special%20Event%20-%20FILMING%20UD%205-10-2021.pdf\" target=\"_blank\" rel=\"noopener noreferrer\" aria-label=\"Ciudad de Camarillo - opens in new tab\" data-uw-rm-ext-link=\"\" data-uw-pdf-br=\"1\" data-uw-pdf-doc=\"\">Ciudad de Camarillo<\/a><\/li><li><a href=\"https:\/\/www.fillmoreca.gov\/263\/Filming-in-Fillmore\" target=\"_blank\" rel=\"noopener noreferrer\" aria-label=\"Ciudad de Fillmore - opens in new tab\" data-uw-rm-ext-link=\"\">Ciudad de Fillmore<\/a><\/li><li><a href=\"http:\/\/www.venturacountyfilm.com\/listing-region\/moorpark\/\" target=\"_blank\" rel=\"noopener noreferrer\" aria-label=\"Ciudad de Moorpark - opens in new tab\" data-uw-rm-ext-link=\"\">Ciudad de Moorpark<\/a><\/li><li><a href=\"http:\/\/www.venturacountyfilm.com\/listing-region\/ojai\/\" target=\"_blank\" rel=\"noopener noreferrer\" aria-label=\"Ciudad de Ojai - opens in new tab\" data-uw-rm-ext-link=\"\">Ciudad de Ojai<\/a><\/li><li><a href=\"https:\/\/www.oxnard.gov\/city-managers-office\/apply-for-a-film-permit\" target=\"_blank\" rel=\"noopener\">Ciudad de Oxnard<\/a><\/li><li><a href=\"http:\/\/www.ci.port-hueneme.ca.us\/index.aspx?nid=499\" target=\"_blank\" rel=\"noopener noreferrer\" aria-label=\"Ciudad de Port Hueneme - opens in new tab\" data-uw-rm-ext-link=\"\">Ciudad de Port Hueneme<\/a><\/li><li><a href=\"https:\/\/www.spcity.org\/616\/Filming\" target=\"_blank\" rel=\"noopener noreferrer\" aria-label=\"Ciudad de Santa Paula - opens in new tab\" data-uw-rm-ext-link=\"\">Ciudad de Santa Paula<\/a><\/li><li><a href=\"https:\/\/www.simivalley.org\/departments\/city-manager-s-office\/filming-in-simi-valley-2222\" target=\"_blank\" rel=\"noopener noreferrer\" aria-label=\"Ciudad de Simi Valley - opens in new tab\" data-uw-rm-ext-link=\"\">Ciudad de Simi Valley<\/a><\/li><li><a href=\"https:\/\/www.toaks.org\/home\/showdocument?id=4387\" target=\"_blank\" rel=\"noopener noreferrer\" aria-label=\"Ciudad de Thousand Oaks - opens in new tab\" data-uw-rm-ext-link=\"\">Ciudad de Thousand Oaks<\/a><\/li><li><a href=\"http:\/\/www.filmventura.com\/\" target=\"_blank\" rel=\"noopener noreferrer\" aria-label=\"Ciudad de Ventura - opens in new tab\" data-uw-rm-ext-link=\"\">Ciudad de Ventura<\/a><\/li><\/ul>\t\t\t\t\t\t\t\t<\/div>\n\t\t\t\t<\/div>\n\t\t\t\t<div class=\"elementor-element elementor-element-7dec906 elementor-widget elementor-widget-heading\" data-id=\"7dec906\" data-element_type=\"widget\" data-widget_type=\"heading.default\">\n\t\t\t\t<div class=\"elementor-widget-container\">\n\t\t\t\t\t<h2 class=\"elementor-heading-title elementor-size-default\">Mapas<\/h2>\t\t\t\t<\/div>\n\t\t\t\t<\/div>\n\t\t\t\t<div class=\"elementor-element elementor-element-7f06ca9 elementor-widget-divider--view-line elementor-widget elementor-widget-divider\" data-id=\"7f06ca9\" data-element_type=\"widget\" data-widget_type=\"divider.default\">\n\t\t\t\t<div class=\"elementor-widget-container\">\n\t\t\t\t\t\t\t<div class=\"elementor-divider\">\n\t\t\t<span class=\"elementor-divider-separator\">\n\t\t\t\t\t\t<\/span>\n\t\t<\/div>\n\t\t\t\t\t\t<\/div>\n\t\t\t\t<\/div>\n\t\t\t\t<div class=\"elementor-element elementor-element-cb79b5d elementor-widget elementor-widget-text-editor\" data-id=\"cb79b5d\" data-element_type=\"widget\" data-widget_type=\"text-editor.default\">\n\t\t\t\t<div class=\"elementor-widget-container\">\n\t\t\t\t\t\t\t\t\t<p><strong><a href=\"\/es\/maps\/\" target=\"_self\" rel=\"noopener noreferrer\">Mapas SIG<\/a><\/strong><br role=\"presentation\" data-uw-rm-sr=\"\" \/>Una nueva visi\u00f3n rica y robusta del condado de Ventura. Incluye im\u00e1genes, parcelas, calles, ciudades, hospitales, parques de bomberos, distritos escolares, distritos electorales y mucho m\u00e1s. Puede ampliar, desplazar, medir, anotar, imprimir y crear archivos PDF.<\/p><p><strong><a href=\"http:\/\/assessor.countyofventura.org\/research\/mappage.asp\" target=\"_blank\" rel=\"noopener noreferrer\" aria-label=\"Mapas de parcelas - opens in new tab\" data-uw-rm-ext-link=\"\">Mapas de parcelas<\/a><\/strong><br role=\"presentation\" data-uw-rm-sr=\"\" \/>Puede buscar un mapa del Tasador por el n\u00famero de Parcela del Tasador (APN) o por el n\u00famero del libro de mapas. Consulte su factura de impuestos para su n\u00famero APN o ir aqu\u00ed para obtener su n\u00famero APN de la p\u00e1gina web del recaudador de impuestos. Al introducir un n\u00famero de libro se le mostrar\u00e1 una lista de todos los mapas en ese libro.<\/p>\t\t\t\t\t\t\t\t<\/div>\n\t\t\t\t<\/div>\n\t\t\t\t\t<\/div>\n\t\t\t\t<\/div>\n\t\t\t\t\t<\/div>\n\t\t\t\t<\/div>\n\t\t\t\t<\/div>","protected":false},"excerpt":{"rendered":"<p>Filming Ventura County Film DirectoryA comprehensive listings of film-related businesses and support services Ventura County Film CommissionWelcome to Ventura County, California. Only 45 minutes from Los Angeles, yet a world away. Choose from the menu to get started finding the perfection location for your project. Filming Permits County of Ventura \u2013 Unincorporated Areas City of [&hellip;]<\/p>\n","protected":false},"author":7,"featured_media":0,"parent":106,"menu_order":0,"comment_status":"closed","ping_status":"closed","template":"","meta":{"_relevanssi_hide_post":"","_relevanssi_hide_content":"","_relevanssi_pin_for_all":"","_relevanssi_pin_keywords":"","_relevanssi_unpin_keywords":"","_relevanssi_related_keywords":"","_relevanssi_related_include_ids":"","_relevanssi_related_exclude_ids":"","_relevanssi_related_no_append":"","_relevanssi_related_not_related":"","_relevanssi_related_posts":"","_relevanssi_noindex_reason":"","footnotes":""},"categories":[8],"tags":[],"class_list":["post-393655","page","type-page","status-publish","hentry","category-business"],"_links":{"self":[{"href":"https:\/\/venturacounty.gov\/es\/wp-json\/wp\/v2\/pages\/393655","targetHints":{"allow":["GET"]}}],"collection":[{"href":"https:\/\/venturacounty.gov\/es\/wp-json\/wp\/v2\/pages"}],"about":[{"href":"https:\/\/venturacounty.gov\/es\/wp-json\/wp\/v2\/types\/page"}],"author":[{"embeddable":true,"href":"https:\/\/venturacounty.gov\/es\/wp-json\/wp\/v2\/users\/7"}],"replies":[{"embeddable":true,"href":"https:\/\/venturacounty.gov\/es\/wp-json\/wp\/v2\/comments?post=393655"}],"version-history":[{"count":0,"href":"https:\/\/venturacounty.gov\/es\/wp-json\/wp\/v2\/pages\/393655\/revisions"}],"up":[{"embeddable":true,"href":"https:\/\/venturacounty.gov\/es\/wp-json\/wp\/v2\/pages\/106"}],"wp:attachment":[{"href":"https:\/\/venturacounty.gov\/es\/wp-json\/wp\/v2\/media?parent=393655"}],"wp:term":[{"taxonomy":"category","embeddable":true,"href":"https:\/\/venturacounty.gov\/es\/wp-json\/wp\/v2\/categories?post=393655"},{"taxonomy":"post_tag","embeddable":true,"href":"https:\/\/venturacounty.gov\/es\/wp-json\/wp\/v2\/tags?post=393655"}],"curies":[{"name":"wp","href":"https:\/\/api.w.org\/{rel}","templated":true}]}}