{"id":95,"date":"2023-07-15T07:25:07","date_gmt":"2023-07-15T07:25:07","guid":{"rendered":"https:\/\/venturacounty.gov\/?page_id=95"},"modified":"2025-08-21T16:55:38","modified_gmt":"2025-08-21T16:55:38","slug":"government","status":"publish","type":"page","link":"https:\/\/venturacounty.gov\/es\/government\/","title":{"rendered":"Gobierno"},"content":{"rendered":"<div data-elementor-type=\"wp-page\" data-elementor-id=\"95\" class=\"elementor elementor-95\" data-elementor-post-type=\"page\">\n\t\t\t\t<div class=\"elementor-element elementor-element-363cae5 e-flex e-con-boxed e-con e-parent\" data-id=\"363cae5\" data-element_type=\"container\">\n\t\t\t\t\t<div class=\"e-con-inner\">\n\t\t<div class=\"elementor-element elementor-element-7ae7644 e-flex e-con-boxed e-con e-child\" data-id=\"7ae7644\" data-element_type=\"container\">\n\t\t\t\t\t<div class=\"e-con-inner\">\n\t\t<div class=\"elementor-element elementor-element-b137974 e-flex e-con-boxed e-con e-child\" data-id=\"b137974\" data-element_type=\"container\">\n\t\t\t\t\t<div class=\"e-con-inner\">\n\t\t<div class=\"elementor-element elementor-element-22ed49d e-flex e-con-boxed e-con e-child\" data-id=\"22ed49d\" data-element_type=\"container\" data-settings=\"{&quot;background_background&quot;:&quot;classic&quot;}\">\n\t\t\t\t\t<div class=\"e-con-inner\">\n\t\t<div class=\"elementor-element elementor-element-e600d0e e-flex e-con-boxed e-con e-child\" data-id=\"e600d0e\" data-element_type=\"container\" data-settings=\"{&quot;background_background&quot;:&quot;classic&quot;}\">\n\t\t\t\t\t<div class=\"e-con-inner\">\n\t\t<div class=\"elementor-element elementor-element-e013e44 e-flex e-con-boxed e-con e-child\" data-id=\"e013e44\" data-element_type=\"container\" data-settings=\"{&quot;background_background&quot;:&quot;classic&quot;}\">\n\t\t\t\t\t<div class=\"e-con-inner\">\n\t\t\t\t<div class=\"elementor-element elementor-element-a54e374 elementor-widget elementor-widget-image\" data-id=\"a54e374\" data-element_type=\"widget\" data-widget_type=\"image.default\">\n\t\t\t\t<div class=\"elementor-widget-container\">\n\t\t\t\t\t\t\t\t\t\t\t\t\t\t\t\t<a href=\"\/es\/government\/\">\n\t\t\t\t\t\t\t<img decoding=\"async\" width=\"357\" height=\"75\" src=\"https:\/\/venturacounty.gov\/wp-content\/uploads\/2023\/07\/government-header.png\" class=\"attachment-large size-large wp-image-84\" alt=\"Government Header\" srcset=\"https:\/\/venturacounty.gov\/wp-content\/uploads\/2023\/07\/government-header.png 357w, https:\/\/venturacounty.gov\/wp-content\/uploads\/2023\/07\/government-header-300x63.png 300w\" sizes=\"(max-width: 357px) 100vw, 357px\" \/>\t\t\t\t\t\t\t\t<\/a>\n\t\t\t\t\t\t\t\t\t\t\t\t\t\t\t<\/div>\n\t\t\t\t<\/div>\n\t\t\t\t\t<\/div>\n\t\t\t\t<\/div>\n\t\t\t\t\t<\/div>\n\t\t\t\t<\/div>\n\t\t\t\t\t<\/div>\n\t\t\t\t<\/div>\n\t\t\t\t\t<\/div>\n\t\t\t\t<\/div>\n\t\t\t\t\t<\/div>\n\t\t\t\t<\/div>\n\t\t\t\t\t<\/div>\n\t\t\t\t<\/div>\n\t\t<div class=\"elementor-element elementor-element-949f6f1 e-flex e-con-boxed e-con e-parent\" data-id=\"949f6f1\" data-element_type=\"container\">\n\t\t\t\t\t<div class=\"e-con-inner\">\n\t\t<div class=\"elementor-element elementor-element-5e31600 e-flex e-con-boxed e-con e-child\" data-id=\"5e31600\" data-element_type=\"container\">\n\t\t\t\t\t<div class=\"e-con-inner\">\n\t\t\t\t<div class=\"elementor-element elementor-element-da475d8 elementor-nav-menu--dropdown-tablet elementor-nav-menu__text-align-aside elementor-nav-menu--toggle elementor-nav-menu--burger elementor-widget elementor-widget-nav-menu\" data-id=\"da475d8\" data-element_type=\"widget\" data-settings=\"{&quot;layout&quot;:&quot;horizontal&quot;,&quot;submenu_icon&quot;:{&quot;value&quot;:&quot;&lt;i class=\\&quot;fas fa-caret-down\\&quot;&gt;&lt;\\\/i&gt;&quot;,&quot;library&quot;:&quot;fa-solid&quot;},&quot;toggle&quot;:&quot;burger&quot;}\" data-widget_type=\"nav-menu.default\">\n\t\t\t\t<div class=\"elementor-widget-container\">\n\t\t\t\t\t\t\t\t<nav aria-label=\"Men\u00fa\" class=\"elementor-nav-menu--main elementor-nav-menu__container elementor-nav-menu--layout-horizontal e--pointer-background e--animation-fade\">\n\t\t\t\t<ul id=\"menu-1-da475d8\" class=\"elementor-nav-menu\"><li class=\"menu-item menu-item-type-post_type menu-item-object-page menu-item-108\"><a href=\"https:\/\/venturacounty.gov\/es\/government\/\" class=\"elementor-item\">Gobierno<\/a><\/li>\n<li class=\"menu-item menu-item-type-post_type menu-item-object-page menu-item-107\"><a href=\"https:\/\/venturacounty.gov\/es\/business-services\/\" class=\"elementor-item\">Servicios a empresas<\/a><\/li>\n<li class=\"menu-item menu-item-type-post_type menu-item-object-page menu-item-110\"><a href=\"https:\/\/venturacounty.gov\/es\/environment\/\" class=\"elementor-item\">Medio ambiente<\/a><\/li>\n<li class=\"menu-item menu-item-type-post_type menu-item-object-page menu-item-119\"><a href=\"https:\/\/venturacounty.gov\/es\/health-and-human-services\/\" class=\"elementor-item\">Sanidad y Servicios Humanos<\/a><\/li>\n<li class=\"menu-item menu-item-type-post_type menu-item-object-page menu-item-118\"><a href=\"https:\/\/venturacounty.gov\/es\/emergency-services\/\" class=\"elementor-item\">Servicios de emergencia<\/a><\/li>\n<li class=\"menu-item menu-item-type-post_type menu-item-object-page menu-item-117\"><a href=\"https:\/\/venturacounty.gov\/es\/residents\/\" class=\"elementor-item\">Residentes<\/a><\/li>\n<li class=\"menu-item menu-item-type-post_type menu-item-object-page menu-item-121\"><a href=\"https:\/\/venturacounty.gov\/es\/visitors\/\" class=\"elementor-item\">Visitantes<\/a><\/li>\n<li class=\"menu-item menu-item-type-post_type menu-item-object-page menu-item-123\"><a href=\"https:\/\/venturacounty.gov\/es\/government\/email-us\/\" class=\"elementor-item\">Contacte con nosotros<\/a><\/li>\n<\/ul>\t\t\t<\/nav>\n\t\t\t\t\t<div class=\"elementor-menu-toggle\" role=\"button\" tabindex=\"0\" aria-label=\"Men\u00fa Toggle\" aria-expanded=\"false\">\n\t\t\t<i aria-hidden=\"true\" role=\"presentation\" class=\"elementor-menu-toggle__icon--open eicon-menu-bar\"><\/i><i aria-hidden=\"true\" role=\"presentation\" class=\"elementor-menu-toggle__icon--close eicon-close\"><\/i>\t\t<\/div>\n\t\t\t\t\t<nav class=\"elementor-nav-menu--dropdown elementor-nav-menu__container\" aria-hidden=\"true\">\n\t\t\t\t<ul id=\"menu-2-da475d8\" class=\"elementor-nav-menu\"><li class=\"menu-item menu-item-type-post_type menu-item-object-page menu-item-108\"><a href=\"https:\/\/venturacounty.gov\/es\/government\/\" class=\"elementor-item\" tabindex=\"-1\">Gobierno<\/a><\/li>\n<li class=\"menu-item menu-item-type-post_type menu-item-object-page menu-item-107\"><a href=\"https:\/\/venturacounty.gov\/es\/business-services\/\" class=\"elementor-item\" tabindex=\"-1\">Servicios a empresas<\/a><\/li>\n<li class=\"menu-item menu-item-type-post_type menu-item-object-page menu-item-110\"><a href=\"https:\/\/venturacounty.gov\/es\/environment\/\" class=\"elementor-item\" tabindex=\"-1\">Medio ambiente<\/a><\/li>\n<li class=\"menu-item menu-item-type-post_type menu-item-object-page menu-item-119\"><a href=\"https:\/\/venturacounty.gov\/es\/health-and-human-services\/\" class=\"elementor-item\" tabindex=\"-1\">Sanidad y Servicios Humanos<\/a><\/li>\n<li class=\"menu-item menu-item-type-post_type menu-item-object-page menu-item-118\"><a href=\"https:\/\/venturacounty.gov\/es\/emergency-services\/\" class=\"elementor-item\" tabindex=\"-1\">Servicios de emergencia<\/a><\/li>\n<li class=\"menu-item menu-item-type-post_type menu-item-object-page menu-item-117\"><a href=\"https:\/\/venturacounty.gov\/es\/residents\/\" class=\"elementor-item\" tabindex=\"-1\">Residentes<\/a><\/li>\n<li class=\"menu-item menu-item-type-post_type menu-item-object-page menu-item-121\"><a href=\"https:\/\/venturacounty.gov\/es\/visitors\/\" class=\"elementor-item\" tabindex=\"-1\">Visitantes<\/a><\/li>\n<li class=\"menu-item menu-item-type-post_type menu-item-object-page menu-item-123\"><a href=\"https:\/\/venturacounty.gov\/es\/government\/email-us\/\" class=\"elementor-item\" tabindex=\"-1\">Contacte con nosotros<\/a><\/li>\n<\/ul>\t\t\t<\/nav>\n\t\t\t\t\t\t<\/div>\n\t\t\t\t<\/div>\n\t\t\t\t\t<\/div>\n\t\t\t\t<\/div>\n\t\t\t\t\t<\/div>\n\t\t\t\t<\/div>\n\t\t<div class=\"elementor-element elementor-element-5a97add e-flex e-con-boxed e-con e-parent\" data-id=\"5a97add\" data-element_type=\"container\">\n\t\t\t\t\t<div class=\"e-con-inner\">\n\t\t<div class=\"elementor-element elementor-element-4ab656b e-flex e-con-boxed e-con e-child\" data-id=\"4ab656b\" data-element_type=\"container\">\n\t\t\t\t\t<div class=\"e-con-inner\">\n\t\t\t\t<div class=\"elementor-element elementor-element-d496e4e elementor-widget__width-initial elementor-widget elementor-widget-text-editor\" data-id=\"d496e4e\" data-element_type=\"widget\" data-widget_type=\"text-editor.default\">\n\t\t\t\t<div class=\"elementor-widget-container\">\n\t\t\t\t\t\t\t\t\t<div class=\"wpb_column vc_column_container vc_col-sm-6\"><div class=\"wpb_wrapper\"><div class=\"wpb_text_column wpb_content_element\"><div class=\"wpb_wrapper\"><ul class=\"arrow-list arrow-list-responsive\"><li><a href=\"\/es\/county-executive-office\/administration\/\">Administraci\u00f3n<\/a><\/li><li><a href=\"https:\/\/www.governmentjobs.com\/careers\/ventura\" target=\"_blank\" rel=\"noopener noreferrer\" aria-label=\"Solicitar empleo en el Condado - opens in new tab\" data-uw-rm-ext-link=\"\">Solicitar empleo en el Condado<\/a><img decoding=\"async\" class=\"alignnone wp-image-7865\" src=\"https:\/\/venturacounty.gov\/wp-content\/uploads\/2025\/07\/exitdisclaimer.gif\" alt=\"&quot;&quot;\" width=\"16\" height=\"11\" data-uw-rm-ima-original=\"&quot;&quot;\" \/><\/li><li><a href=\"\/es\/board-of-supervisors\/\">Junta de Supervisores<\/a><\/li><li><a href=\"\/es\/county-executive-office\/budget-and-finance\/\">Presupuesto y Finanzas<\/a><\/li><li><a href=\"https:\/\/www.ca.gov\/agenciesall\/\" target=\"_blank\" rel=\"noopener noreferrer\" aria-label=\"Directorio de agencias estatales de California - se abre en una nueva pesta\u00f1a\" data-uw-rm-ext-link=\"\">Directorio de agencias estatales de California<\/a><img decoding=\"async\" class=\"alignnone wp-image-7865\" src=\"https:\/\/venturacounty.gov\/wp-content\/uploads\/2025\/07\/exitdisclaimer.gif\" alt=\"&quot;&quot;\" width=\"16\" height=\"11\" data-uw-rm-ima-original=\"&quot;&quot;\" \/><\/li><li><a href=\"\/es\/government\/city-governments\/\">Gobiernos municipales<\/a><\/li><li><a href=\"https:\/\/www.governmentjobs.com\/careers\/ventura\" target=\"_blank\" rel=\"noopener noreferrer\" aria-label=\"Ofertas de empleo en el condado - se abre en una nueva pesta\u00f1a\" data-uw-rm-ext-link=\"\">Ofertas de empleo en el condado<\/a><img decoding=\"async\" class=\"alignnone wp-image-7865\" src=\"https:\/\/venturacounty.gov\/wp-content\/uploads\/2025\/07\/exitdisclaimer.gif\" alt=\"&quot;&quot;\" width=\"16\" height=\"11\" data-uw-rm-ima-original=\"&quot;&quot;\" \/><\/li><li><a href=\"https:\/\/vcportal.venturacounty.gov\/CEO\/docs\/County_Org_Chart-2024.pdf\" target=\"_blank\" rel=\"noopener noreferrer\" aria-label=\"Organigrama del Condado - opens in new tab\" data-uw-rm-ext-link=\"\" data-uw-pdf-br=\"1\" data-uw-pdf-doc=\"\">Organigrama del Condado<\/a><img decoding=\"async\" class=\"alignnone wp-image-7865\" src=\"https:\/\/venturacounty.gov\/wp-content\/uploads\/2025\/07\/exitdisclaimer.gif\" alt=\"&quot;&quot;\" width=\"16\" height=\"11\" data-uw-rm-ima-original=\"&quot;&quot;\" \/><\/li><li><a href=\"\/es\/government\/county-strategy-performance-budget\/\">Estrategia y rendimiento del condado<\/a><\/li><li><a href=\"https:\/\/venturacounty.gov\/es\/government\/departments\/\">Departamentos<\/a><\/li><li><a href=\"\/es\/government\/downloadable-forms\/\">Formularios descargables<\/a><\/li><li><a href=\"\/es\/government\/elected-officials\/\">Funcionarios electos<\/a><\/li><li><a href=\"\/es\/yellow-pages\/\">Buscar un servicio<\/a><\/li><li><a href=\"\/es\/government\/find-our-offices\/\">Nuestras oficinas<\/a><\/li><\/ul><\/div><\/div><\/div><\/div><div class=\"wpb_column vc_column_container vc_col-sm-6\"><div class=\"wpb_wrapper\"><div class=\"wpb_text_column wpb_content_element\"><div class=\"wpb_wrapper\">\u00a0<\/div><\/div><\/div><\/div>\t\t\t\t\t\t\t\t<\/div>\n\t\t\t\t<\/div>\n\t\t\t\t<div class=\"elementor-element elementor-element-7e0d589 elementor-widget elementor-widget-text-editor\" data-id=\"7e0d589\" data-element_type=\"widget\" data-widget_type=\"text-editor.default\">\n\t\t\t\t<div class=\"elementor-widget-container\">\n\t\t\t\t\t\t\t\t\t<div class=\"wpb_column vc_column_container vc_col-sm-6\"><div class=\"wpb_wrapper\"><div class=\"wpb_text_column wpb_content_element\"><div class=\"wpb_wrapper\"><ul class=\"arrow-list arrow-list-responsive\"><li><a href=\"\/es\/maps\/\">SIG y cartograf\u00eda<\/a><\/li><li><a href=\"\/es\/government\/contact-the-county\/\">C\u00f3mo ponerse en contacto con el Condado<\/a><\/li><li><a href=\"\/es\/government\/meetings-and-broadcasts\/\" target=\"_blank\" rel=\"noopener noreferrer\" aria-label=\"Reuniones y retransmisiones - opens in new tab\" data-uw-rm-ext-link=\"\">Reuniones y emisiones<\/a><\/li><li><a href=\"\/es\/government\/mission-statement\/\">Misi\u00f3n<\/a><\/li><li><a href=\"\/es\/government\/plans-studies-and-ordinances\/\">Planes\/Estudios\/Ordenanzas<\/a><\/li><li><a href=\"\/es\/ttc\/organization-treasuretax-collector\/\">Impuestos sobre bienes inmuebles<\/a><\/li><li><a href=\"https:\/\/www.census.gov\/quickfacts\/table\/PST045216\/06111,00\">Datos breves del condado de Ventura<\/a><img decoding=\"async\" class=\"alignnone wp-image-7865\" src=\"https:\/\/venturacounty.gov\/wp-content\/uploads\/2025\/07\/exitdisclaimer.gif\" alt=\"&quot;&quot;\" width=\"16\" height=\"11\" data-uw-rm-ima-original=\"&quot;&quot;\" \/><\/li><li><a href=\"\/es\/government\/sb-272\/\">SB 272 - Lista de sistemas de empresa<\/a><\/li><li><a href=\"https:\/\/www.ventura.courts.ca.gov\/case-inquiry.html\" target=\"_blank\" rel=\"noopener noreferrer\" aria-label=\"Informaci\u00f3n sobre casos del Tribunal Superior - opens in new tab\" data-uw-rm-ext-link=\"\">Informaci\u00f3n sobre casos del Tribunal Superior<\/a><img decoding=\"async\" class=\"alignnone wp-image-7865\" src=\"https:\/\/venturacounty.gov\/wp-content\/uploads\/2025\/07\/exitdisclaimer.gif\" alt=\"&quot;&quot;\" width=\"16\" height=\"11\" data-uw-rm-ima-original=\"&quot;&quot;\" \/><\/li><li><a href=\"\/es\/auditor-controllers-office\/tax-rate-database\/\">Consulta sobre el tipo impositivo<\/a><\/li><li><a href=\"https:\/\/vcportal.venturacounty.gov\/CEO\/docs\/publications\/Top_Official_Compensation_2014.pdf\" target=\"_blank\" rel=\"noopener noreferrer\" aria-label=\"Remuneraci\u00f3n de los altos funcionarios - opens in new tab\" data-uw-rm-ext-link=\"\" data-uw-pdf-br=\"1\" data-uw-pdf-doc=\"\">Remuneraci\u00f3n de los altos funcionarios<\/a><img decoding=\"async\" class=\"alignnone wp-image-7865\" src=\"https:\/\/venturacounty.gov\/wp-content\/uploads\/2025\/07\/exitdisclaimer.gif\" alt=\"&quot;&quot;\" width=\"16\" height=\"11\" data-uw-rm-ima-original=\"&quot;&quot;\" \/><\/li><li><a href=\"https:\/\/vcrma.org\/divisions\/planning\/whats-my-zoning\/\" target=\"_blank\" rel=\"noopener noreferrer\" aria-label=\"\u00bfCu\u00e1l es mi zonificaci\u00f3n? - se abre en una nueva pesta\u00f1a\" data-uw-rm-ext-link=\"\">\u00bfCu\u00e1l es mi zonificaci\u00f3n?<\/a><img decoding=\"async\" class=\"alignnone wp-image-7865\" src=\"https:\/\/venturacounty.gov\/wp-content\/uploads\/2025\/07\/exitdisclaimer.gif\" alt=\"&quot;&quot;\" width=\"16\" height=\"11\" data-uw-rm-ima-original=\"&quot;&quot;\" \/><\/li><li><a href=\"https:\/\/findyourrep.legislature.ca.gov\/\">\u00bfQui\u00e9n es mi legislador estatal?<\/a><img decoding=\"async\" class=\"alignnone wp-image-7865\" src=\"https:\/\/venturacounty.gov\/wp-content\/uploads\/2025\/07\/exitdisclaimer.gif\" alt=\"&quot;&quot;\" width=\"16\" height=\"11\" data-uw-rm-ima-original=\"&quot;&quot;\" \/><\/li><\/ul><\/div><\/div><\/div><\/div>\t\t\t\t\t\t\t\t<\/div>\n\t\t\t\t<\/div>\n\t\t\t\t\t<\/div>\n\t\t\t\t<\/div>\n\t\t\t\t\t<\/div>\n\t\t\t\t<\/div>\n\t\t\t\t<\/div>","protected":false},"excerpt":{"rendered":"<p>Administration Apply for County Employment Board of Supervisors Budget and Finance California State Agency Directory City Governments County Job Listings County Organization Chart County Strategy &amp; Performance Departments Downloadable Forms Elected Officials Find a Service Find our Offices \u00a0 GIS &amp; Mapping How to Contact the County Meetings and Broadcasts Mission Statement Plans\/Studies\/Ordinances Property Taxes [&hellip;]<\/p>\n","protected":false},"author":5,"featured_media":0,"parent":0,"menu_order":0,"comment_status":"closed","ping_status":"closed","template":"","meta":{"_relevanssi_hide_post":"","_relevanssi_hide_content":"","_relevanssi_pin_for_all":"","_relevanssi_pin_keywords":"","_relevanssi_unpin_keywords":"","_relevanssi_related_keywords":"","_relevanssi_related_include_ids":"","_relevanssi_related_exclude_ids":"","_relevanssi_related_no_append":"","_relevanssi_related_not_related":"","_relevanssi_related_posts":"","_relevanssi_noindex_reason":"","footnotes":""},"categories":[7],"tags":[],"class_list":["post-95","page","type-page","status-publish","hentry","category-government"],"_links":{"self":[{"href":"https:\/\/venturacounty.gov\/es\/wp-json\/wp\/v2\/pages\/95","targetHints":{"allow":["GET"]}}],"collection":[{"href":"https:\/\/venturacounty.gov\/es\/wp-json\/wp\/v2\/pages"}],"about":[{"href":"https:\/\/venturacounty.gov\/es\/wp-json\/wp\/v2\/types\/page"}],"author":[{"embeddable":true,"href":"https:\/\/venturacounty.gov\/es\/wp-json\/wp\/v2\/users\/5"}],"replies":[{"embeddable":true,"href":"https:\/\/venturacounty.gov\/es\/wp-json\/wp\/v2\/comments?post=95"}],"version-history":[{"count":0,"href":"https:\/\/venturacounty.gov\/es\/wp-json\/wp\/v2\/pages\/95\/revisions"}],"wp:attachment":[{"href":"https:\/\/venturacounty.gov\/es\/wp-json\/wp\/v2\/media?parent=95"}],"wp:term":[{"taxonomy":"category","embeddable":true,"href":"https:\/\/venturacounty.gov\/es\/wp-json\/wp\/v2\/categories?post=95"},{"taxonomy":"post_tag","embeddable":true,"href":"https:\/\/venturacounty.gov\/es\/wp-json\/wp\/v2\/tags?post=95"}],"curies":[{"name":"wp","href":"https:\/\/api.w.org\/{rel}","templated":true}]}}