{"id":15,"date":"2023-06-30T02:36:20","date_gmt":"2023-06-30T02:36:20","guid":{"rendered":"https:\/\/venturacounty.gov\/grand-jury\/?page_id=15"},"modified":"2023-07-07T22:50:24","modified_gmt":"2023-07-07T22:50:24","slug":"main-homepage","status":"publish","type":"page","link":"https:\/\/venturacounty.gov\/grand-jury\/es\/","title":{"rendered":"P\u00e1gina principal"},"content":{"rendered":"<div data-elementor-type=\"wp-page\" data-elementor-id=\"15\" class=\"elementor elementor-15\" data-elementor-post-type=\"page\">\n\t\t\t\t<div class=\"elementor-element elementor-element-211bf85 e-flex e-con-boxed e-con e-parent\" data-id=\"211bf85\" data-element_type=\"container\">\n\t\t\t\t\t<div class=\"e-con-inner\">\n\t\t<div class=\"elementor-element elementor-element-1239e6f e-flex e-con-boxed e-con e-child\" data-id=\"1239e6f\" data-element_type=\"container\" data-settings=\"{&quot;background_background&quot;:&quot;classic&quot;}\">\n\t\t\t\t\t<div class=\"e-con-inner\">\n\t\t\t\t<div class=\"elementor-element elementor-element-ee60f99 elementor-widget elementor-widget-image\" data-id=\"ee60f99\" data-element_type=\"widget\" data-widget_type=\"image.default\">\n\t\t\t\t<div class=\"elementor-widget-container\">\n\t\t\t\t\t\t\t\t\t\t\t\t\t\t\t\t<a href=\"\/grand-jury\/es\/\">\n\t\t\t\t\t\t\t<img decoding=\"async\" width=\"357\" height=\"75\" src=\"https:\/\/venturacounty.gov\/grand-jury\/wp-content\/uploads\/sites\/25\/2023\/07\/grand-jury-header.png\" class=\"attachment-large size-large wp-image-101\" alt=\"Grand Jury Header\" srcset=\"https:\/\/venturacounty.gov\/grand-jury\/wp-content\/uploads\/sites\/25\/2023\/07\/grand-jury-header.png 357w, https:\/\/venturacounty.gov\/grand-jury\/wp-content\/uploads\/sites\/25\/2023\/07\/grand-jury-header-300x63.png 300w\" sizes=\"(max-width: 357px) 100vw, 357px\" \/>\t\t\t\t\t\t\t\t<\/a>\n\t\t\t\t\t\t\t\t\t\t\t\t\t\t\t<\/div>\n\t\t\t\t<\/div>\n\t\t\t\t\t<\/div>\n\t\t\t\t<\/div>\n\t\t\t\t\t<\/div>\n\t\t\t\t<\/div>\n\t\t<div class=\"elementor-element elementor-element-3645d9c e-flex e-con-boxed e-con e-parent\" data-id=\"3645d9c\" data-element_type=\"container\" data-settings=\"{&quot;background_background&quot;:&quot;classic&quot;}\">\n\t\t\t\t\t<div class=\"e-con-inner\">\n\t\t\t\t<div class=\"elementor-element elementor-element-0996bc0 elementor-nav-menu--dropdown-tablet elementor-nav-menu__text-align-aside elementor-nav-menu--toggle elementor-nav-menu--burger elementor-widget elementor-widget-nav-menu\" data-id=\"0996bc0\" data-element_type=\"widget\" data-settings=\"{&quot;layout&quot;:&quot;horizontal&quot;,&quot;submenu_icon&quot;:{&quot;value&quot;:&quot;&lt;i class=\\&quot;fas fa-caret-down\\&quot;&gt;&lt;\\\/i&gt;&quot;,&quot;library&quot;:&quot;fa-solid&quot;},&quot;toggle&quot;:&quot;burger&quot;}\" data-widget_type=\"nav-menu.default\">\n\t\t\t\t<div class=\"elementor-widget-container\">\n\t\t\t\t\t\t\t\t<nav aria-label=\"Men\u00fa\" class=\"elementor-nav-menu--main elementor-nav-menu__container elementor-nav-menu--layout-horizontal e--pointer-background e--animation-fade\">\n\t\t\t\t<ul id=\"menu-1-0996bc0\" class=\"elementor-nav-menu\"><li class=\"menu-item menu-item-type-post_type menu-item-object-page menu-item-home menu-item-365512\"><a href=\"https:\/\/venturacounty.gov\/grand-jury\/es\/\" class=\"elementor-item\">Gran jurado<\/a><\/li>\n<li class=\"menu-item menu-item-type-custom menu-item-object-custom menu-item-has-children menu-item-365516\"><a href=\"#\" class=\"elementor-item elementor-item-anchor\">Qui\u00e9nes somos<\/a>\n<ul class=\"sub-menu elementor-nav-menu--dropdown\">\n\t<li class=\"menu-item menu-item-type-post_type menu-item-object-page menu-item-365515\"><a href=\"https:\/\/venturacounty.gov\/grand-jury\/es\/introduction-to-the-grand-jury\/\" class=\"elementor-sub-item\">Introducci\u00f3n<\/a><\/li>\n\t<li class=\"menu-item menu-item-type-post_type menu-item-object-page menu-item-365518\"><a href=\"https:\/\/venturacounty.gov\/grand-jury\/es\/grand-jury-functions\/\" class=\"elementor-sub-item\">Funciones<\/a><\/li>\n\t<li class=\"menu-item menu-item-type-post_type menu-item-object-page menu-item-365523\"><a href=\"https:\/\/venturacounty.gov\/grand-jury\/es\/overview-presentation\/\" class=\"elementor-sub-item\">Presentaci\u00f3n general<\/a><\/li>\n\t<li class=\"menu-item menu-item-type-post_type menu-item-object-page menu-item-365525\"><a href=\"https:\/\/venturacounty.gov\/grand-jury\/es\/calnedar-of-events\/\" class=\"elementor-sub-item\">Calendario de actos<\/a><\/li>\n<\/ul>\n<\/li>\n<li class=\"menu-item menu-item-type-post_type menu-item-object-page menu-item-365527\"><a href=\"https:\/\/venturacounty.gov\/grand-jury\/es\/become-a-grand-juror\/\" class=\"elementor-item\">Convi\u00e9rtase en Gran Jurado<\/a><\/li>\n<li class=\"menu-item menu-item-type-post_type menu-item-object-page menu-item-365529\"><a href=\"https:\/\/venturacounty.gov\/grand-jury\/es\/complaints-investigations\/\" class=\"elementor-item\">Quejas e investigaciones<\/a><\/li>\n<li class=\"menu-item menu-item-type-post_type menu-item-object-page menu-item-365531\"><a href=\"https:\/\/venturacounty.gov\/grand-jury\/es\/jurisdiction\/\" class=\"elementor-item\">Jurisdicci\u00f3n<\/a><\/li>\n<li class=\"menu-item menu-item-type-custom menu-item-object-custom menu-item-has-children menu-item-365534\"><a href=\"#\" class=\"elementor-item elementor-item-anchor\">Medios de comunicaci\u00f3n<\/a>\n<ul class=\"sub-menu elementor-nav-menu--dropdown\">\n\t<li class=\"menu-item menu-item-type-post_type menu-item-object-page menu-item-365536\"><a href=\"https:\/\/venturacounty.gov\/grand-jury\/es\/tvradio-interviews\/\" class=\"elementor-sub-item\">Entrevistas de radio y televisi\u00f3n<\/a><\/li>\n\t<li class=\"menu-item menu-item-type-post_type menu-item-object-page menu-item-365535\"><a href=\"https:\/\/venturacounty.gov\/grand-jury\/es\/press-releases\/\" class=\"elementor-sub-item\">Comunicados de prensa<\/a><\/li>\n<\/ul>\n<\/li>\n<li class=\"menu-item menu-item-type-custom menu-item-object-custom menu-item-has-children menu-item-365539\"><a href=\"https:\/\/venturacounty.gov\/grand-jury\/es\/fiscal-year-2024-2025\/\" class=\"elementor-item\">Informes<\/a>\n<ul class=\"sub-menu elementor-nav-menu--dropdown\">\n\t<li class=\"menu-item menu-item-type-post_type menu-item-object-page menu-item-365644\"><a href=\"https:\/\/venturacounty.gov\/grand-jury\/es\/fiscal-year-2024-2025\/\" class=\"elementor-sub-item\">Ejercicio 2024-2025<\/a><\/li>\n\t<li class=\"menu-item menu-item-type-post_type menu-item-object-page menu-item-365616\"><a href=\"https:\/\/venturacounty.gov\/grand-jury\/es\/fiscal-year-2023-2024\/\" class=\"elementor-sub-item\">Ejercicio 2023-2024<\/a><\/li>\n\t<li class=\"menu-item menu-item-type-post_type menu-item-object-page menu-item-365541\"><a href=\"https:\/\/venturacounty.gov\/grand-jury\/es\/fiscal-year-2022-2023\/\" class=\"elementor-sub-item\">Ejercicio 2022-2023<\/a><\/li>\n\t<li class=\"menu-item menu-item-type-post_type menu-item-object-page menu-item-365543\"><a href=\"https:\/\/venturacounty.gov\/grand-jury\/es\/fiscal-year-2021-2022\/\" class=\"elementor-sub-item\">Ejercicio 2021-2022<\/a><\/li>\n\t<li class=\"menu-item menu-item-type-post_type menu-item-object-page menu-item-365545\"><a href=\"https:\/\/venturacounty.gov\/grand-jury\/es\/fiscal-year-2020-2021\/\" class=\"elementor-sub-item\">Ejercicio 2020-2021<\/a><\/li>\n\t<li class=\"menu-item menu-item-type-post_type menu-item-object-page menu-item-365547\"><a href=\"https:\/\/venturacounty.gov\/grand-jury\/es\/fiscal-year-20192020\/\" class=\"elementor-sub-item\">Ejercicio 2019-2020<\/a><\/li>\n\t<li class=\"menu-item menu-item-type-post_type menu-item-object-page menu-item-365549\"><a href=\"https:\/\/venturacounty.gov\/grand-jury\/es\/fiscal-year-2018-2019\/\" class=\"elementor-sub-item\">Ejercicio 2018-2019<\/a><\/li>\n\t<li class=\"menu-item menu-item-type-post_type menu-item-object-page menu-item-365551\"><a href=\"https:\/\/venturacounty.gov\/grand-jury\/es\/fiscal-year-2017-2018\/\" class=\"elementor-sub-item\">Ejercicio 2017-2018<\/a><\/li>\n\t<li class=\"menu-item menu-item-type-post_type menu-item-object-page menu-item-365553\"><a href=\"https:\/\/venturacounty.gov\/grand-jury\/es\/fiscal-year-2016-2017\/\" class=\"elementor-sub-item\">Ejercicio 2016-2017<\/a><\/li>\n\t<li class=\"menu-item menu-item-type-custom menu-item-object-custom menu-item-has-children menu-item-365560\"><a href=\"#\" class=\"elementor-sub-item elementor-item-anchor\">A\u00f1os archivados<\/a>\n\t<ul class=\"sub-menu elementor-nav-menu--dropdown\">\n\t\t<li class=\"menu-item menu-item-type-post_type menu-item-object-page menu-item-365556\"><a href=\"https:\/\/venturacounty.gov\/grand-jury\/es\/fiscal-years-2011-2015\/\" class=\"elementor-sub-item\">Ejercicios 2011-2015<\/a><\/li>\n\t\t<li class=\"menu-item menu-item-type-post_type menu-item-object-page menu-item-365557\"><a href=\"https:\/\/venturacounty.gov\/grand-jury\/es\/fiscal-years-2006-2010\/\" class=\"elementor-sub-item\">Ejercicios 2006-2010<\/a><\/li>\n\t\t<li class=\"menu-item menu-item-type-post_type menu-item-object-page menu-item-365559\"><a href=\"https:\/\/venturacounty.gov\/grand-jury\/es\/fiscal-years-2000-2005\/\" class=\"elementor-sub-item\">A\u00f1os fiscales 2000-2005<\/a><\/li>\n\t\t<li class=\"menu-item menu-item-type-post_type menu-item-object-page menu-item-365562\"><a href=\"https:\/\/venturacounty.gov\/grand-jury\/es\/fiscal-years-1995-1999\/\" class=\"elementor-sub-item\">Ejercicios 1995-1999<\/a><\/li>\n\t<\/ul>\n<\/li>\n<\/ul>\n<\/li>\n<li class=\"menu-item menu-item-type-post_type menu-item-object-page menu-item-365538\"><a href=\"https:\/\/venturacounty.gov\/grand-jury\/es\/forms\/\" class=\"elementor-item\">Formularios<\/a><\/li>\n<\/ul>\t\t\t<\/nav>\n\t\t\t\t\t<div class=\"elementor-menu-toggle\" role=\"button\" tabindex=\"0\" aria-label=\"Men\u00fa Toggle\" aria-expanded=\"false\">\n\t\t\t<i aria-hidden=\"true\" role=\"presentation\" class=\"elementor-menu-toggle__icon--open eicon-menu-bar\"><\/i><i aria-hidden=\"true\" role=\"presentation\" class=\"elementor-menu-toggle__icon--close eicon-close\"><\/i>\t\t<\/div>\n\t\t\t\t\t<nav class=\"elementor-nav-menu--dropdown elementor-nav-menu__container\" aria-hidden=\"true\">\n\t\t\t\t<ul id=\"menu-2-0996bc0\" class=\"elementor-nav-menu\"><li class=\"menu-item menu-item-type-post_type menu-item-object-page menu-item-home menu-item-365512\"><a href=\"https:\/\/venturacounty.gov\/grand-jury\/es\/\" class=\"elementor-item\" tabindex=\"-1\">Gran jurado<\/a><\/li>\n<li class=\"menu-item menu-item-type-custom menu-item-object-custom menu-item-has-children menu-item-365516\"><a href=\"#\" class=\"elementor-item elementor-item-anchor\" tabindex=\"-1\">Qui\u00e9nes somos<\/a>\n<ul class=\"sub-menu elementor-nav-menu--dropdown\">\n\t<li class=\"menu-item menu-item-type-post_type menu-item-object-page menu-item-365515\"><a href=\"https:\/\/venturacounty.gov\/grand-jury\/es\/introduction-to-the-grand-jury\/\" class=\"elementor-sub-item\" tabindex=\"-1\">Introducci\u00f3n<\/a><\/li>\n\t<li class=\"menu-item menu-item-type-post_type menu-item-object-page menu-item-365518\"><a href=\"https:\/\/venturacounty.gov\/grand-jury\/es\/grand-jury-functions\/\" class=\"elementor-sub-item\" tabindex=\"-1\">Funciones<\/a><\/li>\n\t<li class=\"menu-item menu-item-type-post_type menu-item-object-page menu-item-365523\"><a href=\"https:\/\/venturacounty.gov\/grand-jury\/es\/overview-presentation\/\" class=\"elementor-sub-item\" tabindex=\"-1\">Presentaci\u00f3n general<\/a><\/li>\n\t<li class=\"menu-item menu-item-type-post_type menu-item-object-page menu-item-365525\"><a href=\"https:\/\/venturacounty.gov\/grand-jury\/es\/calnedar-of-events\/\" class=\"elementor-sub-item\" tabindex=\"-1\">Calendario de actos<\/a><\/li>\n<\/ul>\n<\/li>\n<li class=\"menu-item menu-item-type-post_type menu-item-object-page menu-item-365527\"><a href=\"https:\/\/venturacounty.gov\/grand-jury\/es\/become-a-grand-juror\/\" class=\"elementor-item\" tabindex=\"-1\">Convi\u00e9rtase en Gran Jurado<\/a><\/li>\n<li class=\"menu-item menu-item-type-post_type menu-item-object-page menu-item-365529\"><a href=\"https:\/\/venturacounty.gov\/grand-jury\/es\/complaints-investigations\/\" class=\"elementor-item\" tabindex=\"-1\">Quejas e investigaciones<\/a><\/li>\n<li class=\"menu-item menu-item-type-post_type menu-item-object-page menu-item-365531\"><a href=\"https:\/\/venturacounty.gov\/grand-jury\/es\/jurisdiction\/\" class=\"elementor-item\" tabindex=\"-1\">Jurisdicci\u00f3n<\/a><\/li>\n<li class=\"menu-item menu-item-type-custom menu-item-object-custom menu-item-has-children menu-item-365534\"><a href=\"#\" class=\"elementor-item elementor-item-anchor\" tabindex=\"-1\">Medios de comunicaci\u00f3n<\/a>\n<ul class=\"sub-menu elementor-nav-menu--dropdown\">\n\t<li class=\"menu-item menu-item-type-post_type menu-item-object-page menu-item-365536\"><a href=\"https:\/\/venturacounty.gov\/grand-jury\/es\/tvradio-interviews\/\" class=\"elementor-sub-item\" tabindex=\"-1\">Entrevistas de radio y televisi\u00f3n<\/a><\/li>\n\t<li class=\"menu-item menu-item-type-post_type menu-item-object-page menu-item-365535\"><a href=\"https:\/\/venturacounty.gov\/grand-jury\/es\/press-releases\/\" class=\"elementor-sub-item\" tabindex=\"-1\">Comunicados de prensa<\/a><\/li>\n<\/ul>\n<\/li>\n<li class=\"menu-item menu-item-type-custom menu-item-object-custom menu-item-has-children menu-item-365539\"><a href=\"https:\/\/venturacounty.gov\/grand-jury\/es\/fiscal-year-2024-2025\/\" class=\"elementor-item\" tabindex=\"-1\">Informes<\/a>\n<ul class=\"sub-menu elementor-nav-menu--dropdown\">\n\t<li class=\"menu-item menu-item-type-post_type menu-item-object-page menu-item-365644\"><a href=\"https:\/\/venturacounty.gov\/grand-jury\/es\/fiscal-year-2024-2025\/\" class=\"elementor-sub-item\" tabindex=\"-1\">Ejercicio 2024-2025<\/a><\/li>\n\t<li class=\"menu-item menu-item-type-post_type menu-item-object-page menu-item-365616\"><a href=\"https:\/\/venturacounty.gov\/grand-jury\/es\/fiscal-year-2023-2024\/\" class=\"elementor-sub-item\" tabindex=\"-1\">Ejercicio 2023-2024<\/a><\/li>\n\t<li class=\"menu-item menu-item-type-post_type menu-item-object-page menu-item-365541\"><a href=\"https:\/\/venturacounty.gov\/grand-jury\/es\/fiscal-year-2022-2023\/\" class=\"elementor-sub-item\" tabindex=\"-1\">Ejercicio 2022-2023<\/a><\/li>\n\t<li class=\"menu-item menu-item-type-post_type menu-item-object-page menu-item-365543\"><a href=\"https:\/\/venturacounty.gov\/grand-jury\/es\/fiscal-year-2021-2022\/\" class=\"elementor-sub-item\" tabindex=\"-1\">Ejercicio 2021-2022<\/a><\/li>\n\t<li class=\"menu-item menu-item-type-post_type menu-item-object-page menu-item-365545\"><a href=\"https:\/\/venturacounty.gov\/grand-jury\/es\/fiscal-year-2020-2021\/\" class=\"elementor-sub-item\" tabindex=\"-1\">Ejercicio 2020-2021<\/a><\/li>\n\t<li class=\"menu-item menu-item-type-post_type menu-item-object-page menu-item-365547\"><a href=\"https:\/\/venturacounty.gov\/grand-jury\/es\/fiscal-year-20192020\/\" class=\"elementor-sub-item\" tabindex=\"-1\">Ejercicio 2019-2020<\/a><\/li>\n\t<li class=\"menu-item menu-item-type-post_type menu-item-object-page menu-item-365549\"><a href=\"https:\/\/venturacounty.gov\/grand-jury\/es\/fiscal-year-2018-2019\/\" class=\"elementor-sub-item\" tabindex=\"-1\">Ejercicio 2018-2019<\/a><\/li>\n\t<li class=\"menu-item menu-item-type-post_type menu-item-object-page menu-item-365551\"><a href=\"https:\/\/venturacounty.gov\/grand-jury\/es\/fiscal-year-2017-2018\/\" class=\"elementor-sub-item\" tabindex=\"-1\">Ejercicio 2017-2018<\/a><\/li>\n\t<li class=\"menu-item menu-item-type-post_type menu-item-object-page menu-item-365553\"><a href=\"https:\/\/venturacounty.gov\/grand-jury\/es\/fiscal-year-2016-2017\/\" class=\"elementor-sub-item\" tabindex=\"-1\">Ejercicio 2016-2017<\/a><\/li>\n\t<li class=\"menu-item menu-item-type-custom menu-item-object-custom menu-item-has-children menu-item-365560\"><a href=\"#\" class=\"elementor-sub-item elementor-item-anchor\" tabindex=\"-1\">A\u00f1os archivados<\/a>\n\t<ul class=\"sub-menu elementor-nav-menu--dropdown\">\n\t\t<li class=\"menu-item menu-item-type-post_type menu-item-object-page menu-item-365556\"><a href=\"https:\/\/venturacounty.gov\/grand-jury\/es\/fiscal-years-2011-2015\/\" class=\"elementor-sub-item\" tabindex=\"-1\">Ejercicios 2011-2015<\/a><\/li>\n\t\t<li class=\"menu-item menu-item-type-post_type menu-item-object-page menu-item-365557\"><a href=\"https:\/\/venturacounty.gov\/grand-jury\/es\/fiscal-years-2006-2010\/\" class=\"elementor-sub-item\" tabindex=\"-1\">Ejercicios 2006-2010<\/a><\/li>\n\t\t<li class=\"menu-item menu-item-type-post_type menu-item-object-page menu-item-365559\"><a href=\"https:\/\/venturacounty.gov\/grand-jury\/es\/fiscal-years-2000-2005\/\" class=\"elementor-sub-item\" tabindex=\"-1\">A\u00f1os fiscales 2000-2005<\/a><\/li>\n\t\t<li class=\"menu-item menu-item-type-post_type menu-item-object-page menu-item-365562\"><a href=\"https:\/\/venturacounty.gov\/grand-jury\/es\/fiscal-years-1995-1999\/\" class=\"elementor-sub-item\" tabindex=\"-1\">Ejercicios 1995-1999<\/a><\/li>\n\t<\/ul>\n<\/li>\n<\/ul>\n<\/li>\n<li class=\"menu-item menu-item-type-post_type menu-item-object-page menu-item-365538\"><a href=\"https:\/\/venturacounty.gov\/grand-jury\/es\/forms\/\" class=\"elementor-item\" tabindex=\"-1\">Formularios<\/a><\/li>\n<\/ul>\t\t\t<\/nav>\n\t\t\t\t\t\t<\/div>\n\t\t\t\t<\/div>\n\t\t\t\t\t<\/div>\n\t\t\t\t<\/div>\n\t\t<div class=\"elementor-element elementor-element-0177729 e-flex e-con-boxed e-con e-parent\" data-id=\"0177729\" data-element_type=\"container\">\n\t\t\t\t\t<div class=\"e-con-inner\">\n\t\t<div class=\"elementor-element elementor-element-1195064 e-flex e-con-boxed e-con e-child\" data-id=\"1195064\" data-element_type=\"container\">\n\t\t\t\t\t<div class=\"e-con-inner\">\n\t\t\t\t<div class=\"elementor-element elementor-element-3d80ded elementor-widget elementor-widget-heading\" data-id=\"3d80ded\" data-element_type=\"widget\" data-widget_type=\"heading.default\">\n\t\t\t\t<div class=\"elementor-widget-container\">\n\t\t\t\t\t<h1 class=\"elementor-heading-title elementor-size-default\">Gran jurado<\/h1>\t\t\t\t<\/div>\n\t\t\t\t<\/div>\n\t\t\t\t<div class=\"elementor-element elementor-element-76ae982 elementor-widget-divider--view-line elementor-widget elementor-widget-divider\" data-id=\"76ae982\" data-element_type=\"widget\" data-widget_type=\"divider.default\">\n\t\t\t\t<div class=\"elementor-widget-container\">\n\t\t\t\t\t\t\t<div class=\"elementor-divider\">\n\t\t\t<span class=\"elementor-divider-separator\">\n\t\t\t\t\t\t<\/span>\n\t\t<\/div>\n\t\t\t\t\t\t<\/div>\n\t\t\t\t<\/div>\n\t\t\t\t<div class=\"elementor-element elementor-element-2f49423 elementor-widget elementor-widget-image\" data-id=\"2f49423\" data-element_type=\"widget\" data-widget_type=\"image.default\">\n\t\t\t\t<div class=\"elementor-widget-container\">\n\t\t\t\t\t\t\t\t\t\t\t\t\t\t\t<img fetchpriority=\"high\" decoding=\"async\" width=\"585\" height=\"361\" src=\"https:\/\/venturacounty.gov\/grand-jury\/wp-content\/uploads\/sites\/25\/2023\/07\/WELCOME_1.jpg\" class=\"attachment-large size-large wp-image-103\" alt=\"Grand Jury Banner\" srcset=\"https:\/\/venturacounty.gov\/grand-jury\/wp-content\/uploads\/sites\/25\/2023\/07\/WELCOME_1.jpg 585w, https:\/\/venturacounty.gov\/grand-jury\/wp-content\/uploads\/sites\/25\/2023\/07\/WELCOME_1-300x185.jpg 300w\" sizes=\"(max-width: 585px) 100vw, 585px\" \/>\t\t\t\t\t\t\t\t\t\t\t\t\t\t\t<\/div>\n\t\t\t\t<\/div>\n\t\t\t\t<div class=\"elementor-element elementor-element-96ec016 elementor-widget elementor-widget-text-editor\" data-id=\"96ec016\" data-element_type=\"widget\" data-widget_type=\"text-editor.default\">\n\t\t\t\t<div class=\"elementor-widget-container\">\n\t\t\t\t\t\t\t\t\t<div class=\"wpb_text_column wpb_content_element\"><div class=\"wpb_wrapper\"><p>El gran jurado es un panel de investigaci\u00f3n civil de 19 ciudadanos creado para servir como voz del pueblo y conciencia de la comunidad. Los miembros del jurado no son nombrados por los pol\u00edticos; son voluntarios que act\u00faan como ojos y o\u00eddos independientes de los residentes del condado de Ventura.<\/p><\/div><\/div><div class=\"wpb_text_column wpb_content_element\"><div class=\"wpb_wrapper\"><p>Gran jurado del condado de Ventura<br role=\"presentation\" data-uw-rm-sr=\"\" \/>Avenida Victoria Sur 800<br role=\"presentation\" data-uw-rm-sr=\"\" \/>Ventura, CA 93009<br role=\"presentation\" data-uw-rm-sr=\"\" \/>(805) 477-1600<\/p><\/div><\/div><div class=\"vc_separator wpb_content_element vc_separator_align_center vc_sep_width_100 vc_sep_pos_align_center vc_separator_no_text vc_sep_color_grey\">\u00a0<\/div>\t\t\t\t\t\t\t\t<\/div>\n\t\t\t\t<\/div>\n\t\t\t\t\t<\/div>\n\t\t\t\t<\/div>\n\t\t\t\t\t<\/div>\n\t\t\t\t<\/div>\n\t\t\t\t<\/div>","protected":false},"excerpt":{"rendered":"<p>Grand Jury The grand jury is a civil investigatory panel of 19 citizens created to serve as a voice of the people and a conscience of the community. Jurors are not appointed by politicians; they are volunteers who act as independent eyes and ears of Ventura County residents. Ventura County Grand Jury800 South Victoria AvenueVentura, [&hellip;]<\/p>\n","protected":false},"author":1,"featured_media":0,"parent":0,"menu_order":0,"comment_status":"closed","ping_status":"closed","template":"","meta":{"_relevanssi_hide_post":"","_relevanssi_hide_content":"","_relevanssi_pin_for_all":"","_relevanssi_pin_keywords":"","_relevanssi_unpin_keywords":"","_relevanssi_related_keywords":"","_relevanssi_related_include_ids":"","_relevanssi_related_exclude_ids":"","_relevanssi_related_no_append":"","_relevanssi_related_not_related":"","_relevanssi_related_posts":"","_relevanssi_noindex_reason":"","footnotes":""},"categories":[],"tags":[],"class_list":["post-15","page","type-page","status-publish","hentry"],"_links":{"self":[{"href":"https:\/\/venturacounty.gov\/grand-jury\/es\/wp-json\/wp\/v2\/pages\/15","targetHints":{"allow":["GET"]}}],"collection":[{"href":"https:\/\/venturacounty.gov\/grand-jury\/es\/wp-json\/wp\/v2\/pages"}],"about":[{"href":"https:\/\/venturacounty.gov\/grand-jury\/es\/wp-json\/wp\/v2\/types\/page"}],"author":[{"embeddable":true,"href":"https:\/\/venturacounty.gov\/grand-jury\/es\/wp-json\/wp\/v2\/users\/1"}],"replies":[{"embeddable":true,"href":"https:\/\/venturacounty.gov\/grand-jury\/es\/wp-json\/wp\/v2\/comments?post=15"}],"version-history":[{"count":0,"href":"https:\/\/venturacounty.gov\/grand-jury\/es\/wp-json\/wp\/v2\/pages\/15\/revisions"}],"wp:attachment":[{"href":"https:\/\/venturacounty.gov\/grand-jury\/es\/wp-json\/wp\/v2\/media?parent=15"}],"wp:term":[{"taxonomy":"category","embeddable":true,"href":"https:\/\/venturacounty.gov\/grand-jury\/es\/wp-json\/wp\/v2\/categories?post=15"},{"taxonomy":"post_tag","embeddable":true,"href":"https:\/\/venturacounty.gov\/grand-jury\/es\/wp-json\/wp\/v2\/tags?post=15"}],"curies":[{"name":"wp","href":"https:\/\/api.w.org\/{rel}","templated":true}]}}