{"id":365513,"date":"2023-07-20T16:42:27","date_gmt":"2023-07-20T16:42:27","guid":{"rendered":"https:\/\/venturacounty.gov\/grand-jury\/?page_id=365513"},"modified":"2023-07-20T16:51:58","modified_gmt":"2023-07-20T16:51:58","slug":"grand-jury-functions","status":"publish","type":"page","link":"https:\/\/venturacounty.gov\/grand-jury\/es\/grand-jury-functions\/","title":{"rendered":"Funciones del Gran Jurado"},"content":{"rendered":"<div data-elementor-type=\"wp-page\" data-elementor-id=\"365513\" class=\"elementor elementor-365513\" data-elementor-post-type=\"page\">\n\t\t\t\t<div class=\"elementor-element elementor-element-211bf85 e-flex e-con-boxed e-con e-parent\" data-id=\"211bf85\" data-element_type=\"container\">\n\t\t\t\t\t<div class=\"e-con-inner\">\n\t\t<div class=\"elementor-element elementor-element-1239e6f e-flex e-con-boxed e-con e-child\" data-id=\"1239e6f\" data-element_type=\"container\" data-settings=\"{&quot;background_background&quot;:&quot;classic&quot;}\">\n\t\t\t\t\t<div class=\"e-con-inner\">\n\t\t\t\t<div class=\"elementor-element elementor-element-ee60f99 elementor-widget elementor-widget-image\" data-id=\"ee60f99\" data-element_type=\"widget\" data-widget_type=\"image.default\">\n\t\t\t\t<div class=\"elementor-widget-container\">\n\t\t\t\t\t\t\t\t\t\t\t\t\t\t\t\t<a href=\"\/grand-jury\/es\/\">\n\t\t\t\t\t\t\t<img decoding=\"async\" width=\"357\" height=\"75\" src=\"https:\/\/venturacounty.gov\/grand-jury\/wp-content\/uploads\/sites\/25\/2023\/07\/grand-jury-header.png\" class=\"attachment-large size-large wp-image-101\" alt=\"Grand Jury Header\" srcset=\"https:\/\/venturacounty.gov\/grand-jury\/wp-content\/uploads\/sites\/25\/2023\/07\/grand-jury-header.png 357w, https:\/\/venturacounty.gov\/grand-jury\/wp-content\/uploads\/sites\/25\/2023\/07\/grand-jury-header-300x63.png 300w\" sizes=\"(max-width: 357px) 100vw, 357px\" \/>\t\t\t\t\t\t\t\t<\/a>\n\t\t\t\t\t\t\t\t\t\t\t\t\t\t\t<\/div>\n\t\t\t\t<\/div>\n\t\t\t\t\t<\/div>\n\t\t\t\t<\/div>\n\t\t\t\t\t<\/div>\n\t\t\t\t<\/div>\n\t\t<div class=\"elementor-element elementor-element-3645d9c e-flex e-con-boxed e-con e-parent\" data-id=\"3645d9c\" data-element_type=\"container\" data-settings=\"{&quot;background_background&quot;:&quot;classic&quot;}\">\n\t\t\t\t\t<div class=\"e-con-inner\">\n\t\t\t\t<div class=\"elementor-element elementor-element-0996bc0 elementor-nav-menu--dropdown-tablet elementor-nav-menu__text-align-aside elementor-nav-menu--toggle elementor-nav-menu--burger elementor-widget elementor-widget-nav-menu\" data-id=\"0996bc0\" data-element_type=\"widget\" data-settings=\"{&quot;layout&quot;:&quot;horizontal&quot;,&quot;submenu_icon&quot;:{&quot;value&quot;:&quot;&lt;i class=\\&quot;fas fa-caret-down\\&quot;&gt;&lt;\\\/i&gt;&quot;,&quot;library&quot;:&quot;fa-solid&quot;},&quot;toggle&quot;:&quot;burger&quot;}\" data-widget_type=\"nav-menu.default\">\n\t\t\t\t<div class=\"elementor-widget-container\">\n\t\t\t\t\t\t\t\t<nav aria-label=\"Men\u00fa\" class=\"elementor-nav-menu--main elementor-nav-menu__container elementor-nav-menu--layout-horizontal e--pointer-background e--animation-fade\">\n\t\t\t\t<ul id=\"menu-1-0996bc0\" class=\"elementor-nav-menu\"><li class=\"menu-item menu-item-type-post_type menu-item-object-page menu-item-home menu-item-365512\"><a href=\"https:\/\/venturacounty.gov\/grand-jury\/es\/\" class=\"elementor-item\">Gran jurado<\/a><\/li>\n<li class=\"menu-item menu-item-type-custom menu-item-object-custom menu-item-has-children menu-item-365516\"><a href=\"#\" class=\"elementor-item elementor-item-anchor\">Qui\u00e9nes somos<\/a>\n<ul class=\"sub-menu elementor-nav-menu--dropdown\">\n\t<li class=\"menu-item menu-item-type-post_type menu-item-object-page menu-item-365515\"><a href=\"https:\/\/venturacounty.gov\/grand-jury\/es\/introduction-to-the-grand-jury\/\" class=\"elementor-sub-item\">Introducci\u00f3n<\/a><\/li>\n\t<li class=\"menu-item menu-item-type-post_type menu-item-object-page menu-item-365518\"><a href=\"https:\/\/venturacounty.gov\/grand-jury\/es\/grand-jury-functions\/\" class=\"elementor-sub-item\">Funciones<\/a><\/li>\n\t<li class=\"menu-item menu-item-type-post_type menu-item-object-page menu-item-365523\"><a href=\"https:\/\/venturacounty.gov\/grand-jury\/es\/overview-presentation\/\" class=\"elementor-sub-item\">Presentaci\u00f3n general<\/a><\/li>\n\t<li class=\"menu-item menu-item-type-post_type menu-item-object-page menu-item-365525\"><a href=\"https:\/\/venturacounty.gov\/grand-jury\/es\/calnedar-of-events\/\" class=\"elementor-sub-item\">Calendario de actos<\/a><\/li>\n<\/ul>\n<\/li>\n<li class=\"menu-item menu-item-type-post_type menu-item-object-page menu-item-365527\"><a href=\"https:\/\/venturacounty.gov\/grand-jury\/es\/become-a-grand-juror\/\" class=\"elementor-item\">Convi\u00e9rtase en Gran Jurado<\/a><\/li>\n<li class=\"menu-item menu-item-type-post_type menu-item-object-page menu-item-365529\"><a href=\"https:\/\/venturacounty.gov\/grand-jury\/es\/complaints-investigations\/\" class=\"elementor-item\">Quejas e investigaciones<\/a><\/li>\n<li class=\"menu-item menu-item-type-post_type menu-item-object-page menu-item-365531\"><a href=\"https:\/\/venturacounty.gov\/grand-jury\/es\/jurisdiction\/\" class=\"elementor-item\">Jurisdicci\u00f3n<\/a><\/li>\n<li class=\"menu-item menu-item-type-custom menu-item-object-custom menu-item-has-children menu-item-365534\"><a href=\"#\" class=\"elementor-item elementor-item-anchor\">Medios de comunicaci\u00f3n<\/a>\n<ul class=\"sub-menu elementor-nav-menu--dropdown\">\n\t<li class=\"menu-item menu-item-type-post_type menu-item-object-page menu-item-365536\"><a href=\"https:\/\/venturacounty.gov\/grand-jury\/es\/tvradio-interviews\/\" class=\"elementor-sub-item\">Entrevistas de radio y televisi\u00f3n<\/a><\/li>\n\t<li class=\"menu-item menu-item-type-post_type menu-item-object-page menu-item-365535\"><a href=\"https:\/\/venturacounty.gov\/grand-jury\/es\/press-releases\/\" class=\"elementor-sub-item\">Comunicados de prensa<\/a><\/li>\n<\/ul>\n<\/li>\n<li class=\"menu-item menu-item-type-custom menu-item-object-custom menu-item-has-children menu-item-365539\"><a href=\"https:\/\/venturacounty.gov\/grand-jury\/es\/fiscal-year-2024-2025\/\" class=\"elementor-item\">Informes<\/a>\n<ul class=\"sub-menu elementor-nav-menu--dropdown\">\n\t<li class=\"menu-item menu-item-type-post_type menu-item-object-page menu-item-365644\"><a href=\"https:\/\/venturacounty.gov\/grand-jury\/es\/fiscal-year-2024-2025\/\" class=\"elementor-sub-item\">Ejercicio 2024-2025<\/a><\/li>\n\t<li class=\"menu-item menu-item-type-post_type menu-item-object-page menu-item-365616\"><a href=\"https:\/\/venturacounty.gov\/grand-jury\/es\/fiscal-year-2023-2024\/\" class=\"elementor-sub-item\">Ejercicio 2023-2024<\/a><\/li>\n\t<li class=\"menu-item menu-item-type-post_type menu-item-object-page menu-item-365541\"><a href=\"https:\/\/venturacounty.gov\/grand-jury\/es\/fiscal-year-2022-2023\/\" class=\"elementor-sub-item\">Ejercicio 2022-2023<\/a><\/li>\n\t<li class=\"menu-item menu-item-type-post_type menu-item-object-page menu-item-365543\"><a href=\"https:\/\/venturacounty.gov\/grand-jury\/es\/fiscal-year-2021-2022\/\" class=\"elementor-sub-item\">Ejercicio 2021-2022<\/a><\/li>\n\t<li class=\"menu-item menu-item-type-post_type menu-item-object-page menu-item-365545\"><a href=\"https:\/\/venturacounty.gov\/grand-jury\/es\/fiscal-year-2020-2021\/\" class=\"elementor-sub-item\">Ejercicio 2020-2021<\/a><\/li>\n\t<li class=\"menu-item menu-item-type-post_type menu-item-object-page menu-item-365547\"><a href=\"https:\/\/venturacounty.gov\/grand-jury\/es\/fiscal-year-20192020\/\" class=\"elementor-sub-item\">Ejercicio 2019-2020<\/a><\/li>\n\t<li class=\"menu-item menu-item-type-post_type menu-item-object-page menu-item-365549\"><a href=\"https:\/\/venturacounty.gov\/grand-jury\/es\/fiscal-year-2018-2019\/\" class=\"elementor-sub-item\">Ejercicio 2018-2019<\/a><\/li>\n\t<li class=\"menu-item menu-item-type-post_type menu-item-object-page menu-item-365551\"><a href=\"https:\/\/venturacounty.gov\/grand-jury\/es\/fiscal-year-2017-2018\/\" class=\"elementor-sub-item\">Ejercicio 2017-2018<\/a><\/li>\n\t<li class=\"menu-item menu-item-type-post_type menu-item-object-page menu-item-365553\"><a href=\"https:\/\/venturacounty.gov\/grand-jury\/es\/fiscal-year-2016-2017\/\" class=\"elementor-sub-item\">Ejercicio 2016-2017<\/a><\/li>\n\t<li class=\"menu-item menu-item-type-custom menu-item-object-custom menu-item-has-children menu-item-365560\"><a href=\"#\" class=\"elementor-sub-item elementor-item-anchor\">A\u00f1os archivados<\/a>\n\t<ul class=\"sub-menu elementor-nav-menu--dropdown\">\n\t\t<li class=\"menu-item menu-item-type-post_type menu-item-object-page menu-item-365556\"><a href=\"https:\/\/venturacounty.gov\/grand-jury\/es\/fiscal-years-2011-2015\/\" class=\"elementor-sub-item\">Ejercicios 2011-2015<\/a><\/li>\n\t\t<li class=\"menu-item menu-item-type-post_type menu-item-object-page menu-item-365557\"><a href=\"https:\/\/venturacounty.gov\/grand-jury\/es\/fiscal-years-2006-2010\/\" class=\"elementor-sub-item\">Ejercicios 2006-2010<\/a><\/li>\n\t\t<li class=\"menu-item menu-item-type-post_type menu-item-object-page menu-item-365559\"><a href=\"https:\/\/venturacounty.gov\/grand-jury\/es\/fiscal-years-2000-2005\/\" class=\"elementor-sub-item\">A\u00f1os fiscales 2000-2005<\/a><\/li>\n\t\t<li class=\"menu-item menu-item-type-post_type menu-item-object-page menu-item-365562\"><a href=\"https:\/\/venturacounty.gov\/grand-jury\/es\/fiscal-years-1995-1999\/\" class=\"elementor-sub-item\">Ejercicios 1995-1999<\/a><\/li>\n\t<\/ul>\n<\/li>\n<\/ul>\n<\/li>\n<li class=\"menu-item menu-item-type-post_type menu-item-object-page menu-item-365538\"><a href=\"https:\/\/venturacounty.gov\/grand-jury\/es\/forms\/\" class=\"elementor-item\">Formularios<\/a><\/li>\n<\/ul>\t\t\t<\/nav>\n\t\t\t\t\t<div class=\"elementor-menu-toggle\" role=\"button\" tabindex=\"0\" aria-label=\"Men\u00fa Toggle\" aria-expanded=\"false\">\n\t\t\t<i aria-hidden=\"true\" role=\"presentation\" class=\"elementor-menu-toggle__icon--open eicon-menu-bar\"><\/i><i aria-hidden=\"true\" role=\"presentation\" class=\"elementor-menu-toggle__icon--close eicon-close\"><\/i>\t\t<\/div>\n\t\t\t\t\t<nav class=\"elementor-nav-menu--dropdown elementor-nav-menu__container\" aria-hidden=\"true\">\n\t\t\t\t<ul id=\"menu-2-0996bc0\" class=\"elementor-nav-menu\"><li class=\"menu-item menu-item-type-post_type menu-item-object-page menu-item-home menu-item-365512\"><a href=\"https:\/\/venturacounty.gov\/grand-jury\/es\/\" class=\"elementor-item\" tabindex=\"-1\">Gran jurado<\/a><\/li>\n<li class=\"menu-item menu-item-type-custom menu-item-object-custom menu-item-has-children menu-item-365516\"><a href=\"#\" class=\"elementor-item elementor-item-anchor\" tabindex=\"-1\">Qui\u00e9nes somos<\/a>\n<ul class=\"sub-menu elementor-nav-menu--dropdown\">\n\t<li class=\"menu-item menu-item-type-post_type menu-item-object-page menu-item-365515\"><a href=\"https:\/\/venturacounty.gov\/grand-jury\/es\/introduction-to-the-grand-jury\/\" class=\"elementor-sub-item\" tabindex=\"-1\">Introducci\u00f3n<\/a><\/li>\n\t<li class=\"menu-item menu-item-type-post_type menu-item-object-page menu-item-365518\"><a href=\"https:\/\/venturacounty.gov\/grand-jury\/es\/grand-jury-functions\/\" class=\"elementor-sub-item\" tabindex=\"-1\">Funciones<\/a><\/li>\n\t<li class=\"menu-item menu-item-type-post_type menu-item-object-page menu-item-365523\"><a href=\"https:\/\/venturacounty.gov\/grand-jury\/es\/overview-presentation\/\" class=\"elementor-sub-item\" tabindex=\"-1\">Presentaci\u00f3n general<\/a><\/li>\n\t<li class=\"menu-item menu-item-type-post_type menu-item-object-page menu-item-365525\"><a href=\"https:\/\/venturacounty.gov\/grand-jury\/es\/calnedar-of-events\/\" class=\"elementor-sub-item\" tabindex=\"-1\">Calendario de actos<\/a><\/li>\n<\/ul>\n<\/li>\n<li class=\"menu-item menu-item-type-post_type menu-item-object-page menu-item-365527\"><a href=\"https:\/\/venturacounty.gov\/grand-jury\/es\/become-a-grand-juror\/\" class=\"elementor-item\" tabindex=\"-1\">Convi\u00e9rtase en Gran Jurado<\/a><\/li>\n<li class=\"menu-item menu-item-type-post_type menu-item-object-page menu-item-365529\"><a href=\"https:\/\/venturacounty.gov\/grand-jury\/es\/complaints-investigations\/\" class=\"elementor-item\" tabindex=\"-1\">Quejas e investigaciones<\/a><\/li>\n<li class=\"menu-item menu-item-type-post_type menu-item-object-page menu-item-365531\"><a href=\"https:\/\/venturacounty.gov\/grand-jury\/es\/jurisdiction\/\" class=\"elementor-item\" tabindex=\"-1\">Jurisdicci\u00f3n<\/a><\/li>\n<li class=\"menu-item menu-item-type-custom menu-item-object-custom menu-item-has-children menu-item-365534\"><a href=\"#\" class=\"elementor-item elementor-item-anchor\" tabindex=\"-1\">Medios de comunicaci\u00f3n<\/a>\n<ul class=\"sub-menu elementor-nav-menu--dropdown\">\n\t<li class=\"menu-item menu-item-type-post_type menu-item-object-page menu-item-365536\"><a href=\"https:\/\/venturacounty.gov\/grand-jury\/es\/tvradio-interviews\/\" class=\"elementor-sub-item\" tabindex=\"-1\">Entrevistas de radio y televisi\u00f3n<\/a><\/li>\n\t<li class=\"menu-item menu-item-type-post_type menu-item-object-page menu-item-365535\"><a href=\"https:\/\/venturacounty.gov\/grand-jury\/es\/press-releases\/\" class=\"elementor-sub-item\" tabindex=\"-1\">Comunicados de prensa<\/a><\/li>\n<\/ul>\n<\/li>\n<li class=\"menu-item menu-item-type-custom menu-item-object-custom menu-item-has-children menu-item-365539\"><a href=\"https:\/\/venturacounty.gov\/grand-jury\/es\/fiscal-year-2024-2025\/\" class=\"elementor-item\" tabindex=\"-1\">Informes<\/a>\n<ul class=\"sub-menu elementor-nav-menu--dropdown\">\n\t<li class=\"menu-item menu-item-type-post_type menu-item-object-page menu-item-365644\"><a href=\"https:\/\/venturacounty.gov\/grand-jury\/es\/fiscal-year-2024-2025\/\" class=\"elementor-sub-item\" tabindex=\"-1\">Ejercicio 2024-2025<\/a><\/li>\n\t<li class=\"menu-item menu-item-type-post_type menu-item-object-page menu-item-365616\"><a href=\"https:\/\/venturacounty.gov\/grand-jury\/es\/fiscal-year-2023-2024\/\" class=\"elementor-sub-item\" tabindex=\"-1\">Ejercicio 2023-2024<\/a><\/li>\n\t<li class=\"menu-item menu-item-type-post_type menu-item-object-page menu-item-365541\"><a href=\"https:\/\/venturacounty.gov\/grand-jury\/es\/fiscal-year-2022-2023\/\" class=\"elementor-sub-item\" tabindex=\"-1\">Ejercicio 2022-2023<\/a><\/li>\n\t<li class=\"menu-item menu-item-type-post_type menu-item-object-page menu-item-365543\"><a href=\"https:\/\/venturacounty.gov\/grand-jury\/es\/fiscal-year-2021-2022\/\" class=\"elementor-sub-item\" tabindex=\"-1\">Ejercicio 2021-2022<\/a><\/li>\n\t<li class=\"menu-item menu-item-type-post_type menu-item-object-page menu-item-365545\"><a href=\"https:\/\/venturacounty.gov\/grand-jury\/es\/fiscal-year-2020-2021\/\" class=\"elementor-sub-item\" tabindex=\"-1\">Ejercicio 2020-2021<\/a><\/li>\n\t<li class=\"menu-item menu-item-type-post_type menu-item-object-page menu-item-365547\"><a href=\"https:\/\/venturacounty.gov\/grand-jury\/es\/fiscal-year-20192020\/\" class=\"elementor-sub-item\" tabindex=\"-1\">Ejercicio 2019-2020<\/a><\/li>\n\t<li class=\"menu-item menu-item-type-post_type menu-item-object-page menu-item-365549\"><a href=\"https:\/\/venturacounty.gov\/grand-jury\/es\/fiscal-year-2018-2019\/\" class=\"elementor-sub-item\" tabindex=\"-1\">Ejercicio 2018-2019<\/a><\/li>\n\t<li class=\"menu-item menu-item-type-post_type menu-item-object-page menu-item-365551\"><a href=\"https:\/\/venturacounty.gov\/grand-jury\/es\/fiscal-year-2017-2018\/\" class=\"elementor-sub-item\" tabindex=\"-1\">Ejercicio 2017-2018<\/a><\/li>\n\t<li class=\"menu-item menu-item-type-post_type menu-item-object-page menu-item-365553\"><a href=\"https:\/\/venturacounty.gov\/grand-jury\/es\/fiscal-year-2016-2017\/\" class=\"elementor-sub-item\" tabindex=\"-1\">Ejercicio 2016-2017<\/a><\/li>\n\t<li class=\"menu-item menu-item-type-custom menu-item-object-custom menu-item-has-children menu-item-365560\"><a href=\"#\" class=\"elementor-sub-item elementor-item-anchor\" tabindex=\"-1\">A\u00f1os archivados<\/a>\n\t<ul class=\"sub-menu elementor-nav-menu--dropdown\">\n\t\t<li class=\"menu-item menu-item-type-post_type menu-item-object-page menu-item-365556\"><a href=\"https:\/\/venturacounty.gov\/grand-jury\/es\/fiscal-years-2011-2015\/\" class=\"elementor-sub-item\" tabindex=\"-1\">Ejercicios 2011-2015<\/a><\/li>\n\t\t<li class=\"menu-item menu-item-type-post_type menu-item-object-page menu-item-365557\"><a href=\"https:\/\/venturacounty.gov\/grand-jury\/es\/fiscal-years-2006-2010\/\" class=\"elementor-sub-item\" tabindex=\"-1\">Ejercicios 2006-2010<\/a><\/li>\n\t\t<li class=\"menu-item menu-item-type-post_type menu-item-object-page menu-item-365559\"><a href=\"https:\/\/venturacounty.gov\/grand-jury\/es\/fiscal-years-2000-2005\/\" class=\"elementor-sub-item\" tabindex=\"-1\">A\u00f1os fiscales 2000-2005<\/a><\/li>\n\t\t<li class=\"menu-item menu-item-type-post_type menu-item-object-page menu-item-365562\"><a href=\"https:\/\/venturacounty.gov\/grand-jury\/es\/fiscal-years-1995-1999\/\" class=\"elementor-sub-item\" tabindex=\"-1\">Ejercicios 1995-1999<\/a><\/li>\n\t<\/ul>\n<\/li>\n<\/ul>\n<\/li>\n<li class=\"menu-item menu-item-type-post_type menu-item-object-page menu-item-365538\"><a href=\"https:\/\/venturacounty.gov\/grand-jury\/es\/forms\/\" class=\"elementor-item\" tabindex=\"-1\">Formularios<\/a><\/li>\n<\/ul>\t\t\t<\/nav>\n\t\t\t\t\t\t<\/div>\n\t\t\t\t<\/div>\n\t\t\t\t\t<\/div>\n\t\t\t\t<\/div>\n\t\t<div class=\"elementor-element elementor-element-0177729 e-flex e-con-boxed e-con e-parent\" data-id=\"0177729\" data-element_type=\"container\">\n\t\t\t\t\t<div class=\"e-con-inner\">\n\t\t<div class=\"elementor-element elementor-element-1195064 e-flex e-con-boxed e-con e-child\" data-id=\"1195064\" data-element_type=\"container\">\n\t\t\t\t\t<div class=\"e-con-inner\">\n\t\t\t\t<div class=\"elementor-element elementor-element-3d80ded elementor-widget elementor-widget-heading\" data-id=\"3d80ded\" data-element_type=\"widget\" data-widget_type=\"heading.default\">\n\t\t\t\t<div class=\"elementor-widget-container\">\n\t\t\t\t\t<h1 class=\"elementor-heading-title elementor-size-default\">Funciones del Gran Jurado<\/h1>\t\t\t\t<\/div>\n\t\t\t\t<\/div>\n\t\t\t\t<div class=\"elementor-element elementor-element-76ae982 elementor-widget-divider--view-line elementor-widget elementor-widget-divider\" data-id=\"76ae982\" data-element_type=\"widget\" data-widget_type=\"divider.default\">\n\t\t\t\t<div class=\"elementor-widget-container\">\n\t\t\t\t\t\t\t<div class=\"elementor-divider\">\n\t\t\t<span class=\"elementor-divider-separator\">\n\t\t\t\t\t\t<\/span>\n\t\t<\/div>\n\t\t\t\t\t\t<\/div>\n\t\t\t\t<\/div>\n\t\t\t\t<div class=\"elementor-element elementor-element-ce49b4b elementor-widget elementor-widget-text-editor\" data-id=\"ce49b4b\" data-element_type=\"widget\" data-widget_type=\"text-editor.default\">\n\t\t\t\t<div class=\"elementor-widget-container\">\n\t\t\t\t\t\t\t\t\t<p>El gran jurado \"civil\" es un \u00f3rgano de investigaci\u00f3n creado para servir como voz del pueblo y conciencia de la comunidad. Los jurados no son nombrados por los pol\u00edticos, sino que son voluntarios que act\u00faan como ojos y o\u00eddos independientes de los residentes del condado de Ventura. Aunque las responsabilidades de un jurado son muchas y diversas, las tres funciones predominantes incluyen:<\/p><p><strong>1. Supervisi\u00f3n gubernamental<\/strong>. De acuerdo con la Secci\u00f3n 888 del C\u00f3digo Penal de California, el gran jurado \"...estar\u00e1 encargado y juramentado para investigar o indagar sobre asuntos civiles del condado....\". Este mandato se refiere a asuntos civiles dentro de los l\u00edmites del condado de Ventura e incluye ciudades, agencias y distritos financiados con impuestos y cualquier agencia o distrito creado por ley estatal. No\u00a0<em>no<\/em>\u00a0incluyen agencias federales o estatales que operan en el condado.<\/p><p>Para garantizar que se atienden los intereses de los residentes del condado de Ventura, el gran jurado puede examinar todos los aspectos del gobierno del condado y de la ciudad, as\u00ed como los distritos especiales y los acuerdos de poderes conjuntos. Como parte de su funci\u00f3n de \"vigilancia\", el gran jurado lleva a cabo investigaciones en respuesta a las quejas presentadas por los residentes del condado (quejas p\u00fablicas), as\u00ed como las originadas dentro del propio gran jurado (investigaciones internas). El gran jurado revisa y eval\u00faa las pol\u00edticas, procedimientos y pr\u00e1cticas de gobierno para determinar su eficiencia y eficacia. El gran jurado es\u00a0<em>autorizado<\/em>\u00a0inspeccionar y auditar libros, registros y gastos financieros para garantizar que los fondos p\u00fablicos se contabilizan correctamente y se gastan legalmente. Adem\u00e1s, el gran jurado\u00a0<em>obligatorio<\/em>\u00a0investigar las condiciones de todas las c\u00e1rceles y centros de detenci\u00f3n del condado.<\/p><p><strong>2. Acusaciones<\/strong>La Secci\u00f3n 919c del C\u00f3digo Penal de California dice: \"El Gran Jurado investigar\u00e1 la conducta indebida intencionada o corrupta en el cargo de los funcionarios p\u00fablicos de toda \u00edndole dentro del condado\". Si, tras la oportuna investigaci\u00f3n, se sospecha una conducta indebida intencionada o corrupta, el gran jurado puede presentar una acusaci\u00f3n por escrito al fiscal del distrito. En la pr\u00e1ctica, esta funci\u00f3n rara vez se utiliza.<\/p><p><strong>3. Informes<\/strong>. El gran jurado emite informes a medida que concluye cada investigaci\u00f3n. Se hacen p\u00fablicos a trav\u00e9s de los medios de comunicaci\u00f3n y en la p\u00e1gina web del Gran Jurado. Los problemas detectados en los informes requieren recomendaciones para resolverlos. Los cargos electos deben responder a las recomendaciones por escrito en un plazo de 60 d\u00edas, y las juntas electas en un plazo de 90 d\u00edas. A medida que se reciben, las respuestas se publican junto con los informes. Al final de su mandato, el gran jurado recopila todos los informes en un informe final consolidado.<\/p>\t\t\t\t\t\t\t\t<\/div>\n\t\t\t\t<\/div>\n\t\t\t\t\t<\/div>\n\t\t\t\t<\/div>\n\t\t\t\t\t<\/div>\n\t\t\t\t<\/div>\n\t\t\t\t<\/div>","protected":false},"excerpt":{"rendered":"<p>The \u201ccivil\u201d grand jury is an investigative body created to serve as a voice of the people and a conscience of the community. Jurors are not appointed by politicians but are volunteers who act as independent eyes and ears of the residents of Ventura County. Although the responsibilities of a juror are many and diverse, [&hellip;]<\/p>\n","protected":false},"author":5,"featured_media":0,"parent":0,"menu_order":0,"comment_status":"closed","ping_status":"closed","template":"","meta":{"_relevanssi_hide_post":"","_relevanssi_hide_content":"","_relevanssi_pin_for_all":"","_relevanssi_pin_keywords":"","_relevanssi_unpin_keywords":"","_relevanssi_related_keywords":"","_relevanssi_related_include_ids":"","_relevanssi_related_exclude_ids":"","_relevanssi_related_no_append":"","_relevanssi_related_not_related":"","_relevanssi_related_posts":"","_relevanssi_noindex_reason":"","footnotes":""},"categories":[],"tags":[],"class_list":["post-365513","page","type-page","status-publish","hentry"],"_links":{"self":[{"href":"https:\/\/venturacounty.gov\/grand-jury\/es\/wp-json\/wp\/v2\/pages\/365513","targetHints":{"allow":["GET"]}}],"collection":[{"href":"https:\/\/venturacounty.gov\/grand-jury\/es\/wp-json\/wp\/v2\/pages"}],"about":[{"href":"https:\/\/venturacounty.gov\/grand-jury\/es\/wp-json\/wp\/v2\/types\/page"}],"author":[{"embeddable":true,"href":"https:\/\/venturacounty.gov\/grand-jury\/es\/wp-json\/wp\/v2\/users\/5"}],"replies":[{"embeddable":true,"href":"https:\/\/venturacounty.gov\/grand-jury\/es\/wp-json\/wp\/v2\/comments?post=365513"}],"version-history":[{"count":0,"href":"https:\/\/venturacounty.gov\/grand-jury\/es\/wp-json\/wp\/v2\/pages\/365513\/revisions"}],"wp:attachment":[{"href":"https:\/\/venturacounty.gov\/grand-jury\/es\/wp-json\/wp\/v2\/media?parent=365513"}],"wp:term":[{"taxonomy":"category","embeddable":true,"href":"https:\/\/venturacounty.gov\/grand-jury\/es\/wp-json\/wp\/v2\/categories?post=365513"},{"taxonomy":"post_tag","embeddable":true,"href":"https:\/\/venturacounty.gov\/grand-jury\/es\/wp-json\/wp\/v2\/tags?post=365513"}],"curies":[{"name":"wp","href":"https:\/\/api.w.org\/{rel}","templated":true}]}}