{"id":392379,"date":"2023-07-14T16:50:56","date_gmt":"2023-07-14T16:50:56","guid":{"rendered":"https:\/\/venturacounty.gov\/human-services-agency\/?page_id=392379"},"modified":"2025-12-10T22:22:43","modified_gmt":"2025-12-10T22:22:43","slug":"hmis-home","status":"publish","type":"page","link":"https:\/\/venturacounty.gov\/human-services-agency\/es\/hmis-home\/","title":{"rendered":"Sistema de gesti\u00f3n de personas sin hogar"},"content":{"rendered":"<div data-elementor-type=\"wp-page\" data-elementor-id=\"392379\" class=\"elementor elementor-392379\" data-elementor-post-type=\"page\">\n\t\t\t\t<div class=\"elementor-element elementor-element-3645d9c e-flex e-con-boxed e-con e-parent\" data-id=\"3645d9c\" data-element_type=\"container\" data-settings=\"{&quot;background_background&quot;:&quot;classic&quot;,&quot;jet_parallax_layout_list&quot;:[]}\">\n\t\t\t\t\t<div class=\"e-con-inner\">\n\t\t\t\t<div class=\"elementor-element elementor-element-0996bc0 elementor-nav-menu--dropdown-tablet elementor-nav-menu__text-align-aside elementor-nav-menu--toggle elementor-nav-menu--burger elementor-widget elementor-widget-nav-menu\" data-id=\"0996bc0\" data-element_type=\"widget\" data-settings=\"{&quot;layout&quot;:&quot;horizontal&quot;,&quot;submenu_icon&quot;:{&quot;value&quot;:&quot;&lt;i class=\\&quot;fas fa-caret-down\\&quot;&gt;&lt;\\\/i&gt;&quot;,&quot;library&quot;:&quot;fa-solid&quot;},&quot;toggle&quot;:&quot;burger&quot;}\" data-widget_type=\"nav-menu.default\">\n\t\t\t\t<div class=\"elementor-widget-container\">\n\t\t\t\t\t\t\t\t<nav aria-label=\"Men\u00fa\" class=\"elementor-nav-menu--main elementor-nav-menu__container elementor-nav-menu--layout-horizontal e--pointer-background e--animation-fade\">\n\t\t\t\t<ul id=\"menu-1-0996bc0\" class=\"elementor-nav-menu\"><li class=\"menu-item menu-item-type-custom menu-item-object-custom menu-item-has-children menu-item-395173\"><a href=\"#\" class=\"elementor-item elementor-item-anchor\">Qui\u00e9nes somos<\/a>\n<ul class=\"sub-menu elementor-nav-menu--dropdown\">\n\t<li class=\"menu-item menu-item-type-post_type menu-item-object-page menu-item-395169\"><a href=\"https:\/\/venturacounty.gov\/human-services-agency\/es\/about-human-services-agency\/\" class=\"elementor-sub-item\">Misi\u00f3n \/ Visi\u00f3n \/ Valores<\/a><\/li>\n\t<li class=\"menu-item menu-item-type-custom menu-item-object-custom menu-item-has-children menu-item-395175\"><a href=\"#\" class=\"elementor-sub-item elementor-item-anchor\">Publicaciones<\/a>\n\t<ul class=\"sub-menu elementor-nav-menu--dropdown\">\n\t\t<li class=\"menu-item menu-item-type-post_type menu-item-object-page menu-item-395176\"><a href=\"https:\/\/venturacounty.gov\/human-services-agency\/es\/annual-reports\/\" class=\"elementor-sub-item\">Informes anuales<\/a><\/li>\n\t\t<li class=\"menu-item menu-item-type-post_type menu-item-object-page menu-item-395177\"><a href=\"https:\/\/venturacounty.gov\/human-services-agency\/es\/publications-3\/\" class=\"elementor-sub-item\">Pol\u00edticas de HSA<\/a><\/li>\n\t\t<li class=\"menu-item menu-item-type-post_type menu-item-object-page menu-item-396128\"><a href=\"https:\/\/venturacounty.gov\/human-services-agency\/es\/strategic-plan\/\" class=\"elementor-sub-item\">Plan estrat\u00e9gico de la HSA<\/a><\/li>\n\t\t<li class=\"menu-item menu-item-type-post_type menu-item-object-page menu-item-395178\"><a href=\"https:\/\/venturacounty.gov\/human-services-agency\/es\/publications\/\" class=\"elementor-sub-item\">Folletos del programa<\/a><\/li>\n\t<\/ul>\n<\/li>\n\t<li class=\"menu-item menu-item-type-post_type menu-item-object-page menu-item-395214\"><a href=\"https:\/\/venturacounty.gov\/human-services-agency\/es\/about-human-services-agency\/leadership-team\/\" class=\"elementor-sub-item\">Equipo directivo<\/a><\/li>\n\t<li class=\"menu-item menu-item-type-post_type menu-item-object-page menu-item-395172\"><a href=\"https:\/\/venturacounty.gov\/human-services-agency\/es\/hsa-join-our-team\/\" class=\"elementor-sub-item\">\u00danete a nuestro equipo<\/a><\/li>\n\t<li class=\"menu-item menu-item-type-post_type menu-item-object-page menu-item-396544\"><a href=\"https:\/\/venturacounty.gov\/human-services-agency\/es\/hsa-data-and-information\/\" class=\"elementor-sub-item\">Datos e informaci\u00f3n de la HSA<\/a><\/li>\n\t<li class=\"menu-item menu-item-type-post_type menu-item-object-page menu-item-395171\"><a href=\"https:\/\/venturacounty.gov\/human-services-agency\/es\/hsa-contact-us\/\" class=\"elementor-sub-item\">Contactar con HSA<\/a><\/li>\n<\/ul>\n<\/li>\n<li class=\"menu-item menu-item-type-custom menu-item-object-custom menu-item-has-children menu-item-74\"><a href=\"#\" class=\"elementor-item elementor-item-anchor\">Servicios<\/a>\n<ul class=\"sub-menu elementor-nav-menu--dropdown\">\n\t<li class=\"menu-item menu-item-type-custom menu-item-object-custom menu-item-395039\"><a href=\"https:\/\/venturacounty.gov\/human-services-agency\/es\/locations-ways-to-apply\/\" class=\"elementor-sub-item\">Ubicaciones y formas de solicitarlo<\/a><\/li>\n\t<li class=\"menu-item menu-item-type-post_type menu-item-object-page menu-item-392290\"><a href=\"https:\/\/venturacounty.gov\/human-services-agency\/es\/hsa-services\/\" class=\"elementor-sub-item\">Lista de servicios<\/a><\/li>\n\t<li class=\"menu-item menu-item-type-post_type menu-item-object-page menu-item-392292\"><a href=\"https:\/\/venturacounty.gov\/human-services-agency\/es\/topics-a-z\/\" class=\"elementor-sub-item\">Temas A-Z<\/a><\/li>\n\t<li class=\"menu-item menu-item-type-post_type menu-item-object-page menu-item-392294\"><a href=\"https:\/\/venturacounty.gov\/human-services-agency\/es\/foster-transitional-age-youth\/\" class=\"elementor-sub-item\">J\u00f3venes en edad de acogida y de transici\u00f3n<\/a><\/li>\n\t<li class=\"menu-item menu-item-type-post_type menu-item-object-page menu-item-392295\"><a href=\"https:\/\/venturacounty.gov\/human-services-agency\/es\/helpful-links-information\/\" class=\"elementor-sub-item\">Enlaces \u00fatiles e informaci\u00f3n<\/a><\/li>\n<\/ul>\n<\/li>\n<li class=\"menu-item menu-item-type-post_type menu-item-object-page menu-item-392297\"><a href=\"https:\/\/venturacounty.gov\/human-services-agency\/es\/how-do-i\/\" class=\"elementor-item\">\u00bfC\u00f3mo lo hago?<\/a><\/li>\n<li class=\"menu-item menu-item-type-post_type menu-item-object-page menu-item-392300\"><a href=\"https:\/\/venturacounty.gov\/human-services-agency\/es\/partners-providers\/\" class=\"elementor-item\">Socios y proveedores<\/a><\/li>\n<li class=\"menu-item menu-item-type-post_type menu-item-object-page menu-item-has-children menu-item-395080\"><a href=\"https:\/\/venturacounty.gov\/human-services-agency\/es\/disaster-resources\/\" class=\"elementor-item\">Recursos para cat\u00e1strofes<\/a>\n<ul class=\"sub-menu elementor-nav-menu--dropdown\">\n\t<li class=\"menu-item menu-item-type-custom menu-item-object-custom menu-item-has-children menu-item-395084\"><a href=\"https:\/\/venturacounty.gov\/human-services-agency\/es\/emergency-resources\/\" class=\"elementor-sub-item\">Evaluaci\u00f3n del acceso comunitario a las emergencias<\/a>\n\t<ul class=\"sub-menu elementor-nav-menu--dropdown\">\n\t\t<li class=\"menu-item menu-item-type-post_type menu-item-object-page menu-item-395083\"><a href=\"https:\/\/venturacounty.gov\/human-services-agency\/es\/disaster-resources\/survey-and-project-updates\/\" class=\"elementor-sub-item\">Actualizaciones de encuestas y proyectos<\/a><\/li>\n\t\t<li class=\"menu-item menu-item-type-post_type menu-item-object-page menu-item-395082\"><a href=\"https:\/\/venturacounty.gov\/human-services-agency\/es\/disaster-resources\/toolkit\/\" class=\"elementor-sub-item\">Recursos<\/a><\/li>\n\t<\/ul>\n<\/li>\n\t<li class=\"menu-item menu-item-type-post_type menu-item-object-page menu-item-392306\"><a href=\"https:\/\/venturacounty.gov\/human-services-agency\/es\/hsa-alert\/\" class=\"elementor-sub-item\">Alertas HSA<\/a><\/li>\n<\/ul>\n<\/li>\n<li class=\"menu-item menu-item-type-post_type menu-item-object-page menu-item-has-children menu-item-395487\"><a href=\"https:\/\/venturacounty.gov\/human-services-agency\/es\/hsa-news\/\" class=\"elementor-item\">Noticias y eventos<\/a>\n<ul class=\"sub-menu elementor-nav-menu--dropdown\">\n\t<li class=\"menu-item menu-item-type-post_type menu-item-object-page menu-item-396380\"><a href=\"https:\/\/venturacounty.gov\/human-services-agency\/es\/about-human-services-agency\/events\/\" class=\"elementor-sub-item\">Eventos<\/a><\/li>\n\t<li class=\"menu-item menu-item-type-post_type menu-item-object-page menu-item-395290\"><a href=\"https:\/\/venturacounty.gov\/human-services-agency\/es\/hsa-news\/\" class=\"elementor-sub-item\">Boletines electr\u00f3nicos de HSA<\/a><\/li>\n\t<li class=\"menu-item menu-item-type-post_type menu-item-object-page menu-item-395488\"><a href=\"https:\/\/venturacounty.gov\/human-services-agency\/es\/social-media\/\" class=\"elementor-sub-item\">Redes sociales de la HSA<\/a><\/li>\n\t<li class=\"menu-item menu-item-type-post_type menu-item-object-page menu-item-395489\"><a href=\"https:\/\/venturacounty.gov\/human-services-agency\/es\/media\/\" class=\"elementor-sub-item\">Informaci\u00f3n para los medios<\/a><\/li>\n<\/ul>\n<\/li>\n<li class=\"menu-item menu-item-type-post_type menu-item-object-page menu-item-392307\"><a href=\"https:\/\/venturacounty.gov\/human-services-agency\/es\/hsa-contact-us\/\" class=\"elementor-item\">Contactar con HSA<\/a><\/li>\n<\/ul>\t\t\t<\/nav>\n\t\t\t\t\t<div class=\"elementor-menu-toggle\" role=\"button\" tabindex=\"0\" aria-label=\"Men\u00fa Toggle\" aria-expanded=\"false\">\n\t\t\t<i aria-hidden=\"true\" role=\"presentation\" class=\"elementor-menu-toggle__icon--open eicon-menu-bar\"><\/i><i aria-hidden=\"true\" role=\"presentation\" class=\"elementor-menu-toggle__icon--close eicon-close\"><\/i>\t\t<\/div>\n\t\t\t\t\t<nav class=\"elementor-nav-menu--dropdown elementor-nav-menu__container\" aria-hidden=\"true\">\n\t\t\t\t<ul id=\"menu-2-0996bc0\" class=\"elementor-nav-menu\"><li class=\"menu-item menu-item-type-custom menu-item-object-custom menu-item-has-children menu-item-395173\"><a href=\"#\" class=\"elementor-item elementor-item-anchor\" tabindex=\"-1\">Qui\u00e9nes somos<\/a>\n<ul class=\"sub-menu elementor-nav-menu--dropdown\">\n\t<li class=\"menu-item menu-item-type-post_type menu-item-object-page menu-item-395169\"><a href=\"https:\/\/venturacounty.gov\/human-services-agency\/es\/about-human-services-agency\/\" class=\"elementor-sub-item\" tabindex=\"-1\">Misi\u00f3n \/ Visi\u00f3n \/ Valores<\/a><\/li>\n\t<li class=\"menu-item menu-item-type-custom menu-item-object-custom menu-item-has-children menu-item-395175\"><a href=\"#\" class=\"elementor-sub-item elementor-item-anchor\" tabindex=\"-1\">Publicaciones<\/a>\n\t<ul class=\"sub-menu elementor-nav-menu--dropdown\">\n\t\t<li class=\"menu-item menu-item-type-post_type menu-item-object-page menu-item-395176\"><a href=\"https:\/\/venturacounty.gov\/human-services-agency\/es\/annual-reports\/\" class=\"elementor-sub-item\" tabindex=\"-1\">Informes anuales<\/a><\/li>\n\t\t<li class=\"menu-item menu-item-type-post_type menu-item-object-page menu-item-395177\"><a href=\"https:\/\/venturacounty.gov\/human-services-agency\/es\/publications-3\/\" class=\"elementor-sub-item\" tabindex=\"-1\">Pol\u00edticas de HSA<\/a><\/li>\n\t\t<li class=\"menu-item menu-item-type-post_type menu-item-object-page menu-item-396128\"><a href=\"https:\/\/venturacounty.gov\/human-services-agency\/es\/strategic-plan\/\" class=\"elementor-sub-item\" tabindex=\"-1\">Plan estrat\u00e9gico de la HSA<\/a><\/li>\n\t\t<li class=\"menu-item menu-item-type-post_type menu-item-object-page menu-item-395178\"><a href=\"https:\/\/venturacounty.gov\/human-services-agency\/es\/publications\/\" class=\"elementor-sub-item\" tabindex=\"-1\">Folletos del programa<\/a><\/li>\n\t<\/ul>\n<\/li>\n\t<li class=\"menu-item menu-item-type-post_type menu-item-object-page menu-item-395214\"><a href=\"https:\/\/venturacounty.gov\/human-services-agency\/es\/about-human-services-agency\/leadership-team\/\" class=\"elementor-sub-item\" tabindex=\"-1\">Equipo directivo<\/a><\/li>\n\t<li class=\"menu-item menu-item-type-post_type menu-item-object-page menu-item-395172\"><a href=\"https:\/\/venturacounty.gov\/human-services-agency\/es\/hsa-join-our-team\/\" class=\"elementor-sub-item\" tabindex=\"-1\">\u00danete a nuestro equipo<\/a><\/li>\n\t<li class=\"menu-item menu-item-type-post_type menu-item-object-page menu-item-396544\"><a href=\"https:\/\/venturacounty.gov\/human-services-agency\/es\/hsa-data-and-information\/\" class=\"elementor-sub-item\" tabindex=\"-1\">Datos e informaci\u00f3n de la HSA<\/a><\/li>\n\t<li class=\"menu-item menu-item-type-post_type menu-item-object-page menu-item-395171\"><a href=\"https:\/\/venturacounty.gov\/human-services-agency\/es\/hsa-contact-us\/\" class=\"elementor-sub-item\" tabindex=\"-1\">Contactar con HSA<\/a><\/li>\n<\/ul>\n<\/li>\n<li class=\"menu-item menu-item-type-custom menu-item-object-custom menu-item-has-children menu-item-74\"><a href=\"#\" class=\"elementor-item elementor-item-anchor\" tabindex=\"-1\">Servicios<\/a>\n<ul class=\"sub-menu elementor-nav-menu--dropdown\">\n\t<li class=\"menu-item menu-item-type-custom menu-item-object-custom menu-item-395039\"><a href=\"https:\/\/venturacounty.gov\/human-services-agency\/es\/locations-ways-to-apply\/\" class=\"elementor-sub-item\" tabindex=\"-1\">Ubicaciones y formas de solicitarlo<\/a><\/li>\n\t<li class=\"menu-item menu-item-type-post_type menu-item-object-page menu-item-392290\"><a href=\"https:\/\/venturacounty.gov\/human-services-agency\/es\/hsa-services\/\" class=\"elementor-sub-item\" tabindex=\"-1\">Lista de servicios<\/a><\/li>\n\t<li class=\"menu-item menu-item-type-post_type menu-item-object-page menu-item-392292\"><a href=\"https:\/\/venturacounty.gov\/human-services-agency\/es\/topics-a-z\/\" class=\"elementor-sub-item\" tabindex=\"-1\">Temas A-Z<\/a><\/li>\n\t<li class=\"menu-item menu-item-type-post_type menu-item-object-page menu-item-392294\"><a href=\"https:\/\/venturacounty.gov\/human-services-agency\/es\/foster-transitional-age-youth\/\" class=\"elementor-sub-item\" tabindex=\"-1\">J\u00f3venes en edad de acogida y de transici\u00f3n<\/a><\/li>\n\t<li class=\"menu-item menu-item-type-post_type menu-item-object-page menu-item-392295\"><a href=\"https:\/\/venturacounty.gov\/human-services-agency\/es\/helpful-links-information\/\" class=\"elementor-sub-item\" tabindex=\"-1\">Enlaces \u00fatiles e informaci\u00f3n<\/a><\/li>\n<\/ul>\n<\/li>\n<li class=\"menu-item menu-item-type-post_type menu-item-object-page menu-item-392297\"><a href=\"https:\/\/venturacounty.gov\/human-services-agency\/es\/how-do-i\/\" class=\"elementor-item\" tabindex=\"-1\">\u00bfC\u00f3mo lo hago?<\/a><\/li>\n<li class=\"menu-item menu-item-type-post_type menu-item-object-page menu-item-392300\"><a href=\"https:\/\/venturacounty.gov\/human-services-agency\/es\/partners-providers\/\" class=\"elementor-item\" tabindex=\"-1\">Socios y proveedores<\/a><\/li>\n<li class=\"menu-item menu-item-type-post_type menu-item-object-page menu-item-has-children menu-item-395080\"><a href=\"https:\/\/venturacounty.gov\/human-services-agency\/es\/disaster-resources\/\" class=\"elementor-item\" tabindex=\"-1\">Recursos para cat\u00e1strofes<\/a>\n<ul class=\"sub-menu elementor-nav-menu--dropdown\">\n\t<li class=\"menu-item menu-item-type-custom menu-item-object-custom menu-item-has-children menu-item-395084\"><a href=\"https:\/\/venturacounty.gov\/human-services-agency\/es\/emergency-resources\/\" class=\"elementor-sub-item\" tabindex=\"-1\">Evaluaci\u00f3n del acceso comunitario a las emergencias<\/a>\n\t<ul class=\"sub-menu elementor-nav-menu--dropdown\">\n\t\t<li class=\"menu-item menu-item-type-post_type menu-item-object-page menu-item-395083\"><a href=\"https:\/\/venturacounty.gov\/human-services-agency\/es\/disaster-resources\/survey-and-project-updates\/\" class=\"elementor-sub-item\" tabindex=\"-1\">Actualizaciones de encuestas y proyectos<\/a><\/li>\n\t\t<li class=\"menu-item menu-item-type-post_type menu-item-object-page menu-item-395082\"><a href=\"https:\/\/venturacounty.gov\/human-services-agency\/es\/disaster-resources\/toolkit\/\" class=\"elementor-sub-item\" tabindex=\"-1\">Recursos<\/a><\/li>\n\t<\/ul>\n<\/li>\n\t<li class=\"menu-item menu-item-type-post_type menu-item-object-page menu-item-392306\"><a href=\"https:\/\/venturacounty.gov\/human-services-agency\/es\/hsa-alert\/\" class=\"elementor-sub-item\" tabindex=\"-1\">Alertas HSA<\/a><\/li>\n<\/ul>\n<\/li>\n<li class=\"menu-item menu-item-type-post_type menu-item-object-page menu-item-has-children menu-item-395487\"><a href=\"https:\/\/venturacounty.gov\/human-services-agency\/es\/hsa-news\/\" class=\"elementor-item\" tabindex=\"-1\">Noticias y eventos<\/a>\n<ul class=\"sub-menu elementor-nav-menu--dropdown\">\n\t<li class=\"menu-item menu-item-type-post_type menu-item-object-page menu-item-396380\"><a href=\"https:\/\/venturacounty.gov\/human-services-agency\/es\/about-human-services-agency\/events\/\" class=\"elementor-sub-item\" tabindex=\"-1\">Eventos<\/a><\/li>\n\t<li class=\"menu-item menu-item-type-post_type menu-item-object-page menu-item-395290\"><a href=\"https:\/\/venturacounty.gov\/human-services-agency\/es\/hsa-news\/\" class=\"elementor-sub-item\" tabindex=\"-1\">Boletines electr\u00f3nicos de HSA<\/a><\/li>\n\t<li class=\"menu-item menu-item-type-post_type menu-item-object-page menu-item-395488\"><a href=\"https:\/\/venturacounty.gov\/human-services-agency\/es\/social-media\/\" class=\"elementor-sub-item\" tabindex=\"-1\">Redes sociales de la HSA<\/a><\/li>\n\t<li class=\"menu-item menu-item-type-post_type menu-item-object-page menu-item-395489\"><a href=\"https:\/\/venturacounty.gov\/human-services-agency\/es\/media\/\" class=\"elementor-sub-item\" tabindex=\"-1\">Informaci\u00f3n para los medios<\/a><\/li>\n<\/ul>\n<\/li>\n<li class=\"menu-item menu-item-type-post_type menu-item-object-page menu-item-392307\"><a href=\"https:\/\/venturacounty.gov\/human-services-agency\/es\/hsa-contact-us\/\" class=\"elementor-item\" tabindex=\"-1\">Contactar con HSA<\/a><\/li>\n<\/ul>\t\t\t<\/nav>\n\t\t\t\t\t\t<\/div>\n\t\t\t\t<\/div>\n\t\t\t\t\t<\/div>\n\t\t\t\t<\/div>\n\t\t<div class=\"elementor-element elementor-element-0177729 e-flex e-con-boxed e-con e-parent\" data-id=\"0177729\" data-element_type=\"container\" data-settings=\"{&quot;jet_parallax_layout_list&quot;:[]}\">\n\t\t\t\t\t<div class=\"e-con-inner\">\n\t\t<div class=\"elementor-element elementor-element-7f2dab0 e-flex e-con-boxed e-con e-child\" data-id=\"7f2dab0\" data-element_type=\"container\" data-settings=\"{&quot;jet_parallax_layout_list&quot;:[]}\">\n\t\t\t\t\t<div class=\"e-con-inner\">\n\t\t\t\t<div class=\"elementor-element elementor-element-9d43a2b elementor-widget elementor-widget-heading\" data-id=\"9d43a2b\" data-element_type=\"widget\" data-widget_type=\"heading.default\">\n\t\t\t\t<div class=\"elementor-widget-container\">\n\t\t\t\t\t<h1 class=\"elementor-heading-title elementor-size-default\">Sistema de gesti\u00f3n de personas sin hogar\n<\/h1>\t\t\t\t<\/div>\n\t\t\t\t<\/div>\n\t\t\t\t<div class=\"elementor-element elementor-element-cf8638b elementor-widget elementor-widget-image\" data-id=\"cf8638b\" data-element_type=\"widget\" data-widget_type=\"image.default\">\n\t\t\t\t<div class=\"elementor-widget-container\">\n\t\t\t\t\t\t\t\t\t\t\t\t\t\t\t<img decoding=\"async\" width=\"300\" height=\"139\" src=\"https:\/\/venturacounty.gov\/human-services-agency\/wp-content\/uploads\/sites\/20\/2023\/08\/Logo_website-300x139-1.jpeg\" class=\"attachment-large size-large wp-image-392825\" alt=\"VCHMIS Logo\" \/>\t\t\t\t\t\t\t\t\t\t\t\t\t\t\t<\/div>\n\t\t\t\t<\/div>\n\t\t\t\t<div class=\"elementor-element elementor-element-75c6093 elementor-widget elementor-widget-heading\" data-id=\"75c6093\" data-element_type=\"widget\" data-widget_type=\"heading.default\">\n\t\t\t\t<div class=\"elementor-widget-container\">\n\t\t\t\t\t<h2 class=\"elementor-heading-title elementor-size-default\">Bienvenido al Sistema de Informaci\u00f3n de Gesti\u00f3n de Personas sin Hogar (HMIS)\npara el Condado de Ventura.<\/h2>\t\t\t\t<\/div>\n\t\t\t\t<\/div>\n\t\t\t\t<div class=\"elementor-element elementor-element-b1f78ae elementor-widget elementor-widget-text-editor\" data-id=\"b1f78ae\" data-element_type=\"widget\" data-widget_type=\"text-editor.default\">\n\t\t\t\t<div class=\"elementor-widget-container\">\n\t\t\t\t\t\t\t\t\t<p>Con el fin de proporcionar m\u00e1s servicios a las personas del condado de Ventura que luchan contra la falta de vivienda, los proveedores de servicios se han unido en la utilizaci\u00f3n del Sistema de Informaci\u00f3n de Gesti\u00f3n de Personas sin Hogar del Condado de Ventura.<\/p><h2><strong>\u00bfQu\u00e9 es el Sistema de Informaci\u00f3n para la Gesti\u00f3n de Personas sin Hogar (HMIS)?<\/strong><\/h2><p>HMIS es una herramienta en l\u00ednea que compila una base de datos de la poblaci\u00f3n sin hogar.  El sistema permite a los proveedores de servicios recopilar informaci\u00f3n sobre los clientes por v\u00eda electr\u00f3nica y simplificar la elaboraci\u00f3n de los informes exigidos por el gobierno federal. La misi\u00f3n del HMIS es proporcionar informaci\u00f3n estandarizada y oportuna que mejore el acceso a la vivienda y los servicios y refuerce los esfuerzos para acabar con la falta de vivienda.<\/p><p>El objetivo de HMIS es crear un perfil completo de la poblaci\u00f3n sin hogar. Mediante la incorporaci\u00f3n de datos de refugios de emergencia, viviendas de transici\u00f3n, proveedores de viviendas de apoyo permanente, programas de divulgaci\u00f3n, centros de acogida y despensas de alimentos, el condado de Ventura tendr\u00e1 la informaci\u00f3n cr\u00edtica necesaria para tomar decisiones informadas con respecto a la asignaci\u00f3n de servicios y recursos.<\/p><p>Para m\u00e1s informaci\u00f3n sobre HMIS, visite\u00a0<br role=\"presentation\" data-uw-rm-sr=\"\" \/><strong><a href=\"https:\/\/www.venturacoc.org\/homeless-management-information-system-hmis\/\" target=\"_blank\" rel=\"noopener noreferrer\" aria-label=\"Ventura County Continuum of Care Alliance - opens in new tab\" data-uw-rm-ext-link=\"\">Alianza para la continuidad asistencial del condado de Ventura<\/a><\/strong><\/p><p style=\"text-align: center\"><a href=\"https:\/\/sp5.servicept.com\/ventura\/com.bowmansystems.sp5.core.ServicePoint\/index.html\" target=\"_blank\" rel=\"noopener noreferrer\" aria-label=\"Iniciar sesi\u00f3n en HMIS - se abre en una nueva pesta\u00f1a\" data-uw-rm-ext-link=\"\"><strong>Iniciar sesi\u00f3n en HMIS<\/strong><\/a><img decoding=\"async\" class=\"alignnone size-full wp-image-7865\" role=\"presentation\" src=\"https:\/\/cdn.venturacounty.gov\/wp-content\/uploads\/2017\/08\/exitdisclaimer.gif\" alt=\"\" width=\"16\" height=\"11\" data-uw-rm-ima=\"un\" \/><\/p><p style=\"text-align: center\">Si est\u00e1 interesado en ser proveedor,<br role=\"presentation\" data-uw-rm-sr=\"\" \/>env\u00ede un correo electr\u00f3nico a\u00a0<strong><a href=\"mailto:HMIS-Support@venturacounty.gov\" aria-label=\"env\u00ede un correo electr\u00f3nico a HMIS-Support@ventura.org\" data-uw-rm-vglnk=\"\">HMIS-Support@VenturaCounty.gov<\/a><\/strong>.<\/p>\t\t\t\t\t\t\t\t<\/div>\n\t\t\t\t<\/div>\n\t\t\t\t\t<\/div>\n\t\t\t\t<\/div>\n\t\t\t\t\t<\/div>\n\t\t\t\t<\/div>\n\t\t\t\t<\/div>","protected":false},"excerpt":{"rendered":"<p>Homeless Management System Welcome to the Homeless Management Information System (HMIS) for Ventura County. In order to provide more services to people in Ventura County who are struggling with homelessness, [&hellip;]<\/p>\n","protected":false},"author":7,"featured_media":0,"parent":0,"menu_order":0,"comment_status":"closed","ping_status":"closed","template":"","meta":{"_relevanssi_hide_post":"","_relevanssi_hide_content":"","_relevanssi_pin_for_all":"","_relevanssi_pin_keywords":"","_relevanssi_unpin_keywords":"","_relevanssi_related_keywords":"","_relevanssi_related_include_ids":"","_relevanssi_related_exclude_ids":"","_relevanssi_related_no_append":"","_relevanssi_related_not_related":"","_relevanssi_related_posts":"","_relevanssi_noindex_reason":"","footnotes":""},"categories":[9],"tags":[],"class_list":["post-392379","page","type-page","status-publish","hentry","category-hsa"],"publishpress_future_action":{"enabled":false,"date":"2026-04-11 13:27:09","action":"change-status","newStatus":"draft","terms":[],"taxonomy":"category","extraData":[]},"publishpress_future_workflow_manual_trigger":{"enabledWorkflows":[]},"_links":{"self":[{"href":"https:\/\/venturacounty.gov\/human-services-agency\/es\/wp-json\/wp\/v2\/pages\/392379","targetHints":{"allow":["GET"]}}],"collection":[{"href":"https:\/\/venturacounty.gov\/human-services-agency\/es\/wp-json\/wp\/v2\/pages"}],"about":[{"href":"https:\/\/venturacounty.gov\/human-services-agency\/es\/wp-json\/wp\/v2\/types\/page"}],"author":[{"embeddable":true,"href":"https:\/\/venturacounty.gov\/human-services-agency\/es\/wp-json\/wp\/v2\/users\/7"}],"replies":[{"embeddable":true,"href":"https:\/\/venturacounty.gov\/human-services-agency\/es\/wp-json\/wp\/v2\/comments?post=392379"}],"version-history":[{"count":0,"href":"https:\/\/venturacounty.gov\/human-services-agency\/es\/wp-json\/wp\/v2\/pages\/392379\/revisions"}],"wp:attachment":[{"href":"https:\/\/venturacounty.gov\/human-services-agency\/es\/wp-json\/wp\/v2\/media?parent=392379"}],"wp:term":[{"taxonomy":"category","embeddable":true,"href":"https:\/\/venturacounty.gov\/human-services-agency\/es\/wp-json\/wp\/v2\/categories?post=392379"},{"taxonomy":"post_tag","embeddable":true,"href":"https:\/\/venturacounty.gov\/human-services-agency\/es\/wp-json\/wp\/v2\/tags?post=392379"}],"curies":[{"name":"wp","href":"https:\/\/api.w.org\/{rel}","templated":true}]}}