{"id":392425,"date":"2023-07-14T18:27:19","date_gmt":"2023-07-14T18:27:19","guid":{"rendered":"https:\/\/venturacounty.gov\/human-services-agency\/?page_id=392425"},"modified":"2025-04-23T20:18:38","modified_gmt":"2025-04-23T20:18:38","slug":"resources-links","status":"publish","type":"page","link":"https:\/\/venturacounty.gov\/human-services-agency\/es\/after-eighteen\/resources-links\/","title":{"rendered":"Resources &amp; Links &#8211; After 18"},"content":{"rendered":"<div data-elementor-type=\"wp-page\" data-elementor-id=\"392425\" class=\"elementor elementor-392425\" data-elementor-post-type=\"page\">\n\t\t\t\t<div class=\"elementor-element elementor-element-3645d9c e-flex e-con-boxed e-con e-parent\" data-id=\"3645d9c\" data-element_type=\"container\" data-settings=\"{&quot;background_background&quot;:&quot;classic&quot;,&quot;jet_parallax_layout_list&quot;:[]}\">\n\t\t\t\t\t<div class=\"e-con-inner\">\n\t\t\t\t<div class=\"elementor-element elementor-element-0996bc0 elementor-nav-menu--dropdown-tablet elementor-nav-menu__text-align-aside elementor-nav-menu--toggle elementor-nav-menu--burger elementor-widget elementor-widget-nav-menu\" data-id=\"0996bc0\" data-element_type=\"widget\" data-settings=\"{&quot;layout&quot;:&quot;horizontal&quot;,&quot;submenu_icon&quot;:{&quot;value&quot;:&quot;&lt;i class=\\&quot;fas fa-caret-down\\&quot;&gt;&lt;\\\/i&gt;&quot;,&quot;library&quot;:&quot;fa-solid&quot;},&quot;toggle&quot;:&quot;burger&quot;}\" data-widget_type=\"nav-menu.default\">\n\t\t\t\t<div class=\"elementor-widget-container\">\n\t\t\t\t\t\t\t\t<nav aria-label=\"Men\u00fa\" class=\"elementor-nav-menu--main elementor-nav-menu__container elementor-nav-menu--layout-horizontal e--pointer-background e--animation-fade\">\n\t\t\t\t<ul id=\"menu-1-0996bc0\" class=\"elementor-nav-menu\"><li class=\"menu-item menu-item-type-post_type menu-item-object-page menu-item-home menu-item-392408\"><a href=\"https:\/\/venturacounty.gov\/human-services-agency\/es\/\" class=\"elementor-item\">Agencia de Servicios Humanos<\/a><\/li>\n<li class=\"menu-item menu-item-type-post_type menu-item-object-page menu-item-392409\"><a href=\"https:\/\/venturacounty.gov\/human-services-agency\/es\/after-eighteen\/\" class=\"elementor-item\">Despu\u00e9s de los 18 - Inicio<\/a><\/li>\n<li class=\"menu-item menu-item-type-custom menu-item-object-custom menu-item-has-children menu-item-392410\"><a href=\"#\" class=\"elementor-item elementor-item-anchor\">Adultos emergentes<\/a>\n<ul class=\"sub-menu elementor-nav-menu--dropdown\">\n\t<li class=\"menu-item menu-item-type-post_type menu-item-object-page menu-item-392415\"><a href=\"https:\/\/venturacounty.gov\/human-services-agency\/es\/after-eighteen\/about-after-18\/\" class=\"elementor-sub-item\">Acerca de After 18<\/a><\/li>\n\t<li class=\"menu-item menu-item-type-post_type menu-item-object-page menu-item-392412\"><a href=\"https:\/\/venturacounty.gov\/human-services-agency\/es\/after-eighteen\/education\/\" class=\"elementor-sub-item\">Educaci\u00f3n<\/a><\/li>\n\t<li class=\"menu-item menu-item-type-post_type menu-item-object-page menu-item-392417\"><a href=\"https:\/\/venturacounty.gov\/human-services-agency\/es\/after-eighteen\/employment\/\" class=\"elementor-sub-item\">Empleo<\/a><\/li>\n\t<li class=\"menu-item menu-item-type-post_type menu-item-object-page menu-item-392420\"><a href=\"https:\/\/venturacounty.gov\/human-services-agency\/es\/after-eighteen\/health\/\" class=\"elementor-sub-item\">Salud<\/a><\/li>\n\t<li class=\"menu-item menu-item-type-post_type menu-item-object-page menu-item-392422\"><a href=\"https:\/\/venturacounty.gov\/human-services-agency\/es\/after-eighteen\/housing\/\" class=\"elementor-sub-item\">Vivienda<\/a><\/li>\n\t<li class=\"menu-item menu-item-type-post_type menu-item-object-page menu-item-392424\"><a href=\"https:\/\/venturacounty.gov\/human-services-agency\/es\/after-eighteen\/transportation\/\" class=\"elementor-sub-item\">Transporte<\/a><\/li>\n\t<li class=\"menu-item menu-item-type-post_type menu-item-object-page menu-item-392426\"><a href=\"https:\/\/venturacounty.gov\/human-services-agency\/es\/after-eighteen\/resources-links\/\" class=\"elementor-sub-item\">Recursos<\/a><\/li>\n<\/ul>\n<\/li>\n<li class=\"menu-item menu-item-type-post_type menu-item-object-page menu-item-392428\"><a href=\"https:\/\/venturacounty.gov\/human-services-agency\/es\/after-eighteen\/contact-us\/\" class=\"elementor-item\">P\u00f3ngase en contacto con nosotros<\/a><\/li>\n<li class=\"menu-item menu-item-type-custom menu-item-object-custom menu-item-has-children menu-item-392430\"><a href=\"#\" class=\"elementor-item elementor-item-anchor\">Comunidad<\/a>\n<ul class=\"sub-menu elementor-nav-menu--dropdown\">\n\t<li class=\"menu-item menu-item-type-post_type menu-item-object-page menu-item-392432\"><a href=\"https:\/\/venturacounty.gov\/human-services-agency\/es\/after-eighteen\/about-ab12\/\" class=\"elementor-sub-item\">Acerca de AB12<\/a><\/li>\n\t<li class=\"menu-item menu-item-type-post_type menu-item-object-page menu-item-392434\"><a href=\"https:\/\/venturacounty.gov\/human-services-agency\/es\/after-eighteen\/after-18-foster-parents\/\" class=\"elementor-sub-item\">Opciones de colocaci\u00f3n para mayores de 18 a\u00f1os y padres de acogida<\/a><\/li>\n\t<li class=\"menu-item menu-item-type-post_type menu-item-object-page menu-item-392436\"><a href=\"https:\/\/venturacounty.gov\/human-services-agency\/es\/after-eighteen\/get-involved\/\" class=\"elementor-sub-item\">Participa<\/a><\/li>\n<\/ul>\n<\/li>\n<li class=\"menu-item menu-item-type-post_type menu-item-object-page menu-item-392438\"><a href=\"https:\/\/venturacounty.gov\/human-services-agency\/es\/after-eighteen\/frequently-asked-questions\/\" class=\"elementor-item\">PREGUNTAS FRECUENTES<\/a><\/li>\n<li class=\"menu-item menu-item-type-post_type menu-item-object-page menu-item-392439\"><a href=\"https:\/\/venturacounty.gov\/human-services-agency\/es\/ilp-youth\/\" class=\"elementor-item\">ILP Juventud<\/a><\/li>\n<\/ul>\t\t\t<\/nav>\n\t\t\t\t\t<div class=\"elementor-menu-toggle\" role=\"button\" tabindex=\"0\" aria-label=\"Men\u00fa Toggle\" aria-expanded=\"false\">\n\t\t\t<i aria-hidden=\"true\" role=\"presentation\" class=\"elementor-menu-toggle__icon--open eicon-menu-bar\"><\/i><i aria-hidden=\"true\" role=\"presentation\" class=\"elementor-menu-toggle__icon--close eicon-close\"><\/i>\t\t<\/div>\n\t\t\t\t\t<nav class=\"elementor-nav-menu--dropdown elementor-nav-menu__container\" aria-hidden=\"true\">\n\t\t\t\t<ul id=\"menu-2-0996bc0\" class=\"elementor-nav-menu\"><li class=\"menu-item menu-item-type-post_type menu-item-object-page menu-item-home menu-item-392408\"><a href=\"https:\/\/venturacounty.gov\/human-services-agency\/es\/\" class=\"elementor-item\" tabindex=\"-1\">Agencia de Servicios Humanos<\/a><\/li>\n<li class=\"menu-item menu-item-type-post_type menu-item-object-page menu-item-392409\"><a href=\"https:\/\/venturacounty.gov\/human-services-agency\/es\/after-eighteen\/\" class=\"elementor-item\" tabindex=\"-1\">Despu\u00e9s de los 18 - Inicio<\/a><\/li>\n<li class=\"menu-item menu-item-type-custom menu-item-object-custom menu-item-has-children menu-item-392410\"><a href=\"#\" class=\"elementor-item elementor-item-anchor\" tabindex=\"-1\">Adultos emergentes<\/a>\n<ul class=\"sub-menu elementor-nav-menu--dropdown\">\n\t<li class=\"menu-item menu-item-type-post_type menu-item-object-page menu-item-392415\"><a href=\"https:\/\/venturacounty.gov\/human-services-agency\/es\/after-eighteen\/about-after-18\/\" class=\"elementor-sub-item\" tabindex=\"-1\">Acerca de After 18<\/a><\/li>\n\t<li class=\"menu-item menu-item-type-post_type menu-item-object-page menu-item-392412\"><a href=\"https:\/\/venturacounty.gov\/human-services-agency\/es\/after-eighteen\/education\/\" class=\"elementor-sub-item\" tabindex=\"-1\">Educaci\u00f3n<\/a><\/li>\n\t<li class=\"menu-item menu-item-type-post_type menu-item-object-page menu-item-392417\"><a href=\"https:\/\/venturacounty.gov\/human-services-agency\/es\/after-eighteen\/employment\/\" class=\"elementor-sub-item\" tabindex=\"-1\">Empleo<\/a><\/li>\n\t<li class=\"menu-item menu-item-type-post_type menu-item-object-page menu-item-392420\"><a href=\"https:\/\/venturacounty.gov\/human-services-agency\/es\/after-eighteen\/health\/\" class=\"elementor-sub-item\" tabindex=\"-1\">Salud<\/a><\/li>\n\t<li class=\"menu-item menu-item-type-post_type menu-item-object-page menu-item-392422\"><a href=\"https:\/\/venturacounty.gov\/human-services-agency\/es\/after-eighteen\/housing\/\" class=\"elementor-sub-item\" tabindex=\"-1\">Vivienda<\/a><\/li>\n\t<li class=\"menu-item menu-item-type-post_type menu-item-object-page menu-item-392424\"><a href=\"https:\/\/venturacounty.gov\/human-services-agency\/es\/after-eighteen\/transportation\/\" class=\"elementor-sub-item\" tabindex=\"-1\">Transporte<\/a><\/li>\n\t<li class=\"menu-item menu-item-type-post_type menu-item-object-page menu-item-392426\"><a href=\"https:\/\/venturacounty.gov\/human-services-agency\/es\/after-eighteen\/resources-links\/\" class=\"elementor-sub-item\" tabindex=\"-1\">Recursos<\/a><\/li>\n<\/ul>\n<\/li>\n<li class=\"menu-item menu-item-type-post_type menu-item-object-page menu-item-392428\"><a href=\"https:\/\/venturacounty.gov\/human-services-agency\/es\/after-eighteen\/contact-us\/\" class=\"elementor-item\" tabindex=\"-1\">P\u00f3ngase en contacto con nosotros<\/a><\/li>\n<li class=\"menu-item menu-item-type-custom menu-item-object-custom menu-item-has-children menu-item-392430\"><a href=\"#\" class=\"elementor-item elementor-item-anchor\" tabindex=\"-1\">Comunidad<\/a>\n<ul class=\"sub-menu elementor-nav-menu--dropdown\">\n\t<li class=\"menu-item menu-item-type-post_type menu-item-object-page menu-item-392432\"><a href=\"https:\/\/venturacounty.gov\/human-services-agency\/es\/after-eighteen\/about-ab12\/\" class=\"elementor-sub-item\" tabindex=\"-1\">Acerca de AB12<\/a><\/li>\n\t<li class=\"menu-item menu-item-type-post_type menu-item-object-page menu-item-392434\"><a href=\"https:\/\/venturacounty.gov\/human-services-agency\/es\/after-eighteen\/after-18-foster-parents\/\" class=\"elementor-sub-item\" tabindex=\"-1\">Opciones de colocaci\u00f3n para mayores de 18 a\u00f1os y padres de acogida<\/a><\/li>\n\t<li class=\"menu-item menu-item-type-post_type menu-item-object-page menu-item-392436\"><a href=\"https:\/\/venturacounty.gov\/human-services-agency\/es\/after-eighteen\/get-involved\/\" class=\"elementor-sub-item\" tabindex=\"-1\">Participa<\/a><\/li>\n<\/ul>\n<\/li>\n<li class=\"menu-item menu-item-type-post_type menu-item-object-page menu-item-392438\"><a href=\"https:\/\/venturacounty.gov\/human-services-agency\/es\/after-eighteen\/frequently-asked-questions\/\" class=\"elementor-item\" tabindex=\"-1\">PREGUNTAS FRECUENTES<\/a><\/li>\n<li class=\"menu-item menu-item-type-post_type menu-item-object-page menu-item-392439\"><a href=\"https:\/\/venturacounty.gov\/human-services-agency\/es\/ilp-youth\/\" class=\"elementor-item\" tabindex=\"-1\">ILP Juventud<\/a><\/li>\n<\/ul>\t\t\t<\/nav>\n\t\t\t\t\t\t<\/div>\n\t\t\t\t<\/div>\n\t\t\t\t\t<\/div>\n\t\t\t\t<\/div>\n\t\t<div class=\"elementor-element elementor-element-0177729 e-flex e-con-boxed e-con e-parent\" data-id=\"0177729\" data-element_type=\"container\" data-settings=\"{&quot;jet_parallax_layout_list&quot;:[]}\">\n\t\t\t\t\t<div class=\"e-con-inner\">\n\t\t<div class=\"elementor-element elementor-element-27fd2a5 e-flex e-con-boxed e-con e-child\" data-id=\"27fd2a5\" data-element_type=\"container\" data-settings=\"{&quot;jet_parallax_layout_list&quot;:[]}\">\n\t\t\t\t\t<div class=\"e-con-inner\">\n\t\t\t\t<div class=\"elementor-element elementor-element-9d43a2b elementor-widget elementor-widget-heading\" data-id=\"9d43a2b\" data-element_type=\"widget\" data-widget_type=\"heading.default\">\n\t\t\t\t<div class=\"elementor-widget-container\">\n\t\t\t\t\t<h1 class=\"elementor-heading-title elementor-size-default\">Recursos y enlaces - Despu\u00e9s de los 18<\/h1>\t\t\t\t<\/div>\n\t\t\t\t<\/div>\n\t\t\t\t<div class=\"elementor-element elementor-element-a35f38a elementor-widget elementor-widget-text-editor\" data-id=\"a35f38a\" data-element_type=\"widget\" data-widget_type=\"text-editor.default\">\n\t\t\t\t<div class=\"elementor-widget-container\">\n\t\t\t\t\t\t\t\t\t<ul class=\"arrow-list\"><li><strong><a href=\"https:\/\/vcportal.venturacounty.gov\/HSA\/docs\/brochures\/pdf\/AB%2012%20Primer%2006.20.12.pdf\" target=\"_blank\" rel=\"noopener noreferrer\" aria-label=\"California Fostering Connections to Success Act - Assembly Bill 12 Primer - opens in new tab\" data-uw-rm-ext-link=\"\" data-uw-pdf-br=\"1\" data-uw-pdf-doc=\"\">California Fostering Connections to Success Act - Cartilla del proyecto de ley 12 de la Asamblea<\/a><\/strong><br role=\"presentation\" data-uw-rm-sr=\"\" \/>Proporcionado por Alliance for Children's Rights, John Burton Foundation y Children's Law Center - La ley federal Fostering Connections to Success and Increasing Adoptions Act de 2008 introdujo amplios cambios en las pol\u00edticas y los programas para mejorar el bienestar y los resultados de los ni\u00f1os en el sistema de hogares de acogida, incluidos cambios relacionados con la ampliaci\u00f3n de la financiaci\u00f3n federal de los servicios de hogares de acogida para no menores de 18 a 21 a\u00f1os si cumplen determinados criterios de participaci\u00f3n.<\/li><\/ul><h2 role=\"heading\" data-uw-rm-heading=\"level\"><strong>Otros recursos<\/strong><\/h2><p><a href=\"https:\/\/www.vcccd.edu\/\" target=\"_blank\" rel=\"noopener noreferrer\" aria-label=\"Ventura County Community College District - se abre en una nueva pesta\u00f1a\" data-uw-rm-ext-link=\"\"><strong>Distrito universitario comunitario del condado de Ventura<\/strong><\/a><\/p><p><strong><a href=\"http:\/\/nces.ed.gov\/collegenavigator\/\" target=\"_blank\" rel=\"noopener noreferrer\" aria-label=\"The College Navigator - se abre en una nueva pesta\u00f1a\" data-uw-rm-ext-link=\"\">El Navegador Universitario<\/a><\/strong>\u00a0es el sitio web del Departamento de Educaci\u00f3n de EE.UU. que te ayudar\u00e1 a encontrar la universidad adecuada. Incluye herramientas que te ayudar\u00e1n a calcular los gastos, encontrar ayuda financiera e identificar los programas y especialidades m\u00e1s adecuados para ti.<\/p><p><strong><a href=\"https:\/\/studentaid.gov\/\" target=\"_blank\" rel=\"noopener noreferrer\" aria-label=\"Solicitud Gratuita de Ayuda Federal para Estudiantes (o FAFSA) - se abre en una pesta\u00f1a nueva\" data-uw-rm-ext-link=\"\">Solicitud Gratuita de Ayuda Federal para Estudiantes (o FAFSA)<\/a>\u00a0<\/strong>es una oficina del Departamento de Educaci\u00f3n de los EE.UU. destinada a garantizar que todas las personas que re\u00fanan los requisitos puedan beneficiarse de ayudas financieras financiadas o garantizadas por el Gobierno federal para cursar estudios superiores a la ense\u00f1anza secundaria.<\/p><p><strong><a href=\"http:\/\/www.finaid.org\/\" target=\"_blank\" rel=\"noopener noreferrer\" aria-label=\"FinAid - se abre en una nueva pesta\u00f1a\" data-uw-rm-ext-link=\"\">\u00a1FinAid!<\/a><\/strong>\u00a0es uno de los recursos gratuitos m\u00e1s completos para obtener informaci\u00f3n sobre ayudas econ\u00f3micas, becas y pr\u00e9stamos para estudios.<\/p><p><strong><a href=\"http:\/\/www.cacollegepathways.org\/\" target=\"_blank\" rel=\"noopener noreferrer\" aria-label=\"California College Pathways - se abre en una nueva pesta\u00f1a\" data-uw-rm-ext-link=\"\">V\u00edas universitarias en California<\/a><\/strong>\u00a0ofrece una gu\u00eda de planificaci\u00f3n educativa para j\u00f3venes en acogida y sus cuidadores.<strong>\u00a0<\/strong><\/p>\t\t\t\t\t\t\t\t<\/div>\n\t\t\t\t<\/div>\n\t\t\t\t\t<\/div>\n\t\t\t\t<\/div>\n\t\t\t\t\t<\/div>\n\t\t\t\t<\/div>\n\t\t\t\t<\/div>","protected":false},"excerpt":{"rendered":"<p>\/*! elementor &#8211; v3.15.0 &#8211; 20-08-2023 *\/ .elementor-heading-title{padding:0;margin:0;line-height:1}.elementor-widget-heading .elementor-heading-title&gt;a{color:inherit;font-size:inherit;line-height:inherit}.elementor-widget-heading .elementor-heading-title.elementor-size-small{font-size:15px}.elementor-widget-heading .elementor-heading-title.elementor-size-medium{font-size:19px}.elementor-widget-heading .elementor-heading-title.elementor-size-large{font-size:29px}.elementor-widget-heading .elementor-heading-title.elementor-size-xl{font-size:39px}.elementor-widget-heading .elementor-heading-title.elementor-size-xxl{font-size:59px} Resources &amp; Links &#8211; After 18 California Fostering Connections to Success Act \u2013 Assembly Bill 12 [&hellip;]<\/p>\n","protected":false},"author":7,"featured_media":0,"parent":392373,"menu_order":0,"comment_status":"closed","ping_status":"closed","template":"","meta":{"_relevanssi_hide_post":"","_relevanssi_hide_content":"","_relevanssi_pin_for_all":"","_relevanssi_pin_keywords":"","_relevanssi_unpin_keywords":"","_relevanssi_related_keywords":"","_relevanssi_related_include_ids":"","_relevanssi_related_exclude_ids":"","_relevanssi_related_no_append":"","_relevanssi_related_not_related":"","_relevanssi_related_posts":"","_relevanssi_noindex_reason":"","footnotes":""},"categories":[10,9],"tags":[],"class_list":["post-392425","page","type-page","status-publish","hentry","category-after-eighteen","category-hsa"],"publishpress_future_action":{"enabled":false,"date":"2026-04-12 13:35:08","action":"change-status","newStatus":"draft","terms":[],"taxonomy":"category","extraData":[]},"publishpress_future_workflow_manual_trigger":{"enabledWorkflows":[]},"_links":{"self":[{"href":"https:\/\/venturacounty.gov\/human-services-agency\/es\/wp-json\/wp\/v2\/pages\/392425","targetHints":{"allow":["GET"]}}],"collection":[{"href":"https:\/\/venturacounty.gov\/human-services-agency\/es\/wp-json\/wp\/v2\/pages"}],"about":[{"href":"https:\/\/venturacounty.gov\/human-services-agency\/es\/wp-json\/wp\/v2\/types\/page"}],"author":[{"embeddable":true,"href":"https:\/\/venturacounty.gov\/human-services-agency\/es\/wp-json\/wp\/v2\/users\/7"}],"replies":[{"embeddable":true,"href":"https:\/\/venturacounty.gov\/human-services-agency\/es\/wp-json\/wp\/v2\/comments?post=392425"}],"version-history":[{"count":0,"href":"https:\/\/venturacounty.gov\/human-services-agency\/es\/wp-json\/wp\/v2\/pages\/392425\/revisions"}],"up":[{"embeddable":true,"href":"https:\/\/venturacounty.gov\/human-services-agency\/es\/wp-json\/wp\/v2\/pages\/392373"}],"wp:attachment":[{"href":"https:\/\/venturacounty.gov\/human-services-agency\/es\/wp-json\/wp\/v2\/media?parent=392425"}],"wp:term":[{"taxonomy":"category","embeddable":true,"href":"https:\/\/venturacounty.gov\/human-services-agency\/es\/wp-json\/wp\/v2\/categories?post=392425"},{"taxonomy":"post_tag","embeddable":true,"href":"https:\/\/venturacounty.gov\/human-services-agency\/es\/wp-json\/wp\/v2\/tags?post=392425"}],"curies":[{"name":"wp","href":"https:\/\/api.w.org\/{rel}","templated":true}]}}