{"id":392813,"date":"2023-08-01T21:18:03","date_gmt":"2023-08-01T21:18:03","guid":{"rendered":"https:\/\/venturacounty.gov\/human-services-agency\/?page_id=392813"},"modified":"2025-04-23T20:18:29","modified_gmt":"2025-04-23T20:18:29","slug":"general-relief-howto-apply","status":"publish","type":"page","link":"https:\/\/venturacounty.gov\/human-services-agency\/es\/general-relief\/general-relief-howto-apply\/","title":{"rendered":"Ayuda general - C\u00f3mo solicitarla"},"content":{"rendered":"<div data-elementor-type=\"wp-page\" data-elementor-id=\"392813\" class=\"elementor elementor-392813\" data-elementor-post-type=\"page\">\n\t\t\t\t<div class=\"elementor-element elementor-element-3645d9c e-flex e-con-boxed e-con e-parent\" data-id=\"3645d9c\" data-element_type=\"container\" data-settings=\"{&quot;background_background&quot;:&quot;classic&quot;,&quot;jet_parallax_layout_list&quot;:[]}\">\n\t\t\t\t\t<div class=\"e-con-inner\">\n\t\t\t\t<div class=\"elementor-element elementor-element-0996bc0 elementor-nav-menu--dropdown-tablet elementor-nav-menu__text-align-aside elementor-nav-menu--toggle elementor-nav-menu--burger elementor-widget elementor-widget-nav-menu\" data-id=\"0996bc0\" data-element_type=\"widget\" data-settings=\"{&quot;layout&quot;:&quot;horizontal&quot;,&quot;submenu_icon&quot;:{&quot;value&quot;:&quot;&lt;i class=\\&quot;fas fa-caret-down\\&quot;&gt;&lt;\\\/i&gt;&quot;,&quot;library&quot;:&quot;fa-solid&quot;},&quot;toggle&quot;:&quot;burger&quot;}\" data-widget_type=\"nav-menu.default\">\n\t\t\t\t<div class=\"elementor-widget-container\">\n\t\t\t\t\t\t\t\t<nav aria-label=\"Men\u00fa\" class=\"elementor-nav-menu--main elementor-nav-menu__container elementor-nav-menu--layout-horizontal e--pointer-background e--animation-fade\">\n\t\t\t\t<ul id=\"menu-1-0996bc0\" class=\"elementor-nav-menu\"><li class=\"menu-item menu-item-type-custom menu-item-object-custom menu-item-has-children menu-item-395173\"><a href=\"#\" class=\"elementor-item elementor-item-anchor\">Qui\u00e9nes somos<\/a>\n<ul class=\"sub-menu elementor-nav-menu--dropdown\">\n\t<li class=\"menu-item menu-item-type-post_type menu-item-object-page menu-item-395169\"><a href=\"https:\/\/venturacounty.gov\/human-services-agency\/es\/about-human-services-agency\/\" class=\"elementor-sub-item\">Misi\u00f3n \/ Visi\u00f3n \/ Valores<\/a><\/li>\n\t<li class=\"menu-item menu-item-type-custom menu-item-object-custom menu-item-has-children menu-item-395175\"><a href=\"#\" class=\"elementor-sub-item elementor-item-anchor\">Publicaciones<\/a>\n\t<ul class=\"sub-menu elementor-nav-menu--dropdown\">\n\t\t<li class=\"menu-item menu-item-type-post_type menu-item-object-page menu-item-395176\"><a href=\"https:\/\/venturacounty.gov\/human-services-agency\/es\/annual-reports\/\" class=\"elementor-sub-item\">Informes anuales<\/a><\/li>\n\t\t<li class=\"menu-item menu-item-type-post_type menu-item-object-page menu-item-395177\"><a href=\"https:\/\/venturacounty.gov\/human-services-agency\/es\/publications-3\/\" class=\"elementor-sub-item\">Pol\u00edticas de HSA<\/a><\/li>\n\t\t<li class=\"menu-item menu-item-type-post_type menu-item-object-page menu-item-396128\"><a href=\"https:\/\/venturacounty.gov\/human-services-agency\/es\/strategic-plan\/\" class=\"elementor-sub-item\">Plan estrat\u00e9gico de la HSA<\/a><\/li>\n\t\t<li class=\"menu-item menu-item-type-post_type menu-item-object-page menu-item-395178\"><a href=\"https:\/\/venturacounty.gov\/human-services-agency\/es\/publications\/\" class=\"elementor-sub-item\">Folletos del programa<\/a><\/li>\n\t<\/ul>\n<\/li>\n\t<li class=\"menu-item menu-item-type-post_type menu-item-object-page menu-item-395214\"><a href=\"https:\/\/venturacounty.gov\/human-services-agency\/es\/about-human-services-agency\/leadership-team\/\" class=\"elementor-sub-item\">Equipo directivo<\/a><\/li>\n\t<li class=\"menu-item menu-item-type-post_type menu-item-object-page menu-item-395172\"><a href=\"https:\/\/venturacounty.gov\/human-services-agency\/es\/hsa-join-our-team\/\" class=\"elementor-sub-item\">\u00danete a nuestro equipo<\/a><\/li>\n\t<li class=\"menu-item menu-item-type-post_type menu-item-object-page menu-item-396544\"><a href=\"https:\/\/venturacounty.gov\/human-services-agency\/es\/hsa-data-and-information\/\" class=\"elementor-sub-item\">Datos e informaci\u00f3n de la HSA<\/a><\/li>\n\t<li class=\"menu-item menu-item-type-post_type menu-item-object-page menu-item-395171\"><a href=\"https:\/\/venturacounty.gov\/human-services-agency\/es\/hsa-contact-us\/\" class=\"elementor-sub-item\">Contactar con HSA<\/a><\/li>\n<\/ul>\n<\/li>\n<li class=\"menu-item menu-item-type-custom menu-item-object-custom menu-item-has-children menu-item-74\"><a href=\"#\" class=\"elementor-item elementor-item-anchor\">Servicios<\/a>\n<ul class=\"sub-menu elementor-nav-menu--dropdown\">\n\t<li class=\"menu-item menu-item-type-custom menu-item-object-custom menu-item-395039\"><a href=\"https:\/\/venturacounty.gov\/human-services-agency\/es\/locations-ways-to-apply\/\" class=\"elementor-sub-item\">Ubicaciones y formas de solicitarlo<\/a><\/li>\n\t<li class=\"menu-item menu-item-type-post_type menu-item-object-page menu-item-392290\"><a href=\"https:\/\/venturacounty.gov\/human-services-agency\/es\/hsa-services\/\" class=\"elementor-sub-item\">Lista de servicios<\/a><\/li>\n\t<li class=\"menu-item menu-item-type-post_type menu-item-object-page menu-item-392292\"><a href=\"https:\/\/venturacounty.gov\/human-services-agency\/es\/topics-a-z\/\" class=\"elementor-sub-item\">Temas A-Z<\/a><\/li>\n\t<li class=\"menu-item menu-item-type-post_type menu-item-object-page menu-item-392294\"><a href=\"https:\/\/venturacounty.gov\/human-services-agency\/es\/foster-transitional-age-youth\/\" class=\"elementor-sub-item\">J\u00f3venes en edad de acogida y de transici\u00f3n<\/a><\/li>\n\t<li class=\"menu-item menu-item-type-post_type menu-item-object-page menu-item-392295\"><a href=\"https:\/\/venturacounty.gov\/human-services-agency\/es\/helpful-links-information\/\" class=\"elementor-sub-item\">Enlaces \u00fatiles e informaci\u00f3n<\/a><\/li>\n<\/ul>\n<\/li>\n<li class=\"menu-item menu-item-type-post_type menu-item-object-page menu-item-392297\"><a href=\"https:\/\/venturacounty.gov\/human-services-agency\/es\/how-do-i\/\" class=\"elementor-item\">\u00bfC\u00f3mo lo hago?<\/a><\/li>\n<li class=\"menu-item menu-item-type-post_type menu-item-object-page menu-item-392300\"><a href=\"https:\/\/venturacounty.gov\/human-services-agency\/es\/partners-providers\/\" class=\"elementor-item\">Socios y proveedores<\/a><\/li>\n<li class=\"menu-item menu-item-type-post_type menu-item-object-page menu-item-has-children menu-item-395080\"><a href=\"https:\/\/venturacounty.gov\/human-services-agency\/es\/disaster-resources\/\" class=\"elementor-item\">Recursos para cat\u00e1strofes<\/a>\n<ul class=\"sub-menu elementor-nav-menu--dropdown\">\n\t<li class=\"menu-item menu-item-type-custom menu-item-object-custom menu-item-has-children menu-item-395084\"><a href=\"https:\/\/venturacounty.gov\/human-services-agency\/es\/emergency-resources\/\" class=\"elementor-sub-item\">Evaluaci\u00f3n del acceso comunitario a las emergencias<\/a>\n\t<ul class=\"sub-menu elementor-nav-menu--dropdown\">\n\t\t<li class=\"menu-item menu-item-type-post_type menu-item-object-page menu-item-395083\"><a href=\"https:\/\/venturacounty.gov\/human-services-agency\/es\/disaster-resources\/survey-and-project-updates\/\" class=\"elementor-sub-item\">Actualizaciones de encuestas y proyectos<\/a><\/li>\n\t\t<li class=\"menu-item menu-item-type-post_type menu-item-object-page menu-item-395082\"><a href=\"https:\/\/venturacounty.gov\/human-services-agency\/es\/disaster-resources\/toolkit\/\" class=\"elementor-sub-item\">Recursos<\/a><\/li>\n\t<\/ul>\n<\/li>\n\t<li class=\"menu-item menu-item-type-post_type menu-item-object-page menu-item-392306\"><a href=\"https:\/\/venturacounty.gov\/human-services-agency\/es\/hsa-alert\/\" class=\"elementor-sub-item\">Alertas HSA<\/a><\/li>\n<\/ul>\n<\/li>\n<li class=\"menu-item menu-item-type-post_type menu-item-object-page menu-item-has-children menu-item-395487\"><a href=\"https:\/\/venturacounty.gov\/human-services-agency\/es\/hsa-news\/\" class=\"elementor-item\">Noticias y eventos<\/a>\n<ul class=\"sub-menu elementor-nav-menu--dropdown\">\n\t<li class=\"menu-item menu-item-type-post_type menu-item-object-page menu-item-396380\"><a href=\"https:\/\/venturacounty.gov\/human-services-agency\/es\/about-human-services-agency\/events\/\" class=\"elementor-sub-item\">Eventos<\/a><\/li>\n\t<li class=\"menu-item menu-item-type-post_type menu-item-object-page menu-item-395290\"><a href=\"https:\/\/venturacounty.gov\/human-services-agency\/es\/hsa-news\/\" class=\"elementor-sub-item\">Boletines electr\u00f3nicos de HSA<\/a><\/li>\n\t<li class=\"menu-item menu-item-type-post_type menu-item-object-page menu-item-395488\"><a href=\"https:\/\/venturacounty.gov\/human-services-agency\/es\/social-media\/\" class=\"elementor-sub-item\">Redes sociales de la HSA<\/a><\/li>\n\t<li class=\"menu-item menu-item-type-post_type menu-item-object-page menu-item-395489\"><a href=\"https:\/\/venturacounty.gov\/human-services-agency\/es\/media\/\" class=\"elementor-sub-item\">Informaci\u00f3n para los medios<\/a><\/li>\n<\/ul>\n<\/li>\n<li class=\"menu-item menu-item-type-post_type menu-item-object-page menu-item-392307\"><a href=\"https:\/\/venturacounty.gov\/human-services-agency\/es\/hsa-contact-us\/\" class=\"elementor-item\">Contactar con HSA<\/a><\/li>\n<\/ul>\t\t\t<\/nav>\n\t\t\t\t\t<div class=\"elementor-menu-toggle\" role=\"button\" tabindex=\"0\" aria-label=\"Men\u00fa Toggle\" aria-expanded=\"false\">\n\t\t\t<i aria-hidden=\"true\" role=\"presentation\" class=\"elementor-menu-toggle__icon--open eicon-menu-bar\"><\/i><i aria-hidden=\"true\" role=\"presentation\" class=\"elementor-menu-toggle__icon--close eicon-close\"><\/i>\t\t<\/div>\n\t\t\t\t\t<nav class=\"elementor-nav-menu--dropdown elementor-nav-menu__container\" aria-hidden=\"true\">\n\t\t\t\t<ul id=\"menu-2-0996bc0\" class=\"elementor-nav-menu\"><li class=\"menu-item menu-item-type-custom menu-item-object-custom menu-item-has-children menu-item-395173\"><a href=\"#\" class=\"elementor-item elementor-item-anchor\" tabindex=\"-1\">Qui\u00e9nes somos<\/a>\n<ul class=\"sub-menu elementor-nav-menu--dropdown\">\n\t<li class=\"menu-item menu-item-type-post_type menu-item-object-page menu-item-395169\"><a href=\"https:\/\/venturacounty.gov\/human-services-agency\/es\/about-human-services-agency\/\" class=\"elementor-sub-item\" tabindex=\"-1\">Misi\u00f3n \/ Visi\u00f3n \/ Valores<\/a><\/li>\n\t<li class=\"menu-item menu-item-type-custom menu-item-object-custom menu-item-has-children menu-item-395175\"><a href=\"#\" class=\"elementor-sub-item elementor-item-anchor\" tabindex=\"-1\">Publicaciones<\/a>\n\t<ul class=\"sub-menu elementor-nav-menu--dropdown\">\n\t\t<li class=\"menu-item menu-item-type-post_type menu-item-object-page menu-item-395176\"><a href=\"https:\/\/venturacounty.gov\/human-services-agency\/es\/annual-reports\/\" class=\"elementor-sub-item\" tabindex=\"-1\">Informes anuales<\/a><\/li>\n\t\t<li class=\"menu-item menu-item-type-post_type menu-item-object-page menu-item-395177\"><a href=\"https:\/\/venturacounty.gov\/human-services-agency\/es\/publications-3\/\" class=\"elementor-sub-item\" tabindex=\"-1\">Pol\u00edticas de HSA<\/a><\/li>\n\t\t<li class=\"menu-item menu-item-type-post_type menu-item-object-page menu-item-396128\"><a href=\"https:\/\/venturacounty.gov\/human-services-agency\/es\/strategic-plan\/\" class=\"elementor-sub-item\" tabindex=\"-1\">Plan estrat\u00e9gico de la HSA<\/a><\/li>\n\t\t<li class=\"menu-item menu-item-type-post_type menu-item-object-page menu-item-395178\"><a href=\"https:\/\/venturacounty.gov\/human-services-agency\/es\/publications\/\" class=\"elementor-sub-item\" tabindex=\"-1\">Folletos del programa<\/a><\/li>\n\t<\/ul>\n<\/li>\n\t<li class=\"menu-item menu-item-type-post_type menu-item-object-page menu-item-395214\"><a href=\"https:\/\/venturacounty.gov\/human-services-agency\/es\/about-human-services-agency\/leadership-team\/\" class=\"elementor-sub-item\" tabindex=\"-1\">Equipo directivo<\/a><\/li>\n\t<li class=\"menu-item menu-item-type-post_type menu-item-object-page menu-item-395172\"><a href=\"https:\/\/venturacounty.gov\/human-services-agency\/es\/hsa-join-our-team\/\" class=\"elementor-sub-item\" tabindex=\"-1\">\u00danete a nuestro equipo<\/a><\/li>\n\t<li class=\"menu-item menu-item-type-post_type menu-item-object-page menu-item-396544\"><a href=\"https:\/\/venturacounty.gov\/human-services-agency\/es\/hsa-data-and-information\/\" class=\"elementor-sub-item\" tabindex=\"-1\">Datos e informaci\u00f3n de la HSA<\/a><\/li>\n\t<li class=\"menu-item menu-item-type-post_type menu-item-object-page menu-item-395171\"><a href=\"https:\/\/venturacounty.gov\/human-services-agency\/es\/hsa-contact-us\/\" class=\"elementor-sub-item\" tabindex=\"-1\">Contactar con HSA<\/a><\/li>\n<\/ul>\n<\/li>\n<li class=\"menu-item menu-item-type-custom menu-item-object-custom menu-item-has-children menu-item-74\"><a href=\"#\" class=\"elementor-item elementor-item-anchor\" tabindex=\"-1\">Servicios<\/a>\n<ul class=\"sub-menu elementor-nav-menu--dropdown\">\n\t<li class=\"menu-item menu-item-type-custom menu-item-object-custom menu-item-395039\"><a href=\"https:\/\/venturacounty.gov\/human-services-agency\/es\/locations-ways-to-apply\/\" class=\"elementor-sub-item\" tabindex=\"-1\">Ubicaciones y formas de solicitarlo<\/a><\/li>\n\t<li class=\"menu-item menu-item-type-post_type menu-item-object-page menu-item-392290\"><a href=\"https:\/\/venturacounty.gov\/human-services-agency\/es\/hsa-services\/\" class=\"elementor-sub-item\" tabindex=\"-1\">Lista de servicios<\/a><\/li>\n\t<li class=\"menu-item menu-item-type-post_type menu-item-object-page menu-item-392292\"><a href=\"https:\/\/venturacounty.gov\/human-services-agency\/es\/topics-a-z\/\" class=\"elementor-sub-item\" tabindex=\"-1\">Temas A-Z<\/a><\/li>\n\t<li class=\"menu-item menu-item-type-post_type menu-item-object-page menu-item-392294\"><a href=\"https:\/\/venturacounty.gov\/human-services-agency\/es\/foster-transitional-age-youth\/\" class=\"elementor-sub-item\" tabindex=\"-1\">J\u00f3venes en edad de acogida y de transici\u00f3n<\/a><\/li>\n\t<li class=\"menu-item menu-item-type-post_type menu-item-object-page menu-item-392295\"><a href=\"https:\/\/venturacounty.gov\/human-services-agency\/es\/helpful-links-information\/\" class=\"elementor-sub-item\" tabindex=\"-1\">Enlaces \u00fatiles e informaci\u00f3n<\/a><\/li>\n<\/ul>\n<\/li>\n<li class=\"menu-item menu-item-type-post_type menu-item-object-page menu-item-392297\"><a href=\"https:\/\/venturacounty.gov\/human-services-agency\/es\/how-do-i\/\" class=\"elementor-item\" tabindex=\"-1\">\u00bfC\u00f3mo lo hago?<\/a><\/li>\n<li class=\"menu-item menu-item-type-post_type menu-item-object-page menu-item-392300\"><a href=\"https:\/\/venturacounty.gov\/human-services-agency\/es\/partners-providers\/\" class=\"elementor-item\" tabindex=\"-1\">Socios y proveedores<\/a><\/li>\n<li class=\"menu-item menu-item-type-post_type menu-item-object-page menu-item-has-children menu-item-395080\"><a href=\"https:\/\/venturacounty.gov\/human-services-agency\/es\/disaster-resources\/\" class=\"elementor-item\" tabindex=\"-1\">Recursos para cat\u00e1strofes<\/a>\n<ul class=\"sub-menu elementor-nav-menu--dropdown\">\n\t<li class=\"menu-item menu-item-type-custom menu-item-object-custom menu-item-has-children menu-item-395084\"><a href=\"https:\/\/venturacounty.gov\/human-services-agency\/es\/emergency-resources\/\" class=\"elementor-sub-item\" tabindex=\"-1\">Evaluaci\u00f3n del acceso comunitario a las emergencias<\/a>\n\t<ul class=\"sub-menu elementor-nav-menu--dropdown\">\n\t\t<li class=\"menu-item menu-item-type-post_type menu-item-object-page menu-item-395083\"><a href=\"https:\/\/venturacounty.gov\/human-services-agency\/es\/disaster-resources\/survey-and-project-updates\/\" class=\"elementor-sub-item\" tabindex=\"-1\">Actualizaciones de encuestas y proyectos<\/a><\/li>\n\t\t<li class=\"menu-item menu-item-type-post_type menu-item-object-page menu-item-395082\"><a href=\"https:\/\/venturacounty.gov\/human-services-agency\/es\/disaster-resources\/toolkit\/\" class=\"elementor-sub-item\" tabindex=\"-1\">Recursos<\/a><\/li>\n\t<\/ul>\n<\/li>\n\t<li class=\"menu-item menu-item-type-post_type menu-item-object-page menu-item-392306\"><a href=\"https:\/\/venturacounty.gov\/human-services-agency\/es\/hsa-alert\/\" class=\"elementor-sub-item\" tabindex=\"-1\">Alertas HSA<\/a><\/li>\n<\/ul>\n<\/li>\n<li class=\"menu-item menu-item-type-post_type menu-item-object-page menu-item-has-children menu-item-395487\"><a href=\"https:\/\/venturacounty.gov\/human-services-agency\/es\/hsa-news\/\" class=\"elementor-item\" tabindex=\"-1\">Noticias y eventos<\/a>\n<ul class=\"sub-menu elementor-nav-menu--dropdown\">\n\t<li class=\"menu-item menu-item-type-post_type menu-item-object-page menu-item-396380\"><a href=\"https:\/\/venturacounty.gov\/human-services-agency\/es\/about-human-services-agency\/events\/\" class=\"elementor-sub-item\" tabindex=\"-1\">Eventos<\/a><\/li>\n\t<li class=\"menu-item menu-item-type-post_type menu-item-object-page menu-item-395290\"><a href=\"https:\/\/venturacounty.gov\/human-services-agency\/es\/hsa-news\/\" class=\"elementor-sub-item\" tabindex=\"-1\">Boletines electr\u00f3nicos de HSA<\/a><\/li>\n\t<li class=\"menu-item menu-item-type-post_type menu-item-object-page menu-item-395488\"><a href=\"https:\/\/venturacounty.gov\/human-services-agency\/es\/social-media\/\" class=\"elementor-sub-item\" tabindex=\"-1\">Redes sociales de la HSA<\/a><\/li>\n\t<li class=\"menu-item menu-item-type-post_type menu-item-object-page menu-item-395489\"><a href=\"https:\/\/venturacounty.gov\/human-services-agency\/es\/media\/\" class=\"elementor-sub-item\" tabindex=\"-1\">Informaci\u00f3n para los medios<\/a><\/li>\n<\/ul>\n<\/li>\n<li class=\"menu-item menu-item-type-post_type menu-item-object-page menu-item-392307\"><a href=\"https:\/\/venturacounty.gov\/human-services-agency\/es\/hsa-contact-us\/\" class=\"elementor-item\" tabindex=\"-1\">Contactar con HSA<\/a><\/li>\n<\/ul>\t\t\t<\/nav>\n\t\t\t\t\t\t<\/div>\n\t\t\t\t<\/div>\n\t\t\t\t\t<\/div>\n\t\t\t\t<\/div>\n\t\t<div class=\"elementor-element elementor-element-0177729 e-flex e-con-boxed e-con e-parent\" data-id=\"0177729\" data-element_type=\"container\" data-settings=\"{&quot;jet_parallax_layout_list&quot;:[]}\">\n\t\t\t\t\t<div class=\"e-con-inner\">\n\t\t<div class=\"elementor-element elementor-element-a7c1aba e-flex e-con-boxed e-con e-parent\" data-id=\"a7c1aba\" data-element_type=\"container\" data-settings=\"{&quot;jet_parallax_layout_list&quot;:[]}\">\n\t\t\t\t\t<div class=\"e-con-inner\">\n\t\t<div class=\"elementor-element elementor-element-e2eee97 e-flex e-con-boxed e-con e-parent\" data-id=\"e2eee97\" data-element_type=\"container\" data-settings=\"{&quot;jet_parallax_layout_list&quot;:[]}\">\n\t\t\t\t\t<div class=\"e-con-inner\">\n\t\t\t\t<div class=\"elementor-element elementor-element-9d43a2b elementor-widget elementor-widget-heading\" data-id=\"9d43a2b\" data-element_type=\"widget\" data-widget_type=\"heading.default\">\n\t\t\t\t<div class=\"elementor-widget-container\">\n\t\t\t\t\t<h1 class=\"elementor-heading-title elementor-size-default\">Ayuda general - C\u00f3mo solicitarla<\/h1>\t\t\t\t<\/div>\n\t\t\t\t<\/div>\n\t\t\t\t<div class=\"elementor-element elementor-element-e6c2f09 elementor-widget elementor-widget-text-editor\" data-id=\"e6c2f09\" data-element_type=\"widget\" data-widget_type=\"text-editor.default\">\n\t\t\t\t<div class=\"elementor-widget-container\">\n\t\t\t\t\t\t\t\t\t<p style=\"text-align: center\">Nuestro personal est\u00e1 a su disposici\u00f3n para atenderle en l\u00ednea y por tel\u00e9fono,\u00a0<a href=\"https:\/\/vchsa.org\/csd-submit\/form\/en\" target=\"_blank\" rel=\"noopener noreferrer\" aria-label=\"correo electr\u00f3nico - se abre en una nueva pesta\u00f1a\" data-uw-rm-ext-link=\"\">correo electr\u00f3nico<\/a>, fax, servicios de entrega\/env\u00edo por correo y en persona.<br role=\"presentation\" data-uw-rm-sr=\"\" \/>Si prefiere concertar una cita para reunirse con un trabajador, llame al 888-472-4463.<\/p>\t\t\t\t\t\t\t\t<\/div>\n\t\t\t\t<\/div>\n\t\t<div class=\"elementor-element elementor-element-3419573 e-flex e-con-boxed e-con e-parent\" data-id=\"3419573\" data-element_type=\"container\" data-settings=\"{&quot;jet_parallax_layout_list&quot;:[]}\">\n\t\t\t\t\t<div class=\"e-con-inner\">\n\t\t\t\t<div class=\"elementor-element elementor-element-ecb4d75 elementor-widget elementor-widget-text-editor\" data-id=\"ecb4d75\" data-element_type=\"widget\" data-widget_type=\"text-editor.default\">\n\t\t\t\t<div class=\"elementor-widget-container\">\n\t\t\t\t\t\t\t\t\t<h2><strong>Admisibilidad<\/strong><\/h2><p>Los factores utilizados para determinar la elegibilidad y los beneficios del Programa de Ayuda General incluyen los ingresos, la identificaci\u00f3n, la propiedad, el estatus de ciudadan\u00eda\/inmigraci\u00f3n, la edad y la residencia. Se realizar\u00e1 una evaluaci\u00f3n para determinar si puede trabajar. Se le exigir\u00e1n determinadas actividades en funci\u00f3n de su situaci\u00f3n individual. Si est\u00e1 incapacitado, deber\u00e1 solicitar las prestaciones por incapacidad de la Seguridad Social.<\/p><p>Para determinar si tiene derecho a la Ayuda General y la cuant\u00eda de la prestaci\u00f3n, se tendr\u00e1n en cuenta sus bienes y sus ingresos de cualquier procedencia. Sus ingresos deben estar dentro de los l\u00edmites de ingresos admisibles, el valor de su propiedad no puede superar los $1.000 y sus recursos l\u00edquidos (efectivo en caja, cuentas corrientes\/de ahorro, acciones, etc.) no pueden superar los $100.<\/p>\t\t\t\t\t\t\t\t<\/div>\n\t\t\t\t<\/div>\n\t\t\t\t<div class=\"elementor-element elementor-element-c9c5034 elementor-widget elementor-widget-text-editor\" data-id=\"c9c5034\" data-element_type=\"widget\" data-widget_type=\"text-editor.default\">\n\t\t\t\t<div class=\"elementor-widget-container\">\n\t\t\t\t\t\t\t\t\t<h2 role=\"heading\" data-uw-rm-heading=\"level\"><strong>Servicios de apoyo y requisitos del programa<\/strong><\/h2><p><strong>Actividades que requieren participaci\u00f3n<\/strong> - Junto con su trabajador de Ayuda General, los solicitantes\/receptores tendr\u00e1n que completar y firmar un Contrato de Servicios y Responsabilidad Personal. Este contrato ayuda a los participantes a avanzar hacia la autosuficiencia, y ayuda a determinar el tipo de actividades que los participantes se les asigna para completar.<br role=\"presentation\" data-uw-rm-sr=\"\" \/><strong>Apoyo y derivaci\u00f3n<\/strong>\u00a0- Los adultos que re\u00fanen los requisitos necesarios reciben apoyo en sus esfuerzos por lograr la autosuficiencia a trav\u00e9s de derivaciones a servicios que incluyen: talleres relacionados con el empleo, asistencia en la b\u00fasqueda de empleo y servicios de rehabilitaci\u00f3n. Los participantes tambi\u00e9n tienen acceso a diversos servicios disponibles a trav\u00e9s de los centros de empleo locales. Los participantes que re\u00fanen los requisitos reciben ayuda para obtener ingresos a trav\u00e9s de las prestaciones de los veteranos, la Seguridad Social, la compensaci\u00f3n de los trabajadores y\/o la Seguridad de Ingreso Suplementario (SSI).<\/p>\t\t\t\t\t\t\t\t<\/div>\n\t\t\t\t<\/div>\n\t\t\t\t<div class=\"elementor-element elementor-element-ca68c32 elementor-widget elementor-widget-text-editor\" data-id=\"ca68c32\" data-element_type=\"widget\" data-widget_type=\"text-editor.default\">\n\t\t\t\t<div class=\"elementor-widget-container\">\n\t\t\t\t\t\t\t\t\t<h3><strong>Para solicitarlo, p\u00f3ngase en contacto con el Centro de Servicios Comunitarios m\u00e1s cercano.<\/strong><\/h3><ul><li><a href=\"https:\/\/venturacounty.gov\/human-services-agency\/es\/locations-ways-to-apply\/\">Encuentre la oficina del Centro de Servicios Comunitarios m\u00e1s cercana<\/a> o llame al 888-472-4463 para obtener ayuda.<\/li><li>El horario del Centro de Servicios a la Comunidad es de 8.00 a 17.00 horas, de lunes a viernes.<\/li><li>Una vez que presente su solicitud, se le dar\u00e1 una cita y se le pedir\u00e1 que asista a una orientaci\u00f3n y a una entrevista para hablar de su situaci\u00f3n y sus necesidades.<\/li><\/ul>\t\t\t\t\t\t\t\t<\/div>\n\t\t\t\t<\/div>\n\t\t\t\t\t<\/div>\n\t\t\t\t<\/div>\n\t\t\t\t\t<\/div>\n\t\t\t\t<\/div>\n\t\t\t\t\t<\/div>\n\t\t\t\t<\/div>\n\t\t\t\t\t<\/div>\n\t\t\t\t<\/div>\n\t\t\t\t<\/div>","protected":false},"excerpt":{"rendered":"<p>\/*! elementor &#8211; v3.15.0 &#8211; 20-08-2023 *\/ .elementor-heading-title{padding:0;margin:0;line-height:1}.elementor-widget-heading .elementor-heading-title&gt;a{color:inherit;font-size:inherit;line-height:inherit}.elementor-widget-heading .elementor-heading-title.elementor-size-small{font-size:15px}.elementor-widget-heading .elementor-heading-title.elementor-size-medium{font-size:19px}.elementor-widget-heading .elementor-heading-title.elementor-size-large{font-size:29px}.elementor-widget-heading .elementor-heading-title.elementor-size-xl{font-size:39px}.elementor-widget-heading .elementor-heading-title.elementor-size-xxl{font-size:59px} General Relief \u2013 How to Apply Our staff is available to serve you online, by phone,\u00a0email, [&hellip;]<\/p>\n","protected":false},"author":5,"featured_media":0,"parent":392327,"menu_order":0,"comment_status":"closed","ping_status":"closed","template":"","meta":{"_relevanssi_hide_post":"","_relevanssi_hide_content":"","_relevanssi_pin_for_all":"","_relevanssi_pin_keywords":"","_relevanssi_unpin_keywords":"","_relevanssi_related_keywords":"","_relevanssi_related_include_ids":"","_relevanssi_related_exclude_ids":"","_relevanssi_related_no_append":"","_relevanssi_related_not_related":"","_relevanssi_related_posts":"","_relevanssi_noindex_reason":"","footnotes":""},"categories":[9],"tags":[],"class_list":["post-392813","page","type-page","status-publish","hentry","category-hsa"],"publishpress_future_action":{"enabled":false,"date":"2026-04-11 12:30:56","action":"change-status","newStatus":"draft","terms":[],"taxonomy":"category","extraData":[]},"publishpress_future_workflow_manual_trigger":{"enabledWorkflows":[]},"_links":{"self":[{"href":"https:\/\/venturacounty.gov\/human-services-agency\/es\/wp-json\/wp\/v2\/pages\/392813","targetHints":{"allow":["GET"]}}],"collection":[{"href":"https:\/\/venturacounty.gov\/human-services-agency\/es\/wp-json\/wp\/v2\/pages"}],"about":[{"href":"https:\/\/venturacounty.gov\/human-services-agency\/es\/wp-json\/wp\/v2\/types\/page"}],"author":[{"embeddable":true,"href":"https:\/\/venturacounty.gov\/human-services-agency\/es\/wp-json\/wp\/v2\/users\/5"}],"replies":[{"embeddable":true,"href":"https:\/\/venturacounty.gov\/human-services-agency\/es\/wp-json\/wp\/v2\/comments?post=392813"}],"version-history":[{"count":0,"href":"https:\/\/venturacounty.gov\/human-services-agency\/es\/wp-json\/wp\/v2\/pages\/392813\/revisions"}],"up":[{"embeddable":true,"href":"https:\/\/venturacounty.gov\/human-services-agency\/es\/wp-json\/wp\/v2\/pages\/392327"}],"wp:attachment":[{"href":"https:\/\/venturacounty.gov\/human-services-agency\/es\/wp-json\/wp\/v2\/media?parent=392813"}],"wp:term":[{"taxonomy":"category","embeddable":true,"href":"https:\/\/venturacounty.gov\/human-services-agency\/es\/wp-json\/wp\/v2\/categories?post=392813"},{"taxonomy":"post_tag","embeddable":true,"href":"https:\/\/venturacounty.gov\/human-services-agency\/es\/wp-json\/wp\/v2\/tags?post=392813"}],"curies":[{"name":"wp","href":"https:\/\/api.w.org\/{rel}","templated":true}]}}