{"id":124,"date":"2023-07-21T20:08:25","date_gmt":"2023-07-21T20:08:25","guid":{"rendered":"https:\/\/venturacounty.gov\/itsd\/?page_id=124"},"modified":"2024-09-10T17:32:00","modified_gmt":"2024-09-10T17:32:00","slug":"network-services","status":"publish","type":"page","link":"https:\/\/venturacounty.gov\/itsd\/es\/leadership-team\/network-services\/","title":{"rendered":"Servicios de red"},"content":{"rendered":"<div data-elementor-type=\"wp-page\" data-elementor-id=\"124\" class=\"elementor elementor-124\" data-elementor-post-type=\"page\">\n\t\t\t\t<div class=\"elementor-element elementor-element-211bf85 e-flex e-con-boxed e-con e-parent\" data-id=\"211bf85\" data-element_type=\"container\">\n\t\t\t\t\t<div class=\"e-con-inner\">\n\t\t<div class=\"elementor-element elementor-element-1239e6f e-flex e-con-boxed e-con e-child\" data-id=\"1239e6f\" data-element_type=\"container\" data-settings=\"{&quot;background_background&quot;:&quot;classic&quot;}\">\n\t\t\t\t\t<div class=\"e-con-inner\">\n\t\t\t\t<div class=\"elementor-element elementor-element-ee60f99 elementor-widget elementor-widget-image\" data-id=\"ee60f99\" data-element_type=\"widget\" data-widget_type=\"image.default\">\n\t\t\t\t<div class=\"elementor-widget-container\">\n\t\t\t\t\t\t\t\t\t\t\t\t\t\t\t<img decoding=\"async\" width=\"350\" height=\"95\" src=\"https:\/\/venturacounty.gov\/itsd\/wp-content\/uploads\/sites\/21\/2023\/07\/ITSD-new-logo.jpg\" class=\"attachment-large size-large wp-image-99\" alt=\"ITSD New Logo\" srcset=\"https:\/\/venturacounty.gov\/itsd\/wp-content\/uploads\/sites\/21\/2023\/07\/ITSD-new-logo.jpg 350w, https:\/\/venturacounty.gov\/itsd\/wp-content\/uploads\/sites\/21\/2023\/07\/ITSD-new-logo-300x81.jpg 300w\" sizes=\"(max-width: 350px) 100vw, 350px\" \/>\t\t\t\t\t\t\t\t\t\t\t\t\t\t\t<\/div>\n\t\t\t\t<\/div>\n\t\t\t\t\t<\/div>\n\t\t\t\t<\/div>\n\t\t\t\t\t<\/div>\n\t\t\t\t<\/div>\n\t\t<div class=\"elementor-element elementor-element-3645d9c e-flex e-con-boxed e-con e-parent\" data-id=\"3645d9c\" data-element_type=\"container\" data-settings=\"{&quot;background_background&quot;:&quot;classic&quot;}\">\n\t\t\t\t\t<div class=\"e-con-inner\">\n\t\t\t\t<div class=\"elementor-element elementor-element-0996bc0 elementor-nav-menu--dropdown-tablet elementor-nav-menu__text-align-aside elementor-nav-menu--toggle elementor-nav-menu--burger elementor-widget elementor-widget-nav-menu\" data-id=\"0996bc0\" data-element_type=\"widget\" data-settings=\"{&quot;layout&quot;:&quot;horizontal&quot;,&quot;submenu_icon&quot;:{&quot;value&quot;:&quot;&lt;i class=\\&quot;fas fa-caret-down\\&quot;&gt;&lt;\\\/i&gt;&quot;,&quot;library&quot;:&quot;fa-solid&quot;},&quot;toggle&quot;:&quot;burger&quot;}\" data-widget_type=\"nav-menu.default\">\n\t\t\t\t<div class=\"elementor-widget-container\">\n\t\t\t\t\t\t\t\t<nav aria-label=\"Men\u00fa\" class=\"elementor-nav-menu--main elementor-nav-menu__container elementor-nav-menu--layout-horizontal e--pointer-background e--animation-fade\">\n\t\t\t\t<ul id=\"menu-1-0996bc0\" class=\"elementor-nav-menu\"><li class=\"menu-item menu-item-type-post_type menu-item-object-page menu-item-home menu-item-242\"><a href=\"https:\/\/venturacounty.gov\/itsd\/es\/\" class=\"elementor-item\">P\u00e1gina principal<\/a><\/li>\n<li class=\"menu-item menu-item-type-post_type menu-item-object-page menu-item-111\"><a href=\"https:\/\/venturacounty.gov\/itsd\/es\/leadership-team\/\" class=\"elementor-item\">Equipo directivo<\/a><\/li>\n<li class=\"menu-item menu-item-type-post_type menu-item-object-page menu-item-243\"><a href=\"https:\/\/venturacounty.gov\/itsd\/es\/mission-vision-strategy\/\" class=\"elementor-item\">Misi\u00f3n, visi\u00f3n y estrategia<\/a><\/li>\n<li class=\"menu-item menu-item-type-post_type menu-item-object-page menu-item-116\"><a href=\"https:\/\/venturacounty.gov\/itsd\/es\/awards-recognitions\/\" class=\"elementor-item\">Premios y reconocimientos<\/a><\/li>\n<li class=\"menu-item menu-item-type-post_type menu-item-object-page menu-item-120\"><a href=\"https:\/\/venturacounty.gov\/itsd\/es\/contact-us-itsd\/\" class=\"elementor-item\">P\u00f3ngase en contacto con nosotros<\/a><\/li>\n<\/ul>\t\t\t<\/nav>\n\t\t\t\t\t<div class=\"elementor-menu-toggle\" role=\"button\" tabindex=\"0\" aria-label=\"Men\u00fa Toggle\" aria-expanded=\"false\">\n\t\t\t<i aria-hidden=\"true\" role=\"presentation\" class=\"elementor-menu-toggle__icon--open eicon-menu-bar\"><\/i><i aria-hidden=\"true\" role=\"presentation\" class=\"elementor-menu-toggle__icon--close eicon-close\"><\/i>\t\t<\/div>\n\t\t\t\t\t<nav class=\"elementor-nav-menu--dropdown elementor-nav-menu__container\" aria-hidden=\"true\">\n\t\t\t\t<ul id=\"menu-2-0996bc0\" class=\"elementor-nav-menu\"><li class=\"menu-item menu-item-type-post_type menu-item-object-page menu-item-home menu-item-242\"><a href=\"https:\/\/venturacounty.gov\/itsd\/es\/\" class=\"elementor-item\" tabindex=\"-1\">P\u00e1gina principal<\/a><\/li>\n<li class=\"menu-item menu-item-type-post_type menu-item-object-page menu-item-111\"><a href=\"https:\/\/venturacounty.gov\/itsd\/es\/leadership-team\/\" class=\"elementor-item\" tabindex=\"-1\">Equipo directivo<\/a><\/li>\n<li class=\"menu-item menu-item-type-post_type menu-item-object-page menu-item-243\"><a href=\"https:\/\/venturacounty.gov\/itsd\/es\/mission-vision-strategy\/\" class=\"elementor-item\" tabindex=\"-1\">Misi\u00f3n, visi\u00f3n y estrategia<\/a><\/li>\n<li class=\"menu-item menu-item-type-post_type menu-item-object-page menu-item-116\"><a href=\"https:\/\/venturacounty.gov\/itsd\/es\/awards-recognitions\/\" class=\"elementor-item\" tabindex=\"-1\">Premios y reconocimientos<\/a><\/li>\n<li class=\"menu-item menu-item-type-post_type menu-item-object-page menu-item-120\"><a href=\"https:\/\/venturacounty.gov\/itsd\/es\/contact-us-itsd\/\" class=\"elementor-item\" tabindex=\"-1\">P\u00f3ngase en contacto con nosotros<\/a><\/li>\n<\/ul>\t\t\t<\/nav>\n\t\t\t\t\t\t<\/div>\n\t\t\t\t<\/div>\n\t\t\t\t\t<\/div>\n\t\t\t\t<\/div>\n\t\t<div class=\"elementor-element elementor-element-735b0e9 e-flex e-con-boxed e-con e-parent\" data-id=\"735b0e9\" data-element_type=\"container\">\n\t\t\t\t\t<div class=\"e-con-inner\">\n\t\t<div class=\"elementor-element elementor-element-c8d8433 e-flex e-con-boxed e-con e-child\" data-id=\"c8d8433\" data-element_type=\"container\">\n\t\t\t\t\t<div class=\"e-con-inner\">\n\t\t\t\t<div class=\"elementor-element elementor-element-05f366f elementor-widget elementor-widget-text-editor\" data-id=\"05f366f\" data-element_type=\"widget\" data-widget_type=\"text-editor.default\">\n\t\t\t\t<div class=\"elementor-widget-container\">\n\t\t\t\t\t\t\t\t\t<p><strong>Innovar. Para mejorar. Para hacer TI... mejor.<\/strong>\u00a0Superar sistem\u00e1ticamente las expectativas de los clientes al tiempo que proporcionamos un asesoramiento empresarial excepcional y soluciones tecnol\u00f3gicas innovadoras a aquellos a quienes servimos.<\/p>\t\t\t\t\t\t\t\t<\/div>\n\t\t\t\t<\/div>\n\t\t\t\t<div class=\"elementor-element elementor-element-3eb1fa7 elementor-widget-divider--view-line elementor-widget elementor-widget-divider\" data-id=\"3eb1fa7\" data-element_type=\"widget\" data-widget_type=\"divider.default\">\n\t\t\t\t<div class=\"elementor-widget-container\">\n\t\t\t\t\t\t\t<div class=\"elementor-divider\">\n\t\t\t<span class=\"elementor-divider-separator\">\n\t\t\t\t\t\t<\/span>\n\t\t<\/div>\n\t\t\t\t\t\t<\/div>\n\t\t\t\t<\/div>\n\t\t<div class=\"elementor-element elementor-element-45fa0ce e-flex e-con-boxed e-con e-child\" data-id=\"45fa0ce\" data-element_type=\"container\">\n\t\t\t\t\t<div class=\"e-con-inner\">\n\t\t<div class=\"elementor-element elementor-element-1d8594a e-con-full e-flex e-con e-child\" data-id=\"1d8594a\" data-element_type=\"container\">\n\t\t\t\t<div class=\"elementor-element elementor-element-0485169 elementor-widget elementor-widget-image\" data-id=\"0485169\" data-element_type=\"widget\" data-widget_type=\"image.default\">\n\t\t\t\t<div class=\"elementor-widget-container\">\n\t\t\t\t\t\t\t\t\t\t\t\t\t\t\t<img fetchpriority=\"high\" decoding=\"async\" width=\"295\" height=\"267\" src=\"https:\/\/venturacounty.gov\/itsd\/wp-content\/uploads\/sites\/21\/2024\/09\/Gary-Gooden.png\" class=\"attachment-large size-large wp-image-201\" alt=\"Gary Gooden\" \/>\t\t\t\t\t\t\t\t\t\t\t\t\t\t\t<\/div>\n\t\t\t\t<\/div>\n\t\t\t\t<\/div>\n\t\t<div class=\"elementor-element elementor-element-2a03b66 e-flex e-con-boxed e-con e-child\" data-id=\"2a03b66\" data-element_type=\"container\">\n\t\t\t\t\t<div class=\"e-con-inner\">\n\t\t\t\t<div class=\"elementor-element elementor-element-144bc0a elementor-widget elementor-widget-heading\" data-id=\"144bc0a\" data-element_type=\"widget\" data-widget_type=\"heading.default\">\n\t\t\t\t<div class=\"elementor-widget-container\">\n\t\t\t\t\t<h2 class=\"elementor-heading-title elementor-size-default\">Gary Gooden<br>\nDirector Adjunto de Informaci\u00f3n - Servicios de Red<\/h2>\t\t\t\t<\/div>\n\t\t\t\t<\/div>\n\t\t\t\t<div class=\"elementor-element elementor-element-40dd145 elementor-widget elementor-widget-text-editor\" data-id=\"40dd145\" data-element_type=\"widget\" data-widget_type=\"text-editor.default\">\n\t\t\t\t<div class=\"elementor-widget-container\">\n\t\t\t\t\t\t\t\t\tNetwork Services se compromete a proporcionar una conectividad estable y rentable a sus agencias y departamentos clientes. Nuestra misi\u00f3n es el desarrollo y soporte continuo de la infraestructura de red para habilitar aplicaciones que proporcionen a nuestros usuarios un acceso r\u00e1pido a las personas y la informaci\u00f3n que necesitan para tomar decisiones empresariales cr\u00edticas, en cualquier momento, en cualquier lugar y en cualquier dispositivo.\n\nSomos una divisi\u00f3n multidisciplinar con experiencia en:\n<ul>\n \t<li>Despliegue y soporte de redes de voz y datos<\/li>\n \t<li>Redes de \u00e1rea extensa \/ Redes de \u00e1rea local<\/li>\n \t<li>Microondas y seguridad p\u00fablica inal\u00e1mbrica<\/li>\n \t<li>Gesti\u00f3n de gastos telef\u00f3nicos<\/li>\n \t<li>Fax unificado, IVR y tecnolog\u00edas de centro de contacto<\/li>\n<\/ul>\t\t\t\t\t\t\t\t<\/div>\n\t\t\t\t<\/div>\n\t\t\t\t<div class=\"elementor-element elementor-element-558fdb5 elementor-widget elementor-widget-text-editor\" data-id=\"558fdb5\" data-element_type=\"widget\" data-widget_type=\"text-editor.default\">\n\t\t\t\t<div class=\"elementor-widget-container\">\n\t\t\t\t\t\t\t\t\t<strong>Principales servicios de red<\/strong>\n<ul>\n \t<li>Estrategia y planificaci\u00f3n de voz\/datos\/inal\u00e1mbrica<\/li>\n \t<li>Infraestructura de voz\/datos<\/li>\n \t<li>Gesti\u00f3n de operadores de telecomunicaciones<\/li>\n \t<li>Servicios gestionados<\/li>\n \t<li>Sistemas operativos y servicios de directorio<\/li>\n \t<li>Servicios de correo de voz<\/li>\n \t<li>Seguridad de la red y acceso a Internet<\/li>\n \t<li>Supervisi\u00f3n y gesti\u00f3n de redes<\/li>\n \t<li>Aplicaciones de productividad (tecnolog\u00edas de comunicaciones unificadas\/centros de contacto)<\/li>\n \t<li>Redes de comunicaci\u00f3n de seguridad p\u00fablica<\/li>\n \t<li>Soluciones de red de banda ancha (microondas y fibra)<\/li>\n \t<li>Cableado de red<\/li>\n \t<li>Soporte de redes de datos<\/li>\n<\/ul>\t\t\t\t\t\t\t\t<\/div>\n\t\t\t\t<\/div>\n\t\t\t\t<div class=\"elementor-element elementor-element-3e20c0b elementor-widget elementor-widget-text-editor\" data-id=\"3e20c0b\" data-element_type=\"widget\" data-widget_type=\"text-editor.default\">\n\t\t\t\t<div class=\"elementor-widget-container\">\n\t\t\t\t\t\t\t\t\t<strong>Servicios clave de seguridad de sistemas de informaci\u00f3n<\/strong>\n<ul>\n \t<li>Intrusi\u00f3n y detecci\u00f3n en la red<\/li>\n \t<li>Sensibilizaci\u00f3n en materia de seguridad<\/li>\n \t<li>Supervisi\u00f3n y habilitaci\u00f3n de cortafuegos<\/li>\n \t<li>Evaluaciones de vulnerabilidad de la seguridad<\/li>\n \t<li>Cumplimiento de la pol\u00edtica de seguridad<\/li>\n \t<li>Revisar las metodolog\u00edas de acceso a los datos<\/li>\n \t<li>Crear pol\u00edticas de seguridad<\/li>\n \t<li>Acceso remoto seguro a la red del Condado<\/li>\n \t<li>Filtrado de SPAM por correo electr\u00f3nico<\/li>\n \t<li>Informes sobre el uso de Internet<\/li>\n<\/ul>\t\t\t\t\t\t\t\t<\/div>\n\t\t\t\t<\/div>\n\t\t\t\t\t<\/div>\n\t\t\t\t<\/div>\n\t\t\t\t\t<\/div>\n\t\t\t\t<\/div>\n\t\t\t\t\t<\/div>\n\t\t\t\t<\/div>\n\t\t\t\t\t<\/div>\n\t\t\t\t<\/div>\n\t\t\t\t<\/div>","protected":false},"excerpt":{"rendered":"<p>To innovate. To enhance. To do IT\u2026 better.\u00a0To consistently exceed customer expectations while providing exceptional business consulting and innovative technology solutions to those we serve. Gary Gooden Deputy Chief Information Officer &#8211; Network Services Network Services is committed to providing stable, cost-effective connectivity to its client agencies and departments. Our mission is the development and [&hellip;]<\/p>\n","protected":false},"author":5,"featured_media":0,"parent":106,"menu_order":0,"comment_status":"closed","ping_status":"closed","template":"","meta":{"_relevanssi_hide_post":"","_relevanssi_hide_content":"","_relevanssi_pin_for_all":"","_relevanssi_pin_keywords":"","_relevanssi_unpin_keywords":"","_relevanssi_related_keywords":"","_relevanssi_related_include_ids":"","_relevanssi_related_exclude_ids":"","_relevanssi_related_no_append":"","_relevanssi_related_not_related":"","_relevanssi_related_posts":"","_relevanssi_noindex_reason":"","footnotes":""},"categories":[],"tags":[],"class_list":["post-124","page","type-page","status-publish","hentry"],"_links":{"self":[{"href":"https:\/\/venturacounty.gov\/itsd\/es\/wp-json\/wp\/v2\/pages\/124","targetHints":{"allow":["GET"]}}],"collection":[{"href":"https:\/\/venturacounty.gov\/itsd\/es\/wp-json\/wp\/v2\/pages"}],"about":[{"href":"https:\/\/venturacounty.gov\/itsd\/es\/wp-json\/wp\/v2\/types\/page"}],"author":[{"embeddable":true,"href":"https:\/\/venturacounty.gov\/itsd\/es\/wp-json\/wp\/v2\/users\/5"}],"replies":[{"embeddable":true,"href":"https:\/\/venturacounty.gov\/itsd\/es\/wp-json\/wp\/v2\/comments?post=124"}],"version-history":[{"count":0,"href":"https:\/\/venturacounty.gov\/itsd\/es\/wp-json\/wp\/v2\/pages\/124\/revisions"}],"up":[{"embeddable":true,"href":"https:\/\/venturacounty.gov\/itsd\/es\/wp-json\/wp\/v2\/pages\/106"}],"wp:attachment":[{"href":"https:\/\/venturacounty.gov\/itsd\/es\/wp-json\/wp\/v2\/media?parent=124"}],"wp:term":[{"taxonomy":"category","embeddable":true,"href":"https:\/\/venturacounty.gov\/itsd\/es\/wp-json\/wp\/v2\/categories?post=124"},{"taxonomy":"post_tag","embeddable":true,"href":"https:\/\/venturacounty.gov\/itsd\/es\/wp-json\/wp\/v2\/tags?post=124"}],"curies":[{"name":"wp","href":"https:\/\/api.w.org\/{rel}","templated":true}]}}